{"id":376,"date":"2023-03-23T08:20:00","date_gmt":"2023-03-23T07:20:00","guid":{"rendered":"http:\/\/localhost\/wellstepp-dev\/feladatsorok\/"},"modified":"2023-11-21T09:39:19","modified_gmt":"2023-11-21T08:39:19","slug":"ubungen","status":"publish","type":"page","link":"https:\/\/wellstepp.eu\/de\/ubungen\/","title":{"rendered":"\u00dcbungen"},"content":{"rendered":"\n<p class=\"has-text-align-center\">Spielen ist nicht nur eine Quelle der Freude, sondern auch die wichtigste Hilfe f\u00fcr die geistige und k\u00f6rperliche Entwicklung im Kindesalter. Unsere \u00dcbungen wurden mit Hilfe von qualifizierten PhysiotherapeutInnen zusammengestellt, damit Kinder verschiedener Altersstufen Bewegungen und spielerische Aktivit\u00e4ten durchf\u00fchren k\u00f6nnen, die ihrem Entwicklungsstand entsprechen.<\/p>\n\n\n\n<p class=\"has-text-align-center\"><\/p>\n\n\n\n<p class=\"has-text-align-center\">Durch die spielerischen und kreativen Entwicklungs\u00fcbungen aktivieren wir die Fu\u00dfsohlen der Kleinen, f\u00f6rdern ihren Gleichgewichtssinn und unterst\u00fctzen die gesunde Entwicklung ihres Nervensystems.<\/p>\n","protected":false},"excerpt":{"rendered":"<p>Spielen ist nicht nur eine Quelle der Freude, sondern auch die wichtigste Hilfe f\u00fcr die geistige und k\u00f6rperliche Entwicklung im Kindesalter. Unsere \u00dcbungen wurden mit Hilfe von qualifizierten PhysiotherapeutInnen zusammengestellt, damit Kinder verschiedener Altersstufen Bewegungen und spielerische Aktivit\u00e4ten durchf\u00fchren k\u00f6nnen, die ihrem Entwicklungsstand entsprechen. Durch die spielerischen und kreativen Entwicklungs\u00fcbungen aktivieren wir die Fu\u00dfsohlen der [&hellip;]<\/p>\n","protected":false},"author":1,"featured_media":0,"parent":0,"menu_order":0,"comment_status":"closed","ping_status":"closed","template":"template-parts\/page-feladatsorok.php","meta":{"_acf_changed":false,"footnotes":""},"class_list":["post-376","page","type-page","status-publish","hentry"],"acf":[],"yoast_head":"<!-- This site is optimized with the Yoast SEO plugin v26.8 - https:\/\/yoast.com\/product\/yoast-seo-wordpress\/ -->\n<title>\u00dcbungen - WellStepp<\/title>\n<meta name=\"robots\" content=\"index, follow, max-snippet:-1, max-image-preview:large, max-video-preview:-1\" \/>\n<link rel=\"canonical\" href=\"https:\/\/wellstepp.eu\/de\/ubungen\/\" \/>\n<meta property=\"og:locale\" content=\"de_DE\" \/>\n<meta property=\"og:type\" content=\"article\" \/>\n<meta property=\"og:title\" content=\"\u00dcbungen - WellStepp\" \/>\n<meta property=\"og:description\" content=\"Spielen ist nicht nur eine Quelle der Freude, sondern auch die wichtigste Hilfe f\u00fcr die geistige und k\u00f6rperliche Entwicklung im Kindesalter. Unsere \u00dcbungen wurden mit Hilfe von qualifizierten PhysiotherapeutInnen zusammengestellt, damit Kinder verschiedener Altersstufen Bewegungen und spielerische Aktivit\u00e4ten durchf\u00fchren k\u00f6nnen, die ihrem Entwicklungsstand entsprechen. Durch die spielerischen und kreativen Entwicklungs\u00fcbungen aktivieren wir die Fu\u00dfsohlen der [&hellip;]\" \/>\n<meta property=\"og:url\" content=\"https:\/\/wellstepp.eu\/de\/ubungen\/\" \/>\n<meta property=\"og:site_name\" content=\"WellStepp\" \/>\n<meta property=\"article:publisher\" content=\"https:\/\/www.facebook.com\/people\/WellStepp\/100090271391298\/\" \/>\n<meta property=\"article:modified_time\" content=\"2023-11-21T08:39:19+00:00\" \/>\n<meta name=\"twitter:card\" content=\"summary_large_image\" \/>\n<meta name=\"twitter:label1\" content=\"Gesch\u00e4tzte Lesezeit\" \/>\n\t<meta name=\"twitter:data1\" content=\"1\u00a0Minute\" \/>\n<script type=\"application\/ld+json\" class=\"yoast-schema-graph\">{\"@context\":\"https:\/\/schema.org\",\"@graph\":[{\"@type\":\"WebPage\",\"@id\":\"https:\/\/wellstepp.eu\/de\/ubungen\/\",\"url\":\"https:\/\/wellstepp.eu\/de\/ubungen\/\",\"name\":\"\u00dcbungen - WellStepp\",\"isPartOf\":{\"@id\":\"https:\/\/wellstepp.eu\/fr\/#website\"},\"datePublished\":\"2023-03-23T07:20:00+00:00\",\"dateModified\":\"2023-11-21T08:39:19+00:00\",\"breadcrumb\":{\"@id\":\"https:\/\/wellstepp.eu\/de\/ubungen\/#breadcrumb\"},\"inLanguage\":\"de\",\"potentialAction\":[{\"@type\":\"ReadAction\",\"target\":[\"https:\/\/wellstepp.eu\/de\/ubungen\/\"]}]},{\"@type\":\"BreadcrumbList\",\"@id\":\"https:\/\/wellstepp.eu\/de\/ubungen\/#breadcrumb\",\"itemListElement\":[{\"@type\":\"ListItem\",\"position\":1,\"name\":\"Kezd\u0151lap\",\"item\":\"https:\/\/wellstepp.eu\/de\/\"},{\"@type\":\"ListItem\",\"position\":2,\"name\":\"\u00dcbungen\"}]},{\"@type\":\"WebSite\",\"@id\":\"https:\/\/wellstepp.eu\/fr\/#website\",\"url\":\"https:\/\/wellstepp.eu\/fr\/\",\"name\":\"WellStepp\",\"description\":\"\",\"potentialAction\":[{\"@type\":\"SearchAction\",\"target\":{\"@type\":\"EntryPoint\",\"urlTemplate\":\"https:\/\/wellstepp.eu\/fr\/?s={search_term_string}\"},\"query-input\":{\"@type\":\"PropertyValueSpecification\",\"valueRequired\":true,\"valueName\":\"search_term_string\"}}],\"inLanguage\":\"de\"}]}<\/script>\n<!-- \/ Yoast SEO plugin. -->","yoast_head_json":{"title":"\u00dcbungen - WellStepp","robots":{"index":"index","follow":"follow","max-snippet":"max-snippet:-1","max-image-preview":"max-image-preview:large","max-video-preview":"max-video-preview:-1"},"canonical":"https:\/\/wellstepp.eu\/de\/ubungen\/","og_locale":"de_DE","og_type":"article","og_title":"\u00dcbungen - WellStepp","og_description":"Spielen ist nicht nur eine Quelle der Freude, sondern auch die wichtigste Hilfe f\u00fcr die geistige und k\u00f6rperliche Entwicklung im Kindesalter. Unsere \u00dcbungen wurden mit Hilfe von qualifizierten PhysiotherapeutInnen zusammengestellt, damit Kinder verschiedener Altersstufen Bewegungen und spielerische Aktivit\u00e4ten durchf\u00fchren k\u00f6nnen, die ihrem Entwicklungsstand entsprechen. Durch die spielerischen und kreativen Entwicklungs\u00fcbungen aktivieren wir die Fu\u00dfsohlen der [&hellip;]","og_url":"https:\/\/wellstepp.eu\/de\/ubungen\/","og_site_name":"WellStepp","article_publisher":"https:\/\/www.facebook.com\/people\/WellStepp\/100090271391298\/","article_modified_time":"2023-11-21T08:39:19+00:00","twitter_card":"summary_large_image","twitter_misc":{"Gesch\u00e4tzte Lesezeit":"1\u00a0Minute"},"schema":{"@context":"https:\/\/schema.org","@graph":[{"@type":"WebPage","@id":"https:\/\/wellstepp.eu\/de\/ubungen\/","url":"https:\/\/wellstepp.eu\/de\/ubungen\/","name":"\u00dcbungen - WellStepp","isPartOf":{"@id":"https:\/\/wellstepp.eu\/fr\/#website"},"datePublished":"2023-03-23T07:20:00+00:00","dateModified":"2023-11-21T08:39:19+00:00","breadcrumb":{"@id":"https:\/\/wellstepp.eu\/de\/ubungen\/#breadcrumb"},"inLanguage":"de","potentialAction":[{"@type":"ReadAction","target":["https:\/\/wellstepp.eu\/de\/ubungen\/"]}]},{"@type":"BreadcrumbList","@id":"https:\/\/wellstepp.eu\/de\/ubungen\/#breadcrumb","itemListElement":[{"@type":"ListItem","position":1,"name":"Kezd\u0151lap","item":"https:\/\/wellstepp.eu\/de\/"},{"@type":"ListItem","position":2,"name":"\u00dcbungen"}]},{"@type":"WebSite","@id":"https:\/\/wellstepp.eu\/fr\/#website","url":"https:\/\/wellstepp.eu\/fr\/","name":"WellStepp","description":"","potentialAction":[{"@type":"SearchAction","target":{"@type":"EntryPoint","urlTemplate":"https:\/\/wellstepp.eu\/fr\/?s={search_term_string}"},"query-input":{"@type":"PropertyValueSpecification","valueRequired":true,"valueName":"search_term_string"}}],"inLanguage":"de"}]}},"_links":{"self":[{"href":"https:\/\/wellstepp.eu\/de\/wp-json\/wp\/v2\/pages\/376","targetHints":{"allow":["GET"]}}],"collection":[{"href":"https:\/\/wellstepp.eu\/de\/wp-json\/wp\/v2\/pages"}],"about":[{"href":"https:\/\/wellstepp.eu\/de\/wp-json\/wp\/v2\/types\/page"}],"author":[{"embeddable":true,"href":"https:\/\/wellstepp.eu\/de\/wp-json\/wp\/v2\/users\/1"}],"replies":[{"embeddable":true,"href":"https:\/\/wellstepp.eu\/de\/wp-json\/wp\/v2\/comments?post=376"}],"version-history":[{"count":2,"href":"https:\/\/wellstepp.eu\/de\/wp-json\/wp\/v2\/pages\/376\/revisions"}],"predecessor-version":[{"id":818,"href":"https:\/\/wellstepp.eu\/de\/wp-json\/wp\/v2\/pages\/376\/revisions\/818"}],"wp:attachment":[{"href":"https:\/\/wellstepp.eu\/de\/wp-json\/wp\/v2\/media?parent=376"}],"curies":[{"name":"wp","href":"https:\/\/api.w.org\/{rel}","templated":true}]}}