{"id":390,"date":"2023-03-23T13:56:42","date_gmt":"2023-03-23T12:56:42","guid":{"rendered":"http:\/\/localhost\/wellstepp-dev\/ubungen\/fejleszto-gyakorlatok-4-6-eveseknek\/"},"modified":"2024-02-27T08:49:19","modified_gmt":"2024-02-27T07:49:19","slug":"entwicklungsuebungen-fuer-4-bis-6-jaehrige","status":"publish","type":"page","link":"https:\/\/wellstepp.eu\/de\/ubungen\/entwicklungsuebungen-fuer-4-bis-6-jaehrige\/","title":{"rendered":"Entwicklungs\u00fcbungen f\u00fcr 4 bis 6-J\u00e4hrige"},"content":{"rendered":"\n<ol class=\"wp-block-list\" style=\"list-style-type:1\">\n<li>\u00dcbungen zur St\u00e4rkung des Fu\u00dfgew\u00f6lbes<br>Das Kind soll ungepaarte Socken oder auch kleine Gegenst\u00e4nde mit den Zehen aufheben. Es soll sie in einen Beh\u00e4lter (Schachtel oder Korb) legen. W\u00e4hrend der \u00dcbung soll es auf der Matte bleiben.<\/li>\n\n\n\n<li>\u00dcbungen zur Entwicklung der Aufmerksamkeit, die gleichzeitig zur St\u00e4rkung der Sohlenmuskulatur dienen:<br>Legen Sie die H\u00e4lfte der Karten auf eine Seite der Matte und ihre Paare auf die andere Seite. Das Kind soll aus den Karten Paare bilden, indem es in L\u00e4ngsrichtung entlang \u00fcber die Matte geht und die Paare auf einer Seite sammelt. Mit den Karten eines Memory-Spieles ist dies eine leicht zu spielende \u00dcbung.<\/li>\n\n\n\n<li>Spiele zur Verbesserung der Feinmotorik und des Gleichgewichts:<br>Das Kind soll Papier mit seinen Zehen aufheben. Die Papierb\u00e4lle k\u00f6nnen auch auf die 2 Seiten der Matte gelegt werden.<\/li>\n\n\n\n<li>Weitere Sammelspiele:<br>Zerstreuen Sie Papier auf der Matte und ermutigen Sie das Kind, dieses aufzusammeln, w\u00e4hrend es auf der Matte bleibt.<\/li>\n\n\n\n<li>Nachahmungs\u00fcbungen zur F\u00f6rderung der Augen-Hand-Koordination:<br>Zeit f\u00fcr Kreativit\u00e4t! Als Entspannung spielen wir einfache Nachahmungsspiele. Sie k\u00f6nnen gern die H\u00e4nde und F\u00fc\u00dfe des Kindes in die Bewegungen einbeziehen, Hauptsache, das Kind bleibt auf der Matte.<\/li>\n\n\n\n<li>Spielerische \u00dcbungen auf der WellStepp\u00ae Matte:<br>Legen Sie Teile von 4 Spielzeugen verschiedener Farben auf die Matte. Das Kind soll diese w\u00e4hrend des Herumlaufens auf der Matte sammeln und nach Farben gruppiert in die 4 Ecken der Matte legen.<\/li>\n<\/ol>\n\n\n\n<p>Die kleineren Sohlen k\u00f6nnen auf unebener Oberfl\u00e4che schneller erm\u00fcden, deshalb ist es wichtig, nichts zu erzwingen und alles spielerisch zu halten! Sie k\u00f6nnen eine Pause einlegen und die Zeit auf der Matte schrittweise erh\u00f6hen.<\/p>\n","protected":false},"excerpt":{"rendered":"<p>Die kleineren Sohlen k\u00f6nnen auf unebener Oberfl\u00e4che schneller erm\u00fcden, deshalb ist es wichtig, nichts zu erzwingen und alles spielerisch zu halten! Sie k\u00f6nnen eine Pause einlegen und die Zeit auf der Matte schrittweise erh\u00f6hen.<\/p>\n","protected":false},"author":1,"featured_media":0,"parent":376,"menu_order":0,"comment_status":"closed","ping_status":"closed","template":"template-parts\/page-feladatsor.php","meta":{"_acf_changed":false,"footnotes":""},"class_list":["post-390","page","type-page","status-publish","hentry"],"acf":[],"yoast_head":"<!-- This site is optimized with the Yoast SEO plugin v26.8 - https:\/\/yoast.com\/product\/yoast-seo-wordpress\/ -->\n<title>Entwicklungs\u00fcbungen f\u00fcr 4 bis 6-J\u00e4hrige - WellStepp<\/title>\n<meta name=\"robots\" content=\"index, follow, max-snippet:-1, max-image-preview:large, max-video-preview:-1\" \/>\n<link rel=\"canonical\" href=\"https:\/\/wellstepp.eu\/de\/ubungen\/entwicklungsuebungen-fuer-4-bis-6-jaehrige\/\" \/>\n<meta property=\"og:locale\" content=\"de_DE\" \/>\n<meta property=\"og:type\" content=\"article\" \/>\n<meta property=\"og:title\" content=\"Entwicklungs\u00fcbungen f\u00fcr 4 bis 6-J\u00e4hrige - WellStepp\" \/>\n<meta property=\"og:description\" content=\"Die kleineren Sohlen k\u00f6nnen auf unebener Oberfl\u00e4che schneller erm\u00fcden, deshalb ist es wichtig, nichts zu erzwingen und alles spielerisch zu halten! Sie k\u00f6nnen eine Pause einlegen und die Zeit auf der Matte schrittweise erh\u00f6hen.\" \/>\n<meta property=\"og:url\" content=\"https:\/\/wellstepp.eu\/de\/ubungen\/entwicklungsuebungen-fuer-4-bis-6-jaehrige\/\" \/>\n<meta property=\"og:site_name\" content=\"WellStepp\" \/>\n<meta property=\"article:publisher\" content=\"https:\/\/www.facebook.com\/people\/WellStepp\/100090271391298\/\" \/>\n<meta property=\"article:modified_time\" content=\"2024-02-27T07:49:19+00:00\" \/>\n<meta name=\"twitter:card\" content=\"summary_large_image\" \/>\n<meta name=\"twitter:label1\" content=\"Gesch\u00e4tzte Lesezeit\" \/>\n\t<meta name=\"twitter:data1\" content=\"2\u00a0Minuten\" \/>\n<script type=\"application\/ld+json\" class=\"yoast-schema-graph\">{\"@context\":\"https:\/\/schema.org\",\"@graph\":[{\"@type\":\"WebPage\",\"@id\":\"https:\/\/wellstepp.eu\/de\/ubungen\/entwicklungsuebungen-fuer-4-bis-6-jaehrige\/\",\"url\":\"https:\/\/wellstepp.eu\/de\/ubungen\/entwicklungsuebungen-fuer-4-bis-6-jaehrige\/\",\"name\":\"Entwicklungs\u00fcbungen f\u00fcr 4 bis 6-J\u00e4hrige - WellStepp\",\"isPartOf\":{\"@id\":\"https:\/\/wellstepp.eu\/fr\/#website\"},\"datePublished\":\"2023-03-23T12:56:42+00:00\",\"dateModified\":\"2024-02-27T07:49:19+00:00\",\"breadcrumb\":{\"@id\":\"https:\/\/wellstepp.eu\/de\/ubungen\/entwicklungsuebungen-fuer-4-bis-6-jaehrige\/#breadcrumb\"},\"inLanguage\":\"de\",\"potentialAction\":[{\"@type\":\"ReadAction\",\"target\":[\"https:\/\/wellstepp.eu\/de\/ubungen\/entwicklungsuebungen-fuer-4-bis-6-jaehrige\/\"]}]},{\"@type\":\"BreadcrumbList\",\"@id\":\"https:\/\/wellstepp.eu\/de\/ubungen\/entwicklungsuebungen-fuer-4-bis-6-jaehrige\/#breadcrumb\",\"itemListElement\":[{\"@type\":\"ListItem\",\"position\":1,\"name\":\"Kezd\u0151lap\",\"item\":\"https:\/\/wellstepp.eu\/de\/\"},{\"@type\":\"ListItem\",\"position\":2,\"name\":\"\u00dcbungen\",\"item\":\"https:\/\/wellstepp.eu\/de\/ubungen\/\"},{\"@type\":\"ListItem\",\"position\":3,\"name\":\"Entwicklungs\u00fcbungen f\u00fcr 4 bis 6-J\u00e4hrige\"}]},{\"@type\":\"WebSite\",\"@id\":\"https:\/\/wellstepp.eu\/fr\/#website\",\"url\":\"https:\/\/wellstepp.eu\/fr\/\",\"name\":\"WellStepp\",\"description\":\"\",\"potentialAction\":[{\"@type\":\"SearchAction\",\"target\":{\"@type\":\"EntryPoint\",\"urlTemplate\":\"https:\/\/wellstepp.eu\/fr\/?s={search_term_string}\"},\"query-input\":{\"@type\":\"PropertyValueSpecification\",\"valueRequired\":true,\"valueName\":\"search_term_string\"}}],\"inLanguage\":\"de\"}]}<\/script>\n<!-- \/ Yoast SEO plugin. -->","yoast_head_json":{"title":"Entwicklungs\u00fcbungen f\u00fcr 4 bis 6-J\u00e4hrige - WellStepp","robots":{"index":"index","follow":"follow","max-snippet":"max-snippet:-1","max-image-preview":"max-image-preview:large","max-video-preview":"max-video-preview:-1"},"canonical":"https:\/\/wellstepp.eu\/de\/ubungen\/entwicklungsuebungen-fuer-4-bis-6-jaehrige\/","og_locale":"de_DE","og_type":"article","og_title":"Entwicklungs\u00fcbungen f\u00fcr 4 bis 6-J\u00e4hrige - WellStepp","og_description":"Die kleineren Sohlen k\u00f6nnen auf unebener Oberfl\u00e4che schneller erm\u00fcden, deshalb ist es wichtig, nichts zu erzwingen und alles spielerisch zu halten! Sie k\u00f6nnen eine Pause einlegen und die Zeit auf der Matte schrittweise erh\u00f6hen.","og_url":"https:\/\/wellstepp.eu\/de\/ubungen\/entwicklungsuebungen-fuer-4-bis-6-jaehrige\/","og_site_name":"WellStepp","article_publisher":"https:\/\/www.facebook.com\/people\/WellStepp\/100090271391298\/","article_modified_time":"2024-02-27T07:49:19+00:00","twitter_card":"summary_large_image","twitter_misc":{"Gesch\u00e4tzte Lesezeit":"2\u00a0Minuten"},"schema":{"@context":"https:\/\/schema.org","@graph":[{"@type":"WebPage","@id":"https:\/\/wellstepp.eu\/de\/ubungen\/entwicklungsuebungen-fuer-4-bis-6-jaehrige\/","url":"https:\/\/wellstepp.eu\/de\/ubungen\/entwicklungsuebungen-fuer-4-bis-6-jaehrige\/","name":"Entwicklungs\u00fcbungen f\u00fcr 4 bis 6-J\u00e4hrige - WellStepp","isPartOf":{"@id":"https:\/\/wellstepp.eu\/fr\/#website"},"datePublished":"2023-03-23T12:56:42+00:00","dateModified":"2024-02-27T07:49:19+00:00","breadcrumb":{"@id":"https:\/\/wellstepp.eu\/de\/ubungen\/entwicklungsuebungen-fuer-4-bis-6-jaehrige\/#breadcrumb"},"inLanguage":"de","potentialAction":[{"@type":"ReadAction","target":["https:\/\/wellstepp.eu\/de\/ubungen\/entwicklungsuebungen-fuer-4-bis-6-jaehrige\/"]}]},{"@type":"BreadcrumbList","@id":"https:\/\/wellstepp.eu\/de\/ubungen\/entwicklungsuebungen-fuer-4-bis-6-jaehrige\/#breadcrumb","itemListElement":[{"@type":"ListItem","position":1,"name":"Kezd\u0151lap","item":"https:\/\/wellstepp.eu\/de\/"},{"@type":"ListItem","position":2,"name":"\u00dcbungen","item":"https:\/\/wellstepp.eu\/de\/ubungen\/"},{"@type":"ListItem","position":3,"name":"Entwicklungs\u00fcbungen f\u00fcr 4 bis 6-J\u00e4hrige"}]},{"@type":"WebSite","@id":"https:\/\/wellstepp.eu\/fr\/#website","url":"https:\/\/wellstepp.eu\/fr\/","name":"WellStepp","description":"","potentialAction":[{"@type":"SearchAction","target":{"@type":"EntryPoint","urlTemplate":"https:\/\/wellstepp.eu\/fr\/?s={search_term_string}"},"query-input":{"@type":"PropertyValueSpecification","valueRequired":true,"valueName":"search_term_string"}}],"inLanguage":"de"}]}},"_links":{"self":[{"href":"https:\/\/wellstepp.eu\/de\/wp-json\/wp\/v2\/pages\/390","targetHints":{"allow":["GET"]}}],"collection":[{"href":"https:\/\/wellstepp.eu\/de\/wp-json\/wp\/v2\/pages"}],"about":[{"href":"https:\/\/wellstepp.eu\/de\/wp-json\/wp\/v2\/types\/page"}],"author":[{"embeddable":true,"href":"https:\/\/wellstepp.eu\/de\/wp-json\/wp\/v2\/users\/1"}],"replies":[{"embeddable":true,"href":"https:\/\/wellstepp.eu\/de\/wp-json\/wp\/v2\/comments?post=390"}],"version-history":[{"count":4,"href":"https:\/\/wellstepp.eu\/de\/wp-json\/wp\/v2\/pages\/390\/revisions"}],"predecessor-version":[{"id":872,"href":"https:\/\/wellstepp.eu\/de\/wp-json\/wp\/v2\/pages\/390\/revisions\/872"}],"up":[{"embeddable":true,"href":"https:\/\/wellstepp.eu\/de\/wp-json\/wp\/v2\/pages\/376"}],"wp:attachment":[{"href":"https:\/\/wellstepp.eu\/de\/wp-json\/wp\/v2\/media?parent=390"}],"curies":[{"name":"wp","href":"https:\/\/api.w.org\/{rel}","templated":true}]}}