{"id":413,"date":"2023-03-23T14:02:31","date_gmt":"2023-03-23T13:02:31","guid":{"rendered":"http:\/\/localhost\/wellstepp-dev\/ubungen\/fejleszto-gyakorlatok-ovodasok-szamara\/"},"modified":"2024-02-27T09:00:55","modified_gmt":"2024-02-27T08:00:55","slug":"entwicklungsubungen-fur-kinder-im-vorschulalter","status":"publish","type":"page","link":"https:\/\/wellstepp.eu\/de\/ubungen\/entwicklungsubungen-fur-kinder-im-vorschulalter\/","title":{"rendered":"Entwicklungs\u00fcbungen f\u00fcr Kinder im Vorschulalter"},"content":{"rendered":"\n<ol class=\"wp-block-list\">\n<li>Schritt\u00fcbungen zur Verbesserung des Gleichgewichts und der Konzentration:<br>Das Kind soll \u00fcber die Matte gehen und dabei einen Fu\u00df direkt vor den anderen setzen.<\/li>\n\n\n\n<li>Zehenspitzengang<br>Zehenspitzengang (auf unebener Oberfl\u00e4che erfordert komplexe Konzentration.)<\/li>\n\n\n\n<li>Gang auf der Au\u00dfenkante<br>W\u00e4hrend des Gehens auf der Au\u00dfenkante wird die Fu\u00dfmuskulatur des Kindes gest\u00e4rkt.<\/li>\n\n\n\n<li>Fersengang<br>Fersengang macht den Unterschenkel, die Knie und auch die Wirbels\u00e4ule st\u00e4rker.<\/li>\n\n\n\n<li>Seitw\u00e4rtsschritte<br>Das Kind soll zuerst seitliche Schritte nach links, dann nach rechts machen. Ermutigen Sie das Kind bei den \u00dcbungen, die Aufgaben genau auszuf\u00fchren!<\/li>\n\n\n\n<li>Kreative Schritte<br>Das Kind soll in verschiedenen Gangarten \u00fcber die Matte gehen. Rufen Sie Ihre Fantasie zu Hilfe und denken Sie sich selbst kreative Schritte aus! Das Wesen der Aufgabe ist, die kleinen Sohlen so lange wie m\u00f6glich auf der Matte zu halten und die F\u00fc\u00dfe und Fu\u00dfsohlen zu aktivieren.<\/li>\n\n\n\n<li>Spielerisches Labyrinth<br>Bauen Sie ein Labyrinth aus Spielzeug! Die abwechslungsreichen \u00dcbungen machen die Entwicklung spannender!<\/li>\n\n\n\n<li>Ged\u00e4chtnis- und Aufmerksamkeitsspiele<br>Zeichnen Sie mit ihrem Finger auf den R\u00fccken ihres Kindes und bitten Sie es, auf ein Blatt Papier am anderen Ende der Matte zu zeichnen, was es \u201egesehen\u201c hat.<\/li>\n\n\n\n<li>Spiele zur Verbesserung der Feinmotorik und des Gleichgewichts<br>Aufhebebewegungen f\u00f6rdern den Gleichgewichtssinn und st\u00e4rken die Muskulatur des Fu\u00dfgew\u00f6lbes. Das Kind soll kleine Papierkugeln oder auch kleine Gegenst\u00e4nde mit den Zehen aufgreifen. Es soll sie in einen Beh\u00e4lter (Schachtel oder Korb) legen. W\u00e4hrend der \u00dcbung soll es auf der Matte bleiben.<\/li>\n<\/ol>\n\n\n\n<p>Streben Sie danach, die Zeit auf der Matte f\u00fcr das Kind angenehm zu gestalten. Ermutigen Sie es, frei mit seinem Spielzeug zu spielen.<\/p>\n","protected":false},"excerpt":{"rendered":"<p>Streben Sie danach, die Zeit auf der Matte f\u00fcr das Kind angenehm zu gestalten. Ermutigen Sie es, frei mit seinem Spielzeug zu spielen.<\/p>\n","protected":false},"author":1,"featured_media":0,"parent":376,"menu_order":0,"comment_status":"closed","ping_status":"closed","template":"template-parts\/page-feladatsor.php","meta":{"_acf_changed":false,"footnotes":""},"class_list":["post-413","page","type-page","status-publish","hentry"],"acf":[],"yoast_head":"<!-- This site is optimized with the Yoast SEO plugin v26.8 - https:\/\/yoast.com\/product\/yoast-seo-wordpress\/ -->\n<title>Entwicklungs\u00fcbungen f\u00fcr Kinder im Vorschulalter - WellStepp<\/title>\n<meta name=\"robots\" content=\"index, follow, max-snippet:-1, max-image-preview:large, max-video-preview:-1\" \/>\n<link rel=\"canonical\" href=\"https:\/\/wellstepp.eu\/de\/ubungen\/entwicklungsubungen-fur-kinder-im-vorschulalter\/\" \/>\n<meta property=\"og:locale\" content=\"de_DE\" \/>\n<meta property=\"og:type\" content=\"article\" \/>\n<meta property=\"og:title\" content=\"Entwicklungs\u00fcbungen f\u00fcr Kinder im Vorschulalter - WellStepp\" \/>\n<meta property=\"og:description\" content=\"Streben Sie danach, die Zeit auf der Matte f\u00fcr das Kind angenehm zu gestalten. Ermutigen Sie es, frei mit seinem Spielzeug zu spielen.\" \/>\n<meta property=\"og:url\" content=\"https:\/\/wellstepp.eu\/de\/ubungen\/entwicklungsubungen-fur-kinder-im-vorschulalter\/\" \/>\n<meta property=\"og:site_name\" content=\"WellStepp\" \/>\n<meta property=\"article:publisher\" content=\"https:\/\/www.facebook.com\/people\/WellStepp\/100090271391298\/\" \/>\n<meta property=\"article:modified_time\" content=\"2024-02-27T08:00:55+00:00\" \/>\n<meta name=\"twitter:card\" content=\"summary_large_image\" \/>\n<meta name=\"twitter:label1\" content=\"Gesch\u00e4tzte Lesezeit\" \/>\n\t<meta name=\"twitter:data1\" content=\"2\u00a0Minuten\" \/>\n<script type=\"application\/ld+json\" class=\"yoast-schema-graph\">{\"@context\":\"https:\/\/schema.org\",\"@graph\":[{\"@type\":\"WebPage\",\"@id\":\"https:\/\/wellstepp.eu\/de\/ubungen\/entwicklungsubungen-fur-kinder-im-vorschulalter\/\",\"url\":\"https:\/\/wellstepp.eu\/de\/ubungen\/entwicklungsubungen-fur-kinder-im-vorschulalter\/\",\"name\":\"Entwicklungs\u00fcbungen f\u00fcr Kinder im Vorschulalter - WellStepp\",\"isPartOf\":{\"@id\":\"https:\/\/wellstepp.eu\/fr\/#website\"},\"datePublished\":\"2023-03-23T13:02:31+00:00\",\"dateModified\":\"2024-02-27T08:00:55+00:00\",\"breadcrumb\":{\"@id\":\"https:\/\/wellstepp.eu\/de\/ubungen\/entwicklungsubungen-fur-kinder-im-vorschulalter\/#breadcrumb\"},\"inLanguage\":\"de\",\"potentialAction\":[{\"@type\":\"ReadAction\",\"target\":[\"https:\/\/wellstepp.eu\/de\/ubungen\/entwicklungsubungen-fur-kinder-im-vorschulalter\/\"]}]},{\"@type\":\"BreadcrumbList\",\"@id\":\"https:\/\/wellstepp.eu\/de\/ubungen\/entwicklungsubungen-fur-kinder-im-vorschulalter\/#breadcrumb\",\"itemListElement\":[{\"@type\":\"ListItem\",\"position\":1,\"name\":\"Kezd\u0151lap\",\"item\":\"https:\/\/wellstepp.eu\/de\/\"},{\"@type\":\"ListItem\",\"position\":2,\"name\":\"\u00dcbungen\",\"item\":\"https:\/\/wellstepp.eu\/de\/ubungen\/\"},{\"@type\":\"ListItem\",\"position\":3,\"name\":\"Entwicklungs\u00fcbungen f\u00fcr Kinder im Vorschulalter\"}]},{\"@type\":\"WebSite\",\"@id\":\"https:\/\/wellstepp.eu\/fr\/#website\",\"url\":\"https:\/\/wellstepp.eu\/fr\/\",\"name\":\"WellStepp\",\"description\":\"\",\"potentialAction\":[{\"@type\":\"SearchAction\",\"target\":{\"@type\":\"EntryPoint\",\"urlTemplate\":\"https:\/\/wellstepp.eu\/fr\/?s={search_term_string}\"},\"query-input\":{\"@type\":\"PropertyValueSpecification\",\"valueRequired\":true,\"valueName\":\"search_term_string\"}}],\"inLanguage\":\"de\"}]}<\/script>\n<!-- \/ Yoast SEO plugin. -->","yoast_head_json":{"title":"Entwicklungs\u00fcbungen f\u00fcr Kinder im Vorschulalter - WellStepp","robots":{"index":"index","follow":"follow","max-snippet":"max-snippet:-1","max-image-preview":"max-image-preview:large","max-video-preview":"max-video-preview:-1"},"canonical":"https:\/\/wellstepp.eu\/de\/ubungen\/entwicklungsubungen-fur-kinder-im-vorschulalter\/","og_locale":"de_DE","og_type":"article","og_title":"Entwicklungs\u00fcbungen f\u00fcr Kinder im Vorschulalter - WellStepp","og_description":"Streben Sie danach, die Zeit auf der Matte f\u00fcr das Kind angenehm zu gestalten. Ermutigen Sie es, frei mit seinem Spielzeug zu spielen.","og_url":"https:\/\/wellstepp.eu\/de\/ubungen\/entwicklungsubungen-fur-kinder-im-vorschulalter\/","og_site_name":"WellStepp","article_publisher":"https:\/\/www.facebook.com\/people\/WellStepp\/100090271391298\/","article_modified_time":"2024-02-27T08:00:55+00:00","twitter_card":"summary_large_image","twitter_misc":{"Gesch\u00e4tzte Lesezeit":"2\u00a0Minuten"},"schema":{"@context":"https:\/\/schema.org","@graph":[{"@type":"WebPage","@id":"https:\/\/wellstepp.eu\/de\/ubungen\/entwicklungsubungen-fur-kinder-im-vorschulalter\/","url":"https:\/\/wellstepp.eu\/de\/ubungen\/entwicklungsubungen-fur-kinder-im-vorschulalter\/","name":"Entwicklungs\u00fcbungen f\u00fcr Kinder im Vorschulalter - WellStepp","isPartOf":{"@id":"https:\/\/wellstepp.eu\/fr\/#website"},"datePublished":"2023-03-23T13:02:31+00:00","dateModified":"2024-02-27T08:00:55+00:00","breadcrumb":{"@id":"https:\/\/wellstepp.eu\/de\/ubungen\/entwicklungsubungen-fur-kinder-im-vorschulalter\/#breadcrumb"},"inLanguage":"de","potentialAction":[{"@type":"ReadAction","target":["https:\/\/wellstepp.eu\/de\/ubungen\/entwicklungsubungen-fur-kinder-im-vorschulalter\/"]}]},{"@type":"BreadcrumbList","@id":"https:\/\/wellstepp.eu\/de\/ubungen\/entwicklungsubungen-fur-kinder-im-vorschulalter\/#breadcrumb","itemListElement":[{"@type":"ListItem","position":1,"name":"Kezd\u0151lap","item":"https:\/\/wellstepp.eu\/de\/"},{"@type":"ListItem","position":2,"name":"\u00dcbungen","item":"https:\/\/wellstepp.eu\/de\/ubungen\/"},{"@type":"ListItem","position":3,"name":"Entwicklungs\u00fcbungen f\u00fcr Kinder im Vorschulalter"}]},{"@type":"WebSite","@id":"https:\/\/wellstepp.eu\/fr\/#website","url":"https:\/\/wellstepp.eu\/fr\/","name":"WellStepp","description":"","potentialAction":[{"@type":"SearchAction","target":{"@type":"EntryPoint","urlTemplate":"https:\/\/wellstepp.eu\/fr\/?s={search_term_string}"},"query-input":{"@type":"PropertyValueSpecification","valueRequired":true,"valueName":"search_term_string"}}],"inLanguage":"de"}]}},"_links":{"self":[{"href":"https:\/\/wellstepp.eu\/de\/wp-json\/wp\/v2\/pages\/413","targetHints":{"allow":["GET"]}}],"collection":[{"href":"https:\/\/wellstepp.eu\/de\/wp-json\/wp\/v2\/pages"}],"about":[{"href":"https:\/\/wellstepp.eu\/de\/wp-json\/wp\/v2\/types\/page"}],"author":[{"embeddable":true,"href":"https:\/\/wellstepp.eu\/de\/wp-json\/wp\/v2\/users\/1"}],"replies":[{"embeddable":true,"href":"https:\/\/wellstepp.eu\/de\/wp-json\/wp\/v2\/comments?post=413"}],"version-history":[{"count":4,"href":"https:\/\/wellstepp.eu\/de\/wp-json\/wp\/v2\/pages\/413\/revisions"}],"predecessor-version":[{"id":879,"href":"https:\/\/wellstepp.eu\/de\/wp-json\/wp\/v2\/pages\/413\/revisions\/879"}],"up":[{"embeddable":true,"href":"https:\/\/wellstepp.eu\/de\/wp-json\/wp\/v2\/pages\/376"}],"wp:attachment":[{"href":"https:\/\/wellstepp.eu\/de\/wp-json\/wp\/v2\/media?parent=413"}],"curies":[{"name":"wp","href":"https:\/\/api.w.org\/{rel}","templated":true}]}}