{"id":426,"date":"2023-03-23T14:02:44","date_gmt":"2023-03-23T13:02:44","guid":{"rendered":"http:\/\/localhost\/wellstepp-dev\/ubungen\/paros-gyakorlatsorok-ovodasok-szamara\/"},"modified":"2023-11-29T14:15:22","modified_gmt":"2023-11-29T13:15:22","slug":"partnerubungen-fur-kinder-im-vorschulalter","status":"publish","type":"page","link":"https:\/\/wellstepp.eu\/de\/ubungen\/partnerubungen-fur-kinder-im-vorschulalter\/","title":{"rendered":"Partner\u00fcbungen f\u00fcr Kinder im Vorschulalter"},"content":{"rendered":"\n<ol class=\"wp-block-list\">\n<li>Gemeinsames Spiel<br>Das Spielen miteinander kann mehrere Sinne der Kinder verbessern. Die Augen-Hand-Koordination und Konzentration haben Auswirkungen auf die Entwicklung der r\u00e4umlichen Orientierung. Durch gemeinsame \u00dcbungen entwickelt sich auch die F\u00e4higkeit, sich aneinander anzupassen und die Teamarbeit.<\/li>\n\n\n\n<li>Ballspiel<br>Die Kinder sollen auf der Matte gegen\u00fcberstehen und einen Ball einander auf der unebenen Oberfl\u00e4che zurollen.\u00a0 Ballspiele unterst\u00fctzen die r\u00e4umliche und zeitliche Wahrnehmung und die Genauigkeit der Bewegungen. Es kann lustig sein, dass der Ball durch das Kieselsteinmuster auch in unerwartete Richtungen rollen kann!<\/li>\n\n\n\n<li>Seitw\u00e4rtsschritte<br>Die Kleinen sollen einander gegen\u00fcberstehen und h\u00e4ndchenhaltend von einem Ende der Matte zum anderen seitw\u00e4rtstreten. Es ist in Ordnung, wenn ein oder zwei Schritte nicht auf der Matte erfolgen! Jede gemeinsame Schritt\u00fcbung ist geeignet, die Beobachtung der Bewegungen des anderen zu lernen. Die Konzentration l\u00e4sst die Zeit schneller vergehen und macht die \u00dcbung auf der Matte auch spielerischer. Das Spielen kann viele unserer Sinne ansprechen.<\/li>\n\n\n\n<li>Mit beiden Beinen springen<br>Die Kinder sollen sich an den H\u00e4nden halten und mit beiden Beinen von einem Ende der Matte zum anderen vorw\u00e4rts springen. Sie sollen dabei darauf achten, dass sie versuchen, den Sprung gleichzeitig auszuf\u00fchren. Jede gemeinsame \u00dcbung tr\u00e4gt dazu bei, die Akzeptanz von Regeln zu f\u00f6rdern und soziale Kompetenzen zu st\u00e4rken.<\/li>\n\n\n\n<li>Rollenspiel<br>Die Kinder sollen sich auf die WellStepp\u00ae Matte legen und nacheinander \u00fcber die Matte rollen. Das massiert und stimuliert den ganzen K\u00f6rper.<\/li>\n\n\n\n<li>Macht Froschspr\u00fcnge! Wer springt weiter?<br>Das gemeinsame Springen, auch auf Musik\/Klatschen, hat positive Auswirkungen auf das Rhythmusgef\u00fchl und die Aufmerksamkeitssteuerung. Bei den \u00dcbungen sollten Sie darauf achten, dass die Matte gut auf dem Boden fixiert ist und nicht verrutschen kann, da sie auf bestimmten Oberfl\u00e4chen ihren Halt verlieren kann.<\/li>\n\n\n\n<li>Gemeinsames Spiel mit den Eltern<br>Turnen Sie gemeinsam mit Ihrem Kind, die kiesstrand\u00e4hnliche Oberfl\u00e4che ist f\u00fcr alle vorteilhaft! Auch als Erwachsene brauchen wir unser spielerisches, kreatives, forschendes Wesen und unseren Enthusiasmus, um mit gutem Beispiel voranzugehen und eine gemeinsame Basis mit unseren Kindern zu finden.<\/li>\n<\/ol>\n","protected":false},"excerpt":{"rendered":"","protected":false},"author":1,"featured_media":0,"parent":376,"menu_order":0,"comment_status":"closed","ping_status":"closed","template":"template-parts\/page-feladatsor.php","meta":{"_acf_changed":false,"footnotes":""},"class_list":["post-426","page","type-page","status-publish","hentry"],"acf":[],"yoast_head":"<!-- This site is optimized with the Yoast SEO plugin v26.8 - https:\/\/yoast.com\/product\/yoast-seo-wordpress\/ -->\n<title>Partner\u00fcbungen f\u00fcr Kinder im Vorschulalter - WellStepp<\/title>\n<meta name=\"robots\" content=\"index, follow, max-snippet:-1, max-image-preview:large, max-video-preview:-1\" \/>\n<link rel=\"canonical\" href=\"https:\/\/wellstepp.eu\/feladatsorok\/paros-gyakorlatsorok-ovodasok-szamara\/\" \/>\n<meta property=\"og:locale\" content=\"de_DE\" \/>\n<meta property=\"og:type\" content=\"article\" \/>\n<meta property=\"og:title\" content=\"Partner\u00fcbungen f\u00fcr Kinder im Vorschulalter - WellStepp\" \/>\n<meta property=\"og:url\" content=\"https:\/\/wellstepp.eu\/feladatsorok\/paros-gyakorlatsorok-ovodasok-szamara\/\" \/>\n<meta property=\"og:site_name\" content=\"WellStepp\" \/>\n<meta property=\"article:publisher\" content=\"https:\/\/www.facebook.com\/people\/WellStepp\/100090271391298\/\" \/>\n<meta property=\"article:modified_time\" content=\"2023-11-29T13:15:22+00:00\" \/>\n<meta name=\"twitter:card\" content=\"summary_large_image\" \/>\n<meta name=\"twitter:label1\" content=\"Gesch\u00e4tzte Lesezeit\" \/>\n\t<meta name=\"twitter:data1\" content=\"2\u00a0Minuten\" \/>\n<script type=\"application\/ld+json\" class=\"yoast-schema-graph\">{\"@context\":\"https:\/\/schema.org\",\"@graph\":[{\"@type\":\"WebPage\",\"@id\":\"https:\/\/wellstepp.eu\/feladatsorok\/paros-gyakorlatsorok-ovodasok-szamara\/\",\"url\":\"https:\/\/wellstepp.eu\/feladatsorok\/paros-gyakorlatsorok-ovodasok-szamara\/\",\"name\":\"Partner\u00fcbungen f\u00fcr Kinder im Vorschulalter - WellStepp\",\"isPartOf\":{\"@id\":\"https:\/\/wellstepp.eu\/fr\/#website\"},\"datePublished\":\"2023-03-23T13:02:44+00:00\",\"dateModified\":\"2023-11-29T13:15:22+00:00\",\"breadcrumb\":{\"@id\":\"https:\/\/wellstepp.eu\/feladatsorok\/paros-gyakorlatsorok-ovodasok-szamara\/#breadcrumb\"},\"inLanguage\":\"de\",\"potentialAction\":[{\"@type\":\"ReadAction\",\"target\":[\"https:\/\/wellstepp.eu\/feladatsorok\/paros-gyakorlatsorok-ovodasok-szamara\/\"]}]},{\"@type\":\"BreadcrumbList\",\"@id\":\"https:\/\/wellstepp.eu\/feladatsorok\/paros-gyakorlatsorok-ovodasok-szamara\/#breadcrumb\",\"itemListElement\":[{\"@type\":\"ListItem\",\"position\":1,\"name\":\"Kezd\u0151lap\",\"item\":\"https:\/\/wellstepp.eu\/de\/\"},{\"@type\":\"ListItem\",\"position\":2,\"name\":\"\u00dcbungen\",\"item\":\"https:\/\/wellstepp.eu\/de\/ubungen\/\"},{\"@type\":\"ListItem\",\"position\":3,\"name\":\"Partner\u00fcbungen f\u00fcr Kinder im Vorschulalter\"}]},{\"@type\":\"WebSite\",\"@id\":\"https:\/\/wellstepp.eu\/fr\/#website\",\"url\":\"https:\/\/wellstepp.eu\/fr\/\",\"name\":\"WellStepp\",\"description\":\"\",\"potentialAction\":[{\"@type\":\"SearchAction\",\"target\":{\"@type\":\"EntryPoint\",\"urlTemplate\":\"https:\/\/wellstepp.eu\/fr\/?s={search_term_string}\"},\"query-input\":{\"@type\":\"PropertyValueSpecification\",\"valueRequired\":true,\"valueName\":\"search_term_string\"}}],\"inLanguage\":\"de\"}]}<\/script>\n<!-- \/ Yoast SEO plugin. -->","yoast_head_json":{"title":"Partner\u00fcbungen f\u00fcr Kinder im Vorschulalter - WellStepp","robots":{"index":"index","follow":"follow","max-snippet":"max-snippet:-1","max-image-preview":"max-image-preview:large","max-video-preview":"max-video-preview:-1"},"canonical":"https:\/\/wellstepp.eu\/feladatsorok\/paros-gyakorlatsorok-ovodasok-szamara\/","og_locale":"de_DE","og_type":"article","og_title":"Partner\u00fcbungen f\u00fcr Kinder im Vorschulalter - WellStepp","og_url":"https:\/\/wellstepp.eu\/feladatsorok\/paros-gyakorlatsorok-ovodasok-szamara\/","og_site_name":"WellStepp","article_publisher":"https:\/\/www.facebook.com\/people\/WellStepp\/100090271391298\/","article_modified_time":"2023-11-29T13:15:22+00:00","twitter_card":"summary_large_image","twitter_misc":{"Gesch\u00e4tzte Lesezeit":"2\u00a0Minuten"},"schema":{"@context":"https:\/\/schema.org","@graph":[{"@type":"WebPage","@id":"https:\/\/wellstepp.eu\/feladatsorok\/paros-gyakorlatsorok-ovodasok-szamara\/","url":"https:\/\/wellstepp.eu\/feladatsorok\/paros-gyakorlatsorok-ovodasok-szamara\/","name":"Partner\u00fcbungen f\u00fcr Kinder im Vorschulalter - WellStepp","isPartOf":{"@id":"https:\/\/wellstepp.eu\/fr\/#website"},"datePublished":"2023-03-23T13:02:44+00:00","dateModified":"2023-11-29T13:15:22+00:00","breadcrumb":{"@id":"https:\/\/wellstepp.eu\/feladatsorok\/paros-gyakorlatsorok-ovodasok-szamara\/#breadcrumb"},"inLanguage":"de","potentialAction":[{"@type":"ReadAction","target":["https:\/\/wellstepp.eu\/feladatsorok\/paros-gyakorlatsorok-ovodasok-szamara\/"]}]},{"@type":"BreadcrumbList","@id":"https:\/\/wellstepp.eu\/feladatsorok\/paros-gyakorlatsorok-ovodasok-szamara\/#breadcrumb","itemListElement":[{"@type":"ListItem","position":1,"name":"Kezd\u0151lap","item":"https:\/\/wellstepp.eu\/de\/"},{"@type":"ListItem","position":2,"name":"\u00dcbungen","item":"https:\/\/wellstepp.eu\/de\/ubungen\/"},{"@type":"ListItem","position":3,"name":"Partner\u00fcbungen f\u00fcr Kinder im Vorschulalter"}]},{"@type":"WebSite","@id":"https:\/\/wellstepp.eu\/fr\/#website","url":"https:\/\/wellstepp.eu\/fr\/","name":"WellStepp","description":"","potentialAction":[{"@type":"SearchAction","target":{"@type":"EntryPoint","urlTemplate":"https:\/\/wellstepp.eu\/fr\/?s={search_term_string}"},"query-input":{"@type":"PropertyValueSpecification","valueRequired":true,"valueName":"search_term_string"}}],"inLanguage":"de"}]}},"_links":{"self":[{"href":"https:\/\/wellstepp.eu\/de\/wp-json\/wp\/v2\/pages\/426","targetHints":{"allow":["GET"]}}],"collection":[{"href":"https:\/\/wellstepp.eu\/de\/wp-json\/wp\/v2\/pages"}],"about":[{"href":"https:\/\/wellstepp.eu\/de\/wp-json\/wp\/v2\/types\/page"}],"author":[{"embeddable":true,"href":"https:\/\/wellstepp.eu\/de\/wp-json\/wp\/v2\/users\/1"}],"replies":[{"embeddable":true,"href":"https:\/\/wellstepp.eu\/de\/wp-json\/wp\/v2\/comments?post=426"}],"version-history":[{"count":2,"href":"https:\/\/wellstepp.eu\/de\/wp-json\/wp\/v2\/pages\/426\/revisions"}],"predecessor-version":[{"id":858,"href":"https:\/\/wellstepp.eu\/de\/wp-json\/wp\/v2\/pages\/426\/revisions\/858"}],"up":[{"embeddable":true,"href":"https:\/\/wellstepp.eu\/de\/wp-json\/wp\/v2\/pages\/376"}],"wp:attachment":[{"href":"https:\/\/wellstepp.eu\/de\/wp-json\/wp\/v2\/media?parent=426"}],"curies":[{"name":"wp","href":"https:\/\/api.w.org\/{rel}","templated":true}]}}