{"id":466,"date":"2023-03-23T08:20:41","date_gmt":"2023-03-23T07:20:41","guid":{"rendered":"http:\/\/localhost\/wellstepp-dev\/kapcsolat\/"},"modified":"2023-11-13T10:32:10","modified_gmt":"2023-11-13T09:32:10","slug":"kontakt","status":"publish","type":"page","link":"https:\/\/wellstepp.eu\/de\/kontakt\/","title":{"rendered":"Kontakt"},"content":{"rendered":"\n<p class=\"has-text-align-left\">Wenn Sie Fragen, Bemerkungen oder Probleme haben, z\u00f6gern Sie nicht, uns zu kontaktieren! Unser Expertenteam ist immer bereit, Ihnen zu helfen und Ihre Fragen zu beantworten. Wenn Sie Informationen brauchen, die nicht auf unserer Webseite zu finden sind, kontaktieren Sie uns bitte unter den unten angegebenen Kontaktdaten!<\/p>\n\n\n\n<p><strong>Sollten Sie an Produktentwicklungen oder einer Zusammenarbeit interessiert sein, oder einen Fehler festgestellt haben, wenden Sie sich bitte an eine der unten aufgef\u00fchrten Kontaktadressen:<\/strong><\/p>\n\n\n\n<p><\/p>\n\n\n\n<p>E-mail: <a href=\"mailto:info@wellstepp.eu\">info@wellstepp.eu<\/a><br><a href=\"mailto:mintabolt@trocellen.com\">mintabolt@trocellen.com<\/a><\/p>\n\n\n\n<p>Adresse: <a href=\"https:\/\/goo.gl\/maps\/dKKIY\" target=\"_blank\" rel=\"noreferrer noopener\">1095 Budapest, Soroks\u00e1ri \u00fat 110.<\/a><\/p>\n\n\n\n<p>Telefon: <a href=\"tel:+3612806554\">+36 1 280 6554<\/a><\/p>\n\n\n\n<p><\/p>\n\n\n\n<p><strong>Im Falle von Beschwerden oder Verbraucherbemerkungen freuen wir uns, \u00fcber eine der folgenden Kontaktadressen von Ihnen zu h\u00f6ren:<\/strong><\/p>\n\n\n\n<p><\/p>\n\n\n\n<p>E-mail: <a href=\"mailto:vevoszolgalat@salusgyogypont.hu\">vevoszolgalat@salusgyogypont.hu<\/a><\/p>\n\n\n\n<p>Adresse: <a href=\"https:\/\/www.google.hu\/search?q=2040+Buda%C3%B6rs%2C+%C3%89p%C3%ADt%C5%91k+%C3%BAtja+2-4.&amp;oq=2040+Buda%C3%B6rs%2C+%C3%89p%C3%ADt%C5%91k+%C3%BAtja+2-4.&amp;aqs=chrome..69i57.955j0j7&amp;sourceid=chrome&amp;es_sm=93&amp;ie=UTF-8\">2040 Buda\u00f6rs, \u00c9p\u00edt\u0151k \u00fatja 2-4.<\/a><\/p>\n\n\n\n<p>Telefon: <a href=\"tel:+3612806554\">+36 1 206 7900<\/a><\/p>\n","protected":false},"excerpt":{"rendered":"<p>Wenn Sie Fragen, Bemerkungen oder Probleme haben, z\u00f6gern Sie nicht, uns zu kontaktieren! Unser Expertenteam ist immer bereit, Ihnen zu helfen und Ihre Fragen zu beantworten. Wenn Sie Informationen brauchen, die nicht auf unserer Webseite zu finden sind, kontaktieren Sie uns bitte unter den unten angegebenen Kontaktdaten! Sollten Sie an Produktentwicklungen oder einer Zusammenarbeit interessiert [&hellip;]<\/p>\n","protected":false},"author":1,"featured_media":0,"parent":0,"menu_order":0,"comment_status":"closed","ping_status":"closed","template":"template-parts\/page-kapcsolat.php","meta":{"_acf_changed":false,"footnotes":""},"class_list":["post-466","page","type-page","status-publish","hentry"],"acf":[],"yoast_head":"<!-- This site is optimized with the Yoast SEO plugin v26.8 - https:\/\/yoast.com\/product\/yoast-seo-wordpress\/ -->\n<title>Kontakt - WellStepp<\/title>\n<meta name=\"robots\" content=\"index, follow, max-snippet:-1, max-image-preview:large, max-video-preview:-1\" \/>\n<link rel=\"canonical\" href=\"https:\/\/wellstepp.eu\/de\/kontakt\/\" \/>\n<meta property=\"og:locale\" content=\"de_DE\" \/>\n<meta property=\"og:type\" content=\"article\" \/>\n<meta property=\"og:title\" content=\"Kontakt - WellStepp\" \/>\n<meta property=\"og:description\" content=\"Wenn Sie Fragen, Bemerkungen oder Probleme haben, z\u00f6gern Sie nicht, uns zu kontaktieren! Unser Expertenteam ist immer bereit, Ihnen zu helfen und Ihre Fragen zu beantworten. Wenn Sie Informationen brauchen, die nicht auf unserer Webseite zu finden sind, kontaktieren Sie uns bitte unter den unten angegebenen Kontaktdaten! Sollten Sie an Produktentwicklungen oder einer Zusammenarbeit interessiert [&hellip;]\" \/>\n<meta property=\"og:url\" content=\"https:\/\/wellstepp.eu\/de\/kontakt\/\" \/>\n<meta property=\"og:site_name\" content=\"WellStepp\" \/>\n<meta property=\"article:publisher\" content=\"https:\/\/www.facebook.com\/people\/WellStepp\/100090271391298\/\" \/>\n<meta property=\"article:modified_time\" content=\"2023-11-13T09:32:10+00:00\" \/>\n<meta name=\"twitter:card\" content=\"summary_large_image\" \/>\n<meta name=\"twitter:label1\" content=\"Gesch\u00e4tzte Lesezeit\" \/>\n\t<meta name=\"twitter:data1\" content=\"1\u00a0Minute\" \/>\n<script type=\"application\/ld+json\" class=\"yoast-schema-graph\">{\"@context\":\"https:\/\/schema.org\",\"@graph\":[{\"@type\":\"WebPage\",\"@id\":\"https:\/\/wellstepp.eu\/de\/kontakt\/\",\"url\":\"https:\/\/wellstepp.eu\/de\/kontakt\/\",\"name\":\"Kontakt - WellStepp\",\"isPartOf\":{\"@id\":\"https:\/\/wellstepp.eu\/fr\/#website\"},\"datePublished\":\"2023-03-23T07:20:41+00:00\",\"dateModified\":\"2023-11-13T09:32:10+00:00\",\"breadcrumb\":{\"@id\":\"https:\/\/wellstepp.eu\/de\/kontakt\/#breadcrumb\"},\"inLanguage\":\"de\",\"potentialAction\":[{\"@type\":\"ReadAction\",\"target\":[\"https:\/\/wellstepp.eu\/de\/kontakt\/\"]}]},{\"@type\":\"BreadcrumbList\",\"@id\":\"https:\/\/wellstepp.eu\/de\/kontakt\/#breadcrumb\",\"itemListElement\":[{\"@type\":\"ListItem\",\"position\":1,\"name\":\"Kezd\u0151lap\",\"item\":\"https:\/\/wellstepp.eu\/de\/\"},{\"@type\":\"ListItem\",\"position\":2,\"name\":\"Kontakt\"}]},{\"@type\":\"WebSite\",\"@id\":\"https:\/\/wellstepp.eu\/fr\/#website\",\"url\":\"https:\/\/wellstepp.eu\/fr\/\",\"name\":\"WellStepp\",\"description\":\"\",\"potentialAction\":[{\"@type\":\"SearchAction\",\"target\":{\"@type\":\"EntryPoint\",\"urlTemplate\":\"https:\/\/wellstepp.eu\/fr\/?s={search_term_string}\"},\"query-input\":{\"@type\":\"PropertyValueSpecification\",\"valueRequired\":true,\"valueName\":\"search_term_string\"}}],\"inLanguage\":\"de\"}]}<\/script>\n<!-- \/ Yoast SEO plugin. -->","yoast_head_json":{"title":"Kontakt - WellStepp","robots":{"index":"index","follow":"follow","max-snippet":"max-snippet:-1","max-image-preview":"max-image-preview:large","max-video-preview":"max-video-preview:-1"},"canonical":"https:\/\/wellstepp.eu\/de\/kontakt\/","og_locale":"de_DE","og_type":"article","og_title":"Kontakt - WellStepp","og_description":"Wenn Sie Fragen, Bemerkungen oder Probleme haben, z\u00f6gern Sie nicht, uns zu kontaktieren! Unser Expertenteam ist immer bereit, Ihnen zu helfen und Ihre Fragen zu beantworten. Wenn Sie Informationen brauchen, die nicht auf unserer Webseite zu finden sind, kontaktieren Sie uns bitte unter den unten angegebenen Kontaktdaten! Sollten Sie an Produktentwicklungen oder einer Zusammenarbeit interessiert [&hellip;]","og_url":"https:\/\/wellstepp.eu\/de\/kontakt\/","og_site_name":"WellStepp","article_publisher":"https:\/\/www.facebook.com\/people\/WellStepp\/100090271391298\/","article_modified_time":"2023-11-13T09:32:10+00:00","twitter_card":"summary_large_image","twitter_misc":{"Gesch\u00e4tzte Lesezeit":"1\u00a0Minute"},"schema":{"@context":"https:\/\/schema.org","@graph":[{"@type":"WebPage","@id":"https:\/\/wellstepp.eu\/de\/kontakt\/","url":"https:\/\/wellstepp.eu\/de\/kontakt\/","name":"Kontakt - WellStepp","isPartOf":{"@id":"https:\/\/wellstepp.eu\/fr\/#website"},"datePublished":"2023-03-23T07:20:41+00:00","dateModified":"2023-11-13T09:32:10+00:00","breadcrumb":{"@id":"https:\/\/wellstepp.eu\/de\/kontakt\/#breadcrumb"},"inLanguage":"de","potentialAction":[{"@type":"ReadAction","target":["https:\/\/wellstepp.eu\/de\/kontakt\/"]}]},{"@type":"BreadcrumbList","@id":"https:\/\/wellstepp.eu\/de\/kontakt\/#breadcrumb","itemListElement":[{"@type":"ListItem","position":1,"name":"Kezd\u0151lap","item":"https:\/\/wellstepp.eu\/de\/"},{"@type":"ListItem","position":2,"name":"Kontakt"}]},{"@type":"WebSite","@id":"https:\/\/wellstepp.eu\/fr\/#website","url":"https:\/\/wellstepp.eu\/fr\/","name":"WellStepp","description":"","potentialAction":[{"@type":"SearchAction","target":{"@type":"EntryPoint","urlTemplate":"https:\/\/wellstepp.eu\/fr\/?s={search_term_string}"},"query-input":{"@type":"PropertyValueSpecification","valueRequired":true,"valueName":"search_term_string"}}],"inLanguage":"de"}]}},"_links":{"self":[{"href":"https:\/\/wellstepp.eu\/de\/wp-json\/wp\/v2\/pages\/466","targetHints":{"allow":["GET"]}}],"collection":[{"href":"https:\/\/wellstepp.eu\/de\/wp-json\/wp\/v2\/pages"}],"about":[{"href":"https:\/\/wellstepp.eu\/de\/wp-json\/wp\/v2\/types\/page"}],"author":[{"embeddable":true,"href":"https:\/\/wellstepp.eu\/de\/wp-json\/wp\/v2\/users\/1"}],"replies":[{"embeddable":true,"href":"https:\/\/wellstepp.eu\/de\/wp-json\/wp\/v2\/comments?post=466"}],"version-history":[{"count":2,"href":"https:\/\/wellstepp.eu\/de\/wp-json\/wp\/v2\/pages\/466\/revisions"}],"predecessor-version":[{"id":472,"href":"https:\/\/wellstepp.eu\/de\/wp-json\/wp\/v2\/pages\/466\/revisions\/472"}],"wp:attachment":[{"href":"https:\/\/wellstepp.eu\/de\/wp-json\/wp\/v2\/media?parent=466"}],"curies":[{"name":"wp","href":"https:\/\/api.w.org\/{rel}","templated":true}]}}