{"id":495,"date":"2023-03-23T08:21:11","date_gmt":"2023-03-23T07:21:11","guid":{"rendered":"http:\/\/localhost\/wellstepp-dev\/suti-informaciok\/"},"modified":"2023-11-13T10:48:07","modified_gmt":"2023-11-13T09:48:07","slug":"suti-informaciok","status":"publish","type":"page","link":"https:\/\/wellstepp.eu\/de\/suti-informaciok\/","title":{"rendered":"Cookie-Richtlinie"},"content":{"rendered":"\n<p>Die Webseite www.wellstepp.eu (nachfolgend, \u201e<strong>Website<\/strong>\u201d genannt) verwendet Cookies. Nachfolgend finden Sie weitere Informationen \u00fcber Cookies, dar\u00fcber, wie sie auf der Website verwendet werden und welche Kontrollverfahren wir in Bezug auf die Cookies selbst anwenden. Wenn Sie weiter auf der Website bleiben, nachdem Sie unseren Hinweis zu Cookies gelesen haben, stimmen Sie der Verwendung von Cookies in \u00dcbereinstimmung mit dieser Erkl\u00e4rung zu. Wenn Sie mit der Verwendung von Cookies nicht einverstanden sind, deaktivieren Sie diese bitte, indem Sie die nachfolgenden Anweisungen befolgen.<\/p>\n\n\n\n<p><strong>1. WAS SIND COOKIES?<\/strong><\/p>\n\n\n\n<p>Bei Cookies handelt es sich um kleine Textdateien, die beim Besuch einer Website an das Endger\u00e4t (PC, Tablet o. \u00e4.) gesendet werden. Beim n\u00e4chsten Aufruf dieser Website werden Cookies entweder an die Webseite zur\u00fcckgesandt, die sie erzeugt hat oder an eine andere Webseite gesandt, die in der Lage ist, dieses spezielle Cookie zu erkennen. Cookies dienen als Speicher f\u00fcr eine Website und erm\u00f6glichen es dieser, Ihr Endger\u00e4t bei jedem weiteren Besuch der Website wiederzuerkennen. Cookies erm\u00f6glichen Ihnen auch, Ihre Browsereinstellungen zu speichern, um die Nutzung der Website f\u00fcr Sie noch praktischer zu gestalten, und erh\u00f6hen durch eine individuelle Anpassung des Inhalts die Nutzerfreundlichkeit der Website. Weitere Informationen \u00fcber Cookies (einschlie\u00dflich Informationen dar\u00fcber, welche Cookies auf Ihrem Ger\u00e4t platziert wurden und wie Sie diese verwalten und l\u00f6schen k\u00f6nnen) finden Sie unter folgendem Link:<\/p>\n\n\n\n<p><strong>2. ARTEN VON COOKIES<\/strong><\/p>\n\n\n\n<p>Es gibt technische, analytische und profilerstellende Cookies.<\/p>\n\n\n\n<p>Die Website verwendet technische \u201eSitzungs-Cookies\u201d und dauerhafte Cookies. Eine Liste der technischen Cookies kann unter folgendem Link abgerufen werden:<\/p>\n\n\n\n<p><a href=\"https:\/\/codex.wordpress.org\/WordPress_Cookies\">https:\/\/codex.wordpress.org\/WordPress_Cookies<\/a><\/p>\n\n\n\n<p>Dar\u00fcber hinaus verwendet die Website die folgenden von Drittanbietern gesetzten analytischen Cookies:<\/p>\n\n\n\n<p>\u2013 Google<\/p>\n\n\n\n<p>\u2013 Facebook<\/p>\n\n\n\n<p>\u2013 Twitter<\/p>\n\n\n\n<p>\u2013 Linkedin<\/p>\n\n\n\n<p>\u2013 Youtube<\/p>\n\n\n\n<p>Die Website \u00fcbernimmt Tools, die die Identifizierung durch Cookies einschr\u00e4nken, darunter \u201egat._anonymizelp ();\u201d, um die Anonymisierung von IP-Adressen sicherzustellen (sogenannte \u201eIP-Maskierung\u201c).<\/p>\n\n\n\n<p>Diese Website verwendet keine profilerstellenden Cookies.<\/p>\n\n\n\n<p><strong>3. ZWECK<\/strong><\/p>\n\n\n\n<p>Die von unserer Website verwendeten technischen Cookies dienen dazu, Ihnen den Besuch unserer Website zu erm\u00f6glichen und zu erleichtern und die Dienste der Website zu nutzen.<\/p>\n\n\n\n<p>Analytische Cookies werden verwendet, um die Art und Weise, wie Sie die Website nutzen (z. B. Anzahl der Zugriffe und besuchten Seiten), zu statistischen Zwecken zu analysieren und zu \u00fcberwachen und um es uns zu erm\u00f6glichen, die Website in Bezug auf Bedienung und Navigation zu verbessern.<\/p>\n\n\n\n<p><strong>4. COOKIES VERWALTEN UND ENTFERNEN<\/strong>?<\/p>\n\n\n\n<p>Wenn Sie weiter auf der Website bleiben, nachdem Sie unseren Hinweis zu Cookies gelesen haben, stimmen Sie der Verwendung von Cookies zu. Sie k\u00f6nnen der Verwendung von Cookies jederzeit widersprechen oder diese anderweitig deaktivieren, indem Sie die Konfiguration Ihres Browsers manuell \u00e4ndern und den Anweisungen der Richtlinie zur Cookie-Verwaltung folgen.<\/p>\n\n\n\n<p>Um Cookies von Ihrem Browser ablehnen zu lassen, lesen Sie bitte die Anweisungen Ihres Browser-Anbieters. Eine ausf\u00fchrliche Anleitung finden Sie unter www.aboutcookies.org.<\/p>\n\n\n\n<p>Die Angabe von Daten ist freiwillig. Bitte beachten Sie jedoch, dass die Ablehnung\/Deaktivierung von Cookies dazu f\u00fchren kann, dass Sie bestimmte Funktionen der Website nicht nutzen k\u00f6nnen.<\/p>\n\n\n\n<p>F\u00fcr Informationen \u00fcber Verarbeitungsmethoden, Zugriff auf Daten, Daten\u00fcbermittlung, Rechte des Betroffenen, Modalit\u00e4ten der Rechtsaus\u00fcbung, Datenverantwortliche, Datenverarbeiter und Verantwortliche, lesen Sie<\/p>\n\n\n\n<p>Kontaktdaten: F\u00fcr weitere Informationen zu dieser Erkl\u00e4rung kontaktieren Sie uns bitte unter der folgenden E-Mail-Adresse: gdprinfo.polifoam@trocellen.com. Sie k\u00f6nnen auch ein Einschreiben mit R\u00fcckschein senden an Polifoam M\u0171anyagfeldolgoz\u00f3 Kft. H-1097 Budapest, T\u00e1bl\u00e1s utca 34\/A. oder uns unter der folgenden Telefonnummer kontaktieren: +3613479800.<\/p>\n","protected":false},"excerpt":{"rendered":"<p>Die Webseite www.wellstepp.eu (nachfolgend, \u201eWebsite\u201d genannt) verwendet Cookies. Nachfolgend finden Sie weitere Informationen \u00fcber Cookies, dar\u00fcber, wie sie auf der Website verwendet werden und welche Kontrollverfahren wir in Bezug auf die Cookies selbst anwenden. Wenn Sie weiter auf der Website bleiben, nachdem Sie unseren Hinweis zu Cookies gelesen haben, stimmen Sie der Verwendung von Cookies [&hellip;]<\/p>\n","protected":false},"author":1,"featured_media":0,"parent":0,"menu_order":0,"comment_status":"closed","ping_status":"closed","template":"template-parts\/page-szoveges.php","meta":{"_acf_changed":false,"footnotes":""},"class_list":["post-495","page","type-page","status-publish","hentry"],"acf":[],"yoast_head":"<!-- This site is optimized with the Yoast SEO plugin v26.8 - https:\/\/yoast.com\/product\/yoast-seo-wordpress\/ -->\n<title>Cookie-Richtlinie - WellStepp<\/title>\n<meta name=\"robots\" content=\"index, follow, max-snippet:-1, max-image-preview:large, max-video-preview:-1\" \/>\n<link rel=\"canonical\" href=\"https:\/\/wellstepp.eu\/suti-informaciok\/\" \/>\n<meta property=\"og:locale\" content=\"de_DE\" \/>\n<meta property=\"og:type\" content=\"article\" \/>\n<meta property=\"og:title\" content=\"Cookie-Richtlinie - WellStepp\" \/>\n<meta property=\"og:description\" content=\"Die Webseite www.wellstepp.eu (nachfolgend, \u201eWebsite\u201d genannt) verwendet Cookies. Nachfolgend finden Sie weitere Informationen \u00fcber Cookies, dar\u00fcber, wie sie auf der Website verwendet werden und welche Kontrollverfahren wir in Bezug auf die Cookies selbst anwenden. Wenn Sie weiter auf der Website bleiben, nachdem Sie unseren Hinweis zu Cookies gelesen haben, stimmen Sie der Verwendung von Cookies [&hellip;]\" \/>\n<meta property=\"og:url\" content=\"https:\/\/wellstepp.eu\/suti-informaciok\/\" \/>\n<meta property=\"og:site_name\" content=\"WellStepp\" \/>\n<meta property=\"article:publisher\" content=\"https:\/\/www.facebook.com\/people\/WellStepp\/100090271391298\/\" \/>\n<meta property=\"article:modified_time\" content=\"2023-11-13T09:48:07+00:00\" \/>\n<meta name=\"twitter:card\" content=\"summary_large_image\" \/>\n<meta name=\"twitter:label1\" content=\"Gesch\u00e4tzte Lesezeit\" \/>\n\t<meta name=\"twitter:data1\" content=\"3\u00a0Minuten\" \/>\n<script type=\"application\/ld+json\" class=\"yoast-schema-graph\">{\"@context\":\"https:\/\/schema.org\",\"@graph\":[{\"@type\":\"WebPage\",\"@id\":\"https:\/\/wellstepp.eu\/suti-informaciok\/\",\"url\":\"https:\/\/wellstepp.eu\/suti-informaciok\/\",\"name\":\"Cookie-Richtlinie - WellStepp\",\"isPartOf\":{\"@id\":\"https:\/\/wellstepp.eu\/fr\/#website\"},\"datePublished\":\"2023-03-23T07:21:11+00:00\",\"dateModified\":\"2023-11-13T09:48:07+00:00\",\"breadcrumb\":{\"@id\":\"https:\/\/wellstepp.eu\/suti-informaciok\/#breadcrumb\"},\"inLanguage\":\"de\",\"potentialAction\":[{\"@type\":\"ReadAction\",\"target\":[\"https:\/\/wellstepp.eu\/suti-informaciok\/\"]}]},{\"@type\":\"BreadcrumbList\",\"@id\":\"https:\/\/wellstepp.eu\/suti-informaciok\/#breadcrumb\",\"itemListElement\":[{\"@type\":\"ListItem\",\"position\":1,\"name\":\"Kezd\u0151lap\",\"item\":\"https:\/\/wellstepp.eu\/de\/\"},{\"@type\":\"ListItem\",\"position\":2,\"name\":\"Cookie-Richtlinie\"}]},{\"@type\":\"WebSite\",\"@id\":\"https:\/\/wellstepp.eu\/fr\/#website\",\"url\":\"https:\/\/wellstepp.eu\/fr\/\",\"name\":\"WellStepp\",\"description\":\"\",\"potentialAction\":[{\"@type\":\"SearchAction\",\"target\":{\"@type\":\"EntryPoint\",\"urlTemplate\":\"https:\/\/wellstepp.eu\/fr\/?s={search_term_string}\"},\"query-input\":{\"@type\":\"PropertyValueSpecification\",\"valueRequired\":true,\"valueName\":\"search_term_string\"}}],\"inLanguage\":\"de\"}]}<\/script>\n<!-- \/ Yoast SEO plugin. -->","yoast_head_json":{"title":"Cookie-Richtlinie - WellStepp","robots":{"index":"index","follow":"follow","max-snippet":"max-snippet:-1","max-image-preview":"max-image-preview:large","max-video-preview":"max-video-preview:-1"},"canonical":"https:\/\/wellstepp.eu\/suti-informaciok\/","og_locale":"de_DE","og_type":"article","og_title":"Cookie-Richtlinie - WellStepp","og_description":"Die Webseite www.wellstepp.eu (nachfolgend, \u201eWebsite\u201d genannt) verwendet Cookies. Nachfolgend finden Sie weitere Informationen \u00fcber Cookies, dar\u00fcber, wie sie auf der Website verwendet werden und welche Kontrollverfahren wir in Bezug auf die Cookies selbst anwenden. Wenn Sie weiter auf der Website bleiben, nachdem Sie unseren Hinweis zu Cookies gelesen haben, stimmen Sie der Verwendung von Cookies [&hellip;]","og_url":"https:\/\/wellstepp.eu\/suti-informaciok\/","og_site_name":"WellStepp","article_publisher":"https:\/\/www.facebook.com\/people\/WellStepp\/100090271391298\/","article_modified_time":"2023-11-13T09:48:07+00:00","twitter_card":"summary_large_image","twitter_misc":{"Gesch\u00e4tzte Lesezeit":"3\u00a0Minuten"},"schema":{"@context":"https:\/\/schema.org","@graph":[{"@type":"WebPage","@id":"https:\/\/wellstepp.eu\/suti-informaciok\/","url":"https:\/\/wellstepp.eu\/suti-informaciok\/","name":"Cookie-Richtlinie - WellStepp","isPartOf":{"@id":"https:\/\/wellstepp.eu\/fr\/#website"},"datePublished":"2023-03-23T07:21:11+00:00","dateModified":"2023-11-13T09:48:07+00:00","breadcrumb":{"@id":"https:\/\/wellstepp.eu\/suti-informaciok\/#breadcrumb"},"inLanguage":"de","potentialAction":[{"@type":"ReadAction","target":["https:\/\/wellstepp.eu\/suti-informaciok\/"]}]},{"@type":"BreadcrumbList","@id":"https:\/\/wellstepp.eu\/suti-informaciok\/#breadcrumb","itemListElement":[{"@type":"ListItem","position":1,"name":"Kezd\u0151lap","item":"https:\/\/wellstepp.eu\/de\/"},{"@type":"ListItem","position":2,"name":"Cookie-Richtlinie"}]},{"@type":"WebSite","@id":"https:\/\/wellstepp.eu\/fr\/#website","url":"https:\/\/wellstepp.eu\/fr\/","name":"WellStepp","description":"","potentialAction":[{"@type":"SearchAction","target":{"@type":"EntryPoint","urlTemplate":"https:\/\/wellstepp.eu\/fr\/?s={search_term_string}"},"query-input":{"@type":"PropertyValueSpecification","valueRequired":true,"valueName":"search_term_string"}}],"inLanguage":"de"}]}},"_links":{"self":[{"href":"https:\/\/wellstepp.eu\/de\/wp-json\/wp\/v2\/pages\/495","targetHints":{"allow":["GET"]}}],"collection":[{"href":"https:\/\/wellstepp.eu\/de\/wp-json\/wp\/v2\/pages"}],"about":[{"href":"https:\/\/wellstepp.eu\/de\/wp-json\/wp\/v2\/types\/page"}],"author":[{"embeddable":true,"href":"https:\/\/wellstepp.eu\/de\/wp-json\/wp\/v2\/users\/1"}],"replies":[{"embeddable":true,"href":"https:\/\/wellstepp.eu\/de\/wp-json\/wp\/v2\/comments?post=495"}],"version-history":[{"count":1,"href":"https:\/\/wellstepp.eu\/de\/wp-json\/wp\/v2\/pages\/495\/revisions"}],"predecessor-version":[{"id":501,"href":"https:\/\/wellstepp.eu\/de\/wp-json\/wp\/v2\/pages\/495\/revisions\/501"}],"wp:attachment":[{"href":"https:\/\/wellstepp.eu\/de\/wp-json\/wp\/v2\/media?parent=495"}],"curies":[{"name":"wp","href":"https:\/\/api.w.org\/{rel}","templated":true}]}}