{"id":301,"date":"2023-03-23T08:21:11","date_gmt":"2023-03-23T07:21:11","guid":{"rendered":"http:\/\/localhost\/wellstepp-dev\/suti-informaciok\/"},"modified":"2023-11-10T11:43:05","modified_gmt":"2023-11-10T10:43:05","slug":"information-about-cookies","status":"publish","type":"page","link":"https:\/\/wellstepp.eu\/en\/information-about-cookies\/","title":{"rendered":"Information about cookies"},"content":{"rendered":"\n<p>www.wellstepp.eu (hereinafter referred to as \u201c<strong>Website<\/strong>\u201d) uses cookies. Below you will find more information about cookies, how we use them on the Website and what control procedures we have in place in relation to cookies. By continuing to browse the Website after reading the banner, you consent to the use of cookies in accordance with this statement. If you do not consent to the use of cookies, please disable them by following the instructions in this statement.<\/p>\n\n\n\n<p><strong>1. WHAT ARE COOKIES<\/strong><\/p>\n\n\n\n<p>Cookies are small text files that are transferred to your electronic device (PC, tablet, etc.) when you browse the website. These cookies will then be returned to the original website upon each subsequent browsing session, or sent to other websites that are able to recognise the cookie. Cookies act as a memory of the website, allowing the website to recognise your device on each subsequent visit to the website. Cookies also allow us to store your browsing preferences to make your browsing experience on the Website more convenient and to personalise the content of the Website as much as possible. For more information about cookies (including how cookies are stored on your device, how to manage them and how to delete them), please click on the link below:<\/p>\n\n\n\n<p><strong>2. TYPES OF COOKIES<\/strong><\/p>\n\n\n\n<p>Cookies can be technical, analytical and profiling cookies.<\/p>\n\n\n\n<p>The Website uses technical &#8220;session cookies&#8221; and persistent cookies. The list of technical cookies can be found here:<\/p>\n\n\n\n<p><a href=\"https:\/\/codex.wordpress.org\/WordPress_Cookies\">https:\/\/codex.wordpress.org\/WordPress_Cookies<\/a><\/p>\n\n\n\n<p>The Website also uses the following analytics cookies provided by third parties<\/p>\n\n\n\n<p>\u2013 Google<\/p>\n\n\n\n<p>\u2013 Facebook<\/p>\n\n\n\n<p>\u2013 Twitter<\/p>\n\n\n\n<p>\u2013 Linkedin<\/p>\n\n\n\n<p>\u2013 Youtube<\/p>\n\n\n\n<p>The Website uses tools that reduce the ability of cookies to identify the users, such as \u201cgat._anonymizelp();\u201d, to ensure that IP addresses are anonymised (i.e. \u201cIP masking\u201d).<\/p>\n\n\n\n<p>The Website does not use profiling cookies.<\/p>\n\n\n\n<p><strong>3. PURPOSES<\/strong><\/p>\n\n\n\n<p>The technical cookies used by our website are used to enable you to browse the website and to allow you to use the services of our website.<\/p>\n\n\n\n<p>We use analytics cookies to analyse and track how you use the Website (e.g. the number of accesses and pages viewed) for statistical purposes and to improve the functionality and navigation of the Website.<\/p>\n\n\n\n<p><strong>4. HOW TO MANAGE AND REMOVE COOKIES?<\/strong><\/p>\n\n\n\n<p>By continuing to browse the Website after reading the banner, you consent to the use of cookies. You may disable cookies or otherwise turn them off at any time by changing your browser settings and following the instructions in our Cookie Policy.<\/p>\n\n\n\n<p>If you want your browser to disable cookies, follow the instructions provided by your browser provider. Detailed guidance is available at www.aboutcookies.org.<\/p>\n\n\n\n<p>Data provision is optional. However, please note that if you disable\/deactivate cookies, you may not be able to use certain features of the Website.<\/p>\n\n\n\n<p>For information on the methods of data processing, access to data, communication of data, the rights of data subjects, the means of exercising those rights, the Data Controller, the Data Processor and the persons responsible, please refer to the<\/p>\n\n\n\n<p>Contact details: For information about this statement, please contact us at the following e-mail address: gdprinfo.polifoam@trocellen.com. You can send us a letter by registered mail to Polifoam M\u0171anyagfeldolgoz\u00f3 Kft. H-1097 Budapest, T\u00e1bl\u00e1s utca 34\/A. or you can call us at +3613479800.<\/p>\n","protected":false},"excerpt":{"rendered":"<p>www.wellstepp.eu (hereinafter referred to as \u201cWebsite\u201d) uses cookies. Below you will find more information about cookies, how we use them on the Website and what control procedures we have in place in relation to cookies. By continuing to browse the Website after reading the banner, you consent to the use of cookies in accordance with [&hellip;]<\/p>\n","protected":false},"author":1,"featured_media":0,"parent":0,"menu_order":0,"comment_status":"closed","ping_status":"closed","template":"template-parts\/page-szoveges.php","meta":{"_acf_changed":false,"footnotes":""},"class_list":["post-301","page","type-page","status-publish","hentry"],"acf":[],"yoast_head":"<!-- This site is optimized with the Yoast SEO plugin v26.8 - https:\/\/yoast.com\/product\/yoast-seo-wordpress\/ -->\n<title>Information about cookies - WellStepp<\/title>\n<meta name=\"robots\" content=\"index, follow, max-snippet:-1, max-image-preview:large, max-video-preview:-1\" \/>\n<link rel=\"canonical\" href=\"https:\/\/wellstepp.eu\/en\/information-about-cookies\/\" \/>\n<meta property=\"og:locale\" content=\"en_US\" \/>\n<meta property=\"og:type\" content=\"article\" \/>\n<meta property=\"og:title\" content=\"Information about cookies - WellStepp\" \/>\n<meta property=\"og:description\" content=\"www.wellstepp.eu (hereinafter referred to as \u201cWebsite\u201d) uses cookies. Below you will find more information about cookies, how we use them on the Website and what control procedures we have in place in relation to cookies. By continuing to browse the Website after reading the banner, you consent to the use of cookies in accordance with [&hellip;]\" \/>\n<meta property=\"og:url\" content=\"https:\/\/wellstepp.eu\/en\/information-about-cookies\/\" \/>\n<meta property=\"og:site_name\" content=\"WellStepp\" \/>\n<meta property=\"article:publisher\" content=\"https:\/\/www.facebook.com\/people\/WellStepp\/100090271391298\/\" \/>\n<meta property=\"article:modified_time\" content=\"2023-11-10T10:43:05+00:00\" \/>\n<meta name=\"twitter:card\" content=\"summary_large_image\" \/>\n<meta name=\"twitter:label1\" content=\"Est. reading time\" \/>\n\t<meta name=\"twitter:data1\" content=\"3 minutes\" \/>\n<script type=\"application\/ld+json\" class=\"yoast-schema-graph\">{\"@context\":\"https:\/\/schema.org\",\"@graph\":[{\"@type\":\"WebPage\",\"@id\":\"https:\/\/wellstepp.eu\/en\/information-about-cookies\/\",\"url\":\"https:\/\/wellstepp.eu\/en\/information-about-cookies\/\",\"name\":\"Information about cookies - WellStepp\",\"isPartOf\":{\"@id\":\"https:\/\/wellstepp.eu\/fr\/#website\"},\"datePublished\":\"2023-03-23T07:21:11+00:00\",\"dateModified\":\"2023-11-10T10:43:05+00:00\",\"breadcrumb\":{\"@id\":\"https:\/\/wellstepp.eu\/en\/information-about-cookies\/#breadcrumb\"},\"inLanguage\":\"en-US\",\"potentialAction\":[{\"@type\":\"ReadAction\",\"target\":[\"https:\/\/wellstepp.eu\/en\/information-about-cookies\/\"]}]},{\"@type\":\"BreadcrumbList\",\"@id\":\"https:\/\/wellstepp.eu\/en\/information-about-cookies\/#breadcrumb\",\"itemListElement\":[{\"@type\":\"ListItem\",\"position\":1,\"name\":\"Kezd\u0151lap\",\"item\":\"https:\/\/wellstepp.eu\/en\/\"},{\"@type\":\"ListItem\",\"position\":2,\"name\":\"Information about cookies\"}]},{\"@type\":\"WebSite\",\"@id\":\"https:\/\/wellstepp.eu\/fr\/#website\",\"url\":\"https:\/\/wellstepp.eu\/fr\/\",\"name\":\"WellStepp\",\"description\":\"\",\"potentialAction\":[{\"@type\":\"SearchAction\",\"target\":{\"@type\":\"EntryPoint\",\"urlTemplate\":\"https:\/\/wellstepp.eu\/fr\/?s={search_term_string}\"},\"query-input\":{\"@type\":\"PropertyValueSpecification\",\"valueRequired\":true,\"valueName\":\"search_term_string\"}}],\"inLanguage\":\"en-US\"}]}<\/script>\n<!-- \/ Yoast SEO plugin. -->","yoast_head_json":{"title":"Information about cookies - WellStepp","robots":{"index":"index","follow":"follow","max-snippet":"max-snippet:-1","max-image-preview":"max-image-preview:large","max-video-preview":"max-video-preview:-1"},"canonical":"https:\/\/wellstepp.eu\/en\/information-about-cookies\/","og_locale":"en_US","og_type":"article","og_title":"Information about cookies - WellStepp","og_description":"www.wellstepp.eu (hereinafter referred to as \u201cWebsite\u201d) uses cookies. Below you will find more information about cookies, how we use them on the Website and what control procedures we have in place in relation to cookies. By continuing to browse the Website after reading the banner, you consent to the use of cookies in accordance with [&hellip;]","og_url":"https:\/\/wellstepp.eu\/en\/information-about-cookies\/","og_site_name":"WellStepp","article_publisher":"https:\/\/www.facebook.com\/people\/WellStepp\/100090271391298\/","article_modified_time":"2023-11-10T10:43:05+00:00","twitter_card":"summary_large_image","twitter_misc":{"Est. reading time":"3 minutes"},"schema":{"@context":"https:\/\/schema.org","@graph":[{"@type":"WebPage","@id":"https:\/\/wellstepp.eu\/en\/information-about-cookies\/","url":"https:\/\/wellstepp.eu\/en\/information-about-cookies\/","name":"Information about cookies - WellStepp","isPartOf":{"@id":"https:\/\/wellstepp.eu\/fr\/#website"},"datePublished":"2023-03-23T07:21:11+00:00","dateModified":"2023-11-10T10:43:05+00:00","breadcrumb":{"@id":"https:\/\/wellstepp.eu\/en\/information-about-cookies\/#breadcrumb"},"inLanguage":"en-US","potentialAction":[{"@type":"ReadAction","target":["https:\/\/wellstepp.eu\/en\/information-about-cookies\/"]}]},{"@type":"BreadcrumbList","@id":"https:\/\/wellstepp.eu\/en\/information-about-cookies\/#breadcrumb","itemListElement":[{"@type":"ListItem","position":1,"name":"Kezd\u0151lap","item":"https:\/\/wellstepp.eu\/en\/"},{"@type":"ListItem","position":2,"name":"Information about cookies"}]},{"@type":"WebSite","@id":"https:\/\/wellstepp.eu\/fr\/#website","url":"https:\/\/wellstepp.eu\/fr\/","name":"WellStepp","description":"","potentialAction":[{"@type":"SearchAction","target":{"@type":"EntryPoint","urlTemplate":"https:\/\/wellstepp.eu\/fr\/?s={search_term_string}"},"query-input":{"@type":"PropertyValueSpecification","valueRequired":true,"valueName":"search_term_string"}}],"inLanguage":"en-US"}]}},"_links":{"self":[{"href":"https:\/\/wellstepp.eu\/en\/wp-json\/wp\/v2\/pages\/301","targetHints":{"allow":["GET"]}}],"collection":[{"href":"https:\/\/wellstepp.eu\/en\/wp-json\/wp\/v2\/pages"}],"about":[{"href":"https:\/\/wellstepp.eu\/en\/wp-json\/wp\/v2\/types\/page"}],"author":[{"embeddable":true,"href":"https:\/\/wellstepp.eu\/en\/wp-json\/wp\/v2\/users\/1"}],"replies":[{"embeddable":true,"href":"https:\/\/wellstepp.eu\/en\/wp-json\/wp\/v2\/comments?post=301"}],"version-history":[{"count":2,"href":"https:\/\/wellstepp.eu\/en\/wp-json\/wp\/v2\/pages\/301\/revisions"}],"predecessor-version":[{"id":304,"href":"https:\/\/wellstepp.eu\/en\/wp-json\/wp\/v2\/pages\/301\/revisions\/304"}],"wp:attachment":[{"href":"https:\/\/wellstepp.eu\/en\/wp-json\/wp\/v2\/media?parent=301"}],"curies":[{"name":"wp","href":"https:\/\/api.w.org\/{rel}","templated":true}]}}