{"id":351,"date":"2023-03-23T08:19:50","date_gmt":"2023-03-23T07:19:50","guid":{"rendered":"http:\/\/localhost\/wellstepp-dev\/tanusitvanyok\/"},"modified":"2026-01-14T11:39:21","modified_gmt":"2026-01-14T10:39:21","slug":"nos-certificats","status":"publish","type":"page","link":"https:\/\/wellstepp.eu\/fr\/nos-certificats\/","title":{"rendered":"Nos certificats"},"content":{"rendered":"\n<p class=\"has-text-align-center\">Nous sommes engag\u00e9s \u00e0 ne proposer que des produits de haute qualit\u00e9, conformes \u00e0 la l\u00e9gislation et aux normes en vigueur.<\/p>\n\n\n\n<p class=\"has-text-align-center\"><\/p>\n\n\n\n<p class=\"has-text-align-center\">Ces certificats attestent la haute qualit\u00e9 du processus et des mat\u00e9riaux utilis\u00e9s pour la fabrication de nos produits. Notre objectif est d&rsquo;offrir \u00e0 nos clients des produits de la meilleure qualit\u00e9 possible, avec une longue dur\u00e9e de vie et une grande fiabilit\u00e9.<\/p>\n\n\n\n<p class=\"has-text-align-center\">Si vous avez des questions au sujet de nos produits, n&rsquo;h\u00e9sitez pas \u00e0 nous contacter et nous serons heureux de vous r\u00e9pondre et de vous conseiller en cas de besoin.<\/p>\n","protected":false},"excerpt":{"rendered":"<p>Nous sommes engag\u00e9s \u00e0 ne proposer que des produits de haute qualit\u00e9, conformes \u00e0 la l\u00e9gislation et aux normes en vigueur. Ces certificats attestent la haute qualit\u00e9 du processus et des mat\u00e9riaux utilis\u00e9s pour la fabrication de nos produits. Notre objectif est d&rsquo;offrir \u00e0 nos clients des produits de la meilleure qualit\u00e9 possible, avec une [&hellip;]<\/p>\n","protected":false},"author":1,"featured_media":0,"parent":0,"menu_order":0,"comment_status":"closed","ping_status":"closed","template":"template-parts\/page-tanusitvanyok.php","meta":{"_acf_changed":false,"footnotes":""},"class_list":["post-351","page","type-page","status-publish","hentry"],"acf":[],"yoast_head":"<!-- This site is optimized with the Yoast SEO plugin v26.8 - https:\/\/yoast.com\/product\/yoast-seo-wordpress\/ -->\n<title>Nos certificats - WellStepp<\/title>\n<meta name=\"robots\" content=\"index, follow, max-snippet:-1, max-image-preview:large, max-video-preview:-1\" \/>\n<link rel=\"canonical\" href=\"https:\/\/wellstepp.eu\/fr\/nos-certificats\/\" \/>\n<meta property=\"og:locale\" content=\"fr_FR\" \/>\n<meta property=\"og:type\" content=\"article\" \/>\n<meta property=\"og:title\" content=\"Nos certificats - WellStepp\" \/>\n<meta property=\"og:description\" content=\"Nous sommes engag\u00e9s \u00e0 ne proposer que des produits de haute qualit\u00e9, conformes \u00e0 la l\u00e9gislation et aux normes en vigueur. Ces certificats attestent la haute qualit\u00e9 du processus et des mat\u00e9riaux utilis\u00e9s pour la fabrication de nos produits. Notre objectif est d&rsquo;offrir \u00e0 nos clients des produits de la meilleure qualit\u00e9 possible, avec une [&hellip;]\" \/>\n<meta property=\"og:url\" content=\"https:\/\/wellstepp.eu\/fr\/nos-certificats\/\" \/>\n<meta property=\"og:site_name\" content=\"WellStepp\" \/>\n<meta property=\"article:publisher\" content=\"https:\/\/www.facebook.com\/people\/WellStepp\/100090271391298\/\" \/>\n<meta property=\"article:modified_time\" content=\"2026-01-14T10:39:21+00:00\" \/>\n<meta name=\"twitter:card\" content=\"summary_large_image\" \/>\n<meta name=\"twitter:label1\" content=\"Dur\u00e9e de lecture estim\u00e9e\" \/>\n\t<meta name=\"twitter:data1\" content=\"1 minute\" \/>\n<script type=\"application\/ld+json\" class=\"yoast-schema-graph\">{\"@context\":\"https:\/\/schema.org\",\"@graph\":[{\"@type\":\"WebPage\",\"@id\":\"https:\/\/wellstepp.eu\/fr\/nos-certificats\/\",\"url\":\"https:\/\/wellstepp.eu\/fr\/nos-certificats\/\",\"name\":\"Nos certificats - WellStepp\",\"isPartOf\":{\"@id\":\"https:\/\/wellstepp.eu\/fr\/#website\"},\"datePublished\":\"2023-03-23T07:19:50+00:00\",\"dateModified\":\"2026-01-14T10:39:21+00:00\",\"breadcrumb\":{\"@id\":\"https:\/\/wellstepp.eu\/fr\/nos-certificats\/#breadcrumb\"},\"inLanguage\":\"fr-FR\",\"potentialAction\":[{\"@type\":\"ReadAction\",\"target\":[\"https:\/\/wellstepp.eu\/fr\/nos-certificats\/\"]}]},{\"@type\":\"BreadcrumbList\",\"@id\":\"https:\/\/wellstepp.eu\/fr\/nos-certificats\/#breadcrumb\",\"itemListElement\":[{\"@type\":\"ListItem\",\"position\":1,\"name\":\"Kezd\u0151lap\",\"item\":\"https:\/\/wellstepp.eu\/fr\/\"},{\"@type\":\"ListItem\",\"position\":2,\"name\":\"Nos certificats\"}]},{\"@type\":\"WebSite\",\"@id\":\"https:\/\/wellstepp.eu\/fr\/#website\",\"url\":\"https:\/\/wellstepp.eu\/fr\/\",\"name\":\"WellStepp\",\"description\":\"\",\"potentialAction\":[{\"@type\":\"SearchAction\",\"target\":{\"@type\":\"EntryPoint\",\"urlTemplate\":\"https:\/\/wellstepp.eu\/fr\/?s={search_term_string}\"},\"query-input\":{\"@type\":\"PropertyValueSpecification\",\"valueRequired\":true,\"valueName\":\"search_term_string\"}}],\"inLanguage\":\"fr-FR\"}]}<\/script>\n<!-- \/ Yoast SEO plugin. -->","yoast_head_json":{"title":"Nos certificats - WellStepp","robots":{"index":"index","follow":"follow","max-snippet":"max-snippet:-1","max-image-preview":"max-image-preview:large","max-video-preview":"max-video-preview:-1"},"canonical":"https:\/\/wellstepp.eu\/fr\/nos-certificats\/","og_locale":"fr_FR","og_type":"article","og_title":"Nos certificats - WellStepp","og_description":"Nous sommes engag\u00e9s \u00e0 ne proposer que des produits de haute qualit\u00e9, conformes \u00e0 la l\u00e9gislation et aux normes en vigueur. Ces certificats attestent la haute qualit\u00e9 du processus et des mat\u00e9riaux utilis\u00e9s pour la fabrication de nos produits. Notre objectif est d&rsquo;offrir \u00e0 nos clients des produits de la meilleure qualit\u00e9 possible, avec une [&hellip;]","og_url":"https:\/\/wellstepp.eu\/fr\/nos-certificats\/","og_site_name":"WellStepp","article_publisher":"https:\/\/www.facebook.com\/people\/WellStepp\/100090271391298\/","article_modified_time":"2026-01-14T10:39:21+00:00","twitter_card":"summary_large_image","twitter_misc":{"Dur\u00e9e de lecture estim\u00e9e":"1 minute"},"schema":{"@context":"https:\/\/schema.org","@graph":[{"@type":"WebPage","@id":"https:\/\/wellstepp.eu\/fr\/nos-certificats\/","url":"https:\/\/wellstepp.eu\/fr\/nos-certificats\/","name":"Nos certificats - WellStepp","isPartOf":{"@id":"https:\/\/wellstepp.eu\/fr\/#website"},"datePublished":"2023-03-23T07:19:50+00:00","dateModified":"2026-01-14T10:39:21+00:00","breadcrumb":{"@id":"https:\/\/wellstepp.eu\/fr\/nos-certificats\/#breadcrumb"},"inLanguage":"fr-FR","potentialAction":[{"@type":"ReadAction","target":["https:\/\/wellstepp.eu\/fr\/nos-certificats\/"]}]},{"@type":"BreadcrumbList","@id":"https:\/\/wellstepp.eu\/fr\/nos-certificats\/#breadcrumb","itemListElement":[{"@type":"ListItem","position":1,"name":"Kezd\u0151lap","item":"https:\/\/wellstepp.eu\/fr\/"},{"@type":"ListItem","position":2,"name":"Nos certificats"}]},{"@type":"WebSite","@id":"https:\/\/wellstepp.eu\/fr\/#website","url":"https:\/\/wellstepp.eu\/fr\/","name":"WellStepp","description":"","potentialAction":[{"@type":"SearchAction","target":{"@type":"EntryPoint","urlTemplate":"https:\/\/wellstepp.eu\/fr\/?s={search_term_string}"},"query-input":{"@type":"PropertyValueSpecification","valueRequired":true,"valueName":"search_term_string"}}],"inLanguage":"fr-FR"}]}},"_links":{"self":[{"href":"https:\/\/wellstepp.eu\/fr\/wp-json\/wp\/v2\/pages\/351","targetHints":{"allow":["GET"]}}],"collection":[{"href":"https:\/\/wellstepp.eu\/fr\/wp-json\/wp\/v2\/pages"}],"about":[{"href":"https:\/\/wellstepp.eu\/fr\/wp-json\/wp\/v2\/types\/page"}],"author":[{"embeddable":true,"href":"https:\/\/wellstepp.eu\/fr\/wp-json\/wp\/v2\/users\/1"}],"replies":[{"embeddable":true,"href":"https:\/\/wellstepp.eu\/fr\/wp-json\/wp\/v2\/comments?post=351"}],"version-history":[{"count":8,"href":"https:\/\/wellstepp.eu\/fr\/wp-json\/wp\/v2\/pages\/351\/revisions"}],"predecessor-version":[{"id":1017,"href":"https:\/\/wellstepp.eu\/fr\/wp-json\/wp\/v2\/pages\/351\/revisions\/1017"}],"wp:attachment":[{"href":"https:\/\/wellstepp.eu\/fr\/wp-json\/wp\/v2\/media?parent=351"}],"curies":[{"name":"wp","href":"https:\/\/api.w.org\/{rel}","templated":true}]}}