{"id":375,"date":"2023-03-23T08:20:00","date_gmt":"2023-03-23T07:20:00","guid":{"rendered":"http:\/\/localhost\/wellstepp-dev\/feladatsorok\/"},"modified":"2023-11-21T09:36:34","modified_gmt":"2023-11-21T08:36:34","slug":"serie-dexercices","status":"publish","type":"page","link":"https:\/\/wellstepp.eu\/fr\/serie-dexercices\/","title":{"rendered":"S\u00e9rie d&rsquo;excercices"},"content":{"rendered":"\n<p class=\"has-text-align-center\">Le jeu n&rsquo;est pas seulement une source de plaisir, c&rsquo;est aussi le moyen le plus puissant pour assurer le d\u00e9veloppement mental et physique de l&rsquo;enfant. Nous avons con\u00e7u une s\u00e9rie d&rsquo;activit\u00e9s avec l&rsquo;aide de physioth\u00e9rapeutes qualifi\u00e9s pour permettre aux enfants de diff\u00e9rents \u00e2ges d&rsquo;effectuer des mouvements et des activit\u00e9s ludiques adapt\u00e9s \u00e0 leur niveau de d\u00e9veloppement.<\/p>\n\n\n\n<p class=\"has-text-align-center\"><\/p>\n\n\n\n<p class=\"has-text-align-center\">En r\u00e9alisant des exercices ludiques et cr\u00e9atifs, nous offrons \u00e0 vos petits un entra\u00eenement complet, d\u00e9veloppant leur sens de l&rsquo;\u00e9quilibre, tout en favorisant leur d\u00e9veloppement neurologique sain.<\/p>\n","protected":false},"excerpt":{"rendered":"<p>Le jeu n&rsquo;est pas seulement une source de plaisir, c&rsquo;est aussi le moyen le plus puissant pour assurer le d\u00e9veloppement mental et physique de l&rsquo;enfant. Nous avons con\u00e7u une s\u00e9rie d&rsquo;activit\u00e9s avec l&rsquo;aide de physioth\u00e9rapeutes qualifi\u00e9s pour permettre aux enfants de diff\u00e9rents \u00e2ges d&rsquo;effectuer des mouvements et des activit\u00e9s ludiques adapt\u00e9s \u00e0 leur niveau de [&hellip;]<\/p>\n","protected":false},"author":1,"featured_media":0,"parent":0,"menu_order":0,"comment_status":"closed","ping_status":"closed","template":"template-parts\/page-feladatsorok.php","meta":{"_acf_changed":false,"footnotes":""},"class_list":["post-375","page","type-page","status-publish","hentry"],"acf":[],"yoast_head":"<!-- This site is optimized with the Yoast SEO plugin v26.8 - https:\/\/yoast.com\/product\/yoast-seo-wordpress\/ -->\n<title>S\u00e9rie d&#039;excercices - WellStepp<\/title>\n<meta name=\"robots\" content=\"index, follow, max-snippet:-1, max-image-preview:large, max-video-preview:-1\" \/>\n<link rel=\"canonical\" href=\"https:\/\/wellstepp.eu\/fr\/serie-dexercices\/\" \/>\n<meta property=\"og:locale\" content=\"fr_FR\" \/>\n<meta property=\"og:type\" content=\"article\" \/>\n<meta property=\"og:title\" content=\"S\u00e9rie d&#039;excercices - WellStepp\" \/>\n<meta property=\"og:description\" content=\"Le jeu n&rsquo;est pas seulement une source de plaisir, c&rsquo;est aussi le moyen le plus puissant pour assurer le d\u00e9veloppement mental et physique de l&rsquo;enfant. Nous avons con\u00e7u une s\u00e9rie d&rsquo;activit\u00e9s avec l&rsquo;aide de physioth\u00e9rapeutes qualifi\u00e9s pour permettre aux enfants de diff\u00e9rents \u00e2ges d&rsquo;effectuer des mouvements et des activit\u00e9s ludiques adapt\u00e9s \u00e0 leur niveau de [&hellip;]\" \/>\n<meta property=\"og:url\" content=\"https:\/\/wellstepp.eu\/fr\/serie-dexercices\/\" \/>\n<meta property=\"og:site_name\" content=\"WellStepp\" \/>\n<meta property=\"article:publisher\" content=\"https:\/\/www.facebook.com\/people\/WellStepp\/100090271391298\/\" \/>\n<meta property=\"article:modified_time\" content=\"2023-11-21T08:36:34+00:00\" \/>\n<meta name=\"twitter:card\" content=\"summary_large_image\" \/>\n<meta name=\"twitter:label1\" content=\"Dur\u00e9e de lecture estim\u00e9e\" \/>\n\t<meta name=\"twitter:data1\" content=\"1 minute\" \/>\n<script type=\"application\/ld+json\" class=\"yoast-schema-graph\">{\"@context\":\"https:\/\/schema.org\",\"@graph\":[{\"@type\":\"WebPage\",\"@id\":\"https:\/\/wellstepp.eu\/fr\/serie-dexercices\/\",\"url\":\"https:\/\/wellstepp.eu\/fr\/serie-dexercices\/\",\"name\":\"S\u00e9rie d'excercices - WellStepp\",\"isPartOf\":{\"@id\":\"https:\/\/wellstepp.eu\/fr\/#website\"},\"datePublished\":\"2023-03-23T07:20:00+00:00\",\"dateModified\":\"2023-11-21T08:36:34+00:00\",\"breadcrumb\":{\"@id\":\"https:\/\/wellstepp.eu\/fr\/serie-dexercices\/#breadcrumb\"},\"inLanguage\":\"fr-FR\",\"potentialAction\":[{\"@type\":\"ReadAction\",\"target\":[\"https:\/\/wellstepp.eu\/fr\/serie-dexercices\/\"]}]},{\"@type\":\"BreadcrumbList\",\"@id\":\"https:\/\/wellstepp.eu\/fr\/serie-dexercices\/#breadcrumb\",\"itemListElement\":[{\"@type\":\"ListItem\",\"position\":1,\"name\":\"Kezd\u0151lap\",\"item\":\"https:\/\/wellstepp.eu\/fr\/\"},{\"@type\":\"ListItem\",\"position\":2,\"name\":\"S\u00e9rie d&rsquo;excercices\"}]},{\"@type\":\"WebSite\",\"@id\":\"https:\/\/wellstepp.eu\/fr\/#website\",\"url\":\"https:\/\/wellstepp.eu\/fr\/\",\"name\":\"WellStepp\",\"description\":\"\",\"potentialAction\":[{\"@type\":\"SearchAction\",\"target\":{\"@type\":\"EntryPoint\",\"urlTemplate\":\"https:\/\/wellstepp.eu\/fr\/?s={search_term_string}\"},\"query-input\":{\"@type\":\"PropertyValueSpecification\",\"valueRequired\":true,\"valueName\":\"search_term_string\"}}],\"inLanguage\":\"fr-FR\"}]}<\/script>\n<!-- \/ Yoast SEO plugin. -->","yoast_head_json":{"title":"S\u00e9rie d'excercices - WellStepp","robots":{"index":"index","follow":"follow","max-snippet":"max-snippet:-1","max-image-preview":"max-image-preview:large","max-video-preview":"max-video-preview:-1"},"canonical":"https:\/\/wellstepp.eu\/fr\/serie-dexercices\/","og_locale":"fr_FR","og_type":"article","og_title":"S\u00e9rie d'excercices - WellStepp","og_description":"Le jeu n&rsquo;est pas seulement une source de plaisir, c&rsquo;est aussi le moyen le plus puissant pour assurer le d\u00e9veloppement mental et physique de l&rsquo;enfant. Nous avons con\u00e7u une s\u00e9rie d&rsquo;activit\u00e9s avec l&rsquo;aide de physioth\u00e9rapeutes qualifi\u00e9s pour permettre aux enfants de diff\u00e9rents \u00e2ges d&rsquo;effectuer des mouvements et des activit\u00e9s ludiques adapt\u00e9s \u00e0 leur niveau de [&hellip;]","og_url":"https:\/\/wellstepp.eu\/fr\/serie-dexercices\/","og_site_name":"WellStepp","article_publisher":"https:\/\/www.facebook.com\/people\/WellStepp\/100090271391298\/","article_modified_time":"2023-11-21T08:36:34+00:00","twitter_card":"summary_large_image","twitter_misc":{"Dur\u00e9e de lecture estim\u00e9e":"1 minute"},"schema":{"@context":"https:\/\/schema.org","@graph":[{"@type":"WebPage","@id":"https:\/\/wellstepp.eu\/fr\/serie-dexercices\/","url":"https:\/\/wellstepp.eu\/fr\/serie-dexercices\/","name":"S\u00e9rie d'excercices - WellStepp","isPartOf":{"@id":"https:\/\/wellstepp.eu\/fr\/#website"},"datePublished":"2023-03-23T07:20:00+00:00","dateModified":"2023-11-21T08:36:34+00:00","breadcrumb":{"@id":"https:\/\/wellstepp.eu\/fr\/serie-dexercices\/#breadcrumb"},"inLanguage":"fr-FR","potentialAction":[{"@type":"ReadAction","target":["https:\/\/wellstepp.eu\/fr\/serie-dexercices\/"]}]},{"@type":"BreadcrumbList","@id":"https:\/\/wellstepp.eu\/fr\/serie-dexercices\/#breadcrumb","itemListElement":[{"@type":"ListItem","position":1,"name":"Kezd\u0151lap","item":"https:\/\/wellstepp.eu\/fr\/"},{"@type":"ListItem","position":2,"name":"S\u00e9rie d&rsquo;excercices"}]},{"@type":"WebSite","@id":"https:\/\/wellstepp.eu\/fr\/#website","url":"https:\/\/wellstepp.eu\/fr\/","name":"WellStepp","description":"","potentialAction":[{"@type":"SearchAction","target":{"@type":"EntryPoint","urlTemplate":"https:\/\/wellstepp.eu\/fr\/?s={search_term_string}"},"query-input":{"@type":"PropertyValueSpecification","valueRequired":true,"valueName":"search_term_string"}}],"inLanguage":"fr-FR"}]}},"_links":{"self":[{"href":"https:\/\/wellstepp.eu\/fr\/wp-json\/wp\/v2\/pages\/375","targetHints":{"allow":["GET"]}}],"collection":[{"href":"https:\/\/wellstepp.eu\/fr\/wp-json\/wp\/v2\/pages"}],"about":[{"href":"https:\/\/wellstepp.eu\/fr\/wp-json\/wp\/v2\/types\/page"}],"author":[{"embeddable":true,"href":"https:\/\/wellstepp.eu\/fr\/wp-json\/wp\/v2\/users\/1"}],"replies":[{"embeddable":true,"href":"https:\/\/wellstepp.eu\/fr\/wp-json\/wp\/v2\/comments?post=375"}],"version-history":[{"count":2,"href":"https:\/\/wellstepp.eu\/fr\/wp-json\/wp\/v2\/pages\/375\/revisions"}],"predecessor-version":[{"id":817,"href":"https:\/\/wellstepp.eu\/fr\/wp-json\/wp\/v2\/pages\/375\/revisions\/817"}],"wp:attachment":[{"href":"https:\/\/wellstepp.eu\/fr\/wp-json\/wp\/v2\/media?parent=375"}],"curies":[{"name":"wp","href":"https:\/\/api.w.org\/{rel}","templated":true}]}}