{"id":412,"date":"2023-03-23T14:02:31","date_gmt":"2023-03-23T13:02:31","guid":{"rendered":"http:\/\/localhost\/wellstepp-dev\/serie-dexercices\/fejleszto-gyakorlatok-ovodasok-szamara\/"},"modified":"2023-11-29T14:13:49","modified_gmt":"2023-11-29T13:13:49","slug":"exercices-de-developpement-pour-les-enfants-en-age-prescolaire","status":"publish","type":"page","link":"https:\/\/wellstepp.eu\/fr\/serie-dexercices\/exercices-de-developpement-pour-les-enfants-en-age-prescolaire\/","title":{"rendered":"Exercices de d\u00e9veloppement pour les enfants en \u00e2ge pr\u00e9scolaire"},"content":{"rendered":"\n<ol class=\"wp-block-list\">\n<li>Exercices de marche pour am\u00e9liorer l&rsquo;\u00e9quilibre et la concentration<br>Demandez \u00e0 votre enfant de marcher sur le tapis en pla\u00e7ant ses deux pieds l&rsquo;un devant l&rsquo;autre.<\/li>\n\n\n\n<li>Marcher sur la pointe des pieds<br>Marcher sur la pointe des pieds sur une surface irr\u00e9guli\u00e8re exige une concentration complexe.<\/li>\n\n\n\n<li>Marcher sur l&rsquo;ext\u00e9rieur de la plante du pied<br>Marcher sur l&rsquo;ext\u00e9rieur de la plante du pied renforce les muscles du pied.<\/li>\n\n\n\n<li>Marche sur le talon<br>La marche sur le talon renforce les pieds, les genoux et la colonne vert\u00e9brale.<\/li>\n\n\n\n<li>Les pas de c\u00f4t\u00e9<br>Laissez votre enfant marcher d&rsquo;abord vers la gauche, puis vers la droite. Pendant les exercices, encouragez l&rsquo;enfant \u00e0 effectuer les t\u00e2ches avec pr\u00e9cision\u00a0!<\/li>\n\n\n\n<li>Des pas cr\u00e9atifs<br>Demandez \u00e0 votre enfant de marcher sur le tapis en adoptant diff\u00e9rentes allures. Faites preuve d&rsquo;imagination et trouvez des pas cr\u00e9atifs\u00a0! L&rsquo;id\u00e9e est de garder les pieds sur le tapis le plus longtemps possible et de faire bouger les pieds et la plante du pied.<\/li>\n\n\n\n<li>Le labyrinthe ludique<br>Faites un labyrinthe \u00e0 base de jouets\u00a0! Des s\u00e9quences d&rsquo;exercices vari\u00e9es rendent le d\u00e9veloppement plus excitant\u00a0!<\/li>\n\n\n\n<li>Jeu de m\u00e9moire et d&rsquo;attention<br>Dessinez sur le dos de l&rsquo;enfant avec vos doigts et demandez-lui d&rsquo;essayer de redessiner le m\u00eame objet sur une feuille de papier plac\u00e9e \u00e0 l&rsquo;autre bout du tapis.<\/li>\n\n\n\n<li>Des jeux pour am\u00e9liorer la motricit\u00e9 fine et l&rsquo;\u00e9quilibre<br>Les mouvements de pincement d\u00e9veloppent le sens de l&rsquo;\u00e9quilibre de l&rsquo;enfant et renforcent les muscles de la vo\u00fbte plantaire. L\u2019exercice consiste en un premier temps \u00e0 ramasser des boulettes de papier ou m\u00eame de petits objets avec les orteils. Les soulever ensuite pour les mettre dans un r\u00e9cipient (bo\u00eete ou panier). L\u2019enfant doit rester sur le tapis tout au long de l&rsquo;exercice.<\/li>\n<\/ol>\n\n\n\n<p>Essayez de rendre le temps pass\u00e9 sur le tapis agr\u00e9able pour l&rsquo;enfant. Encouragez l&rsquo;enfant \u00e0 jouer librement avec ses jouets.<\/p>\n","protected":false},"excerpt":{"rendered":"<p>Essayez de rendre le temps pass\u00e9 sur le tapis agr\u00e9able pour l&rsquo;enfant. Encouragez l&rsquo;enfant \u00e0 jouer librement avec ses jouets.<\/p>\n","protected":false},"author":1,"featured_media":0,"parent":375,"menu_order":0,"comment_status":"closed","ping_status":"closed","template":"template-parts\/page-feladatsor.php","meta":{"_acf_changed":false,"footnotes":""},"class_list":["post-412","page","type-page","status-publish","hentry"],"acf":[],"yoast_head":"<!-- This site is optimized with the Yoast SEO plugin v26.8 - https:\/\/yoast.com\/product\/yoast-seo-wordpress\/ -->\n<title>Exercices de d\u00e9veloppement pour les enfants en \u00e2ge pr\u00e9scolaire - WellStepp<\/title>\n<meta name=\"robots\" content=\"index, follow, max-snippet:-1, max-image-preview:large, max-video-preview:-1\" \/>\n<link rel=\"canonical\" href=\"https:\/\/wellstepp.eu\/fr\/serie-dexercices\/exercices-de-developpement-pour-les-enfants-en-age-prescolaire\/\" \/>\n<meta property=\"og:locale\" content=\"fr_FR\" \/>\n<meta property=\"og:type\" content=\"article\" \/>\n<meta property=\"og:title\" content=\"Exercices de d\u00e9veloppement pour les enfants en \u00e2ge pr\u00e9scolaire - WellStepp\" \/>\n<meta property=\"og:description\" content=\"Essayez de rendre le temps pass\u00e9 sur le tapis agr\u00e9able pour l&rsquo;enfant. Encouragez l&rsquo;enfant \u00e0 jouer librement avec ses jouets.\" \/>\n<meta property=\"og:url\" content=\"https:\/\/wellstepp.eu\/fr\/serie-dexercices\/exercices-de-developpement-pour-les-enfants-en-age-prescolaire\/\" \/>\n<meta property=\"og:site_name\" content=\"WellStepp\" \/>\n<meta property=\"article:publisher\" content=\"https:\/\/www.facebook.com\/people\/WellStepp\/100090271391298\/\" \/>\n<meta property=\"article:modified_time\" content=\"2023-11-29T13:13:49+00:00\" \/>\n<meta name=\"twitter:card\" content=\"summary_large_image\" \/>\n<meta name=\"twitter:label1\" content=\"Dur\u00e9e de lecture estim\u00e9e\" \/>\n\t<meta name=\"twitter:data1\" content=\"2 minutes\" \/>\n<script type=\"application\/ld+json\" class=\"yoast-schema-graph\">{\"@context\":\"https:\/\/schema.org\",\"@graph\":[{\"@type\":\"WebPage\",\"@id\":\"https:\/\/wellstepp.eu\/fr\/serie-dexercices\/exercices-de-developpement-pour-les-enfants-en-age-prescolaire\/\",\"url\":\"https:\/\/wellstepp.eu\/fr\/serie-dexercices\/exercices-de-developpement-pour-les-enfants-en-age-prescolaire\/\",\"name\":\"Exercices de d\u00e9veloppement pour les enfants en \u00e2ge pr\u00e9scolaire - WellStepp\",\"isPartOf\":{\"@id\":\"https:\/\/wellstepp.eu\/fr\/#website\"},\"datePublished\":\"2023-03-23T13:02:31+00:00\",\"dateModified\":\"2023-11-29T13:13:49+00:00\",\"breadcrumb\":{\"@id\":\"https:\/\/wellstepp.eu\/fr\/serie-dexercices\/exercices-de-developpement-pour-les-enfants-en-age-prescolaire\/#breadcrumb\"},\"inLanguage\":\"fr-FR\",\"potentialAction\":[{\"@type\":\"ReadAction\",\"target\":[\"https:\/\/wellstepp.eu\/fr\/serie-dexercices\/exercices-de-developpement-pour-les-enfants-en-age-prescolaire\/\"]}]},{\"@type\":\"BreadcrumbList\",\"@id\":\"https:\/\/wellstepp.eu\/fr\/serie-dexercices\/exercices-de-developpement-pour-les-enfants-en-age-prescolaire\/#breadcrumb\",\"itemListElement\":[{\"@type\":\"ListItem\",\"position\":1,\"name\":\"Kezd\u0151lap\",\"item\":\"https:\/\/wellstepp.eu\/fr\/\"},{\"@type\":\"ListItem\",\"position\":2,\"name\":\"S\u00e9rie d&rsquo;excercices\",\"item\":\"https:\/\/wellstepp.eu\/fr\/serie-dexercices\/\"},{\"@type\":\"ListItem\",\"position\":3,\"name\":\"Exercices de d\u00e9veloppement pour les enfants en \u00e2ge pr\u00e9scolaire\"}]},{\"@type\":\"WebSite\",\"@id\":\"https:\/\/wellstepp.eu\/fr\/#website\",\"url\":\"https:\/\/wellstepp.eu\/fr\/\",\"name\":\"WellStepp\",\"description\":\"\",\"potentialAction\":[{\"@type\":\"SearchAction\",\"target\":{\"@type\":\"EntryPoint\",\"urlTemplate\":\"https:\/\/wellstepp.eu\/fr\/?s={search_term_string}\"},\"query-input\":{\"@type\":\"PropertyValueSpecification\",\"valueRequired\":true,\"valueName\":\"search_term_string\"}}],\"inLanguage\":\"fr-FR\"}]}<\/script>\n<!-- \/ Yoast SEO plugin. -->","yoast_head_json":{"title":"Exercices de d\u00e9veloppement pour les enfants en \u00e2ge pr\u00e9scolaire - WellStepp","robots":{"index":"index","follow":"follow","max-snippet":"max-snippet:-1","max-image-preview":"max-image-preview:large","max-video-preview":"max-video-preview:-1"},"canonical":"https:\/\/wellstepp.eu\/fr\/serie-dexercices\/exercices-de-developpement-pour-les-enfants-en-age-prescolaire\/","og_locale":"fr_FR","og_type":"article","og_title":"Exercices de d\u00e9veloppement pour les enfants en \u00e2ge pr\u00e9scolaire - WellStepp","og_description":"Essayez de rendre le temps pass\u00e9 sur le tapis agr\u00e9able pour l&rsquo;enfant. Encouragez l&rsquo;enfant \u00e0 jouer librement avec ses jouets.","og_url":"https:\/\/wellstepp.eu\/fr\/serie-dexercices\/exercices-de-developpement-pour-les-enfants-en-age-prescolaire\/","og_site_name":"WellStepp","article_publisher":"https:\/\/www.facebook.com\/people\/WellStepp\/100090271391298\/","article_modified_time":"2023-11-29T13:13:49+00:00","twitter_card":"summary_large_image","twitter_misc":{"Dur\u00e9e de lecture estim\u00e9e":"2 minutes"},"schema":{"@context":"https:\/\/schema.org","@graph":[{"@type":"WebPage","@id":"https:\/\/wellstepp.eu\/fr\/serie-dexercices\/exercices-de-developpement-pour-les-enfants-en-age-prescolaire\/","url":"https:\/\/wellstepp.eu\/fr\/serie-dexercices\/exercices-de-developpement-pour-les-enfants-en-age-prescolaire\/","name":"Exercices de d\u00e9veloppement pour les enfants en \u00e2ge pr\u00e9scolaire - WellStepp","isPartOf":{"@id":"https:\/\/wellstepp.eu\/fr\/#website"},"datePublished":"2023-03-23T13:02:31+00:00","dateModified":"2023-11-29T13:13:49+00:00","breadcrumb":{"@id":"https:\/\/wellstepp.eu\/fr\/serie-dexercices\/exercices-de-developpement-pour-les-enfants-en-age-prescolaire\/#breadcrumb"},"inLanguage":"fr-FR","potentialAction":[{"@type":"ReadAction","target":["https:\/\/wellstepp.eu\/fr\/serie-dexercices\/exercices-de-developpement-pour-les-enfants-en-age-prescolaire\/"]}]},{"@type":"BreadcrumbList","@id":"https:\/\/wellstepp.eu\/fr\/serie-dexercices\/exercices-de-developpement-pour-les-enfants-en-age-prescolaire\/#breadcrumb","itemListElement":[{"@type":"ListItem","position":1,"name":"Kezd\u0151lap","item":"https:\/\/wellstepp.eu\/fr\/"},{"@type":"ListItem","position":2,"name":"S\u00e9rie d&rsquo;excercices","item":"https:\/\/wellstepp.eu\/fr\/serie-dexercices\/"},{"@type":"ListItem","position":3,"name":"Exercices de d\u00e9veloppement pour les enfants en \u00e2ge pr\u00e9scolaire"}]},{"@type":"WebSite","@id":"https:\/\/wellstepp.eu\/fr\/#website","url":"https:\/\/wellstepp.eu\/fr\/","name":"WellStepp","description":"","potentialAction":[{"@type":"SearchAction","target":{"@type":"EntryPoint","urlTemplate":"https:\/\/wellstepp.eu\/fr\/?s={search_term_string}"},"query-input":{"@type":"PropertyValueSpecification","valueRequired":true,"valueName":"search_term_string"}}],"inLanguage":"fr-FR"}]}},"_links":{"self":[{"href":"https:\/\/wellstepp.eu\/fr\/wp-json\/wp\/v2\/pages\/412","targetHints":{"allow":["GET"]}}],"collection":[{"href":"https:\/\/wellstepp.eu\/fr\/wp-json\/wp\/v2\/pages"}],"about":[{"href":"https:\/\/wellstepp.eu\/fr\/wp-json\/wp\/v2\/types\/page"}],"author":[{"embeddable":true,"href":"https:\/\/wellstepp.eu\/fr\/wp-json\/wp\/v2\/users\/1"}],"replies":[{"embeddable":true,"href":"https:\/\/wellstepp.eu\/fr\/wp-json\/wp\/v2\/comments?post=412"}],"version-history":[{"count":2,"href":"https:\/\/wellstepp.eu\/fr\/wp-json\/wp\/v2\/pages\/412\/revisions"}],"predecessor-version":[{"id":849,"href":"https:\/\/wellstepp.eu\/fr\/wp-json\/wp\/v2\/pages\/412\/revisions\/849"}],"up":[{"embeddable":true,"href":"https:\/\/wellstepp.eu\/fr\/wp-json\/wp\/v2\/pages\/375"}],"wp:attachment":[{"href":"https:\/\/wellstepp.eu\/fr\/wp-json\/wp\/v2\/media?parent=412"}],"curies":[{"name":"wp","href":"https:\/\/api.w.org\/{rel}","templated":true}]}}