{"id":425,"date":"2023-03-23T14:02:44","date_gmt":"2023-03-23T13:02:44","guid":{"rendered":"http:\/\/localhost\/wellstepp-dev\/serie-dexercices\/paros-gyakorlatsorok-ovodasok-szamara\/"},"modified":"2023-11-29T14:15:18","modified_gmt":"2023-11-29T13:15:18","slug":"seances-dentrainement-en-binome-pour-les-enfants-en-age-prescolaire","status":"publish","type":"page","link":"https:\/\/wellstepp.eu\/fr\/serie-dexercices\/seances-dentrainement-en-binome-pour-les-enfants-en-age-prescolaire\/","title":{"rendered":"S\u00e9ances d&rsquo;entra\u00eenement en bin\u00f4me pour les enfants en \u00e2ge pr\u00e9scolaire"},"content":{"rendered":"\n<ol class=\"wp-block-list\">\n<li>Jouer ensemble<br>Jouer \u00e0 deux peut am\u00e9liorer les multiples sens des enfants. La coordination \u0153il-main et la concentration influencent le d\u00e9veloppement de l&rsquo;orientation spatiale. Les exercices communs d\u00e9veloppent \u00e9galement la capacit\u00e9 d&rsquo;adaptation et le travail d&rsquo;\u00e9quipe.<\/li>\n\n\n\n<li>Jeux de ballon<br>Demandez aux enfants de se mettre face \u00e0 face sur le tapis et de se faire rouler des balles sur la surface in\u00e9gal\u00e9e.\u00a0 Les jeux de balle aident \u00e0 d\u00e9velopper la conscience spatiale et temporelle ainsi que la pr\u00e9cision des mouvements. Il peut \u00eatre amusant de faire rebondir la balle, gr\u00e2ce aux motifs de galets, dans des directions inattendues !<\/li>\n\n\n\n<li>Les pas de c\u00f4t\u00e9<br>Demandez aux enfants de se tenir face \u00e0 face et de marcher lat\u00e9ralement d&rsquo;un bout \u00e0 l&rsquo;autre du tapis, en se tenant par la main. Ce n&rsquo;est pas grave si un ou deux pas ne se font pas sur le tapis\u00a0! Tous les exercices de pas sont un bon moyen d&rsquo;apprendre \u00e0 observer les mouvements de l&rsquo;autre, \u00e0 se concentrer, \u00e0 passer le temps plus rapidement et \u00e0 rendre l&rsquo;exercice sur le tapis plus ludique. Ce jeu parvient \u00e0 solliciter davantage de sens en m\u00eame temps.<\/li>\n\n\n\n<li>Rebondir \u00e0 pieds \u00e9gaux<br>Les enfants se tiennent par la main et sautent d&rsquo;un bout \u00e0 l&rsquo;autre du tapis \u00e0 pieds joints. Veillez \u00e0 ce qu&rsquo;ils essaient de sauter en m\u00eame temps. Chaque t\u00e2che commune contribue \u00e0 l&rsquo;acceptation des r\u00e8gles et \u00e0 l&rsquo;acquisition de comp\u00e9tences sociales.<\/li>\n\n\n\n<li>Les roulades<br>Allongez-vous sur le tapis WellStepp\u00ae et roulez successivement. Cela permet de masser et de stimuler l&rsquo;ensemble du corps.<\/li>\n\n\n\n<li>Jouons maintenant au saut de grenouille\u00a0! Qui sautera le plus loin\u00a0?<br>Sauter ensemble, m\u00eame en musique ou applaudissement rythmique, a un bon effet sur le sens du rythme et le contr\u00f4le de l&rsquo;attention. Lors de l&rsquo;ex\u00e9cution des exercices, il convient de veiller \u00e0 ce que le tapis soit bien ancr\u00e9 au sol et plac\u00e9 de mani\u00e8re \u00e0 ne pas glisser, car il peut perdre son adh\u00e9rence sur certaines surfaces.<\/li>\n\n\n\n<li>Jouer ensemble avec les parents<br>N&rsquo;h\u00e9sitez pas \u00e0 faire de l&rsquo;exercice avec votre enfant, la surface en forme de galets est b\u00e9n\u00e9fique pour toute la famille ! En tant qu&rsquo;adultes, nous avons besoin de notre soi ludique, cr\u00e9atif et explorateur, et de surcro\u00eet de notre enthousiasme pour montrer l&rsquo;exemple et trouver un terrain d&rsquo;entente avec nos enfants.<\/li>\n<\/ol>\n","protected":false},"excerpt":{"rendered":"","protected":false},"author":1,"featured_media":0,"parent":375,"menu_order":0,"comment_status":"closed","ping_status":"closed","template":"template-parts\/page-feladatsor.php","meta":{"_acf_changed":false,"footnotes":""},"class_list":["post-425","page","type-page","status-publish","hentry"],"acf":[],"yoast_head":"<!-- This site is optimized with the Yoast SEO plugin v26.8 - https:\/\/yoast.com\/product\/yoast-seo-wordpress\/ -->\n<title>S\u00e9ances d&#039;entra\u00eenement en bin\u00f4me pour les enfants en \u00e2ge pr\u00e9scolaire - WellStepp<\/title>\n<meta name=\"robots\" content=\"index, follow, max-snippet:-1, max-image-preview:large, max-video-preview:-1\" \/>\n<link rel=\"canonical\" href=\"https:\/\/wellstepp.eu\/fr\/serie-dexercices\/seances-dentrainement-en-binome-pour-les-enfants-en-age-prescolaire\/\" \/>\n<meta property=\"og:locale\" content=\"fr_FR\" \/>\n<meta property=\"og:type\" content=\"article\" \/>\n<meta property=\"og:title\" content=\"S\u00e9ances d&#039;entra\u00eenement en bin\u00f4me pour les enfants en \u00e2ge pr\u00e9scolaire - WellStepp\" \/>\n<meta property=\"og:url\" content=\"https:\/\/wellstepp.eu\/fr\/serie-dexercices\/seances-dentrainement-en-binome-pour-les-enfants-en-age-prescolaire\/\" \/>\n<meta property=\"og:site_name\" content=\"WellStepp\" \/>\n<meta property=\"article:publisher\" content=\"https:\/\/www.facebook.com\/people\/WellStepp\/100090271391298\/\" \/>\n<meta property=\"article:modified_time\" content=\"2023-11-29T13:15:18+00:00\" \/>\n<meta name=\"twitter:card\" content=\"summary_large_image\" \/>\n<meta name=\"twitter:label1\" content=\"Dur\u00e9e de lecture estim\u00e9e\" \/>\n\t<meta name=\"twitter:data1\" content=\"3 minutes\" \/>\n<script type=\"application\/ld+json\" class=\"yoast-schema-graph\">{\"@context\":\"https:\/\/schema.org\",\"@graph\":[{\"@type\":\"WebPage\",\"@id\":\"https:\/\/wellstepp.eu\/fr\/serie-dexercices\/seances-dentrainement-en-binome-pour-les-enfants-en-age-prescolaire\/\",\"url\":\"https:\/\/wellstepp.eu\/fr\/serie-dexercices\/seances-dentrainement-en-binome-pour-les-enfants-en-age-prescolaire\/\",\"name\":\"S\u00e9ances d'entra\u00eenement en bin\u00f4me pour les enfants en \u00e2ge pr\u00e9scolaire - WellStepp\",\"isPartOf\":{\"@id\":\"https:\/\/wellstepp.eu\/fr\/#website\"},\"datePublished\":\"2023-03-23T13:02:44+00:00\",\"dateModified\":\"2023-11-29T13:15:18+00:00\",\"breadcrumb\":{\"@id\":\"https:\/\/wellstepp.eu\/fr\/serie-dexercices\/seances-dentrainement-en-binome-pour-les-enfants-en-age-prescolaire\/#breadcrumb\"},\"inLanguage\":\"fr-FR\",\"potentialAction\":[{\"@type\":\"ReadAction\",\"target\":[\"https:\/\/wellstepp.eu\/fr\/serie-dexercices\/seances-dentrainement-en-binome-pour-les-enfants-en-age-prescolaire\/\"]}]},{\"@type\":\"BreadcrumbList\",\"@id\":\"https:\/\/wellstepp.eu\/fr\/serie-dexercices\/seances-dentrainement-en-binome-pour-les-enfants-en-age-prescolaire\/#breadcrumb\",\"itemListElement\":[{\"@type\":\"ListItem\",\"position\":1,\"name\":\"Kezd\u0151lap\",\"item\":\"https:\/\/wellstepp.eu\/fr\/\"},{\"@type\":\"ListItem\",\"position\":2,\"name\":\"S\u00e9rie d&rsquo;excercices\",\"item\":\"https:\/\/wellstepp.eu\/fr\/serie-dexercices\/\"},{\"@type\":\"ListItem\",\"position\":3,\"name\":\"S\u00e9ances d&rsquo;entra\u00eenement en bin\u00f4me pour les enfants en \u00e2ge pr\u00e9scolaire\"}]},{\"@type\":\"WebSite\",\"@id\":\"https:\/\/wellstepp.eu\/fr\/#website\",\"url\":\"https:\/\/wellstepp.eu\/fr\/\",\"name\":\"WellStepp\",\"description\":\"\",\"potentialAction\":[{\"@type\":\"SearchAction\",\"target\":{\"@type\":\"EntryPoint\",\"urlTemplate\":\"https:\/\/wellstepp.eu\/fr\/?s={search_term_string}\"},\"query-input\":{\"@type\":\"PropertyValueSpecification\",\"valueRequired\":true,\"valueName\":\"search_term_string\"}}],\"inLanguage\":\"fr-FR\"}]}<\/script>\n<!-- \/ Yoast SEO plugin. -->","yoast_head_json":{"title":"S\u00e9ances d'entra\u00eenement en bin\u00f4me pour les enfants en \u00e2ge pr\u00e9scolaire - WellStepp","robots":{"index":"index","follow":"follow","max-snippet":"max-snippet:-1","max-image-preview":"max-image-preview:large","max-video-preview":"max-video-preview:-1"},"canonical":"https:\/\/wellstepp.eu\/fr\/serie-dexercices\/seances-dentrainement-en-binome-pour-les-enfants-en-age-prescolaire\/","og_locale":"fr_FR","og_type":"article","og_title":"S\u00e9ances d'entra\u00eenement en bin\u00f4me pour les enfants en \u00e2ge pr\u00e9scolaire - WellStepp","og_url":"https:\/\/wellstepp.eu\/fr\/serie-dexercices\/seances-dentrainement-en-binome-pour-les-enfants-en-age-prescolaire\/","og_site_name":"WellStepp","article_publisher":"https:\/\/www.facebook.com\/people\/WellStepp\/100090271391298\/","article_modified_time":"2023-11-29T13:15:18+00:00","twitter_card":"summary_large_image","twitter_misc":{"Dur\u00e9e de lecture estim\u00e9e":"3 minutes"},"schema":{"@context":"https:\/\/schema.org","@graph":[{"@type":"WebPage","@id":"https:\/\/wellstepp.eu\/fr\/serie-dexercices\/seances-dentrainement-en-binome-pour-les-enfants-en-age-prescolaire\/","url":"https:\/\/wellstepp.eu\/fr\/serie-dexercices\/seances-dentrainement-en-binome-pour-les-enfants-en-age-prescolaire\/","name":"S\u00e9ances d'entra\u00eenement en bin\u00f4me pour les enfants en \u00e2ge pr\u00e9scolaire - WellStepp","isPartOf":{"@id":"https:\/\/wellstepp.eu\/fr\/#website"},"datePublished":"2023-03-23T13:02:44+00:00","dateModified":"2023-11-29T13:15:18+00:00","breadcrumb":{"@id":"https:\/\/wellstepp.eu\/fr\/serie-dexercices\/seances-dentrainement-en-binome-pour-les-enfants-en-age-prescolaire\/#breadcrumb"},"inLanguage":"fr-FR","potentialAction":[{"@type":"ReadAction","target":["https:\/\/wellstepp.eu\/fr\/serie-dexercices\/seances-dentrainement-en-binome-pour-les-enfants-en-age-prescolaire\/"]}]},{"@type":"BreadcrumbList","@id":"https:\/\/wellstepp.eu\/fr\/serie-dexercices\/seances-dentrainement-en-binome-pour-les-enfants-en-age-prescolaire\/#breadcrumb","itemListElement":[{"@type":"ListItem","position":1,"name":"Kezd\u0151lap","item":"https:\/\/wellstepp.eu\/fr\/"},{"@type":"ListItem","position":2,"name":"S\u00e9rie d&rsquo;excercices","item":"https:\/\/wellstepp.eu\/fr\/serie-dexercices\/"},{"@type":"ListItem","position":3,"name":"S\u00e9ances d&rsquo;entra\u00eenement en bin\u00f4me pour les enfants en \u00e2ge pr\u00e9scolaire"}]},{"@type":"WebSite","@id":"https:\/\/wellstepp.eu\/fr\/#website","url":"https:\/\/wellstepp.eu\/fr\/","name":"WellStepp","description":"","potentialAction":[{"@type":"SearchAction","target":{"@type":"EntryPoint","urlTemplate":"https:\/\/wellstepp.eu\/fr\/?s={search_term_string}"},"query-input":{"@type":"PropertyValueSpecification","valueRequired":true,"valueName":"search_term_string"}}],"inLanguage":"fr-FR"}]}},"_links":{"self":[{"href":"https:\/\/wellstepp.eu\/fr\/wp-json\/wp\/v2\/pages\/425","targetHints":{"allow":["GET"]}}],"collection":[{"href":"https:\/\/wellstepp.eu\/fr\/wp-json\/wp\/v2\/pages"}],"about":[{"href":"https:\/\/wellstepp.eu\/fr\/wp-json\/wp\/v2\/types\/page"}],"author":[{"embeddable":true,"href":"https:\/\/wellstepp.eu\/fr\/wp-json\/wp\/v2\/users\/1"}],"replies":[{"embeddable":true,"href":"https:\/\/wellstepp.eu\/fr\/wp-json\/wp\/v2\/comments?post=425"}],"version-history":[{"count":2,"href":"https:\/\/wellstepp.eu\/fr\/wp-json\/wp\/v2\/pages\/425\/revisions"}],"predecessor-version":[{"id":857,"href":"https:\/\/wellstepp.eu\/fr\/wp-json\/wp\/v2\/pages\/425\/revisions\/857"}],"up":[{"embeddable":true,"href":"https:\/\/wellstepp.eu\/fr\/wp-json\/wp\/v2\/pages\/375"}],"wp:attachment":[{"href":"https:\/\/wellstepp.eu\/fr\/wp-json\/wp\/v2\/media?parent=425"}],"curies":[{"name":"wp","href":"https:\/\/api.w.org\/{rel}","templated":true}]}}