{"id":465,"date":"2023-03-23T08:20:41","date_gmt":"2023-03-23T07:20:41","guid":{"rendered":"http:\/\/localhost\/wellstepp-dev\/kapcsolat\/"},"modified":"2023-11-13T10:33:51","modified_gmt":"2023-11-13T09:33:51","slug":"contact","status":"publish","type":"page","link":"https:\/\/wellstepp.eu\/fr\/contact\/","title":{"rendered":"Contact"},"content":{"rendered":"\n<p class=\"has-text-align-left\">Si vous avez des questions, des commentaires ou des probl\u00e8mes, n&rsquo;h\u00e9sitez pas \u00e0 nous contacter ! Notre \u00e9quipe d&rsquo;experts est toujours pr\u00eate \u00e0 vous aider et \u00e0 r\u00e9pondre \u00e0 vos questions. Si vous avez besoin de plus amples informations, non disponibles sur notre site web, n&rsquo;h\u00e9sitez pas \u00e0 nous contacter \u00e0 l&rsquo;une des coordonn\u00e9es ci-dessous !<\/p>\n\n\n\n<p><strong>Si vous cherchez \u00e0 d\u00e9velopper un produit ou \u00e0 coop\u00e9rer, ou si vous avez un probl\u00e8me, veuillez nous contacter en utilisant l&rsquo;une des coordonn\u00e9es ci-dessous :<\/strong><\/p>\n\n\n\n<p><\/p>\n\n\n\n<p>Courriel: <a href=\"mailto:info@wellstepp.eu\">info@wellstepp.eu<\/a><br><a href=\"mailto:mintabolt@trocellen.com\">mintabolt@trocellen.com<\/a><\/p>\n\n\n\n<p>Adresse: <a href=\"https:\/\/goo.gl\/maps\/dKKIY\" target=\"_blank\" rel=\"noreferrer noopener\">1095 Budapest, Soroks\u00e1ri \u00fat 110.<\/a><\/p>\n\n\n\n<p>T\u00e9l\u00e9phone: <a href=\"tel:+3612806554\">+36 1 280 6554<\/a><\/p>\n\n\n\n<p><\/p>\n\n\n\n<p><strong>En cas de r\u00e9clamations ou de commentaires, veuillez nous contacter en utilisant l&rsquo;une des coordonn\u00e9es suivantes\u00a0:<\/strong><\/p>\n\n\n\n<p><\/p>\n\n\n\n<p>Courriel: <a href=\"mailto:vevoszolgalat@salusgyogypont.hu\">vevoszolgalat@salusgyogypont.hu<\/a><\/p>\n\n\n\n<p>Adresse: <a href=\"https:\/\/www.google.hu\/search?q=2040+Buda%C3%B6rs%2C+%C3%89p%C3%ADt%C5%91k+%C3%BAtja+2-4.&amp;oq=2040+Buda%C3%B6rs%2C+%C3%89p%C3%ADt%C5%91k+%C3%BAtja+2-4.&amp;aqs=chrome..69i57.955j0j7&amp;sourceid=chrome&amp;es_sm=93&amp;ie=UTF-8\">2040 Buda\u00f6rs, \u00c9p\u00edt\u0151k \u00fatja 2-4.<\/a><\/p>\n\n\n\n<p>T\u00e9l\u00e9phone: <a href=\"tel:+3612806554\">+36 1 206 7900<\/a><\/p>\n","protected":false},"excerpt":{"rendered":"<p>Si vous avez des questions, des commentaires ou des probl\u00e8mes, n&rsquo;h\u00e9sitez pas \u00e0 nous contacter ! Notre \u00e9quipe d&rsquo;experts est toujours pr\u00eate \u00e0 vous aider et \u00e0 r\u00e9pondre \u00e0 vos questions. Si vous avez besoin de plus amples informations, non disponibles sur notre site web, n&rsquo;h\u00e9sitez pas \u00e0 nous contacter \u00e0 l&rsquo;une des coordonn\u00e9es ci-dessous [&hellip;]<\/p>\n","protected":false},"author":1,"featured_media":0,"parent":0,"menu_order":0,"comment_status":"closed","ping_status":"closed","template":"template-parts\/page-kapcsolat.php","meta":{"_acf_changed":false,"footnotes":""},"class_list":["post-465","page","type-page","status-publish","hentry"],"acf":[],"yoast_head":"<!-- This site is optimized with the Yoast SEO plugin v26.8 - https:\/\/yoast.com\/product\/yoast-seo-wordpress\/ -->\n<title>Contact - WellStepp<\/title>\n<meta name=\"robots\" content=\"index, follow, max-snippet:-1, max-image-preview:large, max-video-preview:-1\" \/>\n<link rel=\"canonical\" href=\"https:\/\/wellstepp.eu\/fr\/contact\/\" \/>\n<meta property=\"og:locale\" content=\"fr_FR\" \/>\n<meta property=\"og:type\" content=\"article\" \/>\n<meta property=\"og:title\" content=\"Contact - WellStepp\" \/>\n<meta property=\"og:description\" content=\"Si vous avez des questions, des commentaires ou des probl\u00e8mes, n&rsquo;h\u00e9sitez pas \u00e0 nous contacter ! Notre \u00e9quipe d&rsquo;experts est toujours pr\u00eate \u00e0 vous aider et \u00e0 r\u00e9pondre \u00e0 vos questions. Si vous avez besoin de plus amples informations, non disponibles sur notre site web, n&rsquo;h\u00e9sitez pas \u00e0 nous contacter \u00e0 l&rsquo;une des coordonn\u00e9es ci-dessous [&hellip;]\" \/>\n<meta property=\"og:url\" content=\"https:\/\/wellstepp.eu\/fr\/contact\/\" \/>\n<meta property=\"og:site_name\" content=\"WellStepp\" \/>\n<meta property=\"article:publisher\" content=\"https:\/\/www.facebook.com\/people\/WellStepp\/100090271391298\/\" \/>\n<meta property=\"article:modified_time\" content=\"2023-11-13T09:33:51+00:00\" \/>\n<meta name=\"twitter:card\" content=\"summary_large_image\" \/>\n<meta name=\"twitter:label1\" content=\"Dur\u00e9e de lecture estim\u00e9e\" \/>\n\t<meta name=\"twitter:data1\" content=\"1 minute\" \/>\n<script type=\"application\/ld+json\" class=\"yoast-schema-graph\">{\"@context\":\"https:\/\/schema.org\",\"@graph\":[{\"@type\":\"WebPage\",\"@id\":\"https:\/\/wellstepp.eu\/fr\/contact\/\",\"url\":\"https:\/\/wellstepp.eu\/fr\/contact\/\",\"name\":\"Contact - WellStepp\",\"isPartOf\":{\"@id\":\"https:\/\/wellstepp.eu\/fr\/#website\"},\"datePublished\":\"2023-03-23T07:20:41+00:00\",\"dateModified\":\"2023-11-13T09:33:51+00:00\",\"breadcrumb\":{\"@id\":\"https:\/\/wellstepp.eu\/fr\/contact\/#breadcrumb\"},\"inLanguage\":\"fr-FR\",\"potentialAction\":[{\"@type\":\"ReadAction\",\"target\":[\"https:\/\/wellstepp.eu\/fr\/contact\/\"]}]},{\"@type\":\"BreadcrumbList\",\"@id\":\"https:\/\/wellstepp.eu\/fr\/contact\/#breadcrumb\",\"itemListElement\":[{\"@type\":\"ListItem\",\"position\":1,\"name\":\"Kezd\u0151lap\",\"item\":\"https:\/\/wellstepp.eu\/fr\/\"},{\"@type\":\"ListItem\",\"position\":2,\"name\":\"Contact\"}]},{\"@type\":\"WebSite\",\"@id\":\"https:\/\/wellstepp.eu\/fr\/#website\",\"url\":\"https:\/\/wellstepp.eu\/fr\/\",\"name\":\"WellStepp\",\"description\":\"\",\"potentialAction\":[{\"@type\":\"SearchAction\",\"target\":{\"@type\":\"EntryPoint\",\"urlTemplate\":\"https:\/\/wellstepp.eu\/fr\/?s={search_term_string}\"},\"query-input\":{\"@type\":\"PropertyValueSpecification\",\"valueRequired\":true,\"valueName\":\"search_term_string\"}}],\"inLanguage\":\"fr-FR\"}]}<\/script>\n<!-- \/ Yoast SEO plugin. -->","yoast_head_json":{"title":"Contact - WellStepp","robots":{"index":"index","follow":"follow","max-snippet":"max-snippet:-1","max-image-preview":"max-image-preview:large","max-video-preview":"max-video-preview:-1"},"canonical":"https:\/\/wellstepp.eu\/fr\/contact\/","og_locale":"fr_FR","og_type":"article","og_title":"Contact - WellStepp","og_description":"Si vous avez des questions, des commentaires ou des probl\u00e8mes, n&rsquo;h\u00e9sitez pas \u00e0 nous contacter ! Notre \u00e9quipe d&rsquo;experts est toujours pr\u00eate \u00e0 vous aider et \u00e0 r\u00e9pondre \u00e0 vos questions. Si vous avez besoin de plus amples informations, non disponibles sur notre site web, n&rsquo;h\u00e9sitez pas \u00e0 nous contacter \u00e0 l&rsquo;une des coordonn\u00e9es ci-dessous [&hellip;]","og_url":"https:\/\/wellstepp.eu\/fr\/contact\/","og_site_name":"WellStepp","article_publisher":"https:\/\/www.facebook.com\/people\/WellStepp\/100090271391298\/","article_modified_time":"2023-11-13T09:33:51+00:00","twitter_card":"summary_large_image","twitter_misc":{"Dur\u00e9e de lecture estim\u00e9e":"1 minute"},"schema":{"@context":"https:\/\/schema.org","@graph":[{"@type":"WebPage","@id":"https:\/\/wellstepp.eu\/fr\/contact\/","url":"https:\/\/wellstepp.eu\/fr\/contact\/","name":"Contact - WellStepp","isPartOf":{"@id":"https:\/\/wellstepp.eu\/fr\/#website"},"datePublished":"2023-03-23T07:20:41+00:00","dateModified":"2023-11-13T09:33:51+00:00","breadcrumb":{"@id":"https:\/\/wellstepp.eu\/fr\/contact\/#breadcrumb"},"inLanguage":"fr-FR","potentialAction":[{"@type":"ReadAction","target":["https:\/\/wellstepp.eu\/fr\/contact\/"]}]},{"@type":"BreadcrumbList","@id":"https:\/\/wellstepp.eu\/fr\/contact\/#breadcrumb","itemListElement":[{"@type":"ListItem","position":1,"name":"Kezd\u0151lap","item":"https:\/\/wellstepp.eu\/fr\/"},{"@type":"ListItem","position":2,"name":"Contact"}]},{"@type":"WebSite","@id":"https:\/\/wellstepp.eu\/fr\/#website","url":"https:\/\/wellstepp.eu\/fr\/","name":"WellStepp","description":"","potentialAction":[{"@type":"SearchAction","target":{"@type":"EntryPoint","urlTemplate":"https:\/\/wellstepp.eu\/fr\/?s={search_term_string}"},"query-input":{"@type":"PropertyValueSpecification","valueRequired":true,"valueName":"search_term_string"}}],"inLanguage":"fr-FR"}]}},"_links":{"self":[{"href":"https:\/\/wellstepp.eu\/fr\/wp-json\/wp\/v2\/pages\/465","targetHints":{"allow":["GET"]}}],"collection":[{"href":"https:\/\/wellstepp.eu\/fr\/wp-json\/wp\/v2\/pages"}],"about":[{"href":"https:\/\/wellstepp.eu\/fr\/wp-json\/wp\/v2\/types\/page"}],"author":[{"embeddable":true,"href":"https:\/\/wellstepp.eu\/fr\/wp-json\/wp\/v2\/users\/1"}],"replies":[{"embeddable":true,"href":"https:\/\/wellstepp.eu\/fr\/wp-json\/wp\/v2\/comments?post=465"}],"version-history":[{"count":1,"href":"https:\/\/wellstepp.eu\/fr\/wp-json\/wp\/v2\/pages\/465\/revisions"}],"predecessor-version":[{"id":475,"href":"https:\/\/wellstepp.eu\/fr\/wp-json\/wp\/v2\/pages\/465\/revisions\/475"}],"wp:attachment":[{"href":"https:\/\/wellstepp.eu\/fr\/wp-json\/wp\/v2\/media?parent=465"}],"curies":[{"name":"wp","href":"https:\/\/api.w.org\/{rel}","templated":true}]}}