{"id":481,"date":"2023-03-23T08:20:50","date_gmt":"2023-03-23T07:20:50","guid":{"rendered":"http:\/\/localhost\/wellstepp-dev\/impresszum\/"},"modified":"2023-11-13T10:40:57","modified_gmt":"2023-11-13T09:40:57","slug":"mentions-legales","status":"publish","type":"page","link":"https:\/\/wellstepp.eu\/fr\/mentions-legales\/","title":{"rendered":"Mentions l\u00e9gales"},"content":{"rendered":"\n<p>Le contenu de ce site a \u00e9t\u00e9 publi\u00e9 par Polifoam Kft. (si\u00e8ge social\u00a0: H-1097 Budapest, T\u00e1bl\u00e1s utca 34\/A., num\u00e9ro RCS\u00a0: 01-09-060479).\u00a0 Le d\u00e9tenteur du domaine \u00ab\u00a0wellstepp.eu\u00a0\u00bb est Trocellen GmbH, la soci\u00e9t\u00e9 m\u00e8re de Polifoam Kft. (si\u00e8ge social\u00a0: M\u00fclheimer Str. 26, DE-53840 Troisdorf, Allemagne).<\/p>\n","protected":false},"excerpt":{"rendered":"<p>Le contenu de ce site a \u00e9t\u00e9 publi\u00e9 par Polifoam Kft. (si\u00e8ge social\u00a0: H-1097 Budapest, T\u00e1bl\u00e1s utca 34\/A., num\u00e9ro RCS\u00a0: 01-09-060479).\u00a0 Le d\u00e9tenteur du domaine \u00ab\u00a0wellstepp.eu\u00a0\u00bb est Trocellen GmbH, la soci\u00e9t\u00e9 m\u00e8re de Polifoam Kft. (si\u00e8ge social\u00a0: M\u00fclheimer Str. 26, DE-53840 Troisdorf, Allemagne).<\/p>\n","protected":false},"author":1,"featured_media":0,"parent":0,"menu_order":0,"comment_status":"closed","ping_status":"closed","template":"template-parts\/page-szoveges.php","meta":{"_acf_changed":false,"footnotes":""},"class_list":["post-481","page","type-page","status-publish","hentry"],"acf":[],"yoast_head":"<!-- This site is optimized with the Yoast SEO plugin v26.8 - https:\/\/yoast.com\/product\/yoast-seo-wordpress\/ -->\n<title>Mentions l\u00e9gales - WellStepp<\/title>\n<meta name=\"robots\" content=\"index, follow, max-snippet:-1, max-image-preview:large, max-video-preview:-1\" \/>\n<link rel=\"canonical\" href=\"https:\/\/wellstepp.eu\/fr\/mentions-legales\/\" \/>\n<meta property=\"og:locale\" content=\"fr_FR\" \/>\n<meta property=\"og:type\" content=\"article\" \/>\n<meta property=\"og:title\" content=\"Mentions l\u00e9gales - WellStepp\" \/>\n<meta property=\"og:description\" content=\"Le contenu de ce site a \u00e9t\u00e9 publi\u00e9 par Polifoam Kft. (si\u00e8ge social\u00a0: H-1097 Budapest, T\u00e1bl\u00e1s utca 34\/A., num\u00e9ro RCS\u00a0: 01-09-060479).\u00a0 Le d\u00e9tenteur du domaine \u00ab\u00a0wellstepp.eu\u00a0\u00bb est Trocellen GmbH, la soci\u00e9t\u00e9 m\u00e8re de Polifoam Kft. (si\u00e8ge social\u00a0: M\u00fclheimer Str. 26, DE-53840 Troisdorf, Allemagne).\" \/>\n<meta property=\"og:url\" content=\"https:\/\/wellstepp.eu\/fr\/mentions-legales\/\" \/>\n<meta property=\"og:site_name\" content=\"WellStepp\" \/>\n<meta property=\"article:publisher\" content=\"https:\/\/www.facebook.com\/people\/WellStepp\/100090271391298\/\" \/>\n<meta property=\"article:modified_time\" content=\"2023-11-13T09:40:57+00:00\" \/>\n<meta name=\"twitter:card\" content=\"summary_large_image\" \/>\n<meta name=\"twitter:label1\" content=\"Dur\u00e9e de lecture estim\u00e9e\" \/>\n\t<meta name=\"twitter:data1\" content=\"1 minute\" \/>\n<script type=\"application\/ld+json\" class=\"yoast-schema-graph\">{\"@context\":\"https:\/\/schema.org\",\"@graph\":[{\"@type\":\"WebPage\",\"@id\":\"https:\/\/wellstepp.eu\/fr\/mentions-legales\/\",\"url\":\"https:\/\/wellstepp.eu\/fr\/mentions-legales\/\",\"name\":\"Mentions l\u00e9gales - WellStepp\",\"isPartOf\":{\"@id\":\"https:\/\/wellstepp.eu\/fr\/#website\"},\"datePublished\":\"2023-03-23T07:20:50+00:00\",\"dateModified\":\"2023-11-13T09:40:57+00:00\",\"breadcrumb\":{\"@id\":\"https:\/\/wellstepp.eu\/fr\/mentions-legales\/#breadcrumb\"},\"inLanguage\":\"fr-FR\",\"potentialAction\":[{\"@type\":\"ReadAction\",\"target\":[\"https:\/\/wellstepp.eu\/fr\/mentions-legales\/\"]}]},{\"@type\":\"BreadcrumbList\",\"@id\":\"https:\/\/wellstepp.eu\/fr\/mentions-legales\/#breadcrumb\",\"itemListElement\":[{\"@type\":\"ListItem\",\"position\":1,\"name\":\"Kezd\u0151lap\",\"item\":\"https:\/\/wellstepp.eu\/fr\/\"},{\"@type\":\"ListItem\",\"position\":2,\"name\":\"Mentions l\u00e9gales\"}]},{\"@type\":\"WebSite\",\"@id\":\"https:\/\/wellstepp.eu\/fr\/#website\",\"url\":\"https:\/\/wellstepp.eu\/fr\/\",\"name\":\"WellStepp\",\"description\":\"\",\"potentialAction\":[{\"@type\":\"SearchAction\",\"target\":{\"@type\":\"EntryPoint\",\"urlTemplate\":\"https:\/\/wellstepp.eu\/fr\/?s={search_term_string}\"},\"query-input\":{\"@type\":\"PropertyValueSpecification\",\"valueRequired\":true,\"valueName\":\"search_term_string\"}}],\"inLanguage\":\"fr-FR\"}]}<\/script>\n<!-- \/ Yoast SEO plugin. -->","yoast_head_json":{"title":"Mentions l\u00e9gales - WellStepp","robots":{"index":"index","follow":"follow","max-snippet":"max-snippet:-1","max-image-preview":"max-image-preview:large","max-video-preview":"max-video-preview:-1"},"canonical":"https:\/\/wellstepp.eu\/fr\/mentions-legales\/","og_locale":"fr_FR","og_type":"article","og_title":"Mentions l\u00e9gales - WellStepp","og_description":"Le contenu de ce site a \u00e9t\u00e9 publi\u00e9 par Polifoam Kft. (si\u00e8ge social\u00a0: H-1097 Budapest, T\u00e1bl\u00e1s utca 34\/A., num\u00e9ro RCS\u00a0: 01-09-060479).\u00a0 Le d\u00e9tenteur du domaine \u00ab\u00a0wellstepp.eu\u00a0\u00bb est Trocellen GmbH, la soci\u00e9t\u00e9 m\u00e8re de Polifoam Kft. (si\u00e8ge social\u00a0: M\u00fclheimer Str. 26, DE-53840 Troisdorf, Allemagne).","og_url":"https:\/\/wellstepp.eu\/fr\/mentions-legales\/","og_site_name":"WellStepp","article_publisher":"https:\/\/www.facebook.com\/people\/WellStepp\/100090271391298\/","article_modified_time":"2023-11-13T09:40:57+00:00","twitter_card":"summary_large_image","twitter_misc":{"Dur\u00e9e de lecture estim\u00e9e":"1 minute"},"schema":{"@context":"https:\/\/schema.org","@graph":[{"@type":"WebPage","@id":"https:\/\/wellstepp.eu\/fr\/mentions-legales\/","url":"https:\/\/wellstepp.eu\/fr\/mentions-legales\/","name":"Mentions l\u00e9gales - WellStepp","isPartOf":{"@id":"https:\/\/wellstepp.eu\/fr\/#website"},"datePublished":"2023-03-23T07:20:50+00:00","dateModified":"2023-11-13T09:40:57+00:00","breadcrumb":{"@id":"https:\/\/wellstepp.eu\/fr\/mentions-legales\/#breadcrumb"},"inLanguage":"fr-FR","potentialAction":[{"@type":"ReadAction","target":["https:\/\/wellstepp.eu\/fr\/mentions-legales\/"]}]},{"@type":"BreadcrumbList","@id":"https:\/\/wellstepp.eu\/fr\/mentions-legales\/#breadcrumb","itemListElement":[{"@type":"ListItem","position":1,"name":"Kezd\u0151lap","item":"https:\/\/wellstepp.eu\/fr\/"},{"@type":"ListItem","position":2,"name":"Mentions l\u00e9gales"}]},{"@type":"WebSite","@id":"https:\/\/wellstepp.eu\/fr\/#website","url":"https:\/\/wellstepp.eu\/fr\/","name":"WellStepp","description":"","potentialAction":[{"@type":"SearchAction","target":{"@type":"EntryPoint","urlTemplate":"https:\/\/wellstepp.eu\/fr\/?s={search_term_string}"},"query-input":{"@type":"PropertyValueSpecification","valueRequired":true,"valueName":"search_term_string"}}],"inLanguage":"fr-FR"}]}},"_links":{"self":[{"href":"https:\/\/wellstepp.eu\/fr\/wp-json\/wp\/v2\/pages\/481","targetHints":{"allow":["GET"]}}],"collection":[{"href":"https:\/\/wellstepp.eu\/fr\/wp-json\/wp\/v2\/pages"}],"about":[{"href":"https:\/\/wellstepp.eu\/fr\/wp-json\/wp\/v2\/types\/page"}],"author":[{"embeddable":true,"href":"https:\/\/wellstepp.eu\/fr\/wp-json\/wp\/v2\/users\/1"}],"replies":[{"embeddable":true,"href":"https:\/\/wellstepp.eu\/fr\/wp-json\/wp\/v2\/comments?post=481"}],"version-history":[{"count":1,"href":"https:\/\/wellstepp.eu\/fr\/wp-json\/wp\/v2\/pages\/481\/revisions"}],"predecessor-version":[{"id":488,"href":"https:\/\/wellstepp.eu\/fr\/wp-json\/wp\/v2\/pages\/481\/revisions\/488"}],"wp:attachment":[{"href":"https:\/\/wellstepp.eu\/fr\/wp-json\/wp\/v2\/media?parent=481"}],"curies":[{"name":"wp","href":"https:\/\/api.w.org\/{rel}","templated":true}]}}