{"id":494,"date":"2023-03-23T08:21:11","date_gmt":"2023-03-23T07:21:11","guid":{"rendered":"http:\/\/localhost\/wellstepp-dev\/suti-informaciok\/"},"modified":"2023-11-13T10:50:25","modified_gmt":"2023-11-13T09:50:25","slug":"informations-sur-les-cookies","status":"publish","type":"page","link":"https:\/\/wellstepp.eu\/fr\/informations-sur-les-cookies\/","title":{"rendered":"Informations sur les cookies"},"content":{"rendered":"\n<p>www.wellstepp.eu (ci-apr\u00e8s d\u00e9nomm\u00e9 le \u00ab site web \u00bb) utilise des cookies. Vous trouverez ci-dessous de plus amples informations sur les cookies, la mani\u00e8re dont nous les utilisons sur le site web et les proc\u00e9dures de contr\u00f4le que nous avons mises en place en ce qui concerne les cookies. Si vous continuez \u00e0 naviguer sur le site web apr\u00e8s avoir lu cette banni\u00e8re, vous acceptez que nous utilisions des cookies conform\u00e9ment \u00e0 cette d\u00e9claration. Si vous ne consentez pas \u00e0 l&rsquo;utilisation de cookies, veuillez les d\u00e9sactiver en suivant les instructions de la pr\u00e9sente d\u00e9claration.<\/p>\n\n\n\n<p><strong>1. QU&rsquo;EST-CE QU&rsquo;UN COOKIE?<\/strong><\/p>\n\n\n\n<p>Les cookies sont de petits fichiers texte qui sont plac\u00e9s sur votre appareil \u00e9lectronique (PC, tablette etc.) lorsque vous naviguez sur un site web. Les cookies sont ensuite renvoy\u00e9s au site web d&rsquo;origine pour chaque session de navigation ult\u00e9rieure ou envoy\u00e9s \u00e0 d&rsquo;autres sites web qui peuvent reconna\u00eetre le cookie. Les cookies agissent comme une m\u00e9moire du site web, permettant au site web de reconna\u00eetre votre appareil lors de chaque visite ult\u00e9rieure sur le site web. Les cookies nous permettent \u00e9galement de m\u00e9moriser vos pr\u00e9f\u00e9rences de navigation, de rendre votre exp\u00e9rience sur le site Web plus pratique et de personnaliser le contenu du site Web autant que possible. Pour plus d&rsquo;informations sur les cookies (y compris la mani\u00e8re dont ils sont plac\u00e9s sur votre appareil, comment les g\u00e9rer et comment les supprimer), veuillez cliquer sur le lien ci-dessous\u00a0: .<\/p>\n\n\n\n<p><strong>2. LES TYPES DE COOKIES<\/strong><\/p>\n\n\n\n<p>Les cookies peuvent \u00eatre techniques, analytiques ou de profilage.<\/p>\n\n\n\n<p>Le site Web utilise des \u00ab\u00a0cookies de session\u00a0\u00bb techniques et des cookies permanents. Une liste des cookies techniques peut \u00eatre consult\u00e9e ici\u00a0:<\/p>\n\n\n\n<p><a href=\"https:\/\/codex.wordpress.org\/WordPress_Cookies\">https:\/\/codex.wordpress.org\/WordPress_Cookies<\/a><\/p>\n\n\n\n<p>Le site Web utilise \u00e9galement les cookies analytiques suivants, fournis par des tiers<\/p>\n\n\n\n<p>\u2013 Google<\/p>\n\n\n\n<p>\u2013 Facebook<\/p>\n\n\n\n<p>\u2013 Twitter<\/p>\n\n\n\n<p>\u2013 Linkedin<\/p>\n\n\n\n<p>\u2013 Youtube<\/p>\n\n\n\n<p>Notre site web utilise des outils qui r\u00e9duisent la capacit\u00e9 d&rsquo;identification des cookies, tels que \u00ab\u00a0gat._anonymizelp()\u00a0;\u00a0\u00bb, pour garantir l&rsquo;anonymat des adresses IP (c&rsquo;est-\u00e0-dire le \u00ab\u00a0masquage IP\u00a0\u00bb).<\/p>\n\n\n\n<p>Nous n&rsquo;utilisons pas de cookies de profilage.<\/p>\n\n\n\n<p><strong>3. OBJECTIFS<\/strong><\/p>\n\n\n\n<p>Les cookies techniques utilis\u00e9s par notre site web servent \u00e0 vous permettre de naviguer sur le site web et d&rsquo;utiliser les services de notre site web.<\/p>\n\n\n\n<p>Nous utilisons des cookies analytiques pour analyser et suivre la mani\u00e8re dont vous utilisez le site web (par exemple le nombre d&rsquo;acc\u00e8s et de pages consult\u00e9es) \u00e0 des fins statistiques et pour am\u00e9liorer la fonctionnalit\u00e9 et la navigation du site web.<\/p>\n\n\n\n<p><strong>4. COMMENT G\u00c9RER ET SUPPRIMER LES COOKIES?<\/strong><\/p>\n\n\n\n<p>Si vous continuez \u00e0 naviguer sur le site web apr\u00e8s avoir lu la banni\u00e8re, vous acceptez l&rsquo;utilisation de cookies. Vous pouvez refuser l&rsquo;utilisation de cookies ou la d\u00e9sactiver \u00e0 tout moment en modifiant les param\u00e8tres de votre navigateur et en suivant les instructions de la pr\u00e9sente politique en mati\u00e8re de cookies.<\/p>\n\n\n\n<p>Si vous souhaitez que votre navigateur refuse les cookies, suivez les instructions fournies par le fournisseur de votre navigateur. Des instructions d\u00e9taill\u00e9es sont disponibles \u00e0 l&rsquo;adresse suivante : www.aboutcookies.org.<\/p>\n\n\n\n<p>La mise \u00e0 disposition de donn\u00e9es est facultative. Veuillez toutefois noter que si vous refusez\/d\u00e9sactivez les cookies, il se peut que vous ne puissiez pas utiliser certaines fonctions du site web.<\/p>\n\n\n\n<p>Pour plus d&rsquo;informations sur le traitement des donn\u00e9es, l&rsquo;acc\u00e8s aux donn\u00e9es, la divulgation des donn\u00e9es, les droits des personnes concern\u00e9es, la mani\u00e8re d&rsquo;exercer ces droits, le contr\u00f4leur des donn\u00e9es, le responsable du traitement des donn\u00e9es et les personnes responsables, veuillez vous r\u00e9f\u00e9rer \u00e0<\/p>\n\n\n\n<p>Nos coordonn\u00e9es : Pour obtenir des informations sur cette d\u00e9claration, veuillez nous contacter \u00e0 l&rsquo;adresse suivante&nbsp;: gdprinfo.polifoam@trocellen.com. Vous pouvez nous envoyer une lettre par courrier recommand\u00e9 \u00e0 Polifoam M\u0171anyagfeldolgoz\u00f3 Kft. H-1097 Budapest, T\u00e1bl\u00e1s utca 34\/A. ou nous appeler \u00e0 +3613479800.<\/p>\n","protected":false},"excerpt":{"rendered":"<p>www.wellstepp.eu (ci-apr\u00e8s d\u00e9nomm\u00e9 le \u00ab site web \u00bb) utilise des cookies. Vous trouverez ci-dessous de plus amples informations sur les cookies, la mani\u00e8re dont nous les utilisons sur le site web et les proc\u00e9dures de contr\u00f4le que nous avons mises en place en ce qui concerne les cookies. Si vous continuez \u00e0 naviguer sur le [&hellip;]<\/p>\n","protected":false},"author":1,"featured_media":0,"parent":0,"menu_order":0,"comment_status":"closed","ping_status":"closed","template":"template-parts\/page-szoveges.php","meta":{"_acf_changed":false,"footnotes":""},"class_list":["post-494","page","type-page","status-publish","hentry"],"acf":[],"yoast_head":"<!-- This site is optimized with the Yoast SEO plugin v26.8 - https:\/\/yoast.com\/product\/yoast-seo-wordpress\/ -->\n<title>Informations sur les cookies - WellStepp<\/title>\n<meta name=\"robots\" content=\"index, follow, max-snippet:-1, max-image-preview:large, max-video-preview:-1\" \/>\n<link rel=\"canonical\" href=\"https:\/\/wellstepp.eu\/fr\/informations-sur-les-cookies\/\" \/>\n<meta property=\"og:locale\" content=\"fr_FR\" \/>\n<meta property=\"og:type\" content=\"article\" \/>\n<meta property=\"og:title\" content=\"Informations sur les cookies - WellStepp\" \/>\n<meta property=\"og:description\" content=\"www.wellstepp.eu (ci-apr\u00e8s d\u00e9nomm\u00e9 le \u00ab site web \u00bb) utilise des cookies. Vous trouverez ci-dessous de plus amples informations sur les cookies, la mani\u00e8re dont nous les utilisons sur le site web et les proc\u00e9dures de contr\u00f4le que nous avons mises en place en ce qui concerne les cookies. Si vous continuez \u00e0 naviguer sur le [&hellip;]\" \/>\n<meta property=\"og:url\" content=\"https:\/\/wellstepp.eu\/fr\/informations-sur-les-cookies\/\" \/>\n<meta property=\"og:site_name\" content=\"WellStepp\" \/>\n<meta property=\"article:publisher\" content=\"https:\/\/www.facebook.com\/people\/WellStepp\/100090271391298\/\" \/>\n<meta property=\"article:modified_time\" content=\"2023-11-13T09:50:25+00:00\" \/>\n<meta name=\"twitter:card\" content=\"summary_large_image\" \/>\n<meta name=\"twitter:label1\" content=\"Dur\u00e9e de lecture estim\u00e9e\" \/>\n\t<meta name=\"twitter:data1\" content=\"3 minutes\" \/>\n<script type=\"application\/ld+json\" class=\"yoast-schema-graph\">{\"@context\":\"https:\/\/schema.org\",\"@graph\":[{\"@type\":\"WebPage\",\"@id\":\"https:\/\/wellstepp.eu\/fr\/informations-sur-les-cookies\/\",\"url\":\"https:\/\/wellstepp.eu\/fr\/informations-sur-les-cookies\/\",\"name\":\"Informations sur les cookies - WellStepp\",\"isPartOf\":{\"@id\":\"https:\/\/wellstepp.eu\/fr\/#website\"},\"datePublished\":\"2023-03-23T07:21:11+00:00\",\"dateModified\":\"2023-11-13T09:50:25+00:00\",\"breadcrumb\":{\"@id\":\"https:\/\/wellstepp.eu\/fr\/informations-sur-les-cookies\/#breadcrumb\"},\"inLanguage\":\"fr-FR\",\"potentialAction\":[{\"@type\":\"ReadAction\",\"target\":[\"https:\/\/wellstepp.eu\/fr\/informations-sur-les-cookies\/\"]}]},{\"@type\":\"BreadcrumbList\",\"@id\":\"https:\/\/wellstepp.eu\/fr\/informations-sur-les-cookies\/#breadcrumb\",\"itemListElement\":[{\"@type\":\"ListItem\",\"position\":1,\"name\":\"Kezd\u0151lap\",\"item\":\"https:\/\/wellstepp.eu\/fr\/\"},{\"@type\":\"ListItem\",\"position\":2,\"name\":\"Informations sur les cookies\"}]},{\"@type\":\"WebSite\",\"@id\":\"https:\/\/wellstepp.eu\/fr\/#website\",\"url\":\"https:\/\/wellstepp.eu\/fr\/\",\"name\":\"WellStepp\",\"description\":\"\",\"potentialAction\":[{\"@type\":\"SearchAction\",\"target\":{\"@type\":\"EntryPoint\",\"urlTemplate\":\"https:\/\/wellstepp.eu\/fr\/?s={search_term_string}\"},\"query-input\":{\"@type\":\"PropertyValueSpecification\",\"valueRequired\":true,\"valueName\":\"search_term_string\"}}],\"inLanguage\":\"fr-FR\"}]}<\/script>\n<!-- \/ Yoast SEO plugin. -->","yoast_head_json":{"title":"Informations sur les cookies - WellStepp","robots":{"index":"index","follow":"follow","max-snippet":"max-snippet:-1","max-image-preview":"max-image-preview:large","max-video-preview":"max-video-preview:-1"},"canonical":"https:\/\/wellstepp.eu\/fr\/informations-sur-les-cookies\/","og_locale":"fr_FR","og_type":"article","og_title":"Informations sur les cookies - WellStepp","og_description":"www.wellstepp.eu (ci-apr\u00e8s d\u00e9nomm\u00e9 le \u00ab site web \u00bb) utilise des cookies. Vous trouverez ci-dessous de plus amples informations sur les cookies, la mani\u00e8re dont nous les utilisons sur le site web et les proc\u00e9dures de contr\u00f4le que nous avons mises en place en ce qui concerne les cookies. Si vous continuez \u00e0 naviguer sur le [&hellip;]","og_url":"https:\/\/wellstepp.eu\/fr\/informations-sur-les-cookies\/","og_site_name":"WellStepp","article_publisher":"https:\/\/www.facebook.com\/people\/WellStepp\/100090271391298\/","article_modified_time":"2023-11-13T09:50:25+00:00","twitter_card":"summary_large_image","twitter_misc":{"Dur\u00e9e de lecture estim\u00e9e":"3 minutes"},"schema":{"@context":"https:\/\/schema.org","@graph":[{"@type":"WebPage","@id":"https:\/\/wellstepp.eu\/fr\/informations-sur-les-cookies\/","url":"https:\/\/wellstepp.eu\/fr\/informations-sur-les-cookies\/","name":"Informations sur les cookies - WellStepp","isPartOf":{"@id":"https:\/\/wellstepp.eu\/fr\/#website"},"datePublished":"2023-03-23T07:21:11+00:00","dateModified":"2023-11-13T09:50:25+00:00","breadcrumb":{"@id":"https:\/\/wellstepp.eu\/fr\/informations-sur-les-cookies\/#breadcrumb"},"inLanguage":"fr-FR","potentialAction":[{"@type":"ReadAction","target":["https:\/\/wellstepp.eu\/fr\/informations-sur-les-cookies\/"]}]},{"@type":"BreadcrumbList","@id":"https:\/\/wellstepp.eu\/fr\/informations-sur-les-cookies\/#breadcrumb","itemListElement":[{"@type":"ListItem","position":1,"name":"Kezd\u0151lap","item":"https:\/\/wellstepp.eu\/fr\/"},{"@type":"ListItem","position":2,"name":"Informations sur les cookies"}]},{"@type":"WebSite","@id":"https:\/\/wellstepp.eu\/fr\/#website","url":"https:\/\/wellstepp.eu\/fr\/","name":"WellStepp","description":"","potentialAction":[{"@type":"SearchAction","target":{"@type":"EntryPoint","urlTemplate":"https:\/\/wellstepp.eu\/fr\/?s={search_term_string}"},"query-input":{"@type":"PropertyValueSpecification","valueRequired":true,"valueName":"search_term_string"}}],"inLanguage":"fr-FR"}]}},"_links":{"self":[{"href":"https:\/\/wellstepp.eu\/fr\/wp-json\/wp\/v2\/pages\/494","targetHints":{"allow":["GET"]}}],"collection":[{"href":"https:\/\/wellstepp.eu\/fr\/wp-json\/wp\/v2\/pages"}],"about":[{"href":"https:\/\/wellstepp.eu\/fr\/wp-json\/wp\/v2\/types\/page"}],"author":[{"embeddable":true,"href":"https:\/\/wellstepp.eu\/fr\/wp-json\/wp\/v2\/users\/1"}],"replies":[{"embeddable":true,"href":"https:\/\/wellstepp.eu\/fr\/wp-json\/wp\/v2\/comments?post=494"}],"version-history":[{"count":1,"href":"https:\/\/wellstepp.eu\/fr\/wp-json\/wp\/v2\/pages\/494\/revisions"}],"predecessor-version":[{"id":503,"href":"https:\/\/wellstepp.eu\/fr\/wp-json\/wp\/v2\/pages\/494\/revisions\/503"}],"wp:attachment":[{"href":"https:\/\/wellstepp.eu\/fr\/wp-json\/wp\/v2\/media?parent=494"}],"curies":[{"name":"wp","href":"https:\/\/api.w.org\/{rel}","templated":true}]}}