{"id":604,"date":"2023-05-23T09:29:12","date_gmt":"2023-05-23T07:29:12","guid":{"rendered":"https:\/\/wellstepp2.usernet.hu\/sikeres-feliratkozas\/"},"modified":"2023-11-17T10:12:14","modified_gmt":"2023-11-17T09:12:14","slug":"abonnement-reussi","status":"publish","type":"page","link":"https:\/\/wellstepp.eu\/fr\/abonnement-reussi\/","title":{"rendered":"Abonnement r\u00e9ussi"},"content":{"rendered":"\n<h2 class=\"wp-block-heading has-text-align-center\">Merci, vous vous \u00eates abonn\u00e9(e) avec succ\u00e8s \u00e0 notre lettre d&rsquo;information!<\/h2>\n","protected":false},"excerpt":{"rendered":"<p>Merci, vous vous \u00eates abonn\u00e9(e) avec succ\u00e8s \u00e0 notre lettre d&rsquo;information!<\/p>\n","protected":false},"author":1,"featured_media":0,"parent":0,"menu_order":0,"comment_status":"closed","ping_status":"closed","template":"template-parts\/page-szoveges.php","meta":{"_acf_changed":false,"footnotes":""},"class_list":["post-604","page","type-page","status-publish","hentry"],"acf":[],"yoast_head":"<!-- This site is optimized with the Yoast SEO plugin v26.8 - https:\/\/yoast.com\/product\/yoast-seo-wordpress\/ -->\n<title>Abonnement r\u00e9ussi - WellStepp<\/title>\n<meta name=\"robots\" content=\"index, follow, max-snippet:-1, max-image-preview:large, max-video-preview:-1\" \/>\n<link rel=\"canonical\" href=\"https:\/\/wellstepp.eu\/fr\/abonnement-reussi\/\" \/>\n<meta property=\"og:locale\" content=\"fr_FR\" \/>\n<meta property=\"og:type\" content=\"article\" \/>\n<meta property=\"og:title\" content=\"Abonnement r\u00e9ussi - WellStepp\" \/>\n<meta property=\"og:description\" content=\"Merci, vous vous \u00eates abonn\u00e9(e) avec succ\u00e8s \u00e0 notre lettre d&rsquo;information!\" \/>\n<meta property=\"og:url\" content=\"https:\/\/wellstepp.eu\/fr\/abonnement-reussi\/\" \/>\n<meta property=\"og:site_name\" content=\"WellStepp\" \/>\n<meta property=\"article:publisher\" content=\"https:\/\/www.facebook.com\/people\/WellStepp\/100090271391298\/\" \/>\n<meta property=\"article:modified_time\" content=\"2023-11-17T09:12:14+00:00\" \/>\n<meta name=\"twitter:card\" content=\"summary_large_image\" \/>\n<meta name=\"twitter:label1\" content=\"Dur\u00e9e de lecture estim\u00e9e\" \/>\n\t<meta name=\"twitter:data1\" content=\"1 minute\" \/>\n<script type=\"application\/ld+json\" class=\"yoast-schema-graph\">{\"@context\":\"https:\/\/schema.org\",\"@graph\":[{\"@type\":\"WebPage\",\"@id\":\"https:\/\/wellstepp.eu\/fr\/abonnement-reussi\/\",\"url\":\"https:\/\/wellstepp.eu\/fr\/abonnement-reussi\/\",\"name\":\"Abonnement r\u00e9ussi - WellStepp\",\"isPartOf\":{\"@id\":\"https:\/\/wellstepp.eu\/fr\/#website\"},\"datePublished\":\"2023-05-23T07:29:12+00:00\",\"dateModified\":\"2023-11-17T09:12:14+00:00\",\"breadcrumb\":{\"@id\":\"https:\/\/wellstepp.eu\/fr\/abonnement-reussi\/#breadcrumb\"},\"inLanguage\":\"fr-FR\",\"potentialAction\":[{\"@type\":\"ReadAction\",\"target\":[\"https:\/\/wellstepp.eu\/fr\/abonnement-reussi\/\"]}]},{\"@type\":\"BreadcrumbList\",\"@id\":\"https:\/\/wellstepp.eu\/fr\/abonnement-reussi\/#breadcrumb\",\"itemListElement\":[{\"@type\":\"ListItem\",\"position\":1,\"name\":\"Kezd\u0151lap\",\"item\":\"https:\/\/wellstepp.eu\/fr\/\"},{\"@type\":\"ListItem\",\"position\":2,\"name\":\"Abonnement r\u00e9ussi\"}]},{\"@type\":\"WebSite\",\"@id\":\"https:\/\/wellstepp.eu\/fr\/#website\",\"url\":\"https:\/\/wellstepp.eu\/fr\/\",\"name\":\"WellStepp\",\"description\":\"\",\"potentialAction\":[{\"@type\":\"SearchAction\",\"target\":{\"@type\":\"EntryPoint\",\"urlTemplate\":\"https:\/\/wellstepp.eu\/fr\/?s={search_term_string}\"},\"query-input\":{\"@type\":\"PropertyValueSpecification\",\"valueRequired\":true,\"valueName\":\"search_term_string\"}}],\"inLanguage\":\"fr-FR\"}]}<\/script>\n<!-- \/ Yoast SEO plugin. -->","yoast_head_json":{"title":"Abonnement r\u00e9ussi - WellStepp","robots":{"index":"index","follow":"follow","max-snippet":"max-snippet:-1","max-image-preview":"max-image-preview:large","max-video-preview":"max-video-preview:-1"},"canonical":"https:\/\/wellstepp.eu\/fr\/abonnement-reussi\/","og_locale":"fr_FR","og_type":"article","og_title":"Abonnement r\u00e9ussi - WellStepp","og_description":"Merci, vous vous \u00eates abonn\u00e9(e) avec succ\u00e8s \u00e0 notre lettre d&rsquo;information!","og_url":"https:\/\/wellstepp.eu\/fr\/abonnement-reussi\/","og_site_name":"WellStepp","article_publisher":"https:\/\/www.facebook.com\/people\/WellStepp\/100090271391298\/","article_modified_time":"2023-11-17T09:12:14+00:00","twitter_card":"summary_large_image","twitter_misc":{"Dur\u00e9e de lecture estim\u00e9e":"1 minute"},"schema":{"@context":"https:\/\/schema.org","@graph":[{"@type":"WebPage","@id":"https:\/\/wellstepp.eu\/fr\/abonnement-reussi\/","url":"https:\/\/wellstepp.eu\/fr\/abonnement-reussi\/","name":"Abonnement r\u00e9ussi - WellStepp","isPartOf":{"@id":"https:\/\/wellstepp.eu\/fr\/#website"},"datePublished":"2023-05-23T07:29:12+00:00","dateModified":"2023-11-17T09:12:14+00:00","breadcrumb":{"@id":"https:\/\/wellstepp.eu\/fr\/abonnement-reussi\/#breadcrumb"},"inLanguage":"fr-FR","potentialAction":[{"@type":"ReadAction","target":["https:\/\/wellstepp.eu\/fr\/abonnement-reussi\/"]}]},{"@type":"BreadcrumbList","@id":"https:\/\/wellstepp.eu\/fr\/abonnement-reussi\/#breadcrumb","itemListElement":[{"@type":"ListItem","position":1,"name":"Kezd\u0151lap","item":"https:\/\/wellstepp.eu\/fr\/"},{"@type":"ListItem","position":2,"name":"Abonnement r\u00e9ussi"}]},{"@type":"WebSite","@id":"https:\/\/wellstepp.eu\/fr\/#website","url":"https:\/\/wellstepp.eu\/fr\/","name":"WellStepp","description":"","potentialAction":[{"@type":"SearchAction","target":{"@type":"EntryPoint","urlTemplate":"https:\/\/wellstepp.eu\/fr\/?s={search_term_string}"},"query-input":{"@type":"PropertyValueSpecification","valueRequired":true,"valueName":"search_term_string"}}],"inLanguage":"fr-FR"}]}},"_links":{"self":[{"href":"https:\/\/wellstepp.eu\/fr\/wp-json\/wp\/v2\/pages\/604","targetHints":{"allow":["GET"]}}],"collection":[{"href":"https:\/\/wellstepp.eu\/fr\/wp-json\/wp\/v2\/pages"}],"about":[{"href":"https:\/\/wellstepp.eu\/fr\/wp-json\/wp\/v2\/types\/page"}],"author":[{"embeddable":true,"href":"https:\/\/wellstepp.eu\/fr\/wp-json\/wp\/v2\/users\/1"}],"replies":[{"embeddable":true,"href":"https:\/\/wellstepp.eu\/fr\/wp-json\/wp\/v2\/comments?post=604"}],"version-history":[{"count":1,"href":"https:\/\/wellstepp.eu\/fr\/wp-json\/wp\/v2\/pages\/604\/revisions"}],"predecessor-version":[{"id":611,"href":"https:\/\/wellstepp.eu\/fr\/wp-json\/wp\/v2\/pages\/604\/revisions\/611"}],"wp:attachment":[{"href":"https:\/\/wellstepp.eu\/fr\/wp-json\/wp\/v2\/media?parent=604"}],"curies":[{"name":"wp","href":"https:\/\/api.w.org\/{rel}","templated":true}]}}