{"id":377,"date":"2023-03-23T08:20:00","date_gmt":"2023-03-23T07:20:00","guid":{"rendered":"http:\/\/localhost\/wellstepp-dev\/feladatsorok\/"},"modified":"2023-11-21T09:41:10","modified_gmt":"2023-11-21T08:41:10","slug":"zestawy-cwiczen","status":"publish","type":"page","link":"https:\/\/wellstepp.eu\/pl\/zestawy-cwiczen\/","title":{"rendered":"Zestawy \u0107wicze\u0144"},"content":{"rendered":"\n<p class=\"has-text-align-center\">Zabawa jest nie tylko \u017ar\u00f3d\u0142em przyjemno\u015bci, ale w dzieci\u0144stwie jest r\u00f3wnie\u017c najwa\u017cniejszym wsparciem umys\u0142owego i fizycznego rozwoju dziecka. Nasze zestawy \u0107wicze\u0144 zosta\u0142y opracowane z pomoc\u0105 wykwalifikowanych fizjoterapeut\u00f3w w taki spos\u00f3b, aby dzieci w r\u00f3\u017cnym wieku mog\u0142y wykonywa\u0107 ruchy i zadania zgodne z ich poziomem rozwoju.<\/p>\n\n\n\n<p class=\"has-text-align-center\"><\/p>\n\n\n\n<p class=\"has-text-align-center\">Podczas wykonywania zabawnych i kreatywnych \u0107wicze\u0144 rozwijaj\u0105cych dok\u0142adnie masujemy stop\u0119 dziecka, rozwijamy jego zmys\u0142 r\u00f3wnowagi i wspieramy odpowiedni rozw\u00f3j neurologiczny.<\/p>\n","protected":false},"excerpt":{"rendered":"<p>Zabawa jest nie tylko \u017ar\u00f3d\u0142em przyjemno\u015bci, ale w dzieci\u0144stwie jest r\u00f3wnie\u017c najwa\u017cniejszym wsparciem umys\u0142owego i fizycznego rozwoju dziecka. Nasze zestawy \u0107wicze\u0144 zosta\u0142y opracowane z pomoc\u0105 wykwalifikowanych fizjoterapeut\u00f3w w taki spos\u00f3b, aby dzieci w r\u00f3\u017cnym wieku mog\u0142y wykonywa\u0107 ruchy i zadania zgodne z ich poziomem rozwoju. Podczas wykonywania zabawnych i kreatywnych \u0107wicze\u0144 rozwijaj\u0105cych dok\u0142adnie masujemy stop\u0119 [&hellip;]<\/p>\n","protected":false},"author":1,"featured_media":0,"parent":0,"menu_order":0,"comment_status":"closed","ping_status":"closed","template":"template-parts\/page-feladatsorok.php","meta":{"_acf_changed":false,"footnotes":""},"class_list":["post-377","page","type-page","status-publish","hentry"],"acf":[],"yoast_head":"<!-- This site is optimized with the Yoast SEO plugin v26.8 - https:\/\/yoast.com\/product\/yoast-seo-wordpress\/ -->\n<title>Zestawy \u0107wicze\u0144 - WellStepp<\/title>\n<meta name=\"robots\" content=\"index, follow, max-snippet:-1, max-image-preview:large, max-video-preview:-1\" \/>\n<link rel=\"canonical\" href=\"https:\/\/wellstepp.eu\/pl\/zestawy-cwiczen\/\" \/>\n<meta property=\"og:locale\" content=\"pl_PL\" \/>\n<meta property=\"og:type\" content=\"article\" \/>\n<meta property=\"og:title\" content=\"Zestawy \u0107wicze\u0144 - WellStepp\" \/>\n<meta property=\"og:description\" content=\"Zabawa jest nie tylko \u017ar\u00f3d\u0142em przyjemno\u015bci, ale w dzieci\u0144stwie jest r\u00f3wnie\u017c najwa\u017cniejszym wsparciem umys\u0142owego i fizycznego rozwoju dziecka. Nasze zestawy \u0107wicze\u0144 zosta\u0142y opracowane z pomoc\u0105 wykwalifikowanych fizjoterapeut\u00f3w w taki spos\u00f3b, aby dzieci w r\u00f3\u017cnym wieku mog\u0142y wykonywa\u0107 ruchy i zadania zgodne z ich poziomem rozwoju. Podczas wykonywania zabawnych i kreatywnych \u0107wicze\u0144 rozwijaj\u0105cych dok\u0142adnie masujemy stop\u0119 [&hellip;]\" \/>\n<meta property=\"og:url\" content=\"https:\/\/wellstepp.eu\/pl\/zestawy-cwiczen\/\" \/>\n<meta property=\"og:site_name\" content=\"WellStepp\" \/>\n<meta property=\"article:publisher\" content=\"https:\/\/www.facebook.com\/people\/WellStepp\/100090271391298\/\" \/>\n<meta property=\"article:modified_time\" content=\"2023-11-21T08:41:10+00:00\" \/>\n<meta name=\"twitter:card\" content=\"summary_large_image\" \/>\n<meta name=\"twitter:label1\" content=\"Szacowany czas czytania\" \/>\n\t<meta name=\"twitter:data1\" content=\"1 minuta\" \/>\n<script type=\"application\/ld+json\" class=\"yoast-schema-graph\">{\"@context\":\"https:\/\/schema.org\",\"@graph\":[{\"@type\":\"WebPage\",\"@id\":\"https:\/\/wellstepp.eu\/pl\/zestawy-cwiczen\/\",\"url\":\"https:\/\/wellstepp.eu\/pl\/zestawy-cwiczen\/\",\"name\":\"Zestawy \u0107wicze\u0144 - WellStepp\",\"isPartOf\":{\"@id\":\"https:\/\/wellstepp.eu\/fr\/#website\"},\"datePublished\":\"2023-03-23T07:20:00+00:00\",\"dateModified\":\"2023-11-21T08:41:10+00:00\",\"breadcrumb\":{\"@id\":\"https:\/\/wellstepp.eu\/pl\/zestawy-cwiczen\/#breadcrumb\"},\"inLanguage\":\"pl-PL\",\"potentialAction\":[{\"@type\":\"ReadAction\",\"target\":[\"https:\/\/wellstepp.eu\/pl\/zestawy-cwiczen\/\"]}]},{\"@type\":\"BreadcrumbList\",\"@id\":\"https:\/\/wellstepp.eu\/pl\/zestawy-cwiczen\/#breadcrumb\",\"itemListElement\":[{\"@type\":\"ListItem\",\"position\":1,\"name\":\"Kezd\u0151lap\",\"item\":\"https:\/\/wellstepp.eu\/pl\/\"},{\"@type\":\"ListItem\",\"position\":2,\"name\":\"Zestawy \u0107wicze\u0144\"}]},{\"@type\":\"WebSite\",\"@id\":\"https:\/\/wellstepp.eu\/fr\/#website\",\"url\":\"https:\/\/wellstepp.eu\/fr\/\",\"name\":\"WellStepp\",\"description\":\"\",\"potentialAction\":[{\"@type\":\"SearchAction\",\"target\":{\"@type\":\"EntryPoint\",\"urlTemplate\":\"https:\/\/wellstepp.eu\/fr\/?s={search_term_string}\"},\"query-input\":{\"@type\":\"PropertyValueSpecification\",\"valueRequired\":true,\"valueName\":\"search_term_string\"}}],\"inLanguage\":\"pl-PL\"}]}<\/script>\n<!-- \/ Yoast SEO plugin. -->","yoast_head_json":{"title":"Zestawy \u0107wicze\u0144 - WellStepp","robots":{"index":"index","follow":"follow","max-snippet":"max-snippet:-1","max-image-preview":"max-image-preview:large","max-video-preview":"max-video-preview:-1"},"canonical":"https:\/\/wellstepp.eu\/pl\/zestawy-cwiczen\/","og_locale":"pl_PL","og_type":"article","og_title":"Zestawy \u0107wicze\u0144 - WellStepp","og_description":"Zabawa jest nie tylko \u017ar\u00f3d\u0142em przyjemno\u015bci, ale w dzieci\u0144stwie jest r\u00f3wnie\u017c najwa\u017cniejszym wsparciem umys\u0142owego i fizycznego rozwoju dziecka. Nasze zestawy \u0107wicze\u0144 zosta\u0142y opracowane z pomoc\u0105 wykwalifikowanych fizjoterapeut\u00f3w w taki spos\u00f3b, aby dzieci w r\u00f3\u017cnym wieku mog\u0142y wykonywa\u0107 ruchy i zadania zgodne z ich poziomem rozwoju. Podczas wykonywania zabawnych i kreatywnych \u0107wicze\u0144 rozwijaj\u0105cych dok\u0142adnie masujemy stop\u0119 [&hellip;]","og_url":"https:\/\/wellstepp.eu\/pl\/zestawy-cwiczen\/","og_site_name":"WellStepp","article_publisher":"https:\/\/www.facebook.com\/people\/WellStepp\/100090271391298\/","article_modified_time":"2023-11-21T08:41:10+00:00","twitter_card":"summary_large_image","twitter_misc":{"Szacowany czas czytania":"1 minuta"},"schema":{"@context":"https:\/\/schema.org","@graph":[{"@type":"WebPage","@id":"https:\/\/wellstepp.eu\/pl\/zestawy-cwiczen\/","url":"https:\/\/wellstepp.eu\/pl\/zestawy-cwiczen\/","name":"Zestawy \u0107wicze\u0144 - WellStepp","isPartOf":{"@id":"https:\/\/wellstepp.eu\/fr\/#website"},"datePublished":"2023-03-23T07:20:00+00:00","dateModified":"2023-11-21T08:41:10+00:00","breadcrumb":{"@id":"https:\/\/wellstepp.eu\/pl\/zestawy-cwiczen\/#breadcrumb"},"inLanguage":"pl-PL","potentialAction":[{"@type":"ReadAction","target":["https:\/\/wellstepp.eu\/pl\/zestawy-cwiczen\/"]}]},{"@type":"BreadcrumbList","@id":"https:\/\/wellstepp.eu\/pl\/zestawy-cwiczen\/#breadcrumb","itemListElement":[{"@type":"ListItem","position":1,"name":"Kezd\u0151lap","item":"https:\/\/wellstepp.eu\/pl\/"},{"@type":"ListItem","position":2,"name":"Zestawy \u0107wicze\u0144"}]},{"@type":"WebSite","@id":"https:\/\/wellstepp.eu\/fr\/#website","url":"https:\/\/wellstepp.eu\/fr\/","name":"WellStepp","description":"","potentialAction":[{"@type":"SearchAction","target":{"@type":"EntryPoint","urlTemplate":"https:\/\/wellstepp.eu\/fr\/?s={search_term_string}"},"query-input":{"@type":"PropertyValueSpecification","valueRequired":true,"valueName":"search_term_string"}}],"inLanguage":"pl-PL"}]}},"_links":{"self":[{"href":"https:\/\/wellstepp.eu\/pl\/wp-json\/wp\/v2\/pages\/377","targetHints":{"allow":["GET"]}}],"collection":[{"href":"https:\/\/wellstepp.eu\/pl\/wp-json\/wp\/v2\/pages"}],"about":[{"href":"https:\/\/wellstepp.eu\/pl\/wp-json\/wp\/v2\/types\/page"}],"author":[{"embeddable":true,"href":"https:\/\/wellstepp.eu\/pl\/wp-json\/wp\/v2\/users\/1"}],"replies":[{"embeddable":true,"href":"https:\/\/wellstepp.eu\/pl\/wp-json\/wp\/v2\/comments?post=377"}],"version-history":[{"count":2,"href":"https:\/\/wellstepp.eu\/pl\/wp-json\/wp\/v2\/pages\/377\/revisions"}],"predecessor-version":[{"id":822,"href":"https:\/\/wellstepp.eu\/pl\/wp-json\/wp\/v2\/pages\/377\/revisions\/822"}],"wp:attachment":[{"href":"https:\/\/wellstepp.eu\/pl\/wp-json\/wp\/v2\/media?parent=377"}],"curies":[{"name":"wp","href":"https:\/\/api.w.org\/{rel}","templated":true}]}}