{"id":427,"date":"2023-03-23T14:02:44","date_gmt":"2023-03-23T13:02:44","guid":{"rendered":"http:\/\/localhost\/wellstepp-dev\/zestawy-cwiczen\/paros-gyakorlatsorok-ovodasok-szamara\/"},"modified":"2023-11-29T14:15:24","modified_gmt":"2023-11-29T13:15:24","slug":"cwiczenia-w-parach-dla-dzieci-w-przedszkolnym","status":"publish","type":"page","link":"https:\/\/wellstepp.eu\/pl\/zestawy-cwiczen\/cwiczenia-w-parach-dla-dzieci-w-przedszkolnym\/","title":{"rendered":"\u0106wiczenia w parach dla dzieci w przedszkolnym"},"content":{"rendered":"\n<ol class=\"wp-block-list\">\n<li>Wsp\u00f3lna zabawa<br>Dzi\u0119ki wsp\u00f3lnej zabawie mo\u017cemy rozwija\u0107 jednocze\u015bnie kilka zmys\u0142\u00f3w dzieci. Koordynacja r\u0119ka-oko i koncentracja maj\u0105 wp\u0142yw na rozw\u00f3j orientacji przestrzennej. Za pomoc\u0105 wsp\u00f3lnie wykonywanych \u0107wicze\u0144 rozwija si\u0119 r\u00f3wnie\u017c umiej\u0119tno\u015b\u0107 dostosowywania si\u0119, zdolno\u015b\u0107 do pracy zespo\u0142owej.<\/li>\n\n\n\n<li>Zabawa z pi\u0142k\u0105<br>Popro\u015b dzieci, aby usiad\u0142y naprzeciwko siebie na macie i przepycha\u0142y do siebie pi\u0142k\u0119 po nier\u00f3wnej powierzchni.\u00a0 Zabawy ruchowe z pi\u0142k\u0105 wspomagaj\u0105 percepcj\u0119 przestrzenn\u0105 i czasow\u0105 oraz zwi\u0119kszenie dok\u0142adno\u015bci ruch\u00f3w. Zabawnym do\u015bwiadczeniem mo\u017ce by\u0107 kiedy powierzchnia maty odbija pi\u0142k\u0119 w nieoczekiwanych kierunkach!<\/li>\n\n\n\n<li>Krok boczny<br>Popro\u015b dzieci, aby sta\u0142y naprzeciwko siebie i trzymaj\u0105c si\u0119 za r\u0119ce przesz\u0142y z jednego ko\u0144ca maty na drugi. Nic strasznego je\u015bli kilka krok\u00f3w dzieci zrobi\u0105 nie na macie! Wszystkie wsp\u00f3lne \u0107wiczenia ucz\u0105 dzieci wzajemnej obserwacji ruch\u00f3w, koncentracja sprawia, \u017ce czas p\u0142ynie szybciej, a \u0107wiczenia wykonywane na macie przybieraj\u0105 form\u0119 zabawy. Gra jednocze\u015bnie anga\u017cuje kilka zmys\u0142\u00f3w.<\/li>\n\n\n\n<li>Podskoki na dw\u00f3ch nogach<br>Popro\u015b dzieci, aby trzymaj\u0105c si\u0119 za r\u0119ce skakali na dw\u00f3ch nogach z jednego ko\u0144ca maty na drugi. Niech spr\u00f3buj\u0105 wykona\u0107 podskoki w tym samym czasie. Wszystkie wsp\u00f3lne \u0107wiczenia wspieraj\u0105 nauk\u0119 akceptacji zasad i wzmacniaj\u0105 umiej\u0119tno\u015bci spo\u0142eczne.<\/li>\n\n\n\n<li>Turlanie si\u0119<br>Popro\u015b dzieci, aby si\u0119 po\u0142o\u017cy\u0142y na macie WellStepp\u00ae i przeturla\u0142y si\u0119 po niej jeden po drugim. To \u0107wiczenie masuje i stymuluje ca\u0142e cia\u0142o.<\/li>\n\n\n\n<li>Zagrajmy w \u017cabie skoki! kto skoczy najdalej?<br>Wsp\u00f3lne skakanie pod muzyk\u0119\/klaski dobrze wp\u0142ywa na poczucie rytmu i koncentracj\u0119 uwagi. Przy tych zadaniach warto upewni\u0107 si\u0119, \u017ce mata zosta\u0142a prawid\u0142owo przymocowana do pod\u0142o\u017ca, aby unikn\u0105\u0107 jej przesuni\u0119cia si\u0119, gdy\u017c na niekt\u00f3rych powierzchniach mo\u017ce straci\u0107 z przyczepno\u015bci.<\/li>\n\n\n\n<li>Wsp\u00f3lna zabawa z rodzicami \u015amia\u0142o \u0107wiczmy razem z dzieckiem, mata o nier\u00f3wnej powierzchni ma pozytywy wp\u0142yw na ka\u017cdego! Nasze zabawne, kreatywne, odkrywcze ja i entuzjazm jest nam potrzebny r\u00f3wnie\u017c w doros\u0142ym \u017cyciu, aby m\u00f3c dawa\u0107 przyk\u0142ad i nawi\u0105za\u0107 \u015bcis\u0142y kontakt z naszymi dzie\u0107mi.<\/li>\n<\/ol>\n","protected":false},"excerpt":{"rendered":"","protected":false},"author":1,"featured_media":0,"parent":377,"menu_order":0,"comment_status":"closed","ping_status":"closed","template":"template-parts\/page-feladatsor.php","meta":{"_acf_changed":false,"footnotes":""},"class_list":["post-427","page","type-page","status-publish","hentry"],"acf":[],"yoast_head":"<!-- This site is optimized with the Yoast SEO plugin v26.8 - https:\/\/yoast.com\/product\/yoast-seo-wordpress\/ -->\n<title>\u0106wiczenia w parach dla dzieci w przedszkolnym - WellStepp<\/title>\n<meta name=\"robots\" content=\"index, follow, max-snippet:-1, max-image-preview:large, max-video-preview:-1\" \/>\n<link rel=\"canonical\" href=\"https:\/\/wellstepp.eu\/pl\/zestawy-cwiczen\/cwiczenia-w-parach-dla-dzieci-w-przedszkolnym\/\" \/>\n<meta property=\"og:locale\" content=\"pl_PL\" \/>\n<meta property=\"og:type\" content=\"article\" \/>\n<meta property=\"og:title\" content=\"\u0106wiczenia w parach dla dzieci w przedszkolnym - WellStepp\" \/>\n<meta property=\"og:url\" content=\"https:\/\/wellstepp.eu\/pl\/zestawy-cwiczen\/cwiczenia-w-parach-dla-dzieci-w-przedszkolnym\/\" \/>\n<meta property=\"og:site_name\" content=\"WellStepp\" \/>\n<meta property=\"article:publisher\" content=\"https:\/\/www.facebook.com\/people\/WellStepp\/100090271391298\/\" \/>\n<meta property=\"article:modified_time\" content=\"2023-11-29T13:15:24+00:00\" \/>\n<meta name=\"twitter:card\" content=\"summary_large_image\" \/>\n<meta name=\"twitter:label1\" content=\"Szacowany czas czytania\" \/>\n\t<meta name=\"twitter:data1\" content=\"2 minuty\" \/>\n<script type=\"application\/ld+json\" class=\"yoast-schema-graph\">{\"@context\":\"https:\/\/schema.org\",\"@graph\":[{\"@type\":\"WebPage\",\"@id\":\"https:\/\/wellstepp.eu\/pl\/zestawy-cwiczen\/cwiczenia-w-parach-dla-dzieci-w-przedszkolnym\/\",\"url\":\"https:\/\/wellstepp.eu\/pl\/zestawy-cwiczen\/cwiczenia-w-parach-dla-dzieci-w-przedszkolnym\/\",\"name\":\"\u0106wiczenia w parach dla dzieci w przedszkolnym - WellStepp\",\"isPartOf\":{\"@id\":\"https:\/\/wellstepp.eu\/fr\/#website\"},\"datePublished\":\"2023-03-23T13:02:44+00:00\",\"dateModified\":\"2023-11-29T13:15:24+00:00\",\"breadcrumb\":{\"@id\":\"https:\/\/wellstepp.eu\/pl\/zestawy-cwiczen\/cwiczenia-w-parach-dla-dzieci-w-przedszkolnym\/#breadcrumb\"},\"inLanguage\":\"pl-PL\",\"potentialAction\":[{\"@type\":\"ReadAction\",\"target\":[\"https:\/\/wellstepp.eu\/pl\/zestawy-cwiczen\/cwiczenia-w-parach-dla-dzieci-w-przedszkolnym\/\"]}]},{\"@type\":\"BreadcrumbList\",\"@id\":\"https:\/\/wellstepp.eu\/pl\/zestawy-cwiczen\/cwiczenia-w-parach-dla-dzieci-w-przedszkolnym\/#breadcrumb\",\"itemListElement\":[{\"@type\":\"ListItem\",\"position\":1,\"name\":\"Kezd\u0151lap\",\"item\":\"https:\/\/wellstepp.eu\/pl\/\"},{\"@type\":\"ListItem\",\"position\":2,\"name\":\"Zestawy \u0107wicze\u0144\",\"item\":\"https:\/\/wellstepp.eu\/pl\/zestawy-cwiczen\/\"},{\"@type\":\"ListItem\",\"position\":3,\"name\":\"\u0106wiczenia w parach dla dzieci w przedszkolnym\"}]},{\"@type\":\"WebSite\",\"@id\":\"https:\/\/wellstepp.eu\/fr\/#website\",\"url\":\"https:\/\/wellstepp.eu\/fr\/\",\"name\":\"WellStepp\",\"description\":\"\",\"potentialAction\":[{\"@type\":\"SearchAction\",\"target\":{\"@type\":\"EntryPoint\",\"urlTemplate\":\"https:\/\/wellstepp.eu\/fr\/?s={search_term_string}\"},\"query-input\":{\"@type\":\"PropertyValueSpecification\",\"valueRequired\":true,\"valueName\":\"search_term_string\"}}],\"inLanguage\":\"pl-PL\"}]}<\/script>\n<!-- \/ Yoast SEO plugin. -->","yoast_head_json":{"title":"\u0106wiczenia w parach dla dzieci w przedszkolnym - WellStepp","robots":{"index":"index","follow":"follow","max-snippet":"max-snippet:-1","max-image-preview":"max-image-preview:large","max-video-preview":"max-video-preview:-1"},"canonical":"https:\/\/wellstepp.eu\/pl\/zestawy-cwiczen\/cwiczenia-w-parach-dla-dzieci-w-przedszkolnym\/","og_locale":"pl_PL","og_type":"article","og_title":"\u0106wiczenia w parach dla dzieci w przedszkolnym - WellStepp","og_url":"https:\/\/wellstepp.eu\/pl\/zestawy-cwiczen\/cwiczenia-w-parach-dla-dzieci-w-przedszkolnym\/","og_site_name":"WellStepp","article_publisher":"https:\/\/www.facebook.com\/people\/WellStepp\/100090271391298\/","article_modified_time":"2023-11-29T13:15:24+00:00","twitter_card":"summary_large_image","twitter_misc":{"Szacowany czas czytania":"2 minuty"},"schema":{"@context":"https:\/\/schema.org","@graph":[{"@type":"WebPage","@id":"https:\/\/wellstepp.eu\/pl\/zestawy-cwiczen\/cwiczenia-w-parach-dla-dzieci-w-przedszkolnym\/","url":"https:\/\/wellstepp.eu\/pl\/zestawy-cwiczen\/cwiczenia-w-parach-dla-dzieci-w-przedszkolnym\/","name":"\u0106wiczenia w parach dla dzieci w przedszkolnym - WellStepp","isPartOf":{"@id":"https:\/\/wellstepp.eu\/fr\/#website"},"datePublished":"2023-03-23T13:02:44+00:00","dateModified":"2023-11-29T13:15:24+00:00","breadcrumb":{"@id":"https:\/\/wellstepp.eu\/pl\/zestawy-cwiczen\/cwiczenia-w-parach-dla-dzieci-w-przedszkolnym\/#breadcrumb"},"inLanguage":"pl-PL","potentialAction":[{"@type":"ReadAction","target":["https:\/\/wellstepp.eu\/pl\/zestawy-cwiczen\/cwiczenia-w-parach-dla-dzieci-w-przedszkolnym\/"]}]},{"@type":"BreadcrumbList","@id":"https:\/\/wellstepp.eu\/pl\/zestawy-cwiczen\/cwiczenia-w-parach-dla-dzieci-w-przedszkolnym\/#breadcrumb","itemListElement":[{"@type":"ListItem","position":1,"name":"Kezd\u0151lap","item":"https:\/\/wellstepp.eu\/pl\/"},{"@type":"ListItem","position":2,"name":"Zestawy \u0107wicze\u0144","item":"https:\/\/wellstepp.eu\/pl\/zestawy-cwiczen\/"},{"@type":"ListItem","position":3,"name":"\u0106wiczenia w parach dla dzieci w przedszkolnym"}]},{"@type":"WebSite","@id":"https:\/\/wellstepp.eu\/fr\/#website","url":"https:\/\/wellstepp.eu\/fr\/","name":"WellStepp","description":"","potentialAction":[{"@type":"SearchAction","target":{"@type":"EntryPoint","urlTemplate":"https:\/\/wellstepp.eu\/fr\/?s={search_term_string}"},"query-input":{"@type":"PropertyValueSpecification","valueRequired":true,"valueName":"search_term_string"}}],"inLanguage":"pl-PL"}]}},"_links":{"self":[{"href":"https:\/\/wellstepp.eu\/pl\/wp-json\/wp\/v2\/pages\/427","targetHints":{"allow":["GET"]}}],"collection":[{"href":"https:\/\/wellstepp.eu\/pl\/wp-json\/wp\/v2\/pages"}],"about":[{"href":"https:\/\/wellstepp.eu\/pl\/wp-json\/wp\/v2\/types\/page"}],"author":[{"embeddable":true,"href":"https:\/\/wellstepp.eu\/pl\/wp-json\/wp\/v2\/users\/1"}],"replies":[{"embeddable":true,"href":"https:\/\/wellstepp.eu\/pl\/wp-json\/wp\/v2\/comments?post=427"}],"version-history":[{"count":2,"href":"https:\/\/wellstepp.eu\/pl\/wp-json\/wp\/v2\/pages\/427\/revisions"}],"predecessor-version":[{"id":859,"href":"https:\/\/wellstepp.eu\/pl\/wp-json\/wp\/v2\/pages\/427\/revisions\/859"}],"up":[{"embeddable":true,"href":"https:\/\/wellstepp.eu\/pl\/wp-json\/wp\/v2\/pages\/377"}],"wp:attachment":[{"href":"https:\/\/wellstepp.eu\/pl\/wp-json\/wp\/v2\/media?parent=427"}],"curies":[{"name":"wp","href":"https:\/\/api.w.org\/{rel}","templated":true}]}}