{"id":483,"date":"2023-03-23T08:20:50","date_gmt":"2023-03-23T07:20:50","guid":{"rendered":"http:\/\/localhost\/wellstepp-dev\/impresszum\/"},"modified":"2023-11-13T10:41:19","modified_gmt":"2023-11-13T09:41:19","slug":"dane-uslugodawcy","status":"publish","type":"page","link":"https:\/\/wellstepp.eu\/pl\/dane-uslugodawcy\/","title":{"rendered":"Dane us\u0142ugodawcy"},"content":{"rendered":"\n<p>Tre\u015b\u0107 niniejszej strony internetowej zosta\u0142a opublikowana przez Polifoam Kft. (siedziba: 1097 Budapest, T\u00e1bl\u00e1s utca 34\/A., numer rejestracyjny sp\u00f3\u0142ki: 01-09-060479).\u00a0 Prawa do domeny \u201ewellstepp.eu\u201d posiada sp\u00f3\u0142ka dominuj\u0105ca firmy Polifoam Kft., sp\u00f3\u0142ka Trocellen GmbH (siedziba: M\u00fclheimer Str. 26, 53840 Troisdorf, Niemcy).<\/p>\n","protected":false},"excerpt":{"rendered":"<p>Tre\u015b\u0107 niniejszej strony internetowej zosta\u0142a opublikowana przez Polifoam Kft. (siedziba: 1097 Budapest, T\u00e1bl\u00e1s utca 34\/A., numer rejestracyjny sp\u00f3\u0142ki: 01-09-060479).\u00a0 Prawa do domeny \u201ewellstepp.eu\u201d posiada sp\u00f3\u0142ka dominuj\u0105ca firmy Polifoam Kft., sp\u00f3\u0142ka Trocellen GmbH (siedziba: M\u00fclheimer Str. 26, 53840 Troisdorf, Niemcy).<\/p>\n","protected":false},"author":1,"featured_media":0,"parent":0,"menu_order":0,"comment_status":"closed","ping_status":"closed","template":"template-parts\/page-szoveges.php","meta":{"_acf_changed":false,"footnotes":""},"class_list":["post-483","page","type-page","status-publish","hentry"],"acf":[],"yoast_head":"<!-- This site is optimized with the Yoast SEO plugin v26.8 - https:\/\/yoast.com\/product\/yoast-seo-wordpress\/ -->\n<title>Dane us\u0142ugodawcy - WellStepp<\/title>\n<meta name=\"robots\" content=\"index, follow, max-snippet:-1, max-image-preview:large, max-video-preview:-1\" \/>\n<link rel=\"canonical\" href=\"https:\/\/wellstepp.eu\/pl\/dane-uslugodawcy\/\" \/>\n<meta property=\"og:locale\" content=\"pl_PL\" \/>\n<meta property=\"og:type\" content=\"article\" \/>\n<meta property=\"og:title\" content=\"Dane us\u0142ugodawcy - WellStepp\" \/>\n<meta property=\"og:description\" content=\"Tre\u015b\u0107 niniejszej strony internetowej zosta\u0142a opublikowana przez Polifoam Kft. (siedziba: 1097 Budapest, T\u00e1bl\u00e1s utca 34\/A., numer rejestracyjny sp\u00f3\u0142ki: 01-09-060479).\u00a0 Prawa do domeny \u201ewellstepp.eu\u201d posiada sp\u00f3\u0142ka dominuj\u0105ca firmy Polifoam Kft., sp\u00f3\u0142ka Trocellen GmbH (siedziba: M\u00fclheimer Str. 26, 53840 Troisdorf, Niemcy).\" \/>\n<meta property=\"og:url\" content=\"https:\/\/wellstepp.eu\/pl\/dane-uslugodawcy\/\" \/>\n<meta property=\"og:site_name\" content=\"WellStepp\" \/>\n<meta property=\"article:publisher\" content=\"https:\/\/www.facebook.com\/people\/WellStepp\/100090271391298\/\" \/>\n<meta property=\"article:modified_time\" content=\"2023-11-13T09:41:19+00:00\" \/>\n<meta name=\"twitter:card\" content=\"summary_large_image\" \/>\n<meta name=\"twitter:label1\" content=\"Szacowany czas czytania\" \/>\n\t<meta name=\"twitter:data1\" content=\"1 minuta\" \/>\n<script type=\"application\/ld+json\" class=\"yoast-schema-graph\">{\"@context\":\"https:\/\/schema.org\",\"@graph\":[{\"@type\":\"WebPage\",\"@id\":\"https:\/\/wellstepp.eu\/pl\/dane-uslugodawcy\/\",\"url\":\"https:\/\/wellstepp.eu\/pl\/dane-uslugodawcy\/\",\"name\":\"Dane us\u0142ugodawcy - WellStepp\",\"isPartOf\":{\"@id\":\"https:\/\/wellstepp.eu\/fr\/#website\"},\"datePublished\":\"2023-03-23T07:20:50+00:00\",\"dateModified\":\"2023-11-13T09:41:19+00:00\",\"breadcrumb\":{\"@id\":\"https:\/\/wellstepp.eu\/pl\/dane-uslugodawcy\/#breadcrumb\"},\"inLanguage\":\"pl-PL\",\"potentialAction\":[{\"@type\":\"ReadAction\",\"target\":[\"https:\/\/wellstepp.eu\/pl\/dane-uslugodawcy\/\"]}]},{\"@type\":\"BreadcrumbList\",\"@id\":\"https:\/\/wellstepp.eu\/pl\/dane-uslugodawcy\/#breadcrumb\",\"itemListElement\":[{\"@type\":\"ListItem\",\"position\":1,\"name\":\"Kezd\u0151lap\",\"item\":\"https:\/\/wellstepp.eu\/pl\/\"},{\"@type\":\"ListItem\",\"position\":2,\"name\":\"Dane us\u0142ugodawcy\"}]},{\"@type\":\"WebSite\",\"@id\":\"https:\/\/wellstepp.eu\/fr\/#website\",\"url\":\"https:\/\/wellstepp.eu\/fr\/\",\"name\":\"WellStepp\",\"description\":\"\",\"potentialAction\":[{\"@type\":\"SearchAction\",\"target\":{\"@type\":\"EntryPoint\",\"urlTemplate\":\"https:\/\/wellstepp.eu\/fr\/?s={search_term_string}\"},\"query-input\":{\"@type\":\"PropertyValueSpecification\",\"valueRequired\":true,\"valueName\":\"search_term_string\"}}],\"inLanguage\":\"pl-PL\"}]}<\/script>\n<!-- \/ Yoast SEO plugin. -->","yoast_head_json":{"title":"Dane us\u0142ugodawcy - WellStepp","robots":{"index":"index","follow":"follow","max-snippet":"max-snippet:-1","max-image-preview":"max-image-preview:large","max-video-preview":"max-video-preview:-1"},"canonical":"https:\/\/wellstepp.eu\/pl\/dane-uslugodawcy\/","og_locale":"pl_PL","og_type":"article","og_title":"Dane us\u0142ugodawcy - WellStepp","og_description":"Tre\u015b\u0107 niniejszej strony internetowej zosta\u0142a opublikowana przez Polifoam Kft. (siedziba: 1097 Budapest, T\u00e1bl\u00e1s utca 34\/A., numer rejestracyjny sp\u00f3\u0142ki: 01-09-060479).\u00a0 Prawa do domeny \u201ewellstepp.eu\u201d posiada sp\u00f3\u0142ka dominuj\u0105ca firmy Polifoam Kft., sp\u00f3\u0142ka Trocellen GmbH (siedziba: M\u00fclheimer Str. 26, 53840 Troisdorf, Niemcy).","og_url":"https:\/\/wellstepp.eu\/pl\/dane-uslugodawcy\/","og_site_name":"WellStepp","article_publisher":"https:\/\/www.facebook.com\/people\/WellStepp\/100090271391298\/","article_modified_time":"2023-11-13T09:41:19+00:00","twitter_card":"summary_large_image","twitter_misc":{"Szacowany czas czytania":"1 minuta"},"schema":{"@context":"https:\/\/schema.org","@graph":[{"@type":"WebPage","@id":"https:\/\/wellstepp.eu\/pl\/dane-uslugodawcy\/","url":"https:\/\/wellstepp.eu\/pl\/dane-uslugodawcy\/","name":"Dane us\u0142ugodawcy - WellStepp","isPartOf":{"@id":"https:\/\/wellstepp.eu\/fr\/#website"},"datePublished":"2023-03-23T07:20:50+00:00","dateModified":"2023-11-13T09:41:19+00:00","breadcrumb":{"@id":"https:\/\/wellstepp.eu\/pl\/dane-uslugodawcy\/#breadcrumb"},"inLanguage":"pl-PL","potentialAction":[{"@type":"ReadAction","target":["https:\/\/wellstepp.eu\/pl\/dane-uslugodawcy\/"]}]},{"@type":"BreadcrumbList","@id":"https:\/\/wellstepp.eu\/pl\/dane-uslugodawcy\/#breadcrumb","itemListElement":[{"@type":"ListItem","position":1,"name":"Kezd\u0151lap","item":"https:\/\/wellstepp.eu\/pl\/"},{"@type":"ListItem","position":2,"name":"Dane us\u0142ugodawcy"}]},{"@type":"WebSite","@id":"https:\/\/wellstepp.eu\/fr\/#website","url":"https:\/\/wellstepp.eu\/fr\/","name":"WellStepp","description":"","potentialAction":[{"@type":"SearchAction","target":{"@type":"EntryPoint","urlTemplate":"https:\/\/wellstepp.eu\/fr\/?s={search_term_string}"},"query-input":{"@type":"PropertyValueSpecification","valueRequired":true,"valueName":"search_term_string"}}],"inLanguage":"pl-PL"}]}},"_links":{"self":[{"href":"https:\/\/wellstepp.eu\/pl\/wp-json\/wp\/v2\/pages\/483","targetHints":{"allow":["GET"]}}],"collection":[{"href":"https:\/\/wellstepp.eu\/pl\/wp-json\/wp\/v2\/pages"}],"about":[{"href":"https:\/\/wellstepp.eu\/pl\/wp-json\/wp\/v2\/types\/page"}],"author":[{"embeddable":true,"href":"https:\/\/wellstepp.eu\/pl\/wp-json\/wp\/v2\/users\/1"}],"replies":[{"embeddable":true,"href":"https:\/\/wellstepp.eu\/pl\/wp-json\/wp\/v2\/comments?post=483"}],"version-history":[{"count":2,"href":"https:\/\/wellstepp.eu\/pl\/wp-json\/wp\/v2\/pages\/483\/revisions"}],"predecessor-version":[{"id":490,"href":"https:\/\/wellstepp.eu\/pl\/wp-json\/wp\/v2\/pages\/483\/revisions\/490"}],"wp:attachment":[{"href":"https:\/\/wellstepp.eu\/pl\/wp-json\/wp\/v2\/media?parent=483"}],"curies":[{"name":"wp","href":"https:\/\/api.w.org\/{rel}","templated":true}]}}