{"id":496,"date":"2023-03-23T08:21:11","date_gmt":"2023-03-23T07:21:11","guid":{"rendered":"http:\/\/localhost\/wellstepp-dev\/suti-informaciok\/"},"modified":"2023-11-13T10:52:13","modified_gmt":"2023-11-13T09:52:13","slug":"informacje-o-plikach-cookie","status":"publish","type":"page","link":"https:\/\/wellstepp.eu\/pl\/informacje-o-plikach-cookie\/","title":{"rendered":"Informacje o plikach cookie"},"content":{"rendered":"\n<p>Strona www.wellstepp.eu (zwana dalej: \u201eStron\u0105 internetow\u0105\u201d) wykorzystuje pliki cookie. Wi\u0119cej informacji na temat plik\u00f3w cookie, sposobu ich wykorzystania na Stronie internetowej oraz procedur kontroli stosowanych w odniesieniu do plik\u00f3w cookie mo\u017cesz znale\u017a\u0107 poni\u017cej. Kontynuowanie przegl\u0105dania Strony internetowej po przeczytaniu baneru oznacza wyra\u017cenie zgody na wykorzystanie plik\u00f3w cookie zgodnie z niniejszym o\u015bwiadczeniem. Je\u017celi nie wyra\u017casz zgod\u0119 na wykorzystanie przez nas plik\u00f3w cookie, wy\u0142\u0105cz je zgodnie z wytycznymi wskazanymi w niniejszym o\u015bwiadczeniu.<\/p>\n\n\n\n<p><strong>1. CO TO S\u0104 PLIKI COOKIE?<\/strong><\/p>\n\n\n\n<p>Pliki cookie to ma\u0142e pliki tekstowe, kt\u00f3re s\u0105 umieszczane na urz\u0105dzeniach elektronicznych (komputerze, tablecie, itp.) podczas przegl\u0105dania strony internetowej. Pliki cookie s\u0105 nast\u0119pnie zwracane na pierwotn\u0105 stron\u0119 internetow\u0105 przy ka\u017cdym przegl\u0105daniu lub na inne strony internetowe, kt\u00f3re potrafi\u0105 rozpozna\u0107 dane pliki cookie. Pliki cookie odgrywaj\u0105 funkcj\u0119 pami\u0119ci strony internetowej, umo\u017cliwiaj\u0105c stronie rozpoznanie danego urz\u0105dzenia przy ka\u017cdej kolejnej wizycie na stronie internetowej. Opr\u00f3cz tego pliki cookie umo\u017cliwiaj\u0105 przechowywanie preferencji przegl\u0105dania, aby m\u00f3c zwi\u0119kszy\u0107 komfort przegl\u0105dania Strony internetowej i spersonalizowa\u0107 jej zawarto\u015b\u0107 w mo\u017cliwie najwi\u0119kszym stopniu. Wi\u0119cej informacji o plikach cookie (w tym o sposobie umieszczenia plik\u00f3w na urz\u0105dzeniu u\u017cytkownika, zarz\u0105dzaniu i usuni\u0119ciu plik\u00f3w cookie) mo\u017cesz znale\u017a\u0107 klikaj\u0105c poni\u017cszy link:<\/p>\n\n\n\n<p><strong>2. RODZAJE PLIK\u00d3W COOKIE<\/strong><\/p>\n\n\n\n<p>Pliki cookie mog\u0105 mie\u0107 charakter techniczny, analityczny lub profiluj\u0105cy.<\/p>\n\n\n\n<p>Strona internetowa wykorzystuje techniczne \u201esesyjne\u201d i trwa\u0142e pliki cookie. Lista technicznych plik\u00f3w cookie znajduje si\u0119 tu:<\/p>\n\n\n\n<p><a href=\"https:\/\/codex.wordpress.org\/WordPress_Cookies\">https:\/\/codex.wordpress.org\/WordPress_Cookies<\/a><\/p>\n\n\n\n<p>Strona internetowa wykorzystuje r\u00f3wnie\u017c analityczne pliki cookie zapewnione przez strony trzecie<\/p>\n\n\n\n<p>\u2013 Google<\/p>\n\n\n\n<p>\u2013 Facebook<\/p>\n\n\n\n<p>\u2013 Twitter<\/p>\n\n\n\n<p>\u2013 Linkedin<\/p>\n\n\n\n<p>\u2013 Youtube<\/p>\n\n\n\n<p>Strona internetowa korzysta z narz\u0119dzi, kt\u00f3re zmniejszaj\u0105 zdolno\u015b\u0107 identyfikacji plik\u00f3w cookie, np. \u201egat._anonymizelp ();\u201d, aby zapewni\u0107 anonimizacj\u0119 adres\u00f3w IP (czyli \u201emaskowanie IP\u201d).<\/p>\n\n\n\n<p>Strona internetowa nie wykorzystuje profiluj\u0105cych plik\u00f3w cookie.<\/p>\n\n\n\n<p><strong>3. CELE<\/strong><\/p>\n\n\n\n<p>Wykorzystywane przez nasz\u0105 stron\u0119 internetow\u0105 techniczne pliki cookie s\u0142u\u017c\u0105 do umo\u017cliwienia przegl\u0105dania strony internetowej i umo\u017cliwienia korzystania z us\u0142ug naszej Strony internetowej.<\/p>\n\n\n\n<p>Analityczne pliki cookie wykorzystujemy w celach statystycznych oraz w celu poprawy funkcjonalno\u015bci i nawigacji po Stronie internetowej (np. dost\u0119py i liczby przegl\u0105danych stron), aby analizowa\u0107 i \u015bledzi\u0107 spos\u00f3b korzystania z naszej Strony internetowej.<\/p>\n\n\n\n<p><strong>4. JAK ZARZ\u0104DZA\u0106 PLIKAMI COOKIE I JE USUWA\u0106?<\/strong><\/p>\n\n\n\n<p>Kontynuowanie przegl\u0105dania Strony internetowej po przeczytaniu baneru oznacza wyra\u017cenie zgody na wykorzystanie plik\u00f3w cookie. Mo\u017cesz w dowolnym momencie zabroni\u0107 korzystania z plik\u00f3w cookie lub mo\u017cesz w inny spos\u00f3b je wy\u0142\u0105czy\u0107 zmieniaj\u0105c ustawienia przegl\u0105darki i post\u0119puj\u0105c zgodnie z instrukcjami zawartymi w Polityce plik\u00f3w cookie.<\/p>\n\n\n\n<p>Je\u015bli chcesz, aby Twoja przegl\u0105darka odrzuca\u0142a pliki cookie, post\u0119puj zgodnie z instrukcjami dostawcy przegl\u0105darki. Szczeg\u00f3\u0142owe instrukcje mo\u017cna znale\u017a\u0107 na stronie: www.aboutcookies.org.<\/p>\n\n\n\n<p>Podanie danych jest opcjonalne. Informujemy, \u017ce w przypadku odrzucenia\/deaktywacji plik\u00f3w cookie korzystanie z niekt\u00f3rych funkcji Strony internetowej mo\u017ce by\u0107 niemo\u017cliwe.<\/p>\n\n\n\n<p>Aby uzyska\u0107 wi\u0119cej informacji na temat sposobu przetwarzania danych, dost\u0119pu do danych, przekazywania danych, praw os\u00f3b, kt\u00f3rych dane dotycz\u0105, sposobu korzystania z praw, informacji dotycz\u0105cych Administratora danych, podmiotu przetwarzaj\u0105cego dane i os\u00f3b odpowiedzialnych, przeczytaj<\/p>\n\n\n\n<p>Dane kontaktowe: Aby uzyska\u0107 wi\u0119cej informacji na temat niniejszego o\u015bwiadczenia, napisz do nas na adres: gdprinfo.polifoam@trocellen.com. Mo\u017cesz wys\u0142a\u0107 do nas list polecony na adres Polifoam M\u0171anyagfeldolgoz\u00f3 Kft. H-1097 Budapest, T\u00e1bl\u00e1s utca 34\/A lub skontaktowa\u0107 si\u0119 z nami telefonicznie pod numerem +3613479800.<\/p>\n","protected":false},"excerpt":{"rendered":"<p>Strona www.wellstepp.eu (zwana dalej: \u201eStron\u0105 internetow\u0105\u201d) wykorzystuje pliki cookie. Wi\u0119cej informacji na temat plik\u00f3w cookie, sposobu ich wykorzystania na Stronie internetowej oraz procedur kontroli stosowanych w odniesieniu do plik\u00f3w cookie mo\u017cesz znale\u017a\u0107 poni\u017cej. Kontynuowanie przegl\u0105dania Strony internetowej po przeczytaniu baneru oznacza wyra\u017cenie zgody na wykorzystanie plik\u00f3w cookie zgodnie z niniejszym o\u015bwiadczeniem. Je\u017celi nie wyra\u017casz zgod\u0119 [&hellip;]<\/p>\n","protected":false},"author":1,"featured_media":0,"parent":0,"menu_order":0,"comment_status":"closed","ping_status":"closed","template":"template-parts\/page-szoveges.php","meta":{"_acf_changed":false,"footnotes":""},"class_list":["post-496","page","type-page","status-publish","hentry"],"acf":[],"yoast_head":"<!-- This site is optimized with the Yoast SEO plugin v26.8 - https:\/\/yoast.com\/product\/yoast-seo-wordpress\/ -->\n<title>Informacje o plikach cookie - WellStepp<\/title>\n<meta name=\"robots\" content=\"index, follow, max-snippet:-1, max-image-preview:large, max-video-preview:-1\" \/>\n<link rel=\"canonical\" href=\"https:\/\/wellstepp.eu\/pl\/informacje-o-plikach-cookie\/\" \/>\n<meta property=\"og:locale\" content=\"pl_PL\" \/>\n<meta property=\"og:type\" content=\"article\" \/>\n<meta property=\"og:title\" content=\"Informacje o plikach cookie - WellStepp\" \/>\n<meta property=\"og:description\" content=\"Strona www.wellstepp.eu (zwana dalej: \u201eStron\u0105 internetow\u0105\u201d) wykorzystuje pliki cookie. Wi\u0119cej informacji na temat plik\u00f3w cookie, sposobu ich wykorzystania na Stronie internetowej oraz procedur kontroli stosowanych w odniesieniu do plik\u00f3w cookie mo\u017cesz znale\u017a\u0107 poni\u017cej. Kontynuowanie przegl\u0105dania Strony internetowej po przeczytaniu baneru oznacza wyra\u017cenie zgody na wykorzystanie plik\u00f3w cookie zgodnie z niniejszym o\u015bwiadczeniem. Je\u017celi nie wyra\u017casz zgod\u0119 [&hellip;]\" \/>\n<meta property=\"og:url\" content=\"https:\/\/wellstepp.eu\/pl\/informacje-o-plikach-cookie\/\" \/>\n<meta property=\"og:site_name\" content=\"WellStepp\" \/>\n<meta property=\"article:publisher\" content=\"https:\/\/www.facebook.com\/people\/WellStepp\/100090271391298\/\" \/>\n<meta property=\"article:modified_time\" content=\"2023-11-13T09:52:13+00:00\" \/>\n<meta name=\"twitter:card\" content=\"summary_large_image\" \/>\n<meta name=\"twitter:label1\" content=\"Szacowany czas czytania\" \/>\n\t<meta name=\"twitter:data1\" content=\"3 minuty\" \/>\n<script type=\"application\/ld+json\" class=\"yoast-schema-graph\">{\"@context\":\"https:\/\/schema.org\",\"@graph\":[{\"@type\":\"WebPage\",\"@id\":\"https:\/\/wellstepp.eu\/pl\/informacje-o-plikach-cookie\/\",\"url\":\"https:\/\/wellstepp.eu\/pl\/informacje-o-plikach-cookie\/\",\"name\":\"Informacje o plikach cookie - WellStepp\",\"isPartOf\":{\"@id\":\"https:\/\/wellstepp.eu\/fr\/#website\"},\"datePublished\":\"2023-03-23T07:21:11+00:00\",\"dateModified\":\"2023-11-13T09:52:13+00:00\",\"breadcrumb\":{\"@id\":\"https:\/\/wellstepp.eu\/pl\/informacje-o-plikach-cookie\/#breadcrumb\"},\"inLanguage\":\"pl-PL\",\"potentialAction\":[{\"@type\":\"ReadAction\",\"target\":[\"https:\/\/wellstepp.eu\/pl\/informacje-o-plikach-cookie\/\"]}]},{\"@type\":\"BreadcrumbList\",\"@id\":\"https:\/\/wellstepp.eu\/pl\/informacje-o-plikach-cookie\/#breadcrumb\",\"itemListElement\":[{\"@type\":\"ListItem\",\"position\":1,\"name\":\"Kezd\u0151lap\",\"item\":\"https:\/\/wellstepp.eu\/pl\/\"},{\"@type\":\"ListItem\",\"position\":2,\"name\":\"Informacje o plikach cookie\"}]},{\"@type\":\"WebSite\",\"@id\":\"https:\/\/wellstepp.eu\/fr\/#website\",\"url\":\"https:\/\/wellstepp.eu\/fr\/\",\"name\":\"WellStepp\",\"description\":\"\",\"potentialAction\":[{\"@type\":\"SearchAction\",\"target\":{\"@type\":\"EntryPoint\",\"urlTemplate\":\"https:\/\/wellstepp.eu\/fr\/?s={search_term_string}\"},\"query-input\":{\"@type\":\"PropertyValueSpecification\",\"valueRequired\":true,\"valueName\":\"search_term_string\"}}],\"inLanguage\":\"pl-PL\"}]}<\/script>\n<!-- \/ Yoast SEO plugin. -->","yoast_head_json":{"title":"Informacje o plikach cookie - WellStepp","robots":{"index":"index","follow":"follow","max-snippet":"max-snippet:-1","max-image-preview":"max-image-preview:large","max-video-preview":"max-video-preview:-1"},"canonical":"https:\/\/wellstepp.eu\/pl\/informacje-o-plikach-cookie\/","og_locale":"pl_PL","og_type":"article","og_title":"Informacje o plikach cookie - WellStepp","og_description":"Strona www.wellstepp.eu (zwana dalej: \u201eStron\u0105 internetow\u0105\u201d) wykorzystuje pliki cookie. Wi\u0119cej informacji na temat plik\u00f3w cookie, sposobu ich wykorzystania na Stronie internetowej oraz procedur kontroli stosowanych w odniesieniu do plik\u00f3w cookie mo\u017cesz znale\u017a\u0107 poni\u017cej. Kontynuowanie przegl\u0105dania Strony internetowej po przeczytaniu baneru oznacza wyra\u017cenie zgody na wykorzystanie plik\u00f3w cookie zgodnie z niniejszym o\u015bwiadczeniem. Je\u017celi nie wyra\u017casz zgod\u0119 [&hellip;]","og_url":"https:\/\/wellstepp.eu\/pl\/informacje-o-plikach-cookie\/","og_site_name":"WellStepp","article_publisher":"https:\/\/www.facebook.com\/people\/WellStepp\/100090271391298\/","article_modified_time":"2023-11-13T09:52:13+00:00","twitter_card":"summary_large_image","twitter_misc":{"Szacowany czas czytania":"3 minuty"},"schema":{"@context":"https:\/\/schema.org","@graph":[{"@type":"WebPage","@id":"https:\/\/wellstepp.eu\/pl\/informacje-o-plikach-cookie\/","url":"https:\/\/wellstepp.eu\/pl\/informacje-o-plikach-cookie\/","name":"Informacje o plikach cookie - WellStepp","isPartOf":{"@id":"https:\/\/wellstepp.eu\/fr\/#website"},"datePublished":"2023-03-23T07:21:11+00:00","dateModified":"2023-11-13T09:52:13+00:00","breadcrumb":{"@id":"https:\/\/wellstepp.eu\/pl\/informacje-o-plikach-cookie\/#breadcrumb"},"inLanguage":"pl-PL","potentialAction":[{"@type":"ReadAction","target":["https:\/\/wellstepp.eu\/pl\/informacje-o-plikach-cookie\/"]}]},{"@type":"BreadcrumbList","@id":"https:\/\/wellstepp.eu\/pl\/informacje-o-plikach-cookie\/#breadcrumb","itemListElement":[{"@type":"ListItem","position":1,"name":"Kezd\u0151lap","item":"https:\/\/wellstepp.eu\/pl\/"},{"@type":"ListItem","position":2,"name":"Informacje o plikach cookie"}]},{"@type":"WebSite","@id":"https:\/\/wellstepp.eu\/fr\/#website","url":"https:\/\/wellstepp.eu\/fr\/","name":"WellStepp","description":"","potentialAction":[{"@type":"SearchAction","target":{"@type":"EntryPoint","urlTemplate":"https:\/\/wellstepp.eu\/fr\/?s={search_term_string}"},"query-input":{"@type":"PropertyValueSpecification","valueRequired":true,"valueName":"search_term_string"}}],"inLanguage":"pl-PL"}]}},"_links":{"self":[{"href":"https:\/\/wellstepp.eu\/pl\/wp-json\/wp\/v2\/pages\/496","targetHints":{"allow":["GET"]}}],"collection":[{"href":"https:\/\/wellstepp.eu\/pl\/wp-json\/wp\/v2\/pages"}],"about":[{"href":"https:\/\/wellstepp.eu\/pl\/wp-json\/wp\/v2\/types\/page"}],"author":[{"embeddable":true,"href":"https:\/\/wellstepp.eu\/pl\/wp-json\/wp\/v2\/users\/1"}],"replies":[{"embeddable":true,"href":"https:\/\/wellstepp.eu\/pl\/wp-json\/wp\/v2\/comments?post=496"}],"version-history":[{"count":1,"href":"https:\/\/wellstepp.eu\/pl\/wp-json\/wp\/v2\/pages\/496\/revisions"}],"predecessor-version":[{"id":505,"href":"https:\/\/wellstepp.eu\/pl\/wp-json\/wp\/v2\/pages\/496\/revisions\/505"}],"wp:attachment":[{"href":"https:\/\/wellstepp.eu\/pl\/wp-json\/wp\/v2\/media?parent=496"}],"curies":[{"name":"wp","href":"https:\/\/api.w.org\/{rel}","templated":true}]}}