{"id":606,"date":"2023-05-23T09:29:12","date_gmt":"2023-05-23T07:29:12","guid":{"rendered":"https:\/\/wellstepp2.usernet.hu\/sikeres-feliratkozas\/"},"modified":"2023-11-17T10:13:26","modified_gmt":"2023-11-17T09:13:26","slug":"pomyslna-subskrypcja","status":"publish","type":"page","link":"https:\/\/wellstepp.eu\/pl\/pomyslna-subskrypcja\/","title":{"rendered":"Pomy\u015blna subskrypcja"},"content":{"rendered":"\n<h2 class=\"wp-block-heading has-text-align-center\">Dzi\u0119kujemy, Twoja subskrypcja naszego newslettera zako\u0144czy\u0142a si\u0119 sukcesem!<\/h2>\n","protected":false},"excerpt":{"rendered":"<p>Dzi\u0119kujemy, Twoja subskrypcja naszego newslettera zako\u0144czy\u0142a si\u0119 sukcesem!<\/p>\n","protected":false},"author":1,"featured_media":0,"parent":0,"menu_order":0,"comment_status":"closed","ping_status":"closed","template":"template-parts\/page-szoveges.php","meta":{"_acf_changed":false,"footnotes":""},"class_list":["post-606","page","type-page","status-publish","hentry"],"acf":[],"yoast_head":"<!-- This site is optimized with the Yoast SEO plugin v26.8 - https:\/\/yoast.com\/product\/yoast-seo-wordpress\/ -->\n<title>Pomy\u015blna subskrypcja - WellStepp<\/title>\n<meta name=\"robots\" content=\"index, follow, max-snippet:-1, max-image-preview:large, max-video-preview:-1\" \/>\n<link rel=\"canonical\" href=\"https:\/\/wellstepp.eu\/pl\/pomyslna-subskrypcja\/\" \/>\n<meta property=\"og:locale\" content=\"pl_PL\" \/>\n<meta property=\"og:type\" content=\"article\" \/>\n<meta property=\"og:title\" content=\"Pomy\u015blna subskrypcja - WellStepp\" \/>\n<meta property=\"og:description\" content=\"Dzi\u0119kujemy, Twoja subskrypcja naszego newslettera zako\u0144czy\u0142a si\u0119 sukcesem!\" \/>\n<meta property=\"og:url\" content=\"https:\/\/wellstepp.eu\/pl\/pomyslna-subskrypcja\/\" \/>\n<meta property=\"og:site_name\" content=\"WellStepp\" \/>\n<meta property=\"article:publisher\" content=\"https:\/\/www.facebook.com\/people\/WellStepp\/100090271391298\/\" \/>\n<meta property=\"article:modified_time\" content=\"2023-11-17T09:13:26+00:00\" \/>\n<meta name=\"twitter:card\" content=\"summary_large_image\" \/>\n<meta name=\"twitter:label1\" content=\"Szacowany czas czytania\" \/>\n\t<meta name=\"twitter:data1\" content=\"1 minuta\" \/>\n<script type=\"application\/ld+json\" class=\"yoast-schema-graph\">{\"@context\":\"https:\/\/schema.org\",\"@graph\":[{\"@type\":\"WebPage\",\"@id\":\"https:\/\/wellstepp.eu\/pl\/pomyslna-subskrypcja\/\",\"url\":\"https:\/\/wellstepp.eu\/pl\/pomyslna-subskrypcja\/\",\"name\":\"Pomy\u015blna subskrypcja - WellStepp\",\"isPartOf\":{\"@id\":\"https:\/\/wellstepp.eu\/fr\/#website\"},\"datePublished\":\"2023-05-23T07:29:12+00:00\",\"dateModified\":\"2023-11-17T09:13:26+00:00\",\"breadcrumb\":{\"@id\":\"https:\/\/wellstepp.eu\/pl\/pomyslna-subskrypcja\/#breadcrumb\"},\"inLanguage\":\"pl-PL\",\"potentialAction\":[{\"@type\":\"ReadAction\",\"target\":[\"https:\/\/wellstepp.eu\/pl\/pomyslna-subskrypcja\/\"]}]},{\"@type\":\"BreadcrumbList\",\"@id\":\"https:\/\/wellstepp.eu\/pl\/pomyslna-subskrypcja\/#breadcrumb\",\"itemListElement\":[{\"@type\":\"ListItem\",\"position\":1,\"name\":\"Kezd\u0151lap\",\"item\":\"https:\/\/wellstepp.eu\/pl\/\"},{\"@type\":\"ListItem\",\"position\":2,\"name\":\"Pomy\u015blna subskrypcja\"}]},{\"@type\":\"WebSite\",\"@id\":\"https:\/\/wellstepp.eu\/fr\/#website\",\"url\":\"https:\/\/wellstepp.eu\/fr\/\",\"name\":\"WellStepp\",\"description\":\"\",\"potentialAction\":[{\"@type\":\"SearchAction\",\"target\":{\"@type\":\"EntryPoint\",\"urlTemplate\":\"https:\/\/wellstepp.eu\/fr\/?s={search_term_string}\"},\"query-input\":{\"@type\":\"PropertyValueSpecification\",\"valueRequired\":true,\"valueName\":\"search_term_string\"}}],\"inLanguage\":\"pl-PL\"}]}<\/script>\n<!-- \/ Yoast SEO plugin. -->","yoast_head_json":{"title":"Pomy\u015blna subskrypcja - WellStepp","robots":{"index":"index","follow":"follow","max-snippet":"max-snippet:-1","max-image-preview":"max-image-preview:large","max-video-preview":"max-video-preview:-1"},"canonical":"https:\/\/wellstepp.eu\/pl\/pomyslna-subskrypcja\/","og_locale":"pl_PL","og_type":"article","og_title":"Pomy\u015blna subskrypcja - WellStepp","og_description":"Dzi\u0119kujemy, Twoja subskrypcja naszego newslettera zako\u0144czy\u0142a si\u0119 sukcesem!","og_url":"https:\/\/wellstepp.eu\/pl\/pomyslna-subskrypcja\/","og_site_name":"WellStepp","article_publisher":"https:\/\/www.facebook.com\/people\/WellStepp\/100090271391298\/","article_modified_time":"2023-11-17T09:13:26+00:00","twitter_card":"summary_large_image","twitter_misc":{"Szacowany czas czytania":"1 minuta"},"schema":{"@context":"https:\/\/schema.org","@graph":[{"@type":"WebPage","@id":"https:\/\/wellstepp.eu\/pl\/pomyslna-subskrypcja\/","url":"https:\/\/wellstepp.eu\/pl\/pomyslna-subskrypcja\/","name":"Pomy\u015blna subskrypcja - WellStepp","isPartOf":{"@id":"https:\/\/wellstepp.eu\/fr\/#website"},"datePublished":"2023-05-23T07:29:12+00:00","dateModified":"2023-11-17T09:13:26+00:00","breadcrumb":{"@id":"https:\/\/wellstepp.eu\/pl\/pomyslna-subskrypcja\/#breadcrumb"},"inLanguage":"pl-PL","potentialAction":[{"@type":"ReadAction","target":["https:\/\/wellstepp.eu\/pl\/pomyslna-subskrypcja\/"]}]},{"@type":"BreadcrumbList","@id":"https:\/\/wellstepp.eu\/pl\/pomyslna-subskrypcja\/#breadcrumb","itemListElement":[{"@type":"ListItem","position":1,"name":"Kezd\u0151lap","item":"https:\/\/wellstepp.eu\/pl\/"},{"@type":"ListItem","position":2,"name":"Pomy\u015blna subskrypcja"}]},{"@type":"WebSite","@id":"https:\/\/wellstepp.eu\/fr\/#website","url":"https:\/\/wellstepp.eu\/fr\/","name":"WellStepp","description":"","potentialAction":[{"@type":"SearchAction","target":{"@type":"EntryPoint","urlTemplate":"https:\/\/wellstepp.eu\/fr\/?s={search_term_string}"},"query-input":{"@type":"PropertyValueSpecification","valueRequired":true,"valueName":"search_term_string"}}],"inLanguage":"pl-PL"}]}},"_links":{"self":[{"href":"https:\/\/wellstepp.eu\/pl\/wp-json\/wp\/v2\/pages\/606","targetHints":{"allow":["GET"]}}],"collection":[{"href":"https:\/\/wellstepp.eu\/pl\/wp-json\/wp\/v2\/pages"}],"about":[{"href":"https:\/\/wellstepp.eu\/pl\/wp-json\/wp\/v2\/types\/page"}],"author":[{"embeddable":true,"href":"https:\/\/wellstepp.eu\/pl\/wp-json\/wp\/v2\/users\/1"}],"replies":[{"embeddable":true,"href":"https:\/\/wellstepp.eu\/pl\/wp-json\/wp\/v2\/comments?post=606"}],"version-history":[{"count":1,"href":"https:\/\/wellstepp.eu\/pl\/wp-json\/wp\/v2\/pages\/606\/revisions"}],"predecessor-version":[{"id":613,"href":"https:\/\/wellstepp.eu\/pl\/wp-json\/wp\/v2\/pages\/606\/revisions\/613"}],"wp:attachment":[{"href":"https:\/\/wellstepp.eu\/pl\/wp-json\/wp\/v2\/media?parent=606"}],"curies":[{"name":"wp","href":"https:\/\/api.w.org\/{rel}","templated":true}]}}