{"id":357,"date":"2023-03-23T08:19:50","date_gmt":"2023-03-23T07:19:50","guid":{"rendered":"http:\/\/localhost\/wellstepp-dev\/tanusitvanyok\/"},"modified":"2026-01-14T11:41:12","modified_gmt":"2026-01-14T10:41:12","slug":"certificate","status":"publish","type":"page","link":"https:\/\/wellstepp.eu\/ro\/certificate\/","title":{"rendered":"Certificate"},"content":{"rendered":"\n<p class=\"has-text-align-center\">Ne-am angajat s\u0103 oferim numai produse de \u00eenalt\u0103 calitate, care respect\u0103 legisla\u021bia \u0219i standardele necesare.<\/p>\n\n\n\n<p class=\"has-text-align-center\"><\/p>\n\n\n\n<p class=\"has-text-align-center\">Certificatele atest\u0103 calitatea \u00eenalt\u0103 a procesului de fabrica\u021bie \u0219i a materialelor utilizate pentru realizarea produselor noastre. Scopul nostru este de a oferi clien\u021bilor no\u0219tri doar produse de cea mai bun\u0103 calitate, cu o durat\u0103 de via\u021b\u0103 lung\u0103 \u0219i fiabile.<\/p>\n\n\n\n<p class=\"has-text-align-center\">Dac\u0103 ai \u00eentreb\u0103ri despre produsele noastre, te rug\u0103m s\u0103 ne contactezi \u0219i vom fi bucuro\u0219i s\u0103 te ajut\u0103m.<\/p>\n","protected":false},"excerpt":{"rendered":"<p>Ne-am angajat s\u0103 oferim numai produse de \u00eenalt\u0103 calitate, care respect\u0103 legisla\u021bia \u0219i standardele necesare. Certificatele atest\u0103 calitatea \u00eenalt\u0103 a procesului de fabrica\u021bie \u0219i a materialelor utilizate pentru realizarea produselor noastre. Scopul nostru este de a oferi clien\u021bilor no\u0219tri doar produse de cea mai bun\u0103 calitate, cu o durat\u0103 de via\u021b\u0103 lung\u0103 \u0219i fiabile. Dac\u0103 [&hellip;]<\/p>\n","protected":false},"author":1,"featured_media":0,"parent":0,"menu_order":0,"comment_status":"closed","ping_status":"closed","template":"template-parts\/page-tanusitvanyok.php","meta":{"_acf_changed":false,"footnotes":""},"class_list":["post-357","page","type-page","status-publish","hentry"],"acf":[],"yoast_head":"<!-- This site is optimized with the Yoast SEO plugin v26.8 - https:\/\/yoast.com\/product\/yoast-seo-wordpress\/ -->\n<title>Certificate - WellStepp<\/title>\n<meta name=\"robots\" content=\"index, follow, max-snippet:-1, max-image-preview:large, max-video-preview:-1\" \/>\n<link rel=\"canonical\" href=\"https:\/\/wellstepp.eu\/ro\/certificate\/\" \/>\n<meta property=\"og:locale\" content=\"ro_RO\" \/>\n<meta property=\"og:type\" content=\"article\" \/>\n<meta property=\"og:title\" content=\"Certificate - WellStepp\" \/>\n<meta property=\"og:description\" content=\"Ne-am angajat s\u0103 oferim numai produse de \u00eenalt\u0103 calitate, care respect\u0103 legisla\u021bia \u0219i standardele necesare. Certificatele atest\u0103 calitatea \u00eenalt\u0103 a procesului de fabrica\u021bie \u0219i a materialelor utilizate pentru realizarea produselor noastre. Scopul nostru este de a oferi clien\u021bilor no\u0219tri doar produse de cea mai bun\u0103 calitate, cu o durat\u0103 de via\u021b\u0103 lung\u0103 \u0219i fiabile. Dac\u0103 [&hellip;]\" \/>\n<meta property=\"og:url\" content=\"https:\/\/wellstepp.eu\/ro\/certificate\/\" \/>\n<meta property=\"og:site_name\" content=\"WellStepp\" \/>\n<meta property=\"article:publisher\" content=\"https:\/\/www.facebook.com\/people\/WellStepp\/100090271391298\/\" \/>\n<meta property=\"article:modified_time\" content=\"2026-01-14T10:41:12+00:00\" \/>\n<meta name=\"twitter:card\" content=\"summary_large_image\" \/>\n<meta name=\"twitter:label1\" content=\"Timp estimat pentru citire\" \/>\n\t<meta name=\"twitter:data1\" content=\"1 minut\" \/>\n<script type=\"application\/ld+json\" class=\"yoast-schema-graph\">{\"@context\":\"https:\/\/schema.org\",\"@graph\":[{\"@type\":\"WebPage\",\"@id\":\"https:\/\/wellstepp.eu\/ro\/certificate\/\",\"url\":\"https:\/\/wellstepp.eu\/ro\/certificate\/\",\"name\":\"Certificate - WellStepp\",\"isPartOf\":{\"@id\":\"https:\/\/wellstepp.eu\/fr\/#website\"},\"datePublished\":\"2023-03-23T07:19:50+00:00\",\"dateModified\":\"2026-01-14T10:41:12+00:00\",\"breadcrumb\":{\"@id\":\"https:\/\/wellstepp.eu\/ro\/certificate\/#breadcrumb\"},\"inLanguage\":\"ro-RO\",\"potentialAction\":[{\"@type\":\"ReadAction\",\"target\":[\"https:\/\/wellstepp.eu\/ro\/certificate\/\"]}]},{\"@type\":\"BreadcrumbList\",\"@id\":\"https:\/\/wellstepp.eu\/ro\/certificate\/#breadcrumb\",\"itemListElement\":[{\"@type\":\"ListItem\",\"position\":1,\"name\":\"Kezd\u0151lap\",\"item\":\"https:\/\/wellstepp.eu\/ro\/\"},{\"@type\":\"ListItem\",\"position\":2,\"name\":\"Certificate\"}]},{\"@type\":\"WebSite\",\"@id\":\"https:\/\/wellstepp.eu\/fr\/#website\",\"url\":\"https:\/\/wellstepp.eu\/fr\/\",\"name\":\"WellStepp\",\"description\":\"\",\"potentialAction\":[{\"@type\":\"SearchAction\",\"target\":{\"@type\":\"EntryPoint\",\"urlTemplate\":\"https:\/\/wellstepp.eu\/fr\/?s={search_term_string}\"},\"query-input\":{\"@type\":\"PropertyValueSpecification\",\"valueRequired\":true,\"valueName\":\"search_term_string\"}}],\"inLanguage\":\"ro-RO\"}]}<\/script>\n<!-- \/ Yoast SEO plugin. -->","yoast_head_json":{"title":"Certificate - WellStepp","robots":{"index":"index","follow":"follow","max-snippet":"max-snippet:-1","max-image-preview":"max-image-preview:large","max-video-preview":"max-video-preview:-1"},"canonical":"https:\/\/wellstepp.eu\/ro\/certificate\/","og_locale":"ro_RO","og_type":"article","og_title":"Certificate - WellStepp","og_description":"Ne-am angajat s\u0103 oferim numai produse de \u00eenalt\u0103 calitate, care respect\u0103 legisla\u021bia \u0219i standardele necesare. Certificatele atest\u0103 calitatea \u00eenalt\u0103 a procesului de fabrica\u021bie \u0219i a materialelor utilizate pentru realizarea produselor noastre. Scopul nostru este de a oferi clien\u021bilor no\u0219tri doar produse de cea mai bun\u0103 calitate, cu o durat\u0103 de via\u021b\u0103 lung\u0103 \u0219i fiabile. Dac\u0103 [&hellip;]","og_url":"https:\/\/wellstepp.eu\/ro\/certificate\/","og_site_name":"WellStepp","article_publisher":"https:\/\/www.facebook.com\/people\/WellStepp\/100090271391298\/","article_modified_time":"2026-01-14T10:41:12+00:00","twitter_card":"summary_large_image","twitter_misc":{"Timp estimat pentru citire":"1 minut"},"schema":{"@context":"https:\/\/schema.org","@graph":[{"@type":"WebPage","@id":"https:\/\/wellstepp.eu\/ro\/certificate\/","url":"https:\/\/wellstepp.eu\/ro\/certificate\/","name":"Certificate - WellStepp","isPartOf":{"@id":"https:\/\/wellstepp.eu\/fr\/#website"},"datePublished":"2023-03-23T07:19:50+00:00","dateModified":"2026-01-14T10:41:12+00:00","breadcrumb":{"@id":"https:\/\/wellstepp.eu\/ro\/certificate\/#breadcrumb"},"inLanguage":"ro-RO","potentialAction":[{"@type":"ReadAction","target":["https:\/\/wellstepp.eu\/ro\/certificate\/"]}]},{"@type":"BreadcrumbList","@id":"https:\/\/wellstepp.eu\/ro\/certificate\/#breadcrumb","itemListElement":[{"@type":"ListItem","position":1,"name":"Kezd\u0151lap","item":"https:\/\/wellstepp.eu\/ro\/"},{"@type":"ListItem","position":2,"name":"Certificate"}]},{"@type":"WebSite","@id":"https:\/\/wellstepp.eu\/fr\/#website","url":"https:\/\/wellstepp.eu\/fr\/","name":"WellStepp","description":"","potentialAction":[{"@type":"SearchAction","target":{"@type":"EntryPoint","urlTemplate":"https:\/\/wellstepp.eu\/fr\/?s={search_term_string}"},"query-input":{"@type":"PropertyValueSpecification","valueRequired":true,"valueName":"search_term_string"}}],"inLanguage":"ro-RO"}]}},"_links":{"self":[{"href":"https:\/\/wellstepp.eu\/ro\/wp-json\/wp\/v2\/pages\/357","targetHints":{"allow":["GET"]}}],"collection":[{"href":"https:\/\/wellstepp.eu\/ro\/wp-json\/wp\/v2\/pages"}],"about":[{"href":"https:\/\/wellstepp.eu\/ro\/wp-json\/wp\/v2\/types\/page"}],"author":[{"embeddable":true,"href":"https:\/\/wellstepp.eu\/ro\/wp-json\/wp\/v2\/users\/1"}],"replies":[{"embeddable":true,"href":"https:\/\/wellstepp.eu\/ro\/wp-json\/wp\/v2\/comments?post=357"}],"version-history":[{"count":7,"href":"https:\/\/wellstepp.eu\/ro\/wp-json\/wp\/v2\/pages\/357\/revisions"}],"predecessor-version":[{"id":1020,"href":"https:\/\/wellstepp.eu\/ro\/wp-json\/wp\/v2\/pages\/357\/revisions\/1020"}],"wp:attachment":[{"href":"https:\/\/wellstepp.eu\/ro\/wp-json\/wp\/v2\/media?parent=357"}],"curies":[{"name":"wp","href":"https:\/\/api.w.org\/{rel}","templated":true}]}}