{"id":378,"date":"2023-03-23T08:20:00","date_gmt":"2023-03-23T07:20:00","guid":{"rendered":"http:\/\/localhost\/wellstepp-dev\/feladatsorok\/"},"modified":"2023-11-21T09:42:30","modified_gmt":"2023-11-21T08:42:30","slug":"serii-de-exercitii","status":"publish","type":"page","link":"https:\/\/wellstepp.eu\/ro\/serii-de-exercitii\/","title":{"rendered":"Serii de exerci\u021bii"},"content":{"rendered":"\n<p class=\"has-text-align-center\">Jocul nu este doar o surs\u0103 de bucurie, ci \u0219i cel mai important factor de sprijin pentru dezvoltarea mental\u0103 \u0219i fizic\u0103 \u00een copil\u0103rie. Seriile noastre de exerci\u021bii au fost concepute cu ajutorul unor fizioterapeu\u021bi califica\u021bi, astfel \u00eenc\u00e2t copiii de v\u00e2rste diferite s\u0103 poat\u0103 efectua mi\u0219c\u0103ri \u0219i exerci\u021bii ludice adecvate nivelului lor de dezvoltare.<\/p>\n\n\n\n<p class=\"has-text-align-center\"><\/p>\n\n\n\n<p class=\"has-text-align-center\">Prin activit\u0103\u021bile de dezvoltare juc\u0103u\u0219e \u0219i creative, antren\u0103m t\u0103lpile celor mici, le dezvolt\u0103m sim\u021bul echilibrului \u0219i le sus\u021binem dezvoltarea neurologic\u0103 s\u0103n\u0103toas\u0103.<\/p>\n","protected":false},"excerpt":{"rendered":"<p>Jocul nu este doar o surs\u0103 de bucurie, ci \u0219i cel mai important factor de sprijin pentru dezvoltarea mental\u0103 \u0219i fizic\u0103 \u00een copil\u0103rie. Seriile noastre de exerci\u021bii au fost concepute cu ajutorul unor fizioterapeu\u021bi califica\u021bi, astfel \u00eenc\u00e2t copiii de v\u00e2rste diferite s\u0103 poat\u0103 efectua mi\u0219c\u0103ri \u0219i exerci\u021bii ludice adecvate nivelului lor de dezvoltare. Prin activit\u0103\u021bile [&hellip;]<\/p>\n","protected":false},"author":1,"featured_media":0,"parent":0,"menu_order":0,"comment_status":"closed","ping_status":"closed","template":"template-parts\/page-feladatsorok.php","meta":{"_acf_changed":false,"footnotes":""},"class_list":["post-378","page","type-page","status-publish","hentry"],"acf":[],"yoast_head":"<!-- This site is optimized with the Yoast SEO plugin v26.8 - https:\/\/yoast.com\/product\/yoast-seo-wordpress\/ -->\n<title>Serii de exerci\u021bii - WellStepp<\/title>\n<meta name=\"robots\" content=\"index, follow, max-snippet:-1, max-image-preview:large, max-video-preview:-1\" \/>\n<link rel=\"canonical\" href=\"https:\/\/wellstepp.eu\/ro\/serii-de-exercitii\/\" \/>\n<meta property=\"og:locale\" content=\"ro_RO\" \/>\n<meta property=\"og:type\" content=\"article\" \/>\n<meta property=\"og:title\" content=\"Serii de exerci\u021bii - WellStepp\" \/>\n<meta property=\"og:description\" content=\"Jocul nu este doar o surs\u0103 de bucurie, ci \u0219i cel mai important factor de sprijin pentru dezvoltarea mental\u0103 \u0219i fizic\u0103 \u00een copil\u0103rie. Seriile noastre de exerci\u021bii au fost concepute cu ajutorul unor fizioterapeu\u021bi califica\u021bi, astfel \u00eenc\u00e2t copiii de v\u00e2rste diferite s\u0103 poat\u0103 efectua mi\u0219c\u0103ri \u0219i exerci\u021bii ludice adecvate nivelului lor de dezvoltare. Prin activit\u0103\u021bile [&hellip;]\" \/>\n<meta property=\"og:url\" content=\"https:\/\/wellstepp.eu\/ro\/serii-de-exercitii\/\" \/>\n<meta property=\"og:site_name\" content=\"WellStepp\" \/>\n<meta property=\"article:publisher\" content=\"https:\/\/www.facebook.com\/people\/WellStepp\/100090271391298\/\" \/>\n<meta property=\"article:modified_time\" content=\"2023-11-21T08:42:30+00:00\" \/>\n<meta name=\"twitter:card\" content=\"summary_large_image\" \/>\n<meta name=\"twitter:label1\" content=\"Timp estimat pentru citire\" \/>\n\t<meta name=\"twitter:data1\" content=\"1 minut\" \/>\n<script type=\"application\/ld+json\" class=\"yoast-schema-graph\">{\"@context\":\"https:\/\/schema.org\",\"@graph\":[{\"@type\":\"WebPage\",\"@id\":\"https:\/\/wellstepp.eu\/ro\/serii-de-exercitii\/\",\"url\":\"https:\/\/wellstepp.eu\/ro\/serii-de-exercitii\/\",\"name\":\"Serii de exerci\u021bii - WellStepp\",\"isPartOf\":{\"@id\":\"https:\/\/wellstepp.eu\/fr\/#website\"},\"datePublished\":\"2023-03-23T07:20:00+00:00\",\"dateModified\":\"2023-11-21T08:42:30+00:00\",\"breadcrumb\":{\"@id\":\"https:\/\/wellstepp.eu\/ro\/serii-de-exercitii\/#breadcrumb\"},\"inLanguage\":\"ro-RO\",\"potentialAction\":[{\"@type\":\"ReadAction\",\"target\":[\"https:\/\/wellstepp.eu\/ro\/serii-de-exercitii\/\"]}]},{\"@type\":\"BreadcrumbList\",\"@id\":\"https:\/\/wellstepp.eu\/ro\/serii-de-exercitii\/#breadcrumb\",\"itemListElement\":[{\"@type\":\"ListItem\",\"position\":1,\"name\":\"Kezd\u0151lap\",\"item\":\"https:\/\/wellstepp.eu\/ro\/\"},{\"@type\":\"ListItem\",\"position\":2,\"name\":\"Serii de exerci\u021bii\"}]},{\"@type\":\"WebSite\",\"@id\":\"https:\/\/wellstepp.eu\/fr\/#website\",\"url\":\"https:\/\/wellstepp.eu\/fr\/\",\"name\":\"WellStepp\",\"description\":\"\",\"potentialAction\":[{\"@type\":\"SearchAction\",\"target\":{\"@type\":\"EntryPoint\",\"urlTemplate\":\"https:\/\/wellstepp.eu\/fr\/?s={search_term_string}\"},\"query-input\":{\"@type\":\"PropertyValueSpecification\",\"valueRequired\":true,\"valueName\":\"search_term_string\"}}],\"inLanguage\":\"ro-RO\"}]}<\/script>\n<!-- \/ Yoast SEO plugin. -->","yoast_head_json":{"title":"Serii de exerci\u021bii - WellStepp","robots":{"index":"index","follow":"follow","max-snippet":"max-snippet:-1","max-image-preview":"max-image-preview:large","max-video-preview":"max-video-preview:-1"},"canonical":"https:\/\/wellstepp.eu\/ro\/serii-de-exercitii\/","og_locale":"ro_RO","og_type":"article","og_title":"Serii de exerci\u021bii - WellStepp","og_description":"Jocul nu este doar o surs\u0103 de bucurie, ci \u0219i cel mai important factor de sprijin pentru dezvoltarea mental\u0103 \u0219i fizic\u0103 \u00een copil\u0103rie. Seriile noastre de exerci\u021bii au fost concepute cu ajutorul unor fizioterapeu\u021bi califica\u021bi, astfel \u00eenc\u00e2t copiii de v\u00e2rste diferite s\u0103 poat\u0103 efectua mi\u0219c\u0103ri \u0219i exerci\u021bii ludice adecvate nivelului lor de dezvoltare. Prin activit\u0103\u021bile [&hellip;]","og_url":"https:\/\/wellstepp.eu\/ro\/serii-de-exercitii\/","og_site_name":"WellStepp","article_publisher":"https:\/\/www.facebook.com\/people\/WellStepp\/100090271391298\/","article_modified_time":"2023-11-21T08:42:30+00:00","twitter_card":"summary_large_image","twitter_misc":{"Timp estimat pentru citire":"1 minut"},"schema":{"@context":"https:\/\/schema.org","@graph":[{"@type":"WebPage","@id":"https:\/\/wellstepp.eu\/ro\/serii-de-exercitii\/","url":"https:\/\/wellstepp.eu\/ro\/serii-de-exercitii\/","name":"Serii de exerci\u021bii - WellStepp","isPartOf":{"@id":"https:\/\/wellstepp.eu\/fr\/#website"},"datePublished":"2023-03-23T07:20:00+00:00","dateModified":"2023-11-21T08:42:30+00:00","breadcrumb":{"@id":"https:\/\/wellstepp.eu\/ro\/serii-de-exercitii\/#breadcrumb"},"inLanguage":"ro-RO","potentialAction":[{"@type":"ReadAction","target":["https:\/\/wellstepp.eu\/ro\/serii-de-exercitii\/"]}]},{"@type":"BreadcrumbList","@id":"https:\/\/wellstepp.eu\/ro\/serii-de-exercitii\/#breadcrumb","itemListElement":[{"@type":"ListItem","position":1,"name":"Kezd\u0151lap","item":"https:\/\/wellstepp.eu\/ro\/"},{"@type":"ListItem","position":2,"name":"Serii de exerci\u021bii"}]},{"@type":"WebSite","@id":"https:\/\/wellstepp.eu\/fr\/#website","url":"https:\/\/wellstepp.eu\/fr\/","name":"WellStepp","description":"","potentialAction":[{"@type":"SearchAction","target":{"@type":"EntryPoint","urlTemplate":"https:\/\/wellstepp.eu\/fr\/?s={search_term_string}"},"query-input":{"@type":"PropertyValueSpecification","valueRequired":true,"valueName":"search_term_string"}}],"inLanguage":"ro-RO"}]}},"_links":{"self":[{"href":"https:\/\/wellstepp.eu\/ro\/wp-json\/wp\/v2\/pages\/378","targetHints":{"allow":["GET"]}}],"collection":[{"href":"https:\/\/wellstepp.eu\/ro\/wp-json\/wp\/v2\/pages"}],"about":[{"href":"https:\/\/wellstepp.eu\/ro\/wp-json\/wp\/v2\/types\/page"}],"author":[{"embeddable":true,"href":"https:\/\/wellstepp.eu\/ro\/wp-json\/wp\/v2\/users\/1"}],"replies":[{"embeddable":true,"href":"https:\/\/wellstepp.eu\/ro\/wp-json\/wp\/v2\/comments?post=378"}],"version-history":[{"count":2,"href":"https:\/\/wellstepp.eu\/ro\/wp-json\/wp\/v2\/pages\/378\/revisions"}],"predecessor-version":[{"id":825,"href":"https:\/\/wellstepp.eu\/ro\/wp-json\/wp\/v2\/pages\/378\/revisions\/825"}],"wp:attachment":[{"href":"https:\/\/wellstepp.eu\/ro\/wp-json\/wp\/v2\/media?parent=378"}],"curies":[{"name":"wp","href":"https:\/\/api.w.org\/{rel}","templated":true}]}}