{"id":392,"date":"2023-03-23T13:56:42","date_gmt":"2023-03-23T12:56:42","guid":{"rendered":"http:\/\/localhost\/wellstepp-dev\/serii-de-exercitii\/fejleszto-gyakorlatok-4-6-eveseknek\/"},"modified":"2023-11-29T14:11:07","modified_gmt":"2023-11-29T13:11:07","slug":"exercitii-de-dezvoltare-pentru-copii-de-4-6-ani","status":"publish","type":"page","link":"https:\/\/wellstepp.eu\/ro\/serii-de-exercitii\/exercitii-de-dezvoltare-pentru-copii-de-4-6-ani\/","title":{"rendered":"Exerci\u021bii de dezvoltare pentru copii de 4-6 ani"},"content":{"rendered":"\n<ol class=\"wp-block-list\" style=\"list-style-type:1\">\n<li>Exerci\u021biu pentru \u00eent\u0103rirea bol\u021bii plantare<br>Copilul trebuie s\u0103 ridice \u0219osetele nepereche sau chiar \u0219i mici obiecte cu degetele de la picioare. S\u0103 le introduc\u0103 \u00eentr-o cutie de depozitare sau co\u0219. S\u0103 r\u0103m\u00e2n\u0103 pe covor \u00een timpul \u00eendeplinirii sarcinii.<\/li>\n\n\n\n<li>Exerci\u021biul vizeaz\u0103 dezvoltarea aten\u021biei, dar serve\u0219te \u0219i la \u00eent\u0103rirea mu\u0219chiului t\u0103lpii.<br>Plas\u0103m jum\u0103tate din cartona\u0219e pe o parte a covora\u0219ului \u0219i cealalt\u0103 jum\u0103tate, perechile, pe cealalt\u0103 parte. Copilul \u00eemperecheaz\u0103 cartona\u0219ele, p\u0103\u0219ind de-a lungul covora\u0219ului \u0219i adun\u00e2nd perechile pe o parte. Cartona\u0219ele jocului cu memorie sunt ideale pentru acest exerci\u021biu.<\/li>\n\n\n\n<li>Jocuri pentru \u00eembun\u0103t\u0103\u021birea abilit\u0103\u021bilor motorii fine \u0219i a echilibrului<br>Copilul trebuie s\u0103 culeag\u0103 buc\u0103\u021bi de h\u00e2rtie cu degetele de la picioare. Bilele de h\u00e2rtie pot fi plasate \u0219i pe cele dou\u0103 p\u0103r\u021bi ale covorului.<\/li>\n\n\n\n<li>Alte jocuri de adunare de obiecte de pe jos<br>\u00cempr\u0103\u0219tiem buc\u0103\u021bi de h\u00e2rtie pe suprafa\u021ba covorului \u0219i \u00eencuraj\u0103m copilul s\u0103 le ridice r\u0103m\u00e2n\u00e2nd pe covor.<\/li>\n\n\n\n<li>Exerci\u021bii de imita\u021bie pentru \u00eembun\u0103t\u0103\u021birea coordon\u0103rii ochi-m\u00e2n\u0103<br>E timpul s\u0103 fim creativi! Pentru o pauz\u0103, pute\u021bi face exerci\u021bii simple de imita\u021bie. Putem s\u0103 implic\u0103m at\u00e2t m\u00e2inile, c\u00e2t \u0219i picioarele copilului \u00een mi\u0219c\u0103ri; principalul lucru este s\u0103 r\u0103m\u00e2n\u0103 pe covora\u0219.<\/li>\n\n\n\n<li>Exerci\u021bii ludice pe covora\u0219ul WellStepp\u00ae<br>S\u0103 plas\u0103m pe covor c\u00e2te 2 buc\u0103\u021bi din 4 juc\u0103rii de culori diferite, pe care copilul trebuie s\u0103 le adune \u00een timp ce se deplaseaz\u0103 pe covor \u0219i s\u0103 le a\u0219eze \u00een cele 4 col\u021buri ale covora\u0219ului, grupate \u00een func\u021bie de culoare.<\/li>\n<\/ol>\n\n\n\n<p>T\u0103lpile mai micu\u021be pot obosi mai repede pe suprafe\u021bele denivelate, a\u0219a c\u0103 este important s\u0103 nu for\u021b\u0103m nimic \u0219i s\u0103 p\u0103str\u0103m caracterul ludic al exerci\u021biului! Putem face \u0219i c\u00e2te o pauz\u0103, cresc\u00e2nd treptat timpul petrecut pe covora\u0219.<\/p>\n","protected":false},"excerpt":{"rendered":"<p>T\u0103lpile mai micu\u021be pot obosi mai repede pe suprafe\u021bele denivelate, a\u0219a c\u0103 este important s\u0103 nu for\u021b\u0103m nimic \u0219i s\u0103 p\u0103str\u0103m caracterul ludic al exerci\u021biului! Putem face \u0219i c\u00e2te o pauz\u0103, cresc\u00e2nd treptat timpul petrecut pe covora\u0219.<\/p>\n","protected":false},"author":1,"featured_media":0,"parent":378,"menu_order":0,"comment_status":"closed","ping_status":"closed","template":"template-parts\/page-feladatsor.php","meta":{"_acf_changed":false,"footnotes":""},"class_list":["post-392","page","type-page","status-publish","hentry"],"acf":[],"yoast_head":"<!-- This site is optimized with the Yoast SEO plugin v26.8 - https:\/\/yoast.com\/product\/yoast-seo-wordpress\/ -->\n<title>Exerci\u021bii de dezvoltare pentru copii de 4-6 ani - WellStepp<\/title>\n<meta name=\"robots\" content=\"index, follow, max-snippet:-1, max-image-preview:large, max-video-preview:-1\" \/>\n<link rel=\"canonical\" href=\"https:\/\/wellstepp.eu\/ro\/serii-de-exercitii\/exercitii-de-dezvoltare-pentru-copii-de-4-6-ani\/\" \/>\n<meta property=\"og:locale\" content=\"ro_RO\" \/>\n<meta property=\"og:type\" content=\"article\" \/>\n<meta property=\"og:title\" content=\"Exerci\u021bii de dezvoltare pentru copii de 4-6 ani - WellStepp\" \/>\n<meta property=\"og:description\" content=\"T\u0103lpile mai micu\u021be pot obosi mai repede pe suprafe\u021bele denivelate, a\u0219a c\u0103 este important s\u0103 nu for\u021b\u0103m nimic \u0219i s\u0103 p\u0103str\u0103m caracterul ludic al exerci\u021biului! Putem face \u0219i c\u00e2te o pauz\u0103, cresc\u00e2nd treptat timpul petrecut pe covora\u0219.\" \/>\n<meta property=\"og:url\" content=\"https:\/\/wellstepp.eu\/ro\/serii-de-exercitii\/exercitii-de-dezvoltare-pentru-copii-de-4-6-ani\/\" \/>\n<meta property=\"og:site_name\" content=\"WellStepp\" \/>\n<meta property=\"article:publisher\" content=\"https:\/\/www.facebook.com\/people\/WellStepp\/100090271391298\/\" \/>\n<meta property=\"article:modified_time\" content=\"2023-11-29T13:11:07+00:00\" \/>\n<meta name=\"twitter:card\" content=\"summary_large_image\" \/>\n<meta name=\"twitter:label1\" content=\"Timp estimat pentru citire\" \/>\n\t<meta name=\"twitter:data1\" content=\"2 minute\" \/>\n<script type=\"application\/ld+json\" class=\"yoast-schema-graph\">{\"@context\":\"https:\/\/schema.org\",\"@graph\":[{\"@type\":\"WebPage\",\"@id\":\"https:\/\/wellstepp.eu\/ro\/serii-de-exercitii\/exercitii-de-dezvoltare-pentru-copii-de-4-6-ani\/\",\"url\":\"https:\/\/wellstepp.eu\/ro\/serii-de-exercitii\/exercitii-de-dezvoltare-pentru-copii-de-4-6-ani\/\",\"name\":\"Exerci\u021bii de dezvoltare pentru copii de 4-6 ani - WellStepp\",\"isPartOf\":{\"@id\":\"https:\/\/wellstepp.eu\/fr\/#website\"},\"datePublished\":\"2023-03-23T12:56:42+00:00\",\"dateModified\":\"2023-11-29T13:11:07+00:00\",\"breadcrumb\":{\"@id\":\"https:\/\/wellstepp.eu\/ro\/serii-de-exercitii\/exercitii-de-dezvoltare-pentru-copii-de-4-6-ani\/#breadcrumb\"},\"inLanguage\":\"ro-RO\",\"potentialAction\":[{\"@type\":\"ReadAction\",\"target\":[\"https:\/\/wellstepp.eu\/ro\/serii-de-exercitii\/exercitii-de-dezvoltare-pentru-copii-de-4-6-ani\/\"]}]},{\"@type\":\"BreadcrumbList\",\"@id\":\"https:\/\/wellstepp.eu\/ro\/serii-de-exercitii\/exercitii-de-dezvoltare-pentru-copii-de-4-6-ani\/#breadcrumb\",\"itemListElement\":[{\"@type\":\"ListItem\",\"position\":1,\"name\":\"Kezd\u0151lap\",\"item\":\"https:\/\/wellstepp.eu\/ro\/\"},{\"@type\":\"ListItem\",\"position\":2,\"name\":\"Serii de exerci\u021bii\",\"item\":\"https:\/\/wellstepp.eu\/ro\/serii-de-exercitii\/\"},{\"@type\":\"ListItem\",\"position\":3,\"name\":\"Exerci\u021bii de dezvoltare pentru copii de 4-6 ani\"}]},{\"@type\":\"WebSite\",\"@id\":\"https:\/\/wellstepp.eu\/fr\/#website\",\"url\":\"https:\/\/wellstepp.eu\/fr\/\",\"name\":\"WellStepp\",\"description\":\"\",\"potentialAction\":[{\"@type\":\"SearchAction\",\"target\":{\"@type\":\"EntryPoint\",\"urlTemplate\":\"https:\/\/wellstepp.eu\/fr\/?s={search_term_string}\"},\"query-input\":{\"@type\":\"PropertyValueSpecification\",\"valueRequired\":true,\"valueName\":\"search_term_string\"}}],\"inLanguage\":\"ro-RO\"}]}<\/script>\n<!-- \/ Yoast SEO plugin. -->","yoast_head_json":{"title":"Exerci\u021bii de dezvoltare pentru copii de 4-6 ani - WellStepp","robots":{"index":"index","follow":"follow","max-snippet":"max-snippet:-1","max-image-preview":"max-image-preview:large","max-video-preview":"max-video-preview:-1"},"canonical":"https:\/\/wellstepp.eu\/ro\/serii-de-exercitii\/exercitii-de-dezvoltare-pentru-copii-de-4-6-ani\/","og_locale":"ro_RO","og_type":"article","og_title":"Exerci\u021bii de dezvoltare pentru copii de 4-6 ani - WellStepp","og_description":"T\u0103lpile mai micu\u021be pot obosi mai repede pe suprafe\u021bele denivelate, a\u0219a c\u0103 este important s\u0103 nu for\u021b\u0103m nimic \u0219i s\u0103 p\u0103str\u0103m caracterul ludic al exerci\u021biului! Putem face \u0219i c\u00e2te o pauz\u0103, cresc\u00e2nd treptat timpul petrecut pe covora\u0219.","og_url":"https:\/\/wellstepp.eu\/ro\/serii-de-exercitii\/exercitii-de-dezvoltare-pentru-copii-de-4-6-ani\/","og_site_name":"WellStepp","article_publisher":"https:\/\/www.facebook.com\/people\/WellStepp\/100090271391298\/","article_modified_time":"2023-11-29T13:11:07+00:00","twitter_card":"summary_large_image","twitter_misc":{"Timp estimat pentru citire":"2 minute"},"schema":{"@context":"https:\/\/schema.org","@graph":[{"@type":"WebPage","@id":"https:\/\/wellstepp.eu\/ro\/serii-de-exercitii\/exercitii-de-dezvoltare-pentru-copii-de-4-6-ani\/","url":"https:\/\/wellstepp.eu\/ro\/serii-de-exercitii\/exercitii-de-dezvoltare-pentru-copii-de-4-6-ani\/","name":"Exerci\u021bii de dezvoltare pentru copii de 4-6 ani - WellStepp","isPartOf":{"@id":"https:\/\/wellstepp.eu\/fr\/#website"},"datePublished":"2023-03-23T12:56:42+00:00","dateModified":"2023-11-29T13:11:07+00:00","breadcrumb":{"@id":"https:\/\/wellstepp.eu\/ro\/serii-de-exercitii\/exercitii-de-dezvoltare-pentru-copii-de-4-6-ani\/#breadcrumb"},"inLanguage":"ro-RO","potentialAction":[{"@type":"ReadAction","target":["https:\/\/wellstepp.eu\/ro\/serii-de-exercitii\/exercitii-de-dezvoltare-pentru-copii-de-4-6-ani\/"]}]},{"@type":"BreadcrumbList","@id":"https:\/\/wellstepp.eu\/ro\/serii-de-exercitii\/exercitii-de-dezvoltare-pentru-copii-de-4-6-ani\/#breadcrumb","itemListElement":[{"@type":"ListItem","position":1,"name":"Kezd\u0151lap","item":"https:\/\/wellstepp.eu\/ro\/"},{"@type":"ListItem","position":2,"name":"Serii de exerci\u021bii","item":"https:\/\/wellstepp.eu\/ro\/serii-de-exercitii\/"},{"@type":"ListItem","position":3,"name":"Exerci\u021bii de dezvoltare pentru copii de 4-6 ani"}]},{"@type":"WebSite","@id":"https:\/\/wellstepp.eu\/fr\/#website","url":"https:\/\/wellstepp.eu\/fr\/","name":"WellStepp","description":"","potentialAction":[{"@type":"SearchAction","target":{"@type":"EntryPoint","urlTemplate":"https:\/\/wellstepp.eu\/fr\/?s={search_term_string}"},"query-input":{"@type":"PropertyValueSpecification","valueRequired":true,"valueName":"search_term_string"}}],"inLanguage":"ro-RO"}]}},"_links":{"self":[{"href":"https:\/\/wellstepp.eu\/ro\/wp-json\/wp\/v2\/pages\/392","targetHints":{"allow":["GET"]}}],"collection":[{"href":"https:\/\/wellstepp.eu\/ro\/wp-json\/wp\/v2\/pages"}],"about":[{"href":"https:\/\/wellstepp.eu\/ro\/wp-json\/wp\/v2\/types\/page"}],"author":[{"embeddable":true,"href":"https:\/\/wellstepp.eu\/ro\/wp-json\/wp\/v2\/users\/1"}],"replies":[{"embeddable":true,"href":"https:\/\/wellstepp.eu\/ro\/wp-json\/wp\/v2\/comments?post=392"}],"version-history":[{"count":2,"href":"https:\/\/wellstepp.eu\/ro\/wp-json\/wp\/v2\/pages\/392\/revisions"}],"predecessor-version":[{"id":844,"href":"https:\/\/wellstepp.eu\/ro\/wp-json\/wp\/v2\/pages\/392\/revisions\/844"}],"up":[{"embeddable":true,"href":"https:\/\/wellstepp.eu\/ro\/wp-json\/wp\/v2\/pages\/378"}],"wp:attachment":[{"href":"https:\/\/wellstepp.eu\/ro\/wp-json\/wp\/v2\/media?parent=392"}],"curies":[{"name":"wp","href":"https:\/\/api.w.org\/{rel}","templated":true}]}}