{"id":415,"date":"2023-03-23T14:02:31","date_gmt":"2023-03-23T13:02:31","guid":{"rendered":"http:\/\/localhost\/wellstepp-dev\/serii-de-exercitii\/fejleszto-gyakorlatok-ovodasok-szamara\/"},"modified":"2023-11-29T14:13:54","modified_gmt":"2023-11-29T13:13:54","slug":"exercitii-de-dezvoltare-pentru-prescolari","status":"publish","type":"page","link":"https:\/\/wellstepp.eu\/ro\/serii-de-exercitii\/exercitii-de-dezvoltare-pentru-prescolari\/","title":{"rendered":"Exerci\u021bii de dezvoltare pentru pre\u0219colari"},"content":{"rendered":"\n<ol class=\"wp-block-list\">\n<li>Exerci\u021bii de p\u0103\u0219ire pentru \u00eembun\u0103t\u0103\u021birea echilibrului \u0219i a concentr\u0103rii<br>Copilul traverseaz\u0103 covorul plas\u00e2ndu-\u0219i picioarele unul \u00een fa\u021ba celuilalt.<\/li>\n\n\n\n<li>Mersul \u00een v\u00e2rful picioarelor<br>Mersul pe suprafe\u021be denivelate \u00een v\u00e2rful picioarelor necesit\u0103 o concentrare complex\u0103.<\/li>\n\n\n\n<li>Mersul pe muchiile t\u0103lpilor<br>Mersul pe partea muchiile t\u0103lpilor \u00eent\u0103re\u0219te mu\u0219chii picioarelor copilului.<\/li>\n\n\n\n<li>Mersul pe c\u0103lc\u00e2ie<br>Mersul pe c\u0103lc\u00e2ie \u00eent\u0103re\u0219te gambele, genunchii \u0219i coloana vertebral\u0103.<\/li>\n\n\n\n<li>P\u0103\u0219irea lateral\u0103<br>Copilul trebuie s\u0103 p\u0103\u0219easc\u0103 de-a lungul covora\u0219ului, mai \u00eent\u00e2i la st\u00e2nga \u0219i apoi la dreapta. \u00centre timp, s\u0103-l \u00eencuraj\u0103m s\u0103 p\u0103\u0219easc\u0103 cu precizie!<\/li>\n\n\n\n<li>Pa\u0219i creativi<br>Copilul trebuie s\u0103 se deplaseze de-a lungul covora\u0219ului prin diferite moduri de mers. S\u0103 ne folosim imagina\u021bia \u0219i s\u0103-i propunem diferite tipuri de p\u0103\u0219ire! Ideea este de a \u021bine picioarele pe covor c\u00e2t mai mult timp posibil \u0219i de a antrena labele picioarelor \u0219i t\u0103lpile.<\/li>\n\n\n\n<li>Labirintul ludic<br>S\u0103 construim un labirint din juc\u0103rii! Seria variat\u0103 de exerci\u021bii face dezvoltarea \u0219i mai interesant\u0103.<\/li>\n\n\n\n<li>Joc de memorie \u0219i aten\u021bie<br>Desena\u021bi cu degetele pe spatele copilului \u0219i cere\u021bi-i s\u0103 deseneze acela\u0219i model pe o bucat\u0103 de h\u00e2rtie din cel\u0103lalt cap\u0103t al covora\u0219ului.<\/li>\n\n\n\n<li>Jocuri pentru \u00eembun\u0103t\u0103\u021birea abilit\u0103\u021bilor motorii fine \u0219i a echilibrului Mi\u0219c\u0103rile de ciupire dezvolt\u0103 sim\u021bul echilibrului \u0219i \u00eent\u0103resc mu\u0219chii bol\u021bii plantare. Copilul trebuie s\u0103 ridice buc\u0103\u021bi de h\u00e2rtie mototolite sau chiar \u0219i mici obiecte cu degetele de la picioare. S\u0103 le introduc\u0103 \u00eentr-o cutie de depozitare sau co\u0219. S\u0103 r\u0103m\u00e2n\u0103 pe covor \u00een timpul \u00eendeplinirii sarcinii.<\/li>\n<\/ol>\n\n\n\n<p>S\u0103 \u00eencerc\u0103m s\u0103 asigur\u0103m c\u0103 timpul petrecut pe covora\u0219 este pl\u0103cut pentru copil. S\u0103-l \u00eencuraj\u0103m s\u0103 se joace liber cu juc\u0103riile sale pe covora\u0219.<\/p>\n","protected":false},"excerpt":{"rendered":"<p>S\u0103 \u00eencerc\u0103m s\u0103 asigur\u0103m c\u0103 timpul petrecut pe covora\u0219 este pl\u0103cut pentru copil. S\u0103-l \u00eencuraj\u0103m s\u0103 se joace liber cu juc\u0103riile sale pe covora\u0219.<\/p>\n","protected":false},"author":1,"featured_media":0,"parent":378,"menu_order":0,"comment_status":"closed","ping_status":"closed","template":"template-parts\/page-feladatsor.php","meta":{"_acf_changed":false,"footnotes":""},"class_list":["post-415","page","type-page","status-publish","hentry"],"acf":[],"yoast_head":"<!-- This site is optimized with the Yoast SEO plugin v26.8 - https:\/\/yoast.com\/product\/yoast-seo-wordpress\/ -->\n<title>Exerci\u021bii de dezvoltare pentru pre\u0219colari - WellStepp<\/title>\n<meta name=\"robots\" content=\"index, follow, max-snippet:-1, max-image-preview:large, max-video-preview:-1\" \/>\n<link rel=\"canonical\" href=\"https:\/\/wellstepp.eu\/ro\/serii-de-exercitii\/exercitii-de-dezvoltare-pentru-prescolari\/\" \/>\n<meta property=\"og:locale\" content=\"ro_RO\" \/>\n<meta property=\"og:type\" content=\"article\" \/>\n<meta property=\"og:title\" content=\"Exerci\u021bii de dezvoltare pentru pre\u0219colari - WellStepp\" \/>\n<meta property=\"og:description\" content=\"S\u0103 \u00eencerc\u0103m s\u0103 asigur\u0103m c\u0103 timpul petrecut pe covora\u0219 este pl\u0103cut pentru copil. S\u0103-l \u00eencuraj\u0103m s\u0103 se joace liber cu juc\u0103riile sale pe covora\u0219.\" \/>\n<meta property=\"og:url\" content=\"https:\/\/wellstepp.eu\/ro\/serii-de-exercitii\/exercitii-de-dezvoltare-pentru-prescolari\/\" \/>\n<meta property=\"og:site_name\" content=\"WellStepp\" \/>\n<meta property=\"article:publisher\" content=\"https:\/\/www.facebook.com\/people\/WellStepp\/100090271391298\/\" \/>\n<meta property=\"article:modified_time\" content=\"2023-11-29T13:13:54+00:00\" \/>\n<meta name=\"twitter:card\" content=\"summary_large_image\" \/>\n<meta name=\"twitter:label1\" content=\"Timp estimat pentru citire\" \/>\n\t<meta name=\"twitter:data1\" content=\"2 minute\" \/>\n<script type=\"application\/ld+json\" class=\"yoast-schema-graph\">{\"@context\":\"https:\/\/schema.org\",\"@graph\":[{\"@type\":\"WebPage\",\"@id\":\"https:\/\/wellstepp.eu\/ro\/serii-de-exercitii\/exercitii-de-dezvoltare-pentru-prescolari\/\",\"url\":\"https:\/\/wellstepp.eu\/ro\/serii-de-exercitii\/exercitii-de-dezvoltare-pentru-prescolari\/\",\"name\":\"Exerci\u021bii de dezvoltare pentru pre\u0219colari - WellStepp\",\"isPartOf\":{\"@id\":\"https:\/\/wellstepp.eu\/fr\/#website\"},\"datePublished\":\"2023-03-23T13:02:31+00:00\",\"dateModified\":\"2023-11-29T13:13:54+00:00\",\"breadcrumb\":{\"@id\":\"https:\/\/wellstepp.eu\/ro\/serii-de-exercitii\/exercitii-de-dezvoltare-pentru-prescolari\/#breadcrumb\"},\"inLanguage\":\"ro-RO\",\"potentialAction\":[{\"@type\":\"ReadAction\",\"target\":[\"https:\/\/wellstepp.eu\/ro\/serii-de-exercitii\/exercitii-de-dezvoltare-pentru-prescolari\/\"]}]},{\"@type\":\"BreadcrumbList\",\"@id\":\"https:\/\/wellstepp.eu\/ro\/serii-de-exercitii\/exercitii-de-dezvoltare-pentru-prescolari\/#breadcrumb\",\"itemListElement\":[{\"@type\":\"ListItem\",\"position\":1,\"name\":\"Kezd\u0151lap\",\"item\":\"https:\/\/wellstepp.eu\/ro\/\"},{\"@type\":\"ListItem\",\"position\":2,\"name\":\"Serii de exerci\u021bii\",\"item\":\"https:\/\/wellstepp.eu\/ro\/serii-de-exercitii\/\"},{\"@type\":\"ListItem\",\"position\":3,\"name\":\"Exerci\u021bii de dezvoltare pentru pre\u0219colari\"}]},{\"@type\":\"WebSite\",\"@id\":\"https:\/\/wellstepp.eu\/fr\/#website\",\"url\":\"https:\/\/wellstepp.eu\/fr\/\",\"name\":\"WellStepp\",\"description\":\"\",\"potentialAction\":[{\"@type\":\"SearchAction\",\"target\":{\"@type\":\"EntryPoint\",\"urlTemplate\":\"https:\/\/wellstepp.eu\/fr\/?s={search_term_string}\"},\"query-input\":{\"@type\":\"PropertyValueSpecification\",\"valueRequired\":true,\"valueName\":\"search_term_string\"}}],\"inLanguage\":\"ro-RO\"}]}<\/script>\n<!-- \/ Yoast SEO plugin. -->","yoast_head_json":{"title":"Exerci\u021bii de dezvoltare pentru pre\u0219colari - WellStepp","robots":{"index":"index","follow":"follow","max-snippet":"max-snippet:-1","max-image-preview":"max-image-preview:large","max-video-preview":"max-video-preview:-1"},"canonical":"https:\/\/wellstepp.eu\/ro\/serii-de-exercitii\/exercitii-de-dezvoltare-pentru-prescolari\/","og_locale":"ro_RO","og_type":"article","og_title":"Exerci\u021bii de dezvoltare pentru pre\u0219colari - WellStepp","og_description":"S\u0103 \u00eencerc\u0103m s\u0103 asigur\u0103m c\u0103 timpul petrecut pe covora\u0219 este pl\u0103cut pentru copil. S\u0103-l \u00eencuraj\u0103m s\u0103 se joace liber cu juc\u0103riile sale pe covora\u0219.","og_url":"https:\/\/wellstepp.eu\/ro\/serii-de-exercitii\/exercitii-de-dezvoltare-pentru-prescolari\/","og_site_name":"WellStepp","article_publisher":"https:\/\/www.facebook.com\/people\/WellStepp\/100090271391298\/","article_modified_time":"2023-11-29T13:13:54+00:00","twitter_card":"summary_large_image","twitter_misc":{"Timp estimat pentru citire":"2 minute"},"schema":{"@context":"https:\/\/schema.org","@graph":[{"@type":"WebPage","@id":"https:\/\/wellstepp.eu\/ro\/serii-de-exercitii\/exercitii-de-dezvoltare-pentru-prescolari\/","url":"https:\/\/wellstepp.eu\/ro\/serii-de-exercitii\/exercitii-de-dezvoltare-pentru-prescolari\/","name":"Exerci\u021bii de dezvoltare pentru pre\u0219colari - WellStepp","isPartOf":{"@id":"https:\/\/wellstepp.eu\/fr\/#website"},"datePublished":"2023-03-23T13:02:31+00:00","dateModified":"2023-11-29T13:13:54+00:00","breadcrumb":{"@id":"https:\/\/wellstepp.eu\/ro\/serii-de-exercitii\/exercitii-de-dezvoltare-pentru-prescolari\/#breadcrumb"},"inLanguage":"ro-RO","potentialAction":[{"@type":"ReadAction","target":["https:\/\/wellstepp.eu\/ro\/serii-de-exercitii\/exercitii-de-dezvoltare-pentru-prescolari\/"]}]},{"@type":"BreadcrumbList","@id":"https:\/\/wellstepp.eu\/ro\/serii-de-exercitii\/exercitii-de-dezvoltare-pentru-prescolari\/#breadcrumb","itemListElement":[{"@type":"ListItem","position":1,"name":"Kezd\u0151lap","item":"https:\/\/wellstepp.eu\/ro\/"},{"@type":"ListItem","position":2,"name":"Serii de exerci\u021bii","item":"https:\/\/wellstepp.eu\/ro\/serii-de-exercitii\/"},{"@type":"ListItem","position":3,"name":"Exerci\u021bii de dezvoltare pentru pre\u0219colari"}]},{"@type":"WebSite","@id":"https:\/\/wellstepp.eu\/fr\/#website","url":"https:\/\/wellstepp.eu\/fr\/","name":"WellStepp","description":"","potentialAction":[{"@type":"SearchAction","target":{"@type":"EntryPoint","urlTemplate":"https:\/\/wellstepp.eu\/fr\/?s={search_term_string}"},"query-input":{"@type":"PropertyValueSpecification","valueRequired":true,"valueName":"search_term_string"}}],"inLanguage":"ro-RO"}]}},"_links":{"self":[{"href":"https:\/\/wellstepp.eu\/ro\/wp-json\/wp\/v2\/pages\/415","targetHints":{"allow":["GET"]}}],"collection":[{"href":"https:\/\/wellstepp.eu\/ro\/wp-json\/wp\/v2\/pages"}],"about":[{"href":"https:\/\/wellstepp.eu\/ro\/wp-json\/wp\/v2\/types\/page"}],"author":[{"embeddable":true,"href":"https:\/\/wellstepp.eu\/ro\/wp-json\/wp\/v2\/users\/1"}],"replies":[{"embeddable":true,"href":"https:\/\/wellstepp.eu\/ro\/wp-json\/wp\/v2\/comments?post=415"}],"version-history":[{"count":2,"href":"https:\/\/wellstepp.eu\/ro\/wp-json\/wp\/v2\/pages\/415\/revisions"}],"predecessor-version":[{"id":852,"href":"https:\/\/wellstepp.eu\/ro\/wp-json\/wp\/v2\/pages\/415\/revisions\/852"}],"up":[{"embeddable":true,"href":"https:\/\/wellstepp.eu\/ro\/wp-json\/wp\/v2\/pages\/378"}],"wp:attachment":[{"href":"https:\/\/wellstepp.eu\/ro\/wp-json\/wp\/v2\/media?parent=415"}],"curies":[{"name":"wp","href":"https:\/\/api.w.org\/{rel}","templated":true}]}}