{"id":428,"date":"2023-03-23T14:02:44","date_gmt":"2023-03-23T13:02:44","guid":{"rendered":"http:\/\/localhost\/wellstepp-dev\/serii-de-exercitii\/paros-gyakorlatsorok-ovodasok-szamara\/"},"modified":"2023-11-29T14:15:26","modified_gmt":"2023-11-29T13:15:26","slug":"exercitii-de-dezvoltare-in-perechi-pentru-prescolari","status":"publish","type":"page","link":"https:\/\/wellstepp.eu\/ro\/serii-de-exercitii\/exercitii-de-dezvoltare-in-perechi-pentru-prescolari\/","title":{"rendered":"Exerci\u021bii de dezvoltare \u00een perechi pentru pre\u0219colari"},"content":{"rendered":"\n<ol class=\"wp-block-list\">\n<li>Jocul \u00een comun<br>Jocul \u00een comun dezvolt\u0103 mai multe sim\u021buri ale copilului. Coordonarea ochi-m\u00e2n\u0103 \u0219i concentrarea influen\u021beaz\u0103 dezvoltarea orient\u0103rii spa\u021biale. Prin exerci\u021biile comune se dezvolt\u0103 inclusiv capacitatea de adaptare reciproc\u0103 \u0219i abilit\u0103\u021bile de lucru \u00een echip\u0103.<\/li>\n\n\n\n<li>Jocul cu mingea<br>Ruga\u021bi copiii s\u0103 se a\u0219eze unul \u00een fa\u021ba celuilalt pe covora\u0219 \u0219i s\u0103 rostogoleasc\u0103 mingi unul spre cel\u0103lalt pe suprafa\u021ba neuniform\u0103.\u00a0 Jocurile cu mingea contribuie la dezvoltarea percep\u021biei spa\u021biale \u0219i temporale \u0219i la precizia mi\u0219c\u0103rilor. Poate fi distractiv \u0219i faptul c\u0103 mingea este deviat\u0103 \u00een direc\u021bii nea\u0219teptate de modelul de pietricele.<\/li>\n\n\n\n<li>P\u0103\u0219irea lateral\u0103<br>Pune\u021bi-i pe cei mici unul \u00een fa\u021ba celuilalt \u0219i ruga\u021bi-i s\u0103 p\u0103\u0219easc\u0103 lateral, deplas\u00e2ndu-se de la un cap\u0103t la altul al covorului, \u021bin\u00e2ndu-se de m\u00e2n\u0103. Nu-i nicio problem\u0103 dac\u0103 uneori p\u0103\u0219esc \u00een afara covora\u0219ului! Toate exerci\u021biile de p\u0103\u0219ire \u00eempreun\u0103 sunt o modalitate bun\u0103 de a-i \u00eenv\u0103\u021ba pe copii s\u0103 urm\u0103reasc\u0103 \u0219i mi\u0219c\u0103rile celorlal\u021bi. Dac\u0103 se concentreaz\u0103 \u00een felul acesta, timpul trece mai repede \u0219i exerci\u021biile pe saltea devin mai pl\u0103cute. Joaca le poate activa mai multe sim\u021buri \u00een acela\u0219i timp.<\/li>\n\n\n\n<li>S\u0103rituri cu ambele picioare<br>Copiii se \u021bin de m\u00e2n\u0103 \u0219i sar cu ambele picioare \u00eenainte, de la un cap\u0103t la altul al covorului. \u00centre timp, trebuie s\u0103 fie aten\u021bi s\u0103 \u00eencerce s\u0103 fac\u0103 s\u0103riturile \u00een acela\u0219i timp. Toate exeric\u021biile \u00een comun promoveaz\u0103 acceptarea regulilor \u0219i consolideaz\u0103 abilit\u0103\u021bile sociale.<\/li>\n\n\n\n<li>Jocul de rostogolire<br>Ruga\u021bi copiii s\u0103 se \u00eentind\u0103 pe covorul WellStepp\u00ae \u0219i s\u0103 se rostogoleasc\u0103 pe covora\u0219 unul dup\u0103 altul. Acest exerci\u021biu maseaz\u0103 \u0219i stimuleaz\u0103 \u00eentregul corp.<\/li>\n\n\n\n<li>S\u0103 s\u0103rim ca broasca! Cine sare cel mai departe?<br>S\u0103riturile \u00eempreun\u0103, pe muzic\u0103 sau pe ritm de aplauze, au un efect benefic asupra dezvolt\u0103rii sim\u021bului de ritm \u0219i a controlului aten\u021biei. \u00cen timpul exerci\u021biilor, s\u0103 verific\u0103m ficarea corect\u0103 a covora\u0219ului pe sol, astfel \u00eenc\u00e2t s\u0103 nu poat\u0103 aluneca, deoarece poate pierde din aderen\u021b\u0103 pe anumite suprafe\u021be.<\/li>\n\n\n\n<li>Jocul \u00een comun cu p\u0103rin\u021bii<br>S\u0103 nu ezit\u0103m s\u0103 facem exerci\u021biile \u00eempreun\u0103 cu copilul nostru, c\u0103ci suprafa\u021ba cu model de pietricele este benefic\u0103 pentru oricine! Chiar \u015fi ca adul\u0163i avem nevoie de eul nostru juc\u0103u\u0219, creativ \u0219i explorator, la fel ca \u0219i de entuziasmul nostru, pentru a da un exemplu \u0219i a ne conecta cu copiii no\u0219tri.<\/li>\n<\/ol>\n","protected":false},"excerpt":{"rendered":"","protected":false},"author":1,"featured_media":0,"parent":378,"menu_order":0,"comment_status":"closed","ping_status":"closed","template":"template-parts\/page-feladatsor.php","meta":{"_acf_changed":false,"footnotes":""},"class_list":["post-428","page","type-page","status-publish","hentry"],"acf":[],"yoast_head":"<!-- This site is optimized with the Yoast SEO plugin v26.8 - https:\/\/yoast.com\/product\/yoast-seo-wordpress\/ -->\n<title>Exerci\u021bii de dezvoltare \u00een perechi pentru pre\u0219colari - WellStepp<\/title>\n<meta name=\"robots\" content=\"index, follow, max-snippet:-1, max-image-preview:large, max-video-preview:-1\" \/>\n<link rel=\"canonical\" href=\"https:\/\/wellstepp.eu\/ro\/serii-de-exercitii\/exercitii-de-dezvoltare-in-perechi-pentru-prescolari\/\" \/>\n<meta property=\"og:locale\" content=\"ro_RO\" \/>\n<meta property=\"og:type\" content=\"article\" \/>\n<meta property=\"og:title\" content=\"Exerci\u021bii de dezvoltare \u00een perechi pentru pre\u0219colari - WellStepp\" \/>\n<meta property=\"og:url\" content=\"https:\/\/wellstepp.eu\/ro\/serii-de-exercitii\/exercitii-de-dezvoltare-in-perechi-pentru-prescolari\/\" \/>\n<meta property=\"og:site_name\" content=\"WellStepp\" \/>\n<meta property=\"article:publisher\" content=\"https:\/\/www.facebook.com\/people\/WellStepp\/100090271391298\/\" \/>\n<meta property=\"article:modified_time\" content=\"2023-11-29T13:15:26+00:00\" \/>\n<meta name=\"twitter:card\" content=\"summary_large_image\" \/>\n<meta name=\"twitter:label1\" content=\"Timp estimat pentru citire\" \/>\n\t<meta name=\"twitter:data1\" content=\"2 minute\" \/>\n<script type=\"application\/ld+json\" class=\"yoast-schema-graph\">{\"@context\":\"https:\/\/schema.org\",\"@graph\":[{\"@type\":\"WebPage\",\"@id\":\"https:\/\/wellstepp.eu\/ro\/serii-de-exercitii\/exercitii-de-dezvoltare-in-perechi-pentru-prescolari\/\",\"url\":\"https:\/\/wellstepp.eu\/ro\/serii-de-exercitii\/exercitii-de-dezvoltare-in-perechi-pentru-prescolari\/\",\"name\":\"Exerci\u021bii de dezvoltare \u00een perechi pentru pre\u0219colari - WellStepp\",\"isPartOf\":{\"@id\":\"https:\/\/wellstepp.eu\/fr\/#website\"},\"datePublished\":\"2023-03-23T13:02:44+00:00\",\"dateModified\":\"2023-11-29T13:15:26+00:00\",\"breadcrumb\":{\"@id\":\"https:\/\/wellstepp.eu\/ro\/serii-de-exercitii\/exercitii-de-dezvoltare-in-perechi-pentru-prescolari\/#breadcrumb\"},\"inLanguage\":\"ro-RO\",\"potentialAction\":[{\"@type\":\"ReadAction\",\"target\":[\"https:\/\/wellstepp.eu\/ro\/serii-de-exercitii\/exercitii-de-dezvoltare-in-perechi-pentru-prescolari\/\"]}]},{\"@type\":\"BreadcrumbList\",\"@id\":\"https:\/\/wellstepp.eu\/ro\/serii-de-exercitii\/exercitii-de-dezvoltare-in-perechi-pentru-prescolari\/#breadcrumb\",\"itemListElement\":[{\"@type\":\"ListItem\",\"position\":1,\"name\":\"Kezd\u0151lap\",\"item\":\"https:\/\/wellstepp.eu\/ro\/\"},{\"@type\":\"ListItem\",\"position\":2,\"name\":\"Serii de exerci\u021bii\",\"item\":\"https:\/\/wellstepp.eu\/ro\/serii-de-exercitii\/\"},{\"@type\":\"ListItem\",\"position\":3,\"name\":\"Exerci\u021bii de dezvoltare \u00een perechi pentru pre\u0219colari\"}]},{\"@type\":\"WebSite\",\"@id\":\"https:\/\/wellstepp.eu\/fr\/#website\",\"url\":\"https:\/\/wellstepp.eu\/fr\/\",\"name\":\"WellStepp\",\"description\":\"\",\"potentialAction\":[{\"@type\":\"SearchAction\",\"target\":{\"@type\":\"EntryPoint\",\"urlTemplate\":\"https:\/\/wellstepp.eu\/fr\/?s={search_term_string}\"},\"query-input\":{\"@type\":\"PropertyValueSpecification\",\"valueRequired\":true,\"valueName\":\"search_term_string\"}}],\"inLanguage\":\"ro-RO\"}]}<\/script>\n<!-- \/ Yoast SEO plugin. -->","yoast_head_json":{"title":"Exerci\u021bii de dezvoltare \u00een perechi pentru pre\u0219colari - WellStepp","robots":{"index":"index","follow":"follow","max-snippet":"max-snippet:-1","max-image-preview":"max-image-preview:large","max-video-preview":"max-video-preview:-1"},"canonical":"https:\/\/wellstepp.eu\/ro\/serii-de-exercitii\/exercitii-de-dezvoltare-in-perechi-pentru-prescolari\/","og_locale":"ro_RO","og_type":"article","og_title":"Exerci\u021bii de dezvoltare \u00een perechi pentru pre\u0219colari - WellStepp","og_url":"https:\/\/wellstepp.eu\/ro\/serii-de-exercitii\/exercitii-de-dezvoltare-in-perechi-pentru-prescolari\/","og_site_name":"WellStepp","article_publisher":"https:\/\/www.facebook.com\/people\/WellStepp\/100090271391298\/","article_modified_time":"2023-11-29T13:15:26+00:00","twitter_card":"summary_large_image","twitter_misc":{"Timp estimat pentru citire":"2 minute"},"schema":{"@context":"https:\/\/schema.org","@graph":[{"@type":"WebPage","@id":"https:\/\/wellstepp.eu\/ro\/serii-de-exercitii\/exercitii-de-dezvoltare-in-perechi-pentru-prescolari\/","url":"https:\/\/wellstepp.eu\/ro\/serii-de-exercitii\/exercitii-de-dezvoltare-in-perechi-pentru-prescolari\/","name":"Exerci\u021bii de dezvoltare \u00een perechi pentru pre\u0219colari - WellStepp","isPartOf":{"@id":"https:\/\/wellstepp.eu\/fr\/#website"},"datePublished":"2023-03-23T13:02:44+00:00","dateModified":"2023-11-29T13:15:26+00:00","breadcrumb":{"@id":"https:\/\/wellstepp.eu\/ro\/serii-de-exercitii\/exercitii-de-dezvoltare-in-perechi-pentru-prescolari\/#breadcrumb"},"inLanguage":"ro-RO","potentialAction":[{"@type":"ReadAction","target":["https:\/\/wellstepp.eu\/ro\/serii-de-exercitii\/exercitii-de-dezvoltare-in-perechi-pentru-prescolari\/"]}]},{"@type":"BreadcrumbList","@id":"https:\/\/wellstepp.eu\/ro\/serii-de-exercitii\/exercitii-de-dezvoltare-in-perechi-pentru-prescolari\/#breadcrumb","itemListElement":[{"@type":"ListItem","position":1,"name":"Kezd\u0151lap","item":"https:\/\/wellstepp.eu\/ro\/"},{"@type":"ListItem","position":2,"name":"Serii de exerci\u021bii","item":"https:\/\/wellstepp.eu\/ro\/serii-de-exercitii\/"},{"@type":"ListItem","position":3,"name":"Exerci\u021bii de dezvoltare \u00een perechi pentru pre\u0219colari"}]},{"@type":"WebSite","@id":"https:\/\/wellstepp.eu\/fr\/#website","url":"https:\/\/wellstepp.eu\/fr\/","name":"WellStepp","description":"","potentialAction":[{"@type":"SearchAction","target":{"@type":"EntryPoint","urlTemplate":"https:\/\/wellstepp.eu\/fr\/?s={search_term_string}"},"query-input":{"@type":"PropertyValueSpecification","valueRequired":true,"valueName":"search_term_string"}}],"inLanguage":"ro-RO"}]}},"_links":{"self":[{"href":"https:\/\/wellstepp.eu\/ro\/wp-json\/wp\/v2\/pages\/428","targetHints":{"allow":["GET"]}}],"collection":[{"href":"https:\/\/wellstepp.eu\/ro\/wp-json\/wp\/v2\/pages"}],"about":[{"href":"https:\/\/wellstepp.eu\/ro\/wp-json\/wp\/v2\/types\/page"}],"author":[{"embeddable":true,"href":"https:\/\/wellstepp.eu\/ro\/wp-json\/wp\/v2\/users\/1"}],"replies":[{"embeddable":true,"href":"https:\/\/wellstepp.eu\/ro\/wp-json\/wp\/v2\/comments?post=428"}],"version-history":[{"count":2,"href":"https:\/\/wellstepp.eu\/ro\/wp-json\/wp\/v2\/pages\/428\/revisions"}],"predecessor-version":[{"id":860,"href":"https:\/\/wellstepp.eu\/ro\/wp-json\/wp\/v2\/pages\/428\/revisions\/860"}],"up":[{"embeddable":true,"href":"https:\/\/wellstepp.eu\/ro\/wp-json\/wp\/v2\/pages\/378"}],"wp:attachment":[{"href":"https:\/\/wellstepp.eu\/ro\/wp-json\/wp\/v2\/media?parent=428"}],"curies":[{"name":"wp","href":"https:\/\/api.w.org\/{rel}","templated":true}]}}