{"id":468,"date":"2023-03-23T08:20:41","date_gmt":"2023-03-23T07:20:41","guid":{"rendered":"http:\/\/localhost\/wellstepp-dev\/kapcsolat\/"},"modified":"2023-11-13T10:36:03","modified_gmt":"2023-11-13T09:36:03","slug":"a-lua-legatura","status":"publish","type":"page","link":"https:\/\/wellstepp.eu\/ro\/a-lua-legatura\/","title":{"rendered":"a lua legatura"},"content":{"rendered":"\n<p class=\"has-text-align-left\">Dac\u0103 ai \u00eentreb\u0103ri, sugestii sau probleme, nu ezita s\u0103 ne contactezi! Echipa noastr\u0103 de exper\u021bi este \u00eentotdeauna gata s\u0103 te ajute \u0219i s\u0103-\u021bi r\u0103spund\u0103 la \u00eentreb\u0103ri. Dac\u0103 ai nevoie de informa\u021bii care nu sunt disponibile pe site-ul nostru, te rug\u0103m s\u0103 ne contactezi folosind una dintre modalit\u0103\u0163ile de contactare de mai jos!<\/p>\n\n\n\n<p><strong>Dac\u0103 dore\u0219ti s\u0103 iei leg\u0103tura cu noi pentru a dezvolta un produs sau pentru a coopera cu noi, sau dac\u0103 ai sesizat o problem\u0103, te rug\u0103m s\u0103 ne contactezi prin una dintre variantele men\u021bionate mai jos:<\/strong><\/p>\n\n\n\n<p><\/p>\n\n\n\n<p>E-mail: <a href=\"mailto:info@wellstepp.eu\">info@wellstepp.eu<\/a><br><a href=\"mailto:mintabolt@trocellen.com\">mintabolt@trocellen.com<\/a><\/p>\n\n\n\n<p>Adres\u0103: <a href=\"https:\/\/goo.gl\/maps\/dKKIY\" target=\"_blank\" rel=\"noreferrer noopener\">1095 Budapest, Soroks\u00e1ri \u00fat 110.<\/a><\/p>\n\n\n\n<p>Telefon: <a href=\"tel:+3612806554\">+36 1 280 6554<\/a><\/p>\n\n\n\n<p><\/p>\n\n\n\n<p><strong>Pentru reclama\u021bii sau observa\u021bii, te rug\u0103m s\u0103 ne contactezi folosind una dintre modalit\u0103\u0163ile de contactare de mai jos:<\/strong><\/p>\n\n\n\n<p><\/p>\n\n\n\n<p>E-mail: <a href=\"mailto:vevoszolgalat@salusgyogypont.hu\">vevoszolgalat@salusgyogypont.hu<\/a><\/p>\n\n\n\n<p>Adres\u0103: <a href=\"https:\/\/www.google.hu\/search?q=2040+Buda%C3%B6rs%2C+%C3%89p%C3%ADt%C5%91k+%C3%BAtja+2-4.&amp;oq=2040+Buda%C3%B6rs%2C+%C3%89p%C3%ADt%C5%91k+%C3%BAtja+2-4.&amp;aqs=chrome..69i57.955j0j7&amp;sourceid=chrome&amp;es_sm=93&amp;ie=UTF-8\">2040 Buda\u00f6rs, \u00c9p\u00edt\u0151k \u00fatja 2-4.<\/a><\/p>\n\n\n\n<p>Telefon: <a href=\"tel:+3612806554\">+36 1 206 7900<\/a><\/p>\n","protected":false},"excerpt":{"rendered":"<p>Dac\u0103 ai \u00eentreb\u0103ri, sugestii sau probleme, nu ezita s\u0103 ne contactezi! Echipa noastr\u0103 de exper\u021bi este \u00eentotdeauna gata s\u0103 te ajute \u0219i s\u0103-\u021bi r\u0103spund\u0103 la \u00eentreb\u0103ri. Dac\u0103 ai nevoie de informa\u021bii care nu sunt disponibile pe site-ul nostru, te rug\u0103m s\u0103 ne contactezi folosind una dintre modalit\u0103\u0163ile de contactare de mai jos! Dac\u0103 dore\u0219ti s\u0103 [&hellip;]<\/p>\n","protected":false},"author":1,"featured_media":0,"parent":0,"menu_order":0,"comment_status":"closed","ping_status":"closed","template":"template-parts\/page-kapcsolat.php","meta":{"_acf_changed":false,"footnotes":""},"class_list":["post-468","page","type-page","status-publish","hentry"],"acf":[],"yoast_head":"<!-- This site is optimized with the Yoast SEO plugin v26.8 - https:\/\/yoast.com\/product\/yoast-seo-wordpress\/ -->\n<title>a lua legatura - WellStepp<\/title>\n<meta name=\"robots\" content=\"index, follow, max-snippet:-1, max-image-preview:large, max-video-preview:-1\" \/>\n<link rel=\"canonical\" href=\"https:\/\/wellstepp.eu\/ro\/a-lua-legatura\/\" \/>\n<meta property=\"og:locale\" content=\"ro_RO\" \/>\n<meta property=\"og:type\" content=\"article\" \/>\n<meta property=\"og:title\" content=\"a lua legatura - WellStepp\" \/>\n<meta property=\"og:description\" content=\"Dac\u0103 ai \u00eentreb\u0103ri, sugestii sau probleme, nu ezita s\u0103 ne contactezi! Echipa noastr\u0103 de exper\u021bi este \u00eentotdeauna gata s\u0103 te ajute \u0219i s\u0103-\u021bi r\u0103spund\u0103 la \u00eentreb\u0103ri. Dac\u0103 ai nevoie de informa\u021bii care nu sunt disponibile pe site-ul nostru, te rug\u0103m s\u0103 ne contactezi folosind una dintre modalit\u0103\u0163ile de contactare de mai jos! Dac\u0103 dore\u0219ti s\u0103 [&hellip;]\" \/>\n<meta property=\"og:url\" content=\"https:\/\/wellstepp.eu\/ro\/a-lua-legatura\/\" \/>\n<meta property=\"og:site_name\" content=\"WellStepp\" \/>\n<meta property=\"article:publisher\" content=\"https:\/\/www.facebook.com\/people\/WellStepp\/100090271391298\/\" \/>\n<meta property=\"article:modified_time\" content=\"2023-11-13T09:36:03+00:00\" \/>\n<meta name=\"twitter:card\" content=\"summary_large_image\" \/>\n<meta name=\"twitter:label1\" content=\"Timp estimat pentru citire\" \/>\n\t<meta name=\"twitter:data1\" content=\"1 minut\" \/>\n<script type=\"application\/ld+json\" class=\"yoast-schema-graph\">{\"@context\":\"https:\/\/schema.org\",\"@graph\":[{\"@type\":\"WebPage\",\"@id\":\"https:\/\/wellstepp.eu\/ro\/a-lua-legatura\/\",\"url\":\"https:\/\/wellstepp.eu\/ro\/a-lua-legatura\/\",\"name\":\"a lua legatura - WellStepp\",\"isPartOf\":{\"@id\":\"https:\/\/wellstepp.eu\/fr\/#website\"},\"datePublished\":\"2023-03-23T07:20:41+00:00\",\"dateModified\":\"2023-11-13T09:36:03+00:00\",\"breadcrumb\":{\"@id\":\"https:\/\/wellstepp.eu\/ro\/a-lua-legatura\/#breadcrumb\"},\"inLanguage\":\"ro-RO\",\"potentialAction\":[{\"@type\":\"ReadAction\",\"target\":[\"https:\/\/wellstepp.eu\/ro\/a-lua-legatura\/\"]}]},{\"@type\":\"BreadcrumbList\",\"@id\":\"https:\/\/wellstepp.eu\/ro\/a-lua-legatura\/#breadcrumb\",\"itemListElement\":[{\"@type\":\"ListItem\",\"position\":1,\"name\":\"Kezd\u0151lap\",\"item\":\"https:\/\/wellstepp.eu\/ro\/\"},{\"@type\":\"ListItem\",\"position\":2,\"name\":\"a lua legatura\"}]},{\"@type\":\"WebSite\",\"@id\":\"https:\/\/wellstepp.eu\/fr\/#website\",\"url\":\"https:\/\/wellstepp.eu\/fr\/\",\"name\":\"WellStepp\",\"description\":\"\",\"potentialAction\":[{\"@type\":\"SearchAction\",\"target\":{\"@type\":\"EntryPoint\",\"urlTemplate\":\"https:\/\/wellstepp.eu\/fr\/?s={search_term_string}\"},\"query-input\":{\"@type\":\"PropertyValueSpecification\",\"valueRequired\":true,\"valueName\":\"search_term_string\"}}],\"inLanguage\":\"ro-RO\"}]}<\/script>\n<!-- \/ Yoast SEO plugin. -->","yoast_head_json":{"title":"a lua legatura - WellStepp","robots":{"index":"index","follow":"follow","max-snippet":"max-snippet:-1","max-image-preview":"max-image-preview:large","max-video-preview":"max-video-preview:-1"},"canonical":"https:\/\/wellstepp.eu\/ro\/a-lua-legatura\/","og_locale":"ro_RO","og_type":"article","og_title":"a lua legatura - WellStepp","og_description":"Dac\u0103 ai \u00eentreb\u0103ri, sugestii sau probleme, nu ezita s\u0103 ne contactezi! Echipa noastr\u0103 de exper\u021bi este \u00eentotdeauna gata s\u0103 te ajute \u0219i s\u0103-\u021bi r\u0103spund\u0103 la \u00eentreb\u0103ri. Dac\u0103 ai nevoie de informa\u021bii care nu sunt disponibile pe site-ul nostru, te rug\u0103m s\u0103 ne contactezi folosind una dintre modalit\u0103\u0163ile de contactare de mai jos! Dac\u0103 dore\u0219ti s\u0103 [&hellip;]","og_url":"https:\/\/wellstepp.eu\/ro\/a-lua-legatura\/","og_site_name":"WellStepp","article_publisher":"https:\/\/www.facebook.com\/people\/WellStepp\/100090271391298\/","article_modified_time":"2023-11-13T09:36:03+00:00","twitter_card":"summary_large_image","twitter_misc":{"Timp estimat pentru citire":"1 minut"},"schema":{"@context":"https:\/\/schema.org","@graph":[{"@type":"WebPage","@id":"https:\/\/wellstepp.eu\/ro\/a-lua-legatura\/","url":"https:\/\/wellstepp.eu\/ro\/a-lua-legatura\/","name":"a lua legatura - WellStepp","isPartOf":{"@id":"https:\/\/wellstepp.eu\/fr\/#website"},"datePublished":"2023-03-23T07:20:41+00:00","dateModified":"2023-11-13T09:36:03+00:00","breadcrumb":{"@id":"https:\/\/wellstepp.eu\/ro\/a-lua-legatura\/#breadcrumb"},"inLanguage":"ro-RO","potentialAction":[{"@type":"ReadAction","target":["https:\/\/wellstepp.eu\/ro\/a-lua-legatura\/"]}]},{"@type":"BreadcrumbList","@id":"https:\/\/wellstepp.eu\/ro\/a-lua-legatura\/#breadcrumb","itemListElement":[{"@type":"ListItem","position":1,"name":"Kezd\u0151lap","item":"https:\/\/wellstepp.eu\/ro\/"},{"@type":"ListItem","position":2,"name":"a lua legatura"}]},{"@type":"WebSite","@id":"https:\/\/wellstepp.eu\/fr\/#website","url":"https:\/\/wellstepp.eu\/fr\/","name":"WellStepp","description":"","potentialAction":[{"@type":"SearchAction","target":{"@type":"EntryPoint","urlTemplate":"https:\/\/wellstepp.eu\/fr\/?s={search_term_string}"},"query-input":{"@type":"PropertyValueSpecification","valueRequired":true,"valueName":"search_term_string"}}],"inLanguage":"ro-RO"}]}},"_links":{"self":[{"href":"https:\/\/wellstepp.eu\/ro\/wp-json\/wp\/v2\/pages\/468","targetHints":{"allow":["GET"]}}],"collection":[{"href":"https:\/\/wellstepp.eu\/ro\/wp-json\/wp\/v2\/pages"}],"about":[{"href":"https:\/\/wellstepp.eu\/ro\/wp-json\/wp\/v2\/types\/page"}],"author":[{"embeddable":true,"href":"https:\/\/wellstepp.eu\/ro\/wp-json\/wp\/v2\/users\/1"}],"replies":[{"embeddable":true,"href":"https:\/\/wellstepp.eu\/ro\/wp-json\/wp\/v2\/comments?post=468"}],"version-history":[{"count":1,"href":"https:\/\/wellstepp.eu\/ro\/wp-json\/wp\/v2\/pages\/468\/revisions"}],"predecessor-version":[{"id":477,"href":"https:\/\/wellstepp.eu\/ro\/wp-json\/wp\/v2\/pages\/468\/revisions\/477"}],"wp:attachment":[{"href":"https:\/\/wellstepp.eu\/ro\/wp-json\/wp\/v2\/media?parent=468"}],"curies":[{"name":"wp","href":"https:\/\/api.w.org\/{rel}","templated":true}]}}