{"id":497,"date":"2023-03-23T08:21:11","date_gmt":"2023-03-23T07:21:11","guid":{"rendered":"http:\/\/localhost\/wellstepp-dev\/suti-informaciok\/"},"modified":"2023-11-13T10:53:53","modified_gmt":"2023-11-13T09:53:53","slug":"informatii-privind-cookie-urile","status":"publish","type":"page","link":"https:\/\/wellstepp.eu\/ro\/informatii-privind-cookie-urile\/","title":{"rendered":"Informa\u021bii privind cookie-urile"},"content":{"rendered":"\n<p>Site-ul www.wellstepp.eu (denumit \u00een continuare \u201eSite-ul web\u201d) utilizeaz\u0103 cookie-uri. Mai jos ve\u021bi g\u0103si mai multe informa\u021bii despre cookie-uri, despre modul \u00een care le folosim pe site \u0219i despre procedurile de control pe care le-am instituit privind cookie-urile. Continu\u00e2nd s\u0103 naviga\u021bi pe site dup\u0103 ce a\u021bi citit bannerul, v\u0103 exprima\u021bi acordul cu privire la utilizarea cookie-urilor \u00een conformitate cu prezenta declara\u021bie. Dac\u0103 nu sunte\u021bi de acord cu utilizarea cookie-urilor, v\u0103 rug\u0103m s\u0103 le dezactiva\u021bi urm\u00e2nd instruc\u021biunile din aceast\u0103 declara\u021bie.<\/p>\n\n\n\n<p><strong>1. CE SUNT COOKIE-URILE?<\/strong><\/p>\n\n\n\n<p>Cookie-urile sunt mici fi\u0219iere text care sunt plasate pe dispozitivul dumneavoastr\u0103 electronic (PC, tablet\u0103 etc.) atunci c\u00e2nd naviga\u021bi pe site. Cookie-urile sunt apoi returnate c\u0103tre site-ul web original pentru fiecare sesiune de navigare ulterioar\u0103 sau sunt trimise c\u0103tre alte site-uri web care pot recunoa\u0219te cookie-ul. Cookie-urile ac\u021bioneaz\u0103 ca o memorie a site-ului web, permi\u021b\u00e2ndu-i s\u0103 v\u0103 recunoasc\u0103 dispozitivul la fiecare vizit\u0103 ulterioar\u0103. De asemenea, cookie-urile permit stocarea preferin\u021belor dumneavoastr\u0103 de navigare pentru a v\u0103 face experien\u021ba de navigare pe site mai convenabil\u0103 \u0219i pentru a personaliza con\u021binutul site-ului web c\u00e2t mai mult posibil. Pentru mai multe informa\u021bii despre cookie-uri (inclusiv modul \u00een care cookie-urile sunt plasate pe dispozitivul dumneavoastr\u0103, modul de gestionare \u0219i \u0219tergerea\u00a0 cookie-urilor), v\u0103 rug\u0103m s\u0103 face\u021bi clic pe link-ul de mai jos: .<\/p>\n\n\n\n<p><strong>2. TIPURILE DE COOKIE-URI<\/strong><\/p>\n\n\n\n<p>Cookie-urile pot fi tehnice, analitice \u0219i de profilare.<\/p>\n\n\n\n<p>Site-ul web utilizeaz\u0103 \u201ecookie-uri de sesiune\u201d tehnice \u0219i cookie-uri persistente. Lista cookie-urilor tehnice poate fi consultat\u0103 aici:<\/p>\n\n\n\n<p><a href=\"https:\/\/codex.wordpress.org\/WordPress_Cookies\">https:\/\/codex.wordpress.org\/WordPress_Cookies<\/a><\/p>\n\n\n\n<p>Site-ul web utilizeaz\u0103, de asemenea, cookie-urile analitice furnizate de urm\u0103toarele p\u0103r\u021bi ter\u021be:<\/p>\n\n\n\n<p>\u2013 Google<\/p>\n\n\n\n<p>\u2013 Facebook<\/p>\n\n\n\n<p>\u2013 Twitter<\/p>\n\n\n\n<p>\u2013 Linkedin<\/p>\n\n\n\n<p>\u2013 Youtube<\/p>\n\n\n\n<p>Site-ul utilizeaz\u0103 instrumente care reduc capacitatea de identificare a cookie-urilor, cum ar fi \u201egat._anonymizelp();\u201d, pentru a asigura anonimizarea adreselor IP (\u201emascarea IP\u201d).<\/p>\n\n\n\n<p>Site-ul web nu utilizeaz\u0103 cookie-uri de profilare.<\/p>\n\n\n\n<p><strong>3. SCOPURI<\/strong><\/p>\n\n\n\n<p>Cookie-urile tehnice utilizate de site-ul nostru sunt folosite pentru a v\u0103 permite s\u0103 naviga\u021bi pe Site-ul web \u0219i s\u0103 utiliza\u021bi serviciile oferite de acesta.<\/p>\n\n\n\n<p>Cookie-urile analitice servesc la analiza \u0219i urm\u0103rirea modului \u00een care utiliza\u021bi Site-ul web (de exemplu, num\u0103rul de acces\u0103ri \u0219i de pagini vizualizate), \u00een scopuri statistice \u0219i pentru a \u00eembun\u0103t\u0103\u021bi func\u021bionalitatea \u0219i navigarea pe site.<\/p>\n\n\n\n<p><strong>4. CUM POT FI GESTIONATE \u0218I ELIMINATE COOKIE-URILE?<\/strong><\/p>\n\n\n\n<p>Continu\u00e2nd s\u0103 naviga\u021bi pe site dup\u0103 ce a\u021bi citit bannerul, v\u0103 exprima\u021bi acordul cu privire la utilizarea cookie-urilor. Pute\u021bi refuza utilizarea cookie-urilor sau le pute\u021bi dezactiva \u00een orice moment prin modificarea set\u0103rilor browserului dumneavoastr\u0103 \u0219i urm\u00e2nd instruc\u021biunile din prezenta Politic\u0103 privind cookie-urile.<\/p>\n\n\n\n<p>Dac\u0103 dori\u021bi ca browserul dumneavoastr\u0103 s\u0103 refuze cookie-urile, urma\u021bi instruc\u021biunile furnizorului browserului dumneavoastr\u0103. Instruc\u021biuni detaliate sunt disponibile la adresa: www.aboutcookies.org.<\/p>\n\n\n\n<p>Furnizarea de date este op\u021bional\u0103. Cu toate acestea, v\u0103 rug\u0103m s\u0103 re\u021bine\u021bi c\u0103, dac\u0103 refuza\u021bi\/dezactiva\u021bi cookie-urile, este posibil s\u0103 nu mai pute\u021bi utiliza anumite func\u021bii ale Site-ului web.<\/p>\n\n\n\n<p>Pentru informa\u021bii privind modalit\u0103\u021bile de prelucrare a datelor, accesul la date, comunicarea datelor, drepturile persoanelor vizate, modalit\u0103\u021bile de exercitare a acestor drepturi, operatorul de date, persoanele \u00eemputernicite de operator \u0219i persoanele responsabile, v\u0103 rug\u0103m s\u0103 consulta\u021bi<\/p>\n\n\n\n<p>Contact: Pentru informa\u021bii privind aceast\u0103 declara\u021bie, v\u0103 rug\u0103m s\u0103 ne contacta\u021bi la adresa de e-mail: gdprinfo.polifoam@trocellen.com. Pute\u021bi s\u0103 ne contacta\u021bi \u0219i prin scrisoare recomandat\u0103 la adresa: Polifoam M\u0171anyagfeldolgoz\u00f3 Kft., HU-1097 Budapest, T\u00e1bl\u00e1s utca 34\/A sau ne pute\u021bi suna la num\u0103rul: +3613479800.<\/p>\n","protected":false},"excerpt":{"rendered":"<p>Site-ul www.wellstepp.eu (denumit \u00een continuare \u201eSite-ul web\u201d) utilizeaz\u0103 cookie-uri. Mai jos ve\u021bi g\u0103si mai multe informa\u021bii despre cookie-uri, despre modul \u00een care le folosim pe site \u0219i despre procedurile de control pe care le-am instituit privind cookie-urile. Continu\u00e2nd s\u0103 naviga\u021bi pe site dup\u0103 ce a\u021bi citit bannerul, v\u0103 exprima\u021bi acordul cu privire la utilizarea cookie-urilor [&hellip;]<\/p>\n","protected":false},"author":1,"featured_media":0,"parent":0,"menu_order":0,"comment_status":"closed","ping_status":"closed","template":"template-parts\/page-szoveges.php","meta":{"_acf_changed":false,"footnotes":""},"class_list":["post-497","page","type-page","status-publish","hentry"],"acf":[],"yoast_head":"<!-- This site is optimized with the Yoast SEO plugin v26.8 - https:\/\/yoast.com\/product\/yoast-seo-wordpress\/ -->\n<title>Informa\u021bii privind cookie-urile - WellStepp<\/title>\n<meta name=\"robots\" content=\"index, follow, max-snippet:-1, max-image-preview:large, max-video-preview:-1\" \/>\n<link rel=\"canonical\" href=\"https:\/\/wellstepp.eu\/ro\/informatii-privind-cookie-urile\/\" \/>\n<meta property=\"og:locale\" content=\"ro_RO\" \/>\n<meta property=\"og:type\" content=\"article\" \/>\n<meta property=\"og:title\" content=\"Informa\u021bii privind cookie-urile - WellStepp\" \/>\n<meta property=\"og:description\" content=\"Site-ul www.wellstepp.eu (denumit \u00een continuare \u201eSite-ul web\u201d) utilizeaz\u0103 cookie-uri. Mai jos ve\u021bi g\u0103si mai multe informa\u021bii despre cookie-uri, despre modul \u00een care le folosim pe site \u0219i despre procedurile de control pe care le-am instituit privind cookie-urile. Continu\u00e2nd s\u0103 naviga\u021bi pe site dup\u0103 ce a\u021bi citit bannerul, v\u0103 exprima\u021bi acordul cu privire la utilizarea cookie-urilor [&hellip;]\" \/>\n<meta property=\"og:url\" content=\"https:\/\/wellstepp.eu\/ro\/informatii-privind-cookie-urile\/\" \/>\n<meta property=\"og:site_name\" content=\"WellStepp\" \/>\n<meta property=\"article:publisher\" content=\"https:\/\/www.facebook.com\/people\/WellStepp\/100090271391298\/\" \/>\n<meta property=\"article:modified_time\" content=\"2023-11-13T09:53:53+00:00\" \/>\n<meta name=\"twitter:card\" content=\"summary_large_image\" \/>\n<meta name=\"twitter:label1\" content=\"Timp estimat pentru citire\" \/>\n\t<meta name=\"twitter:data1\" content=\"3 minute\" \/>\n<script type=\"application\/ld+json\" class=\"yoast-schema-graph\">{\"@context\":\"https:\/\/schema.org\",\"@graph\":[{\"@type\":\"WebPage\",\"@id\":\"https:\/\/wellstepp.eu\/ro\/informatii-privind-cookie-urile\/\",\"url\":\"https:\/\/wellstepp.eu\/ro\/informatii-privind-cookie-urile\/\",\"name\":\"Informa\u021bii privind cookie-urile - WellStepp\",\"isPartOf\":{\"@id\":\"https:\/\/wellstepp.eu\/fr\/#website\"},\"datePublished\":\"2023-03-23T07:21:11+00:00\",\"dateModified\":\"2023-11-13T09:53:53+00:00\",\"breadcrumb\":{\"@id\":\"https:\/\/wellstepp.eu\/ro\/informatii-privind-cookie-urile\/#breadcrumb\"},\"inLanguage\":\"ro-RO\",\"potentialAction\":[{\"@type\":\"ReadAction\",\"target\":[\"https:\/\/wellstepp.eu\/ro\/informatii-privind-cookie-urile\/\"]}]},{\"@type\":\"BreadcrumbList\",\"@id\":\"https:\/\/wellstepp.eu\/ro\/informatii-privind-cookie-urile\/#breadcrumb\",\"itemListElement\":[{\"@type\":\"ListItem\",\"position\":1,\"name\":\"Kezd\u0151lap\",\"item\":\"https:\/\/wellstepp.eu\/ro\/\"},{\"@type\":\"ListItem\",\"position\":2,\"name\":\"Informa\u021bii privind cookie-urile\"}]},{\"@type\":\"WebSite\",\"@id\":\"https:\/\/wellstepp.eu\/fr\/#website\",\"url\":\"https:\/\/wellstepp.eu\/fr\/\",\"name\":\"WellStepp\",\"description\":\"\",\"potentialAction\":[{\"@type\":\"SearchAction\",\"target\":{\"@type\":\"EntryPoint\",\"urlTemplate\":\"https:\/\/wellstepp.eu\/fr\/?s={search_term_string}\"},\"query-input\":{\"@type\":\"PropertyValueSpecification\",\"valueRequired\":true,\"valueName\":\"search_term_string\"}}],\"inLanguage\":\"ro-RO\"}]}<\/script>\n<!-- \/ Yoast SEO plugin. -->","yoast_head_json":{"title":"Informa\u021bii privind cookie-urile - WellStepp","robots":{"index":"index","follow":"follow","max-snippet":"max-snippet:-1","max-image-preview":"max-image-preview:large","max-video-preview":"max-video-preview:-1"},"canonical":"https:\/\/wellstepp.eu\/ro\/informatii-privind-cookie-urile\/","og_locale":"ro_RO","og_type":"article","og_title":"Informa\u021bii privind cookie-urile - WellStepp","og_description":"Site-ul www.wellstepp.eu (denumit \u00een continuare \u201eSite-ul web\u201d) utilizeaz\u0103 cookie-uri. Mai jos ve\u021bi g\u0103si mai multe informa\u021bii despre cookie-uri, despre modul \u00een care le folosim pe site \u0219i despre procedurile de control pe care le-am instituit privind cookie-urile. Continu\u00e2nd s\u0103 naviga\u021bi pe site dup\u0103 ce a\u021bi citit bannerul, v\u0103 exprima\u021bi acordul cu privire la utilizarea cookie-urilor [&hellip;]","og_url":"https:\/\/wellstepp.eu\/ro\/informatii-privind-cookie-urile\/","og_site_name":"WellStepp","article_publisher":"https:\/\/www.facebook.com\/people\/WellStepp\/100090271391298\/","article_modified_time":"2023-11-13T09:53:53+00:00","twitter_card":"summary_large_image","twitter_misc":{"Timp estimat pentru citire":"3 minute"},"schema":{"@context":"https:\/\/schema.org","@graph":[{"@type":"WebPage","@id":"https:\/\/wellstepp.eu\/ro\/informatii-privind-cookie-urile\/","url":"https:\/\/wellstepp.eu\/ro\/informatii-privind-cookie-urile\/","name":"Informa\u021bii privind cookie-urile - WellStepp","isPartOf":{"@id":"https:\/\/wellstepp.eu\/fr\/#website"},"datePublished":"2023-03-23T07:21:11+00:00","dateModified":"2023-11-13T09:53:53+00:00","breadcrumb":{"@id":"https:\/\/wellstepp.eu\/ro\/informatii-privind-cookie-urile\/#breadcrumb"},"inLanguage":"ro-RO","potentialAction":[{"@type":"ReadAction","target":["https:\/\/wellstepp.eu\/ro\/informatii-privind-cookie-urile\/"]}]},{"@type":"BreadcrumbList","@id":"https:\/\/wellstepp.eu\/ro\/informatii-privind-cookie-urile\/#breadcrumb","itemListElement":[{"@type":"ListItem","position":1,"name":"Kezd\u0151lap","item":"https:\/\/wellstepp.eu\/ro\/"},{"@type":"ListItem","position":2,"name":"Informa\u021bii privind cookie-urile"}]},{"@type":"WebSite","@id":"https:\/\/wellstepp.eu\/fr\/#website","url":"https:\/\/wellstepp.eu\/fr\/","name":"WellStepp","description":"","potentialAction":[{"@type":"SearchAction","target":{"@type":"EntryPoint","urlTemplate":"https:\/\/wellstepp.eu\/fr\/?s={search_term_string}"},"query-input":{"@type":"PropertyValueSpecification","valueRequired":true,"valueName":"search_term_string"}}],"inLanguage":"ro-RO"}]}},"_links":{"self":[{"href":"https:\/\/wellstepp.eu\/ro\/wp-json\/wp\/v2\/pages\/497","targetHints":{"allow":["GET"]}}],"collection":[{"href":"https:\/\/wellstepp.eu\/ro\/wp-json\/wp\/v2\/pages"}],"about":[{"href":"https:\/\/wellstepp.eu\/ro\/wp-json\/wp\/v2\/types\/page"}],"author":[{"embeddable":true,"href":"https:\/\/wellstepp.eu\/ro\/wp-json\/wp\/v2\/users\/1"}],"replies":[{"embeddable":true,"href":"https:\/\/wellstepp.eu\/ro\/wp-json\/wp\/v2\/comments?post=497"}],"version-history":[{"count":1,"href":"https:\/\/wellstepp.eu\/ro\/wp-json\/wp\/v2\/pages\/497\/revisions"}],"predecessor-version":[{"id":507,"href":"https:\/\/wellstepp.eu\/ro\/wp-json\/wp\/v2\/pages\/497\/revisions\/507"}],"wp:attachment":[{"href":"https:\/\/wellstepp.eu\/ro\/wp-json\/wp\/v2\/media?parent=497"}],"curies":[{"name":"wp","href":"https:\/\/api.w.org\/{rel}","templated":true}]}}