{"id":923,"date":"2023-03-23T08:20:41","date_gmt":"2023-03-23T07:20:41","guid":{"rendered":"https:\/\/wellstepp.eu\/kontakt\/"},"modified":"2023-03-23T08:20:41","modified_gmt":"2023-03-23T07:20:41","slug":"kontakt","status":"publish","type":"page","link":"https:\/\/wellstepp.eu\/sl\/kontakt\/","title":{"rendered":"Kontakt"},"content":{"rendered":"\n<p class=\"has-text-align-left\">\u010ce imate kakr\u0161na koli vpra\u0161anja, pripombe ali tudi te\u017eave, nas brez oklevanja kontaktirajte! Na\u0161a strokovna ekipa vam je vedno pripravljena pomagati in odgovoriti na vsa va\u0161a vpra\u0161anja. \u010ce potrebujete informacije, ki niso na voljo na na\u0161i spletni strani, nas kontaktirajte z enim od spodnjih kontaktnih podatkov.<\/p>\n\n\n\n<p><strong>\u010ce pa nas \u017eelite kontaktirati zaradi razvoja izdelka, sodelovanja ali ste morebitno opazili kak\u0161ne napake, se obrnite na nas z enim od spodnjih kontaktnih podatkov:<\/strong><\/p>\n\n\n\n<p><\/p>\n\n\n\n<p>E-mail: <a href=\"mailto:info@wellstepp.eu\">info@wellstepp.eu<\/a><br><a href=\"mailto:mintabolt@trocellen.com\">mintabolt@trocellen.com<\/a><\/p>\n\n\n\n<p>Naslov: <a href=\"https:\/\/goo.gl\/maps\/dKKIY\" target=\"_blank\" rel=\"noreferrer noopener\">1095 Budapest, Soroks\u00e1ri \u00fat 110.<\/a><\/p>\n\n\n\n<p>Telefon: <a href=\"tel:+3612806554\">+36 1 280 6554<\/a><\/p>\n\n\n\n<p><\/p>\n\n\n\n<p><strong>V primeru prito\u017eb ali pripomb strank nas kontaktirajte z enim od naslednjih kontaktnih podatkov:<\/strong><\/p>\n\n\n\n<p><\/p>\n\n\n\n<p>E-mail: <a href=\"mailto:vevoszolgalat@salusgyogypont.hu\">vevoszolgalat@salusgyogypont.hu<\/a><\/p>\n\n\n\n<p>Naslov: <a href=\"https:\/\/www.google.hu\/search?q=2040+Buda%C3%B6rs%2C+%C3%89p%C3%ADt%C5%91k+%C3%BAtja+2-4.&amp;oq=2040+Buda%C3%B6rs%2C+%C3%89p%C3%ADt%C5%91k+%C3%BAtja+2-4.&amp;aqs=chrome..69i57.955j0j7&amp;sourceid=chrome&amp;es_sm=93&amp;ie=UTF-8\">2040 Buda\u00f6rs, \u00c9p\u00edt\u0151k \u00fatja 2-4.<\/a><\/p>\n\n\n\n<p>Telefon: <a href=\"tel:+3612806554\">+36 1 206 7900<\/a><\/p>\n","protected":false},"excerpt":{"rendered":"<p>\u010ce imate kakr\u0161na koli vpra\u0161anja, pripombe ali tudi te\u017eave, nas brez oklevanja kontaktirajte! Na\u0161a strokovna ekipa vam je vedno pripravljena pomagati in odgovoriti na vsa va\u0161a vpra\u0161anja. \u010ce potrebujete informacije, ki niso na voljo na na\u0161i spletni strani, nas kontaktirajte z enim od spodnjih kontaktnih podatkov. \u010ce pa nas \u017eelite kontaktirati zaradi razvoja izdelka, sodelovanja [&hellip;]<\/p>\n","protected":false},"author":1,"featured_media":0,"parent":0,"menu_order":0,"comment_status":"closed","ping_status":"closed","template":"template-parts\/page-kapcsolat.php","meta":{"_acf_changed":false,"footnotes":""},"class_list":["post-923","page","type-page","status-publish","hentry"],"acf":[],"yoast_head":"<!-- This site is optimized with the Yoast SEO plugin v26.8 - https:\/\/yoast.com\/product\/yoast-seo-wordpress\/ -->\n<title>Kontakt - WellStepp<\/title>\n<meta name=\"robots\" content=\"index, follow, max-snippet:-1, max-image-preview:large, max-video-preview:-1\" \/>\n<link rel=\"canonical\" href=\"https:\/\/wellstepp.eu\/sl\/kontakt\/\" \/>\n<meta property=\"og:locale\" content=\"sl_SI\" \/>\n<meta property=\"og:type\" content=\"article\" \/>\n<meta property=\"og:title\" content=\"Kontakt - WellStepp\" \/>\n<meta property=\"og:description\" content=\"\u010ce imate kakr\u0161na koli vpra\u0161anja, pripombe ali tudi te\u017eave, nas brez oklevanja kontaktirajte! Na\u0161a strokovna ekipa vam je vedno pripravljena pomagati in odgovoriti na vsa va\u0161a vpra\u0161anja. \u010ce potrebujete informacije, ki niso na voljo na na\u0161i spletni strani, nas kontaktirajte z enim od spodnjih kontaktnih podatkov. \u010ce pa nas \u017eelite kontaktirati zaradi razvoja izdelka, sodelovanja [&hellip;]\" \/>\n<meta property=\"og:url\" content=\"https:\/\/wellstepp.eu\/sl\/kontakt\/\" \/>\n<meta property=\"og:site_name\" content=\"WellStepp\" \/>\n<meta property=\"article:publisher\" content=\"https:\/\/www.facebook.com\/people\/WellStepp\/100090271391298\/\" \/>\n<meta name=\"twitter:card\" content=\"summary_large_image\" \/>\n<meta name=\"twitter:label1\" content=\"Est. reading time\" \/>\n\t<meta name=\"twitter:data1\" content=\"1 minute\" \/>\n<script type=\"application\/ld+json\" class=\"yoast-schema-graph\">{\"@context\":\"https:\/\/schema.org\",\"@graph\":[{\"@type\":\"WebPage\",\"@id\":\"https:\/\/wellstepp.eu\/sl\/kontakt\/\",\"url\":\"https:\/\/wellstepp.eu\/sl\/kontakt\/\",\"name\":\"Kontakt - WellStepp\",\"isPartOf\":{\"@id\":\"https:\/\/wellstepp.eu\/fr\/#website\"},\"datePublished\":\"2023-03-23T07:20:41+00:00\",\"breadcrumb\":{\"@id\":\"https:\/\/wellstepp.eu\/sl\/kontakt\/#breadcrumb\"},\"inLanguage\":\"sl-SI\",\"potentialAction\":[{\"@type\":\"ReadAction\",\"target\":[\"https:\/\/wellstepp.eu\/sl\/kontakt\/\"]}]},{\"@type\":\"BreadcrumbList\",\"@id\":\"https:\/\/wellstepp.eu\/sl\/kontakt\/#breadcrumb\",\"itemListElement\":[{\"@type\":\"ListItem\",\"position\":1,\"name\":\"Kezd\u0151lap\",\"item\":\"https:\/\/wellstepp.eu\/sl\/\"},{\"@type\":\"ListItem\",\"position\":2,\"name\":\"Kontakt\"}]},{\"@type\":\"WebSite\",\"@id\":\"https:\/\/wellstepp.eu\/fr\/#website\",\"url\":\"https:\/\/wellstepp.eu\/fr\/\",\"name\":\"WellStepp\",\"description\":\"\",\"potentialAction\":[{\"@type\":\"SearchAction\",\"target\":{\"@type\":\"EntryPoint\",\"urlTemplate\":\"https:\/\/wellstepp.eu\/fr\/?s={search_term_string}\"},\"query-input\":{\"@type\":\"PropertyValueSpecification\",\"valueRequired\":true,\"valueName\":\"search_term_string\"}}],\"inLanguage\":\"sl-SI\"}]}<\/script>\n<!-- \/ Yoast SEO plugin. -->","yoast_head_json":{"title":"Kontakt - WellStepp","robots":{"index":"index","follow":"follow","max-snippet":"max-snippet:-1","max-image-preview":"max-image-preview:large","max-video-preview":"max-video-preview:-1"},"canonical":"https:\/\/wellstepp.eu\/sl\/kontakt\/","og_locale":"sl_SI","og_type":"article","og_title":"Kontakt - WellStepp","og_description":"\u010ce imate kakr\u0161na koli vpra\u0161anja, pripombe ali tudi te\u017eave, nas brez oklevanja kontaktirajte! Na\u0161a strokovna ekipa vam je vedno pripravljena pomagati in odgovoriti na vsa va\u0161a vpra\u0161anja. \u010ce potrebujete informacije, ki niso na voljo na na\u0161i spletni strani, nas kontaktirajte z enim od spodnjih kontaktnih podatkov. \u010ce pa nas \u017eelite kontaktirati zaradi razvoja izdelka, sodelovanja [&hellip;]","og_url":"https:\/\/wellstepp.eu\/sl\/kontakt\/","og_site_name":"WellStepp","article_publisher":"https:\/\/www.facebook.com\/people\/WellStepp\/100090271391298\/","twitter_card":"summary_large_image","twitter_misc":{"Est. reading time":"1 minute"},"schema":{"@context":"https:\/\/schema.org","@graph":[{"@type":"WebPage","@id":"https:\/\/wellstepp.eu\/sl\/kontakt\/","url":"https:\/\/wellstepp.eu\/sl\/kontakt\/","name":"Kontakt - WellStepp","isPartOf":{"@id":"https:\/\/wellstepp.eu\/fr\/#website"},"datePublished":"2023-03-23T07:20:41+00:00","breadcrumb":{"@id":"https:\/\/wellstepp.eu\/sl\/kontakt\/#breadcrumb"},"inLanguage":"sl-SI","potentialAction":[{"@type":"ReadAction","target":["https:\/\/wellstepp.eu\/sl\/kontakt\/"]}]},{"@type":"BreadcrumbList","@id":"https:\/\/wellstepp.eu\/sl\/kontakt\/#breadcrumb","itemListElement":[{"@type":"ListItem","position":1,"name":"Kezd\u0151lap","item":"https:\/\/wellstepp.eu\/sl\/"},{"@type":"ListItem","position":2,"name":"Kontakt"}]},{"@type":"WebSite","@id":"https:\/\/wellstepp.eu\/fr\/#website","url":"https:\/\/wellstepp.eu\/fr\/","name":"WellStepp","description":"","potentialAction":[{"@type":"SearchAction","target":{"@type":"EntryPoint","urlTemplate":"https:\/\/wellstepp.eu\/fr\/?s={search_term_string}"},"query-input":{"@type":"PropertyValueSpecification","valueRequired":true,"valueName":"search_term_string"}}],"inLanguage":"sl-SI"}]}},"_links":{"self":[{"href":"https:\/\/wellstepp.eu\/sl\/wp-json\/wp\/v2\/pages\/923","targetHints":{"allow":["GET"]}}],"collection":[{"href":"https:\/\/wellstepp.eu\/sl\/wp-json\/wp\/v2\/pages"}],"about":[{"href":"https:\/\/wellstepp.eu\/sl\/wp-json\/wp\/v2\/types\/page"}],"author":[{"embeddable":true,"href":"https:\/\/wellstepp.eu\/sl\/wp-json\/wp\/v2\/users\/1"}],"replies":[{"embeddable":true,"href":"https:\/\/wellstepp.eu\/sl\/wp-json\/wp\/v2\/comments?post=923"}],"version-history":[{"count":0,"href":"https:\/\/wellstepp.eu\/sl\/wp-json\/wp\/v2\/pages\/923\/revisions"}],"wp:attachment":[{"href":"https:\/\/wellstepp.eu\/sl\/wp-json\/wp\/v2\/media?parent=923"}],"curies":[{"name":"wp","href":"https:\/\/api.w.org\/{rel}","templated":true}]}}