{"id":924,"date":"2023-03-23T08:21:11","date_gmt":"2023-03-23T07:21:11","guid":{"rendered":"https:\/\/wellstepp.eu\/informacije-o-piskotih\/"},"modified":"2023-03-23T08:21:11","modified_gmt":"2023-03-23T07:21:11","slug":"informacije-o-piskotih","status":"publish","type":"page","link":"https:\/\/wellstepp.eu\/sl\/informacije-o-piskotih\/","title":{"rendered":"Informacije o pi\u0161kotih"},"content":{"rendered":"\n<p>www.wellstepp.eu (v nadaljevanju &#8220;spletno mesto&#8221;) uporablja pi\u0161kotke. Spodaj boste lahko na\u0161li ve\u010d informacij o pi\u0161kotkih, o tem, kako jih uporabljamo na spletnem mestu in kak\u0161ne postopke nadzora imamo v zvezi s pi\u0161kotki. Z nadaljevanjem brskanja po spletni strani po branju pasice sogla\u0161ate z uporabo pi\u0161kotkov v skladu s to izjavo. \u010ce se ne strinjate z uporabo pi\u0161kotkov, jih izklopite po navodilih v tej izjavi.<\/p>\n\n\n\n<p><strong>1. KAJ SO PI\u0160KOTKI?<\/strong><\/p>\n\n\n\n<p>Pi\u0161kotki so majhne besedilne datoteke, ki se v \u010dasu brskanja po spletnem mestu prenesejo v va\u0161o elektronsko napravo (ra\u010dunalnik, tabli\u010dni ra\u010dunalnik itd.). Pi\u0161kotki se nato ob vsaki naslednji seji brskanja vrnejo na prvotno spletno mesto ali po\u0161ljejo drugim spletnim mestom, lahko prepoznajo pi\u0161kotek. Pi\u0161kotki delujejo kot pomnilnik spletnega mesta in omogo\u010dajo, da spletno mesto prepozna va\u0161o napravo ob vsakem naslednjem obisku tega spletnega mesta. Pi\u0161kotki nam omogo\u010dajo tudi shranjevanje nastavitev brskanja, da bi vam olaj\u0161ali brskanje po spletnem mestu in \u010dim bolj prilagodili vsebino spletnega mesta. \u010ce \u017eelite ve\u010d informacij o pi\u0161kotkih (vklju\u010dno s tem, kako se pi\u0161kotki namestijo v va\u0161o napravo, kako upravljati pi\u0161kotke in kako jih izbrisati) kliknite na spodnjo povezavo: .<\/p>\n\n\n\n<p><strong>2. VRSTE PI\u0160KOTKOV<\/strong><\/p>\n\n\n\n<p>Pi\u0161kotki so lahko tehni\u010dni, analiti\u010dni in profilni pi\u0161kotki.<\/p>\n\n\n\n<p>Spletno mesto uporablja tehni\u010dne &#8220;sejne pi\u0161kotke&#8221; in trajne pi\u0161kotke. Seznam tehni\u010dnih pi\u0161kotkov je na voljo tukaj:<\/p>\n\n\n\n<p><a href=\"https:\/\/codex.wordpress.org\/WordPress_Cookies\">https:\/\/codex.wordpress.org\/WordPress_Cookies<\/a><\/p>\n\n\n\n<p>Spletno mesto uporablja tudi naslednje analiti\u010dne pi\u0161kotke tretjih oseb<\/p>\n\n\n\n<p>\u2013 Google<\/p>\n\n\n\n<p>\u2013 Facebook<\/p>\n\n\n\n<p>\u2013 Twitter<\/p>\n\n\n\n<p>\u2013 Linkedin<\/p>\n\n\n\n<p>\u2013 Youtube<\/p>\n\n\n\n<p>Spletno mesto uporablja orodja, ki zmanj\u0161ujejo mo\u017enost identifikacije pi\u0161kotkov, kot je &#8220;gat._anonymizelp();&#8221;, da se zagotovi anonimizacija naslovov IP (tj. &#8220;maskiranje IP&#8221;).<\/p>\n\n\n\n<p>Spletno mesto ne uporablja pi\u0161kotkov za profiliranje.<\/p>\n\n\n\n<p><strong>3. CILJI<\/strong><\/p>\n\n\n\n<p>Tehni\u010dni pi\u0161kotki, ki jih na\u0161e spletno mesto uporablja, vam omogo\u010dajo brskanje po spletnem mestu in uporabo storitev na\u0161ega spletnega mesta.<\/p>\n\n\n\n<p>Analiti\u010dne pi\u0161kotke uporabljamo za analizo in spremljanje, kako uporabljate spletno mesto (npr. \u0161tevilo dostopov in strani, ki so bile obiskane), v statisti\u010dne namene ter za izbolj\u0161anje funkcionalnosti in navigacije na spletnem mestu.<\/p>\n\n\n\n<p><strong>4. KAKO UPRAVLJATI IN ODSTRANITI PI\u0160KOTKE?<\/strong><\/p>\n\n\n\n<p>\u010ce po prebrani pasici nadaljujete z brskanjem po spletnem mestu, se strinjate z uporabo pi\u0161kotkov. Uporabo pi\u0161kotkov lahko kadar koli zavrnete ali druga\u010de onemogo\u010dite tako, da spremenite nastavitve brskalnika ter sledite navodilom iz tega pravilnika o pi\u0161kotkih.<\/p>\n\n\n\n<p>\u010ce \u017eelite, da va\u0161 brskalnik zavrne pi\u0161kotke, upo\u0161tevajte navodila ponudnika brskalnika. Podrobna navodila si lahko preberete na spletni strani www.aboutcookies.org.<\/p>\n\n\n\n<p>Zagotavljanje podatkov ni obvezno. Vendar pa upo\u0161tevajte, da v primeru zavrnitve\/izklju\u010ditve pi\u0161kotkov morda ne boste mogli uporabljati nekaterih funkcij spletnega mesta.<\/p>\n\n\n\n<p>Informacije o na\u010dinih obdelave podatkov, dostopu do podatkov, sporo\u010danju podatkov, pravicah posameznikov, na katere se nana\u0161ajo osebni podatki, na\u010dinih uveljavljanja teh pravic, upravljavcu podatkov, obdelovalcu podatkov in odgovornih osebah so dosegljive na<\/p>\n\n\n\n<p>Razpolo\u017eljivost: Za informacije o tej izjavi nam pi\u0161ite na gdprinfo.polifoam@trocellen.com. Pismo lahko po\u0161ljete s priporo\u010deno po\u0161to na naslov Polifoam M\u0171anyagfeldolgoz\u00f3 Kft. H-1097 Budapest, T\u00e1bl\u00e1s utca 34\/A. ali nas pokli\u010dite na telefonsko \u0161tevilko +3613479800.<\/p>\n","protected":false},"excerpt":{"rendered":"<p>www.wellstepp.eu (v nadaljevanju &#8220;spletno mesto&#8221;) uporablja pi\u0161kotke. Spodaj boste lahko na\u0161li ve\u010d informacij o pi\u0161kotkih, o tem, kako jih uporabljamo na spletnem mestu in kak\u0161ne postopke nadzora imamo v zvezi s pi\u0161kotki. Z nadaljevanjem brskanja po spletni strani po branju pasice sogla\u0161ate z uporabo pi\u0161kotkov v skladu s to izjavo. \u010ce se ne strinjate z [&hellip;]<\/p>\n","protected":false},"author":1,"featured_media":0,"parent":0,"menu_order":0,"comment_status":"closed","ping_status":"closed","template":"template-parts\/page-szoveges.php","meta":{"_acf_changed":false,"footnotes":""},"class_list":["post-924","page","type-page","status-publish","hentry"],"acf":[],"yoast_head":"<!-- This site is optimized with the Yoast SEO plugin v26.8 - https:\/\/yoast.com\/product\/yoast-seo-wordpress\/ -->\n<title>Informacije o pi\u0161kotih - WellStepp<\/title>\n<meta name=\"robots\" content=\"index, follow, max-snippet:-1, max-image-preview:large, max-video-preview:-1\" \/>\n<link rel=\"canonical\" href=\"https:\/\/wellstepp.eu\/sl\/informacije-o-piskotih\/\" \/>\n<meta property=\"og:locale\" content=\"sl_SI\" \/>\n<meta property=\"og:type\" content=\"article\" \/>\n<meta property=\"og:title\" content=\"Informacije o pi\u0161kotih - WellStepp\" \/>\n<meta property=\"og:description\" content=\"www.wellstepp.eu (v nadaljevanju &#8220;spletno mesto&#8221;) uporablja pi\u0161kotke. Spodaj boste lahko na\u0161li ve\u010d informacij o pi\u0161kotkih, o tem, kako jih uporabljamo na spletnem mestu in kak\u0161ne postopke nadzora imamo v zvezi s pi\u0161kotki. Z nadaljevanjem brskanja po spletni strani po branju pasice sogla\u0161ate z uporabo pi\u0161kotkov v skladu s to izjavo. \u010ce se ne strinjate z [&hellip;]\" \/>\n<meta property=\"og:url\" content=\"https:\/\/wellstepp.eu\/sl\/informacije-o-piskotih\/\" \/>\n<meta property=\"og:site_name\" content=\"WellStepp\" \/>\n<meta property=\"article:publisher\" content=\"https:\/\/www.facebook.com\/people\/WellStepp\/100090271391298\/\" \/>\n<meta name=\"twitter:card\" content=\"summary_large_image\" \/>\n<meta name=\"twitter:label1\" content=\"Est. reading time\" \/>\n\t<meta name=\"twitter:data1\" content=\"3 minutes\" \/>\n<script type=\"application\/ld+json\" class=\"yoast-schema-graph\">{\"@context\":\"https:\/\/schema.org\",\"@graph\":[{\"@type\":\"WebPage\",\"@id\":\"https:\/\/wellstepp.eu\/sl\/informacije-o-piskotih\/\",\"url\":\"https:\/\/wellstepp.eu\/sl\/informacije-o-piskotih\/\",\"name\":\"Informacije o pi\u0161kotih - WellStepp\",\"isPartOf\":{\"@id\":\"https:\/\/wellstepp.eu\/fr\/#website\"},\"datePublished\":\"2023-03-23T07:21:11+00:00\",\"breadcrumb\":{\"@id\":\"https:\/\/wellstepp.eu\/sl\/informacije-o-piskotih\/#breadcrumb\"},\"inLanguage\":\"sl-SI\",\"potentialAction\":[{\"@type\":\"ReadAction\",\"target\":[\"https:\/\/wellstepp.eu\/sl\/informacije-o-piskotih\/\"]}]},{\"@type\":\"BreadcrumbList\",\"@id\":\"https:\/\/wellstepp.eu\/sl\/informacije-o-piskotih\/#breadcrumb\",\"itemListElement\":[{\"@type\":\"ListItem\",\"position\":1,\"name\":\"Kezd\u0151lap\",\"item\":\"https:\/\/wellstepp.eu\/sl\/\"},{\"@type\":\"ListItem\",\"position\":2,\"name\":\"Informacije o pi\u0161kotih\"}]},{\"@type\":\"WebSite\",\"@id\":\"https:\/\/wellstepp.eu\/fr\/#website\",\"url\":\"https:\/\/wellstepp.eu\/fr\/\",\"name\":\"WellStepp\",\"description\":\"\",\"potentialAction\":[{\"@type\":\"SearchAction\",\"target\":{\"@type\":\"EntryPoint\",\"urlTemplate\":\"https:\/\/wellstepp.eu\/fr\/?s={search_term_string}\"},\"query-input\":{\"@type\":\"PropertyValueSpecification\",\"valueRequired\":true,\"valueName\":\"search_term_string\"}}],\"inLanguage\":\"sl-SI\"}]}<\/script>\n<!-- \/ Yoast SEO plugin. -->","yoast_head_json":{"title":"Informacije o pi\u0161kotih - WellStepp","robots":{"index":"index","follow":"follow","max-snippet":"max-snippet:-1","max-image-preview":"max-image-preview:large","max-video-preview":"max-video-preview:-1"},"canonical":"https:\/\/wellstepp.eu\/sl\/informacije-o-piskotih\/","og_locale":"sl_SI","og_type":"article","og_title":"Informacije o pi\u0161kotih - WellStepp","og_description":"www.wellstepp.eu (v nadaljevanju &#8220;spletno mesto&#8221;) uporablja pi\u0161kotke. Spodaj boste lahko na\u0161li ve\u010d informacij o pi\u0161kotkih, o tem, kako jih uporabljamo na spletnem mestu in kak\u0161ne postopke nadzora imamo v zvezi s pi\u0161kotki. Z nadaljevanjem brskanja po spletni strani po branju pasice sogla\u0161ate z uporabo pi\u0161kotkov v skladu s to izjavo. \u010ce se ne strinjate z [&hellip;]","og_url":"https:\/\/wellstepp.eu\/sl\/informacije-o-piskotih\/","og_site_name":"WellStepp","article_publisher":"https:\/\/www.facebook.com\/people\/WellStepp\/100090271391298\/","twitter_card":"summary_large_image","twitter_misc":{"Est. reading time":"3 minutes"},"schema":{"@context":"https:\/\/schema.org","@graph":[{"@type":"WebPage","@id":"https:\/\/wellstepp.eu\/sl\/informacije-o-piskotih\/","url":"https:\/\/wellstepp.eu\/sl\/informacije-o-piskotih\/","name":"Informacije o pi\u0161kotih - WellStepp","isPartOf":{"@id":"https:\/\/wellstepp.eu\/fr\/#website"},"datePublished":"2023-03-23T07:21:11+00:00","breadcrumb":{"@id":"https:\/\/wellstepp.eu\/sl\/informacije-o-piskotih\/#breadcrumb"},"inLanguage":"sl-SI","potentialAction":[{"@type":"ReadAction","target":["https:\/\/wellstepp.eu\/sl\/informacije-o-piskotih\/"]}]},{"@type":"BreadcrumbList","@id":"https:\/\/wellstepp.eu\/sl\/informacije-o-piskotih\/#breadcrumb","itemListElement":[{"@type":"ListItem","position":1,"name":"Kezd\u0151lap","item":"https:\/\/wellstepp.eu\/sl\/"},{"@type":"ListItem","position":2,"name":"Informacije o pi\u0161kotih"}]},{"@type":"WebSite","@id":"https:\/\/wellstepp.eu\/fr\/#website","url":"https:\/\/wellstepp.eu\/fr\/","name":"WellStepp","description":"","potentialAction":[{"@type":"SearchAction","target":{"@type":"EntryPoint","urlTemplate":"https:\/\/wellstepp.eu\/fr\/?s={search_term_string}"},"query-input":{"@type":"PropertyValueSpecification","valueRequired":true,"valueName":"search_term_string"}}],"inLanguage":"sl-SI"}]}},"_links":{"self":[{"href":"https:\/\/wellstepp.eu\/sl\/wp-json\/wp\/v2\/pages\/924","targetHints":{"allow":["GET"]}}],"collection":[{"href":"https:\/\/wellstepp.eu\/sl\/wp-json\/wp\/v2\/pages"}],"about":[{"href":"https:\/\/wellstepp.eu\/sl\/wp-json\/wp\/v2\/types\/page"}],"author":[{"embeddable":true,"href":"https:\/\/wellstepp.eu\/sl\/wp-json\/wp\/v2\/users\/1"}],"replies":[{"embeddable":true,"href":"https:\/\/wellstepp.eu\/sl\/wp-json\/wp\/v2\/comments?post=924"}],"version-history":[{"count":0,"href":"https:\/\/wellstepp.eu\/sl\/wp-json\/wp\/v2\/pages\/924\/revisions"}],"wp:attachment":[{"href":"https:\/\/wellstepp.eu\/sl\/wp-json\/wp\/v2\/media?parent=924"}],"curies":[{"name":"wp","href":"https:\/\/api.w.org\/{rel}","templated":true}]}}