{"id":926,"date":"2023-03-23T08:19:50","date_gmt":"2023-03-23T07:19:50","guid":{"rendered":"https:\/\/wellstepp.eu\/certifikati\/"},"modified":"2026-01-14T11:42:05","modified_gmt":"2026-01-14T10:42:05","slug":"certifikati","status":"publish","type":"page","link":"https:\/\/wellstepp.eu\/sl\/certifikati\/","title":{"rendered":"Certifikati"},"content":{"rendered":"\n<p class=\"has-text-align-center\">Prizadevamo si nuditi le visokokakovostne izdelke, ki so v skladu z zahtevano zakonodajo in standardi.<\/p>\n\n\n\n<p class=\"has-text-align-center\"><\/p>\n\n\n\n<p class=\"has-text-align-center\">Certifikati potrjujejo visoko kakovost postopkov in materialov, ki so uporabljeni za izdelavo na\u0161ih izdelkov. Na\u0161 cilj je strankam vsekakor ponuditi le izdelke najbolj\u0161e kakovosti z dolgo \u017eivljenjsko dobo in zanesljivostjo.<\/p>\n\n\n\n<p class=\"has-text-align-center\">\u010ce imate kakr\u0161na koli vpra\u0161anja o na\u0161ih izdelkih, se obrnite na nas in z veseljem vam bomo pomagali.<\/p>\n","protected":false},"excerpt":{"rendered":"<p>Prizadevamo si nuditi le visokokakovostne izdelke, ki so v skladu z zahtevano zakonodajo in standardi. Certifikati potrjujejo visoko kakovost postopkov in materialov, ki so uporabljeni za izdelavo na\u0161ih izdelkov. Na\u0161 cilj je strankam vsekakor ponuditi le izdelke najbolj\u0161e kakovosti z dolgo \u017eivljenjsko dobo in zanesljivostjo. \u010ce imate kakr\u0161na koli vpra\u0161anja o na\u0161ih izdelkih, se obrnite [&hellip;]<\/p>\n","protected":false},"author":1,"featured_media":0,"parent":0,"menu_order":0,"comment_status":"closed","ping_status":"closed","template":"template-parts\/page-tanusitvanyok.php","meta":{"_acf_changed":false,"footnotes":""},"class_list":["post-926","page","type-page","status-publish","hentry"],"acf":[],"yoast_head":"<!-- This site is optimized with the Yoast SEO plugin v26.8 - https:\/\/yoast.com\/product\/yoast-seo-wordpress\/ -->\n<title>Certifikati - WellStepp<\/title>\n<meta name=\"robots\" content=\"index, follow, max-snippet:-1, max-image-preview:large, max-video-preview:-1\" \/>\n<link rel=\"canonical\" href=\"https:\/\/wellstepp.eu\/sl\/certifikati\/\" \/>\n<meta property=\"og:locale\" content=\"sl_SI\" \/>\n<meta property=\"og:type\" content=\"article\" \/>\n<meta property=\"og:title\" content=\"Certifikati - WellStepp\" \/>\n<meta property=\"og:description\" content=\"Prizadevamo si nuditi le visokokakovostne izdelke, ki so v skladu z zahtevano zakonodajo in standardi. Certifikati potrjujejo visoko kakovost postopkov in materialov, ki so uporabljeni za izdelavo na\u0161ih izdelkov. Na\u0161 cilj je strankam vsekakor ponuditi le izdelke najbolj\u0161e kakovosti z dolgo \u017eivljenjsko dobo in zanesljivostjo. \u010ce imate kakr\u0161na koli vpra\u0161anja o na\u0161ih izdelkih, se obrnite [&hellip;]\" \/>\n<meta property=\"og:url\" content=\"https:\/\/wellstepp.eu\/sl\/certifikati\/\" \/>\n<meta property=\"og:site_name\" content=\"WellStepp\" \/>\n<meta property=\"article:publisher\" content=\"https:\/\/www.facebook.com\/people\/WellStepp\/100090271391298\/\" \/>\n<meta property=\"article:modified_time\" content=\"2026-01-14T10:42:05+00:00\" \/>\n<meta name=\"twitter:card\" content=\"summary_large_image\" \/>\n<meta name=\"twitter:label1\" content=\"Est. reading time\" \/>\n\t<meta name=\"twitter:data1\" content=\"1 minute\" \/>\n<script type=\"application\/ld+json\" class=\"yoast-schema-graph\">{\"@context\":\"https:\/\/schema.org\",\"@graph\":[{\"@type\":\"WebPage\",\"@id\":\"https:\/\/wellstepp.eu\/sl\/certifikati\/\",\"url\":\"https:\/\/wellstepp.eu\/sl\/certifikati\/\",\"name\":\"Certifikati - WellStepp\",\"isPartOf\":{\"@id\":\"https:\/\/wellstepp.eu\/fr\/#website\"},\"datePublished\":\"2023-03-23T07:19:50+00:00\",\"dateModified\":\"2026-01-14T10:42:05+00:00\",\"breadcrumb\":{\"@id\":\"https:\/\/wellstepp.eu\/sl\/certifikati\/#breadcrumb\"},\"inLanguage\":\"sl-SI\",\"potentialAction\":[{\"@type\":\"ReadAction\",\"target\":[\"https:\/\/wellstepp.eu\/sl\/certifikati\/\"]}]},{\"@type\":\"BreadcrumbList\",\"@id\":\"https:\/\/wellstepp.eu\/sl\/certifikati\/#breadcrumb\",\"itemListElement\":[{\"@type\":\"ListItem\",\"position\":1,\"name\":\"Kezd\u0151lap\",\"item\":\"https:\/\/wellstepp.eu\/sl\/\"},{\"@type\":\"ListItem\",\"position\":2,\"name\":\"Certifikati\"}]},{\"@type\":\"WebSite\",\"@id\":\"https:\/\/wellstepp.eu\/fr\/#website\",\"url\":\"https:\/\/wellstepp.eu\/fr\/\",\"name\":\"WellStepp\",\"description\":\"\",\"potentialAction\":[{\"@type\":\"SearchAction\",\"target\":{\"@type\":\"EntryPoint\",\"urlTemplate\":\"https:\/\/wellstepp.eu\/fr\/?s={search_term_string}\"},\"query-input\":{\"@type\":\"PropertyValueSpecification\",\"valueRequired\":true,\"valueName\":\"search_term_string\"}}],\"inLanguage\":\"sl-SI\"}]}<\/script>\n<!-- \/ Yoast SEO plugin. -->","yoast_head_json":{"title":"Certifikati - WellStepp","robots":{"index":"index","follow":"follow","max-snippet":"max-snippet:-1","max-image-preview":"max-image-preview:large","max-video-preview":"max-video-preview:-1"},"canonical":"https:\/\/wellstepp.eu\/sl\/certifikati\/","og_locale":"sl_SI","og_type":"article","og_title":"Certifikati - WellStepp","og_description":"Prizadevamo si nuditi le visokokakovostne izdelke, ki so v skladu z zahtevano zakonodajo in standardi. Certifikati potrjujejo visoko kakovost postopkov in materialov, ki so uporabljeni za izdelavo na\u0161ih izdelkov. Na\u0161 cilj je strankam vsekakor ponuditi le izdelke najbolj\u0161e kakovosti z dolgo \u017eivljenjsko dobo in zanesljivostjo. \u010ce imate kakr\u0161na koli vpra\u0161anja o na\u0161ih izdelkih, se obrnite [&hellip;]","og_url":"https:\/\/wellstepp.eu\/sl\/certifikati\/","og_site_name":"WellStepp","article_publisher":"https:\/\/www.facebook.com\/people\/WellStepp\/100090271391298\/","article_modified_time":"2026-01-14T10:42:05+00:00","twitter_card":"summary_large_image","twitter_misc":{"Est. reading time":"1 minute"},"schema":{"@context":"https:\/\/schema.org","@graph":[{"@type":"WebPage","@id":"https:\/\/wellstepp.eu\/sl\/certifikati\/","url":"https:\/\/wellstepp.eu\/sl\/certifikati\/","name":"Certifikati - WellStepp","isPartOf":{"@id":"https:\/\/wellstepp.eu\/fr\/#website"},"datePublished":"2023-03-23T07:19:50+00:00","dateModified":"2026-01-14T10:42:05+00:00","breadcrumb":{"@id":"https:\/\/wellstepp.eu\/sl\/certifikati\/#breadcrumb"},"inLanguage":"sl-SI","potentialAction":[{"@type":"ReadAction","target":["https:\/\/wellstepp.eu\/sl\/certifikati\/"]}]},{"@type":"BreadcrumbList","@id":"https:\/\/wellstepp.eu\/sl\/certifikati\/#breadcrumb","itemListElement":[{"@type":"ListItem","position":1,"name":"Kezd\u0151lap","item":"https:\/\/wellstepp.eu\/sl\/"},{"@type":"ListItem","position":2,"name":"Certifikati"}]},{"@type":"WebSite","@id":"https:\/\/wellstepp.eu\/fr\/#website","url":"https:\/\/wellstepp.eu\/fr\/","name":"WellStepp","description":"","potentialAction":[{"@type":"SearchAction","target":{"@type":"EntryPoint","urlTemplate":"https:\/\/wellstepp.eu\/fr\/?s={search_term_string}"},"query-input":{"@type":"PropertyValueSpecification","valueRequired":true,"valueName":"search_term_string"}}],"inLanguage":"sl-SI"}]}},"_links":{"self":[{"href":"https:\/\/wellstepp.eu\/sl\/wp-json\/wp\/v2\/pages\/926","targetHints":{"allow":["GET"]}}],"collection":[{"href":"https:\/\/wellstepp.eu\/sl\/wp-json\/wp\/v2\/pages"}],"about":[{"href":"https:\/\/wellstepp.eu\/sl\/wp-json\/wp\/v2\/types\/page"}],"author":[{"embeddable":true,"href":"https:\/\/wellstepp.eu\/sl\/wp-json\/wp\/v2\/users\/1"}],"replies":[{"embeddable":true,"href":"https:\/\/wellstepp.eu\/sl\/wp-json\/wp\/v2\/comments?post=926"}],"version-history":[{"count":3,"href":"https:\/\/wellstepp.eu\/sl\/wp-json\/wp\/v2\/pages\/926\/revisions"}],"predecessor-version":[{"id":1022,"href":"https:\/\/wellstepp.eu\/sl\/wp-json\/wp\/v2\/pages\/926\/revisions\/1022"}],"wp:attachment":[{"href":"https:\/\/wellstepp.eu\/sl\/wp-json\/wp\/v2\/media?parent=926"}],"curies":[{"name":"wp","href":"https:\/\/api.w.org\/{rel}","templated":true}]}}