{"id":929,"date":"2023-03-23T08:20:00","date_gmt":"2023-03-23T07:20:00","guid":{"rendered":"https:\/\/wellstepp.eu\/vaje\/"},"modified":"2023-03-23T08:20:00","modified_gmt":"2023-03-23T07:20:00","slug":"vaje","status":"publish","type":"page","link":"https:\/\/wellstepp.eu\/sl\/vaje\/","title":{"rendered":"Vaje"},"content":{"rendered":"\n<p class=\"has-text-align-center\">Igra ni le vir u\u017eitka, temve\u010d tudi najpomembnej\u0161a pomo\u010d pri du\u0161evnem in telesnem razvoju v otro\u0161tvu. Vadbene programe smo oblikovali s pomo\u010djo usposobljenih fizioterapevtov, tako da lahko otroci razli\u010dnih starosti izvajajo gibe in igrive vaje, ki so ustrezne njihovi razvojni stopnji.<\/p>\n\n\n\n<p class=\"has-text-align-center\"><\/p>\n\n\n\n<p class=\"has-text-align-center\">Z igrivimi in kreativnimi razvojnimi dejavnostmi bomo poskrbeli za gibanje nog va\u0161ih mal\u010dkov, razvijali njihov ob\u010dutek za ravnote\u017eje in podpirali zdrav nevrolo\u0161ki razvoj le teh.<\/p>\n","protected":false},"excerpt":{"rendered":"<p>Igra ni le vir u\u017eitka, temve\u010d tudi najpomembnej\u0161a pomo\u010d pri du\u0161evnem in telesnem razvoju v otro\u0161tvu. Vadbene programe smo oblikovali s pomo\u010djo usposobljenih fizioterapevtov, tako da lahko otroci razli\u010dnih starosti izvajajo gibe in igrive vaje, ki so ustrezne njihovi razvojni stopnji. Z igrivimi in kreativnimi razvojnimi dejavnostmi bomo poskrbeli za gibanje nog va\u0161ih mal\u010dkov, razvijali [&hellip;]<\/p>\n","protected":false},"author":1,"featured_media":0,"parent":0,"menu_order":0,"comment_status":"closed","ping_status":"closed","template":"template-parts\/page-feladatsorok.php","meta":{"_acf_changed":false,"footnotes":""},"class_list":["post-929","page","type-page","status-publish","hentry"],"acf":[],"yoast_head":"<!-- This site is optimized with the Yoast SEO plugin v26.8 - https:\/\/yoast.com\/product\/yoast-seo-wordpress\/ -->\n<title>Vaje - WellStepp<\/title>\n<meta name=\"robots\" content=\"index, follow, max-snippet:-1, max-image-preview:large, max-video-preview:-1\" \/>\n<link rel=\"canonical\" href=\"https:\/\/wellstepp.eu\/sl\/vaje\/\" \/>\n<meta property=\"og:locale\" content=\"sl_SI\" \/>\n<meta property=\"og:type\" content=\"article\" \/>\n<meta property=\"og:title\" content=\"Vaje - WellStepp\" \/>\n<meta property=\"og:description\" content=\"Igra ni le vir u\u017eitka, temve\u010d tudi najpomembnej\u0161a pomo\u010d pri du\u0161evnem in telesnem razvoju v otro\u0161tvu. Vadbene programe smo oblikovali s pomo\u010djo usposobljenih fizioterapevtov, tako da lahko otroci razli\u010dnih starosti izvajajo gibe in igrive vaje, ki so ustrezne njihovi razvojni stopnji. Z igrivimi in kreativnimi razvojnimi dejavnostmi bomo poskrbeli za gibanje nog va\u0161ih mal\u010dkov, razvijali [&hellip;]\" \/>\n<meta property=\"og:url\" content=\"https:\/\/wellstepp.eu\/sl\/vaje\/\" \/>\n<meta property=\"og:site_name\" content=\"WellStepp\" \/>\n<meta property=\"article:publisher\" content=\"https:\/\/www.facebook.com\/people\/WellStepp\/100090271391298\/\" \/>\n<meta name=\"twitter:card\" content=\"summary_large_image\" \/>\n<script type=\"application\/ld+json\" class=\"yoast-schema-graph\">{\"@context\":\"https:\/\/schema.org\",\"@graph\":[{\"@type\":\"WebPage\",\"@id\":\"https:\/\/wellstepp.eu\/sl\/vaje\/\",\"url\":\"https:\/\/wellstepp.eu\/sl\/vaje\/\",\"name\":\"Vaje - WellStepp\",\"isPartOf\":{\"@id\":\"https:\/\/wellstepp.eu\/fr\/#website\"},\"datePublished\":\"2023-03-23T07:20:00+00:00\",\"breadcrumb\":{\"@id\":\"https:\/\/wellstepp.eu\/sl\/vaje\/#breadcrumb\"},\"inLanguage\":\"sl-SI\",\"potentialAction\":[{\"@type\":\"ReadAction\",\"target\":[\"https:\/\/wellstepp.eu\/sl\/vaje\/\"]}]},{\"@type\":\"BreadcrumbList\",\"@id\":\"https:\/\/wellstepp.eu\/sl\/vaje\/#breadcrumb\",\"itemListElement\":[{\"@type\":\"ListItem\",\"position\":1,\"name\":\"Kezd\u0151lap\",\"item\":\"https:\/\/wellstepp.eu\/sl\/\"},{\"@type\":\"ListItem\",\"position\":2,\"name\":\"Vaje\"}]},{\"@type\":\"WebSite\",\"@id\":\"https:\/\/wellstepp.eu\/fr\/#website\",\"url\":\"https:\/\/wellstepp.eu\/fr\/\",\"name\":\"WellStepp\",\"description\":\"\",\"potentialAction\":[{\"@type\":\"SearchAction\",\"target\":{\"@type\":\"EntryPoint\",\"urlTemplate\":\"https:\/\/wellstepp.eu\/fr\/?s={search_term_string}\"},\"query-input\":{\"@type\":\"PropertyValueSpecification\",\"valueRequired\":true,\"valueName\":\"search_term_string\"}}],\"inLanguage\":\"sl-SI\"}]}<\/script>\n<!-- \/ Yoast SEO plugin. -->","yoast_head_json":{"title":"Vaje - WellStepp","robots":{"index":"index","follow":"follow","max-snippet":"max-snippet:-1","max-image-preview":"max-image-preview:large","max-video-preview":"max-video-preview:-1"},"canonical":"https:\/\/wellstepp.eu\/sl\/vaje\/","og_locale":"sl_SI","og_type":"article","og_title":"Vaje - WellStepp","og_description":"Igra ni le vir u\u017eitka, temve\u010d tudi najpomembnej\u0161a pomo\u010d pri du\u0161evnem in telesnem razvoju v otro\u0161tvu. Vadbene programe smo oblikovali s pomo\u010djo usposobljenih fizioterapevtov, tako da lahko otroci razli\u010dnih starosti izvajajo gibe in igrive vaje, ki so ustrezne njihovi razvojni stopnji. Z igrivimi in kreativnimi razvojnimi dejavnostmi bomo poskrbeli za gibanje nog va\u0161ih mal\u010dkov, razvijali [&hellip;]","og_url":"https:\/\/wellstepp.eu\/sl\/vaje\/","og_site_name":"WellStepp","article_publisher":"https:\/\/www.facebook.com\/people\/WellStepp\/100090271391298\/","twitter_card":"summary_large_image","schema":{"@context":"https:\/\/schema.org","@graph":[{"@type":"WebPage","@id":"https:\/\/wellstepp.eu\/sl\/vaje\/","url":"https:\/\/wellstepp.eu\/sl\/vaje\/","name":"Vaje - WellStepp","isPartOf":{"@id":"https:\/\/wellstepp.eu\/fr\/#website"},"datePublished":"2023-03-23T07:20:00+00:00","breadcrumb":{"@id":"https:\/\/wellstepp.eu\/sl\/vaje\/#breadcrumb"},"inLanguage":"sl-SI","potentialAction":[{"@type":"ReadAction","target":["https:\/\/wellstepp.eu\/sl\/vaje\/"]}]},{"@type":"BreadcrumbList","@id":"https:\/\/wellstepp.eu\/sl\/vaje\/#breadcrumb","itemListElement":[{"@type":"ListItem","position":1,"name":"Kezd\u0151lap","item":"https:\/\/wellstepp.eu\/sl\/"},{"@type":"ListItem","position":2,"name":"Vaje"}]},{"@type":"WebSite","@id":"https:\/\/wellstepp.eu\/fr\/#website","url":"https:\/\/wellstepp.eu\/fr\/","name":"WellStepp","description":"","potentialAction":[{"@type":"SearchAction","target":{"@type":"EntryPoint","urlTemplate":"https:\/\/wellstepp.eu\/fr\/?s={search_term_string}"},"query-input":{"@type":"PropertyValueSpecification","valueRequired":true,"valueName":"search_term_string"}}],"inLanguage":"sl-SI"}]}},"_links":{"self":[{"href":"https:\/\/wellstepp.eu\/sl\/wp-json\/wp\/v2\/pages\/929","targetHints":{"allow":["GET"]}}],"collection":[{"href":"https:\/\/wellstepp.eu\/sl\/wp-json\/wp\/v2\/pages"}],"about":[{"href":"https:\/\/wellstepp.eu\/sl\/wp-json\/wp\/v2\/types\/page"}],"author":[{"embeddable":true,"href":"https:\/\/wellstepp.eu\/sl\/wp-json\/wp\/v2\/users\/1"}],"replies":[{"embeddable":true,"href":"https:\/\/wellstepp.eu\/sl\/wp-json\/wp\/v2\/comments?post=929"}],"version-history":[{"count":0,"href":"https:\/\/wellstepp.eu\/sl\/wp-json\/wp\/v2\/pages\/929\/revisions"}],"wp:attachment":[{"href":"https:\/\/wellstepp.eu\/sl\/wp-json\/wp\/v2\/media?parent=929"}],"curies":[{"name":"wp","href":"https:\/\/api.w.org\/{rel}","templated":true}]}}