{"id":930,"date":"2023-03-23T14:02:44","date_gmt":"2023-03-23T13:02:44","guid":{"rendered":"https:\/\/wellstepp.eu\/vaje\/razvojne-vaje-v-paru-za-vrticke-otroke\/"},"modified":"2023-03-23T14:02:44","modified_gmt":"2023-03-23T13:02:44","slug":"razvojne-vaje-v-paru-za-vrticke-otroke","status":"publish","type":"page","link":"https:\/\/wellstepp.eu\/sl\/vaje\/razvojne-vaje-v-paru-za-vrticke-otroke\/","title":{"rendered":"Razvojne vaje v paru, za vrti\u010dke otroke"},"content":{"rendered":"\n<ol class=\"wp-block-list\">\n<li>Skupna igra<br>Skupna igra lahko izbolj\u0161a otrokova \u0161tevilna \u010dutila. Koordinacija o\u010di in rok ter koncentracija vplivata tudi na razvoj prostorske orientacije. S skupnimi vajami se razvija tudi sposobnost prilagajanja drug drugemu in skupinskih iger.<\/li>\n\n\n\n<li>Igre z \u017eogo<br>Otroci naj bodo obrnjeni nasproti na preprogi in si medsebojno kotalijo \u017eoge po neravni povr\u0161ini.\u00a0 Igre z \u017eogo pomagajo razvijati prostorsko in \u010dasovno zaznavanje ter natan\u010dnost gibanja. Zabavno je, \u010de vzorec kamen\u010dkov \u017eogo preusmeri v nepri\u010dakovane smeri!<\/li>\n\n\n\n<li>Hoja na stran<br>Otroci naj se obrnejo nasproti in hodijo s strani od enega konca preproge do drugega konca, pri tem pa se dr\u017eijo za roke. Ni\u010d hudega, \u010de korak ali dva ne bosta na preprogi! Vse skupne vaje so dober na\u010din, da se nau\u010dimo opazovati gibe drug drugega, da se osredoto\u010dimo, da nam hitreje mine \u010das in da bodo vaje na blazini bolj igrive. Igra lahko vpliva hkrati na ve\u010d \u010dutil.<\/li>\n\n\n\n<li>Skakanje z dvema nogama<br>Otroci se dr\u017eijo za roke in ska\u010dejo naprej z enega konca preproge do drugega z dvema nogama hkrati. Medtem naj poskusijo skok izvesti hkrati. Vse naloge, ki opravljene skupaj spodbujajo sprejemanje pravil in krepijo socialne ve\u0161\u010dine.<\/li>\n\n\n\n<li>Igra kotaljenja<br>Ule\u017eejo se naj blazino WellStepp\u00ae in se valjajo drug za drugim. To masira in stimulira celotno telo.<\/li>\n\n\n\n<li>Igrajmo se \u017eabji skok! Kdo lahko sko\u010di dlje?<br>Skupno skakanje, tudi ob glasbi, dobro vpliva na ob\u010dutek za ritem in nadzor pozornosti. Pri tem se je treba prepri\u010dati, da je preproga ustrezno pritrjena na tla, da preproga ne zdrsne, saj na dolo\u010denih povr\u0161inah izgubi oprijem.<\/li>\n\n\n\n<li>Skupna igra s star\u0161i<br>Lahko seveda telovadite skupaj z otrokom, saj je prodnata povr\u0161ina primerna za vse! Odrasli potrebujemo svojo igrivost, ustvarjalnost, raziskovanje in navdu\u0161enje, da bi bili zgled in na\u0161li skupni jezik z na\u0161imi mal\u010dki.<\/li>\n<\/ol>\n","protected":false},"excerpt":{"rendered":"","protected":false},"author":1,"featured_media":0,"parent":929,"menu_order":0,"comment_status":"closed","ping_status":"closed","template":"template-parts\/page-feladatsor.php","meta":{"_acf_changed":false,"footnotes":""},"class_list":["post-930","page","type-page","status-publish","hentry"],"acf":[],"yoast_head":"<!-- This site is optimized with the Yoast SEO plugin v26.8 - https:\/\/yoast.com\/product\/yoast-seo-wordpress\/ -->\n<title>Razvojne vaje v paru, za vrti\u010dke otroke - WellStepp<\/title>\n<meta name=\"robots\" content=\"index, follow, max-snippet:-1, max-image-preview:large, max-video-preview:-1\" \/>\n<link rel=\"canonical\" href=\"https:\/\/wellstepp.eu\/sl\/vaje\/razvojne-vaje-v-paru-za-vrticke-otroke\/\" \/>\n<meta property=\"og:locale\" content=\"sl_SI\" \/>\n<meta property=\"og:type\" content=\"article\" \/>\n<meta property=\"og:title\" content=\"Razvojne vaje v paru, za vrti\u010dke otroke - WellStepp\" \/>\n<meta property=\"og:url\" content=\"https:\/\/wellstepp.eu\/sl\/vaje\/razvojne-vaje-v-paru-za-vrticke-otroke\/\" \/>\n<meta property=\"og:site_name\" content=\"WellStepp\" \/>\n<meta property=\"article:publisher\" content=\"https:\/\/www.facebook.com\/people\/WellStepp\/100090271391298\/\" \/>\n<meta name=\"twitter:card\" content=\"summary_large_image\" \/>\n<meta name=\"twitter:label1\" content=\"Est. reading time\" \/>\n\t<meta name=\"twitter:data1\" content=\"2 minutes\" \/>\n<script type=\"application\/ld+json\" class=\"yoast-schema-graph\">{\"@context\":\"https:\/\/schema.org\",\"@graph\":[{\"@type\":\"WebPage\",\"@id\":\"https:\/\/wellstepp.eu\/sl\/vaje\/razvojne-vaje-v-paru-za-vrticke-otroke\/\",\"url\":\"https:\/\/wellstepp.eu\/sl\/vaje\/razvojne-vaje-v-paru-za-vrticke-otroke\/\",\"name\":\"Razvojne vaje v paru, za vrti\u010dke otroke - WellStepp\",\"isPartOf\":{\"@id\":\"https:\/\/wellstepp.eu\/fr\/#website\"},\"datePublished\":\"2023-03-23T13:02:44+00:00\",\"breadcrumb\":{\"@id\":\"https:\/\/wellstepp.eu\/sl\/vaje\/razvojne-vaje-v-paru-za-vrticke-otroke\/#breadcrumb\"},\"inLanguage\":\"sl-SI\",\"potentialAction\":[{\"@type\":\"ReadAction\",\"target\":[\"https:\/\/wellstepp.eu\/sl\/vaje\/razvojne-vaje-v-paru-za-vrticke-otroke\/\"]}]},{\"@type\":\"BreadcrumbList\",\"@id\":\"https:\/\/wellstepp.eu\/sl\/vaje\/razvojne-vaje-v-paru-za-vrticke-otroke\/#breadcrumb\",\"itemListElement\":[{\"@type\":\"ListItem\",\"position\":1,\"name\":\"Kezd\u0151lap\",\"item\":\"https:\/\/wellstepp.eu\/sl\/\"},{\"@type\":\"ListItem\",\"position\":2,\"name\":\"Vaje\",\"item\":\"https:\/\/wellstepp.eu\/sl\/vaje\/\"},{\"@type\":\"ListItem\",\"position\":3,\"name\":\"Razvojne vaje v paru, za vrti\u010dke otroke\"}]},{\"@type\":\"WebSite\",\"@id\":\"https:\/\/wellstepp.eu\/fr\/#website\",\"url\":\"https:\/\/wellstepp.eu\/fr\/\",\"name\":\"WellStepp\",\"description\":\"\",\"potentialAction\":[{\"@type\":\"SearchAction\",\"target\":{\"@type\":\"EntryPoint\",\"urlTemplate\":\"https:\/\/wellstepp.eu\/fr\/?s={search_term_string}\"},\"query-input\":{\"@type\":\"PropertyValueSpecification\",\"valueRequired\":true,\"valueName\":\"search_term_string\"}}],\"inLanguage\":\"sl-SI\"}]}<\/script>\n<!-- \/ Yoast SEO plugin. -->","yoast_head_json":{"title":"Razvojne vaje v paru, za vrti\u010dke otroke - WellStepp","robots":{"index":"index","follow":"follow","max-snippet":"max-snippet:-1","max-image-preview":"max-image-preview:large","max-video-preview":"max-video-preview:-1"},"canonical":"https:\/\/wellstepp.eu\/sl\/vaje\/razvojne-vaje-v-paru-za-vrticke-otroke\/","og_locale":"sl_SI","og_type":"article","og_title":"Razvojne vaje v paru, za vrti\u010dke otroke - WellStepp","og_url":"https:\/\/wellstepp.eu\/sl\/vaje\/razvojne-vaje-v-paru-za-vrticke-otroke\/","og_site_name":"WellStepp","article_publisher":"https:\/\/www.facebook.com\/people\/WellStepp\/100090271391298\/","twitter_card":"summary_large_image","twitter_misc":{"Est. reading time":"2 minutes"},"schema":{"@context":"https:\/\/schema.org","@graph":[{"@type":"WebPage","@id":"https:\/\/wellstepp.eu\/sl\/vaje\/razvojne-vaje-v-paru-za-vrticke-otroke\/","url":"https:\/\/wellstepp.eu\/sl\/vaje\/razvojne-vaje-v-paru-za-vrticke-otroke\/","name":"Razvojne vaje v paru, za vrti\u010dke otroke - WellStepp","isPartOf":{"@id":"https:\/\/wellstepp.eu\/fr\/#website"},"datePublished":"2023-03-23T13:02:44+00:00","breadcrumb":{"@id":"https:\/\/wellstepp.eu\/sl\/vaje\/razvojne-vaje-v-paru-za-vrticke-otroke\/#breadcrumb"},"inLanguage":"sl-SI","potentialAction":[{"@type":"ReadAction","target":["https:\/\/wellstepp.eu\/sl\/vaje\/razvojne-vaje-v-paru-za-vrticke-otroke\/"]}]},{"@type":"BreadcrumbList","@id":"https:\/\/wellstepp.eu\/sl\/vaje\/razvojne-vaje-v-paru-za-vrticke-otroke\/#breadcrumb","itemListElement":[{"@type":"ListItem","position":1,"name":"Kezd\u0151lap","item":"https:\/\/wellstepp.eu\/sl\/"},{"@type":"ListItem","position":2,"name":"Vaje","item":"https:\/\/wellstepp.eu\/sl\/vaje\/"},{"@type":"ListItem","position":3,"name":"Razvojne vaje v paru, za vrti\u010dke otroke"}]},{"@type":"WebSite","@id":"https:\/\/wellstepp.eu\/fr\/#website","url":"https:\/\/wellstepp.eu\/fr\/","name":"WellStepp","description":"","potentialAction":[{"@type":"SearchAction","target":{"@type":"EntryPoint","urlTemplate":"https:\/\/wellstepp.eu\/fr\/?s={search_term_string}"},"query-input":{"@type":"PropertyValueSpecification","valueRequired":true,"valueName":"search_term_string"}}],"inLanguage":"sl-SI"}]}},"_links":{"self":[{"href":"https:\/\/wellstepp.eu\/sl\/wp-json\/wp\/v2\/pages\/930","targetHints":{"allow":["GET"]}}],"collection":[{"href":"https:\/\/wellstepp.eu\/sl\/wp-json\/wp\/v2\/pages"}],"about":[{"href":"https:\/\/wellstepp.eu\/sl\/wp-json\/wp\/v2\/types\/page"}],"author":[{"embeddable":true,"href":"https:\/\/wellstepp.eu\/sl\/wp-json\/wp\/v2\/users\/1"}],"replies":[{"embeddable":true,"href":"https:\/\/wellstepp.eu\/sl\/wp-json\/wp\/v2\/comments?post=930"}],"version-history":[{"count":0,"href":"https:\/\/wellstepp.eu\/sl\/wp-json\/wp\/v2\/pages\/930\/revisions"}],"up":[{"embeddable":true,"href":"https:\/\/wellstepp.eu\/sl\/wp-json\/wp\/v2\/pages\/929"}],"wp:attachment":[{"href":"https:\/\/wellstepp.eu\/sl\/wp-json\/wp\/v2\/media?parent=930"}],"curies":[{"name":"wp","href":"https:\/\/api.w.org\/{rel}","templated":true}]}}