{"id":931,"date":"2023-03-23T13:56:42","date_gmt":"2023-03-23T12:56:42","guid":{"rendered":"https:\/\/wellstepp.eu\/vaje\/razvojne-vaje-za-otroke-od-4-do-6-let\/"},"modified":"2023-03-23T13:56:42","modified_gmt":"2023-03-23T12:56:42","slug":"razvojne-vaje-za-otroke-od-4-do-6-let","status":"publish","type":"page","link":"https:\/\/wellstepp.eu\/sl\/vaje\/razvojne-vaje-za-otroke-od-4-do-6-let\/","title":{"rendered":"Razvojne vaje za otroke od 4 do 6 let"},"content":{"rendered":"\n<ol class=\"wp-block-list\" style=\"list-style-type:1\">\n<li>Vaja za krepitev stopala<br>Otrok naj s prsti pobere neparne nogavice ali druge majhne predmete. Dvigne jih naj posodo (\u0161katlo ali ko\u0161aro). Ves \u010das opravljanja naloge naj otrok ostane na preprogi.<\/li>\n\n\n\n<li>To je vaja za izbolj\u0161anje pozornosti, ki slu\u017ei tudi za krepitev podplata stopala<br>Polovico kart polo\u017eite na eno stran podloge, drugo polovico torej pare pa na drugo stran. Otrok naj sestavi pare kartic tako, da hodi vzdol\u017e podloge in zbira pare na eni strani. S igralnimi karticami za igro spomin, je igra preprosta naloga.<\/li>\n\n\n\n<li>Igre za izbolj\u0161anje motori\u010dnih spretnosti in ravnote\u017eja<br>Otrok s prsti dviguje ko\u0161\u010dke papirja. Papirnate kroglice lahko postavite tudi na dve strani preproge.<\/li>\n\n\n\n<li>Druge zbiralne igre<br>Po povr\u0161ini preproge raztresite ko\u0161\u010dke papirja in otroka spodbudite, da jih pobere in pri tem ostane cel \u010das na preprogi.<\/li>\n\n\n\n<li>Vaje imitiranja za izbolj\u0161anje koordinacije roka in o\u010di<br>\u010cas je za ustvarjalnost! Za po\u010ditek igrajte preproste imitacijske vaje. V gibanje lahko vklju\u010dite otrokove roke in noge, glavno je, da otrok ostane na blazini.<\/li>\n\n\n\n<li>Igrive vaje na blazini WellStepp\u00ae<br>Na preprogo polo\u017eite 2-2 kosa 4 razli\u010dnih barvnih igra\u010d, ki jih otrok med gibanjem po preprogi zbira in jih polaga v 4 vogale preproge, razvr\u0161\u010dene po barvah.<\/li>\n<\/ol>\n\n\n\n<p>Manj\u0161e nogice se na neravnih povr\u0161inah hitreje utrudijo, zato je pomembno, da ni\u010desar ne izsiljujete in poskrbite za igrivost! Privo\u0161\u010dite otroku odmor in postopoma podalj\u0161ate \u010das na preprogi.<\/p>\n","protected":false},"excerpt":{"rendered":"<p>Manj\u0161e nogice se na neravnih povr\u0161inah hitreje utrudijo, zato je pomembno, da ni\u010desar ne izsiljujete in poskrbite za igrivost! Privo\u0161\u010dite otroku odmor in postopoma podalj\u0161ate \u010das na preprogi.<\/p>\n","protected":false},"author":1,"featured_media":0,"parent":929,"menu_order":0,"comment_status":"closed","ping_status":"closed","template":"template-parts\/page-feladatsor.php","meta":{"_acf_changed":false,"footnotes":""},"class_list":["post-931","page","type-page","status-publish","hentry"],"acf":[],"yoast_head":"<!-- This site is optimized with the Yoast SEO plugin v26.8 - https:\/\/yoast.com\/product\/yoast-seo-wordpress\/ -->\n<title>Razvojne vaje za otroke od 4 do 6 let - WellStepp<\/title>\n<meta name=\"robots\" content=\"index, follow, max-snippet:-1, max-image-preview:large, max-video-preview:-1\" \/>\n<link rel=\"canonical\" href=\"https:\/\/wellstepp.eu\/sl\/vaje\/razvojne-vaje-za-otroke-od-4-do-6-let\/\" \/>\n<meta property=\"og:locale\" content=\"sl_SI\" \/>\n<meta property=\"og:type\" content=\"article\" \/>\n<meta property=\"og:title\" content=\"Razvojne vaje za otroke od 4 do 6 let - WellStepp\" \/>\n<meta property=\"og:description\" content=\"Manj\u0161e nogice se na neravnih povr\u0161inah hitreje utrudijo, zato je pomembno, da ni\u010desar ne izsiljujete in poskrbite za igrivost! Privo\u0161\u010dite otroku odmor in postopoma podalj\u0161ate \u010das na preprogi.\" \/>\n<meta property=\"og:url\" content=\"https:\/\/wellstepp.eu\/sl\/vaje\/razvojne-vaje-za-otroke-od-4-do-6-let\/\" \/>\n<meta property=\"og:site_name\" content=\"WellStepp\" \/>\n<meta property=\"article:publisher\" content=\"https:\/\/www.facebook.com\/people\/WellStepp\/100090271391298\/\" \/>\n<meta name=\"twitter:card\" content=\"summary_large_image\" \/>\n<meta name=\"twitter:label1\" content=\"Est. reading time\" \/>\n\t<meta name=\"twitter:data1\" content=\"1 minute\" \/>\n<script type=\"application\/ld+json\" class=\"yoast-schema-graph\">{\"@context\":\"https:\/\/schema.org\",\"@graph\":[{\"@type\":\"WebPage\",\"@id\":\"https:\/\/wellstepp.eu\/sl\/vaje\/razvojne-vaje-za-otroke-od-4-do-6-let\/\",\"url\":\"https:\/\/wellstepp.eu\/sl\/vaje\/razvojne-vaje-za-otroke-od-4-do-6-let\/\",\"name\":\"Razvojne vaje za otroke od 4 do 6 let - WellStepp\",\"isPartOf\":{\"@id\":\"https:\/\/wellstepp.eu\/fr\/#website\"},\"datePublished\":\"2023-03-23T12:56:42+00:00\",\"breadcrumb\":{\"@id\":\"https:\/\/wellstepp.eu\/sl\/vaje\/razvojne-vaje-za-otroke-od-4-do-6-let\/#breadcrumb\"},\"inLanguage\":\"sl-SI\",\"potentialAction\":[{\"@type\":\"ReadAction\",\"target\":[\"https:\/\/wellstepp.eu\/sl\/vaje\/razvojne-vaje-za-otroke-od-4-do-6-let\/\"]}]},{\"@type\":\"BreadcrumbList\",\"@id\":\"https:\/\/wellstepp.eu\/sl\/vaje\/razvojne-vaje-za-otroke-od-4-do-6-let\/#breadcrumb\",\"itemListElement\":[{\"@type\":\"ListItem\",\"position\":1,\"name\":\"Kezd\u0151lap\",\"item\":\"https:\/\/wellstepp.eu\/sl\/\"},{\"@type\":\"ListItem\",\"position\":2,\"name\":\"Vaje\",\"item\":\"https:\/\/wellstepp.eu\/sl\/vaje\/\"},{\"@type\":\"ListItem\",\"position\":3,\"name\":\"Razvojne vaje za otroke od 4 do 6 let\"}]},{\"@type\":\"WebSite\",\"@id\":\"https:\/\/wellstepp.eu\/fr\/#website\",\"url\":\"https:\/\/wellstepp.eu\/fr\/\",\"name\":\"WellStepp\",\"description\":\"\",\"potentialAction\":[{\"@type\":\"SearchAction\",\"target\":{\"@type\":\"EntryPoint\",\"urlTemplate\":\"https:\/\/wellstepp.eu\/fr\/?s={search_term_string}\"},\"query-input\":{\"@type\":\"PropertyValueSpecification\",\"valueRequired\":true,\"valueName\":\"search_term_string\"}}],\"inLanguage\":\"sl-SI\"}]}<\/script>\n<!-- \/ Yoast SEO plugin. -->","yoast_head_json":{"title":"Razvojne vaje za otroke od 4 do 6 let - WellStepp","robots":{"index":"index","follow":"follow","max-snippet":"max-snippet:-1","max-image-preview":"max-image-preview:large","max-video-preview":"max-video-preview:-1"},"canonical":"https:\/\/wellstepp.eu\/sl\/vaje\/razvojne-vaje-za-otroke-od-4-do-6-let\/","og_locale":"sl_SI","og_type":"article","og_title":"Razvojne vaje za otroke od 4 do 6 let - WellStepp","og_description":"Manj\u0161e nogice se na neravnih povr\u0161inah hitreje utrudijo, zato je pomembno, da ni\u010desar ne izsiljujete in poskrbite za igrivost! Privo\u0161\u010dite otroku odmor in postopoma podalj\u0161ate \u010das na preprogi.","og_url":"https:\/\/wellstepp.eu\/sl\/vaje\/razvojne-vaje-za-otroke-od-4-do-6-let\/","og_site_name":"WellStepp","article_publisher":"https:\/\/www.facebook.com\/people\/WellStepp\/100090271391298\/","twitter_card":"summary_large_image","twitter_misc":{"Est. reading time":"1 minute"},"schema":{"@context":"https:\/\/schema.org","@graph":[{"@type":"WebPage","@id":"https:\/\/wellstepp.eu\/sl\/vaje\/razvojne-vaje-za-otroke-od-4-do-6-let\/","url":"https:\/\/wellstepp.eu\/sl\/vaje\/razvojne-vaje-za-otroke-od-4-do-6-let\/","name":"Razvojne vaje za otroke od 4 do 6 let - WellStepp","isPartOf":{"@id":"https:\/\/wellstepp.eu\/fr\/#website"},"datePublished":"2023-03-23T12:56:42+00:00","breadcrumb":{"@id":"https:\/\/wellstepp.eu\/sl\/vaje\/razvojne-vaje-za-otroke-od-4-do-6-let\/#breadcrumb"},"inLanguage":"sl-SI","potentialAction":[{"@type":"ReadAction","target":["https:\/\/wellstepp.eu\/sl\/vaje\/razvojne-vaje-za-otroke-od-4-do-6-let\/"]}]},{"@type":"BreadcrumbList","@id":"https:\/\/wellstepp.eu\/sl\/vaje\/razvojne-vaje-za-otroke-od-4-do-6-let\/#breadcrumb","itemListElement":[{"@type":"ListItem","position":1,"name":"Kezd\u0151lap","item":"https:\/\/wellstepp.eu\/sl\/"},{"@type":"ListItem","position":2,"name":"Vaje","item":"https:\/\/wellstepp.eu\/sl\/vaje\/"},{"@type":"ListItem","position":3,"name":"Razvojne vaje za otroke od 4 do 6 let"}]},{"@type":"WebSite","@id":"https:\/\/wellstepp.eu\/fr\/#website","url":"https:\/\/wellstepp.eu\/fr\/","name":"WellStepp","description":"","potentialAction":[{"@type":"SearchAction","target":{"@type":"EntryPoint","urlTemplate":"https:\/\/wellstepp.eu\/fr\/?s={search_term_string}"},"query-input":{"@type":"PropertyValueSpecification","valueRequired":true,"valueName":"search_term_string"}}],"inLanguage":"sl-SI"}]}},"_links":{"self":[{"href":"https:\/\/wellstepp.eu\/sl\/wp-json\/wp\/v2\/pages\/931","targetHints":{"allow":["GET"]}}],"collection":[{"href":"https:\/\/wellstepp.eu\/sl\/wp-json\/wp\/v2\/pages"}],"about":[{"href":"https:\/\/wellstepp.eu\/sl\/wp-json\/wp\/v2\/types\/page"}],"author":[{"embeddable":true,"href":"https:\/\/wellstepp.eu\/sl\/wp-json\/wp\/v2\/users\/1"}],"replies":[{"embeddable":true,"href":"https:\/\/wellstepp.eu\/sl\/wp-json\/wp\/v2\/comments?post=931"}],"version-history":[{"count":0,"href":"https:\/\/wellstepp.eu\/sl\/wp-json\/wp\/v2\/pages\/931\/revisions"}],"up":[{"embeddable":true,"href":"https:\/\/wellstepp.eu\/sl\/wp-json\/wp\/v2\/pages\/929"}],"wp:attachment":[{"href":"https:\/\/wellstepp.eu\/sl\/wp-json\/wp\/v2\/media?parent=931"}],"curies":[{"name":"wp","href":"https:\/\/api.w.org\/{rel}","templated":true}]}}