{"id":932,"date":"2023-03-23T14:02:31","date_gmt":"2023-03-23T13:02:31","guid":{"rendered":"https:\/\/wellstepp.eu\/vaje\/razvojne-vaje-za-vrticke-otroke\/"},"modified":"2023-03-23T14:02:31","modified_gmt":"2023-03-23T13:02:31","slug":"razvojne-vaje-za-vrticke-otroke","status":"publish","type":"page","link":"https:\/\/wellstepp.eu\/sl\/vaje\/razvojne-vaje-za-vrticke-otroke\/","title":{"rendered":"Razvojne vaje za vrti\u010dke otroke"},"content":{"rendered":"\n<ol class=\"wp-block-list\">\n<li>Vaje za izbolj\u0161anje ravnote\u017eja in koncentracije<br>Otrok naj hodi po preprogi tako, da stopa z nogo vedno pred drugo nogo.<\/li>\n\n\n\n<li>Hoja po prstih<br>Hoja po neravnih povr\u0161inah po prstih zahteva kompleksno koncentracijo.<\/li>\n\n\n\n<li>Hoja po zunanjem delu stopal<br>Hoja po zunanjem delu podplata krepi otrokove mi\u0161ice nog.<\/li>\n\n\n\n<li>Hoja po petah<br>Hoja po petah tudi krepi noge, kolena in hrbtenico.<\/li>\n\n\n\n<li>Hoja na stran<br>Otrok naj najprej stopi v levo in nato v desno. Med vajami otroke spodbujajte k natan\u010dnemu izvajanju nalog!<\/li>\n\n\n\n<li>Kreativni koraki<br>Otrok naj hodi po preprogi z razli\u010dnimi hojami. Uporabimo domi\u0161ljijo in se domislimo ustvarjalnih korakov! Ideja je, da stopala \u010dim dlje ostanejo na preprogi ter da se stopala in podplati premikajo.<\/li>\n\n\n\n<li>Igriv labirint<br>Naredimo labirint iz igra\u010d! Razli\u010dna zaporedja vaj naredijo razvoj \u0161e bolj razburljiv!<\/li>\n\n\n\n<li>Igra za razvoj spomina in pozornosti<br>S prsti nari\u0161ite otroku na hrbet in ga prosite, naj poskusi narisati, kar si je zamislil, na list papirja na drugem koncu preproge.<\/li>\n\n\n\n<li>Igre za izbolj\u0161anje motori\u010dnih spretnosti in ravnote\u017eja Gibi \u0161\u010dipanje razvijajo otrokov ob\u010dutek za ravnote\u017eje in krepi mi\u0161ice stopala. Otrok lahko s prsti pobere papirnate kepe ali celo majhne predmete. Dvigne jih naj posodo (\u0161katlo ali ko\u0161aro). Ves \u010das opravljanja naloge naj otrok ostane na preprogi.<\/li>\n<\/ol>\n\n\n\n<p>Poskusite poskrbeti za to, da bo \u010das na preprogi otroku prijeten. Spodbujajte otroka, da se igra s svojimi igra\u010dami na preprogi.<\/p>\n","protected":false},"excerpt":{"rendered":"<p>Poskusite poskrbeti za to, da bo \u010das na preprogi otroku prijeten. Spodbujajte otroka, da se igra s svojimi igra\u010dami na preprogi.<\/p>\n","protected":false},"author":1,"featured_media":0,"parent":929,"menu_order":0,"comment_status":"closed","ping_status":"closed","template":"template-parts\/page-feladatsor.php","meta":{"_acf_changed":false,"footnotes":""},"class_list":["post-932","page","type-page","status-publish","hentry"],"acf":[],"yoast_head":"<!-- This site is optimized with the Yoast SEO plugin v26.8 - https:\/\/yoast.com\/product\/yoast-seo-wordpress\/ -->\n<title>Razvojne vaje za vrti\u010dke otroke - WellStepp<\/title>\n<meta name=\"robots\" content=\"index, follow, max-snippet:-1, max-image-preview:large, max-video-preview:-1\" \/>\n<link rel=\"canonical\" href=\"https:\/\/wellstepp.eu\/sl\/vaje\/razvojne-vaje-za-vrticke-otroke\/\" \/>\n<meta property=\"og:locale\" content=\"sl_SI\" \/>\n<meta property=\"og:type\" content=\"article\" \/>\n<meta property=\"og:title\" content=\"Razvojne vaje za vrti\u010dke otroke - WellStepp\" \/>\n<meta property=\"og:description\" content=\"Poskusite poskrbeti za to, da bo \u010das na preprogi otroku prijeten. Spodbujajte otroka, da se igra s svojimi igra\u010dami na preprogi.\" \/>\n<meta property=\"og:url\" content=\"https:\/\/wellstepp.eu\/sl\/vaje\/razvojne-vaje-za-vrticke-otroke\/\" \/>\n<meta property=\"og:site_name\" content=\"WellStepp\" \/>\n<meta property=\"article:publisher\" content=\"https:\/\/www.facebook.com\/people\/WellStepp\/100090271391298\/\" \/>\n<meta name=\"twitter:card\" content=\"summary_large_image\" \/>\n<meta name=\"twitter:label1\" content=\"Est. reading time\" \/>\n\t<meta name=\"twitter:data1\" content=\"1 minute\" \/>\n<script type=\"application\/ld+json\" class=\"yoast-schema-graph\">{\"@context\":\"https:\/\/schema.org\",\"@graph\":[{\"@type\":\"WebPage\",\"@id\":\"https:\/\/wellstepp.eu\/sl\/vaje\/razvojne-vaje-za-vrticke-otroke\/\",\"url\":\"https:\/\/wellstepp.eu\/sl\/vaje\/razvojne-vaje-za-vrticke-otroke\/\",\"name\":\"Razvojne vaje za vrti\u010dke otroke - WellStepp\",\"isPartOf\":{\"@id\":\"https:\/\/wellstepp.eu\/fr\/#website\"},\"datePublished\":\"2023-03-23T13:02:31+00:00\",\"breadcrumb\":{\"@id\":\"https:\/\/wellstepp.eu\/sl\/vaje\/razvojne-vaje-za-vrticke-otroke\/#breadcrumb\"},\"inLanguage\":\"sl-SI\",\"potentialAction\":[{\"@type\":\"ReadAction\",\"target\":[\"https:\/\/wellstepp.eu\/sl\/vaje\/razvojne-vaje-za-vrticke-otroke\/\"]}]},{\"@type\":\"BreadcrumbList\",\"@id\":\"https:\/\/wellstepp.eu\/sl\/vaje\/razvojne-vaje-za-vrticke-otroke\/#breadcrumb\",\"itemListElement\":[{\"@type\":\"ListItem\",\"position\":1,\"name\":\"Kezd\u0151lap\",\"item\":\"https:\/\/wellstepp.eu\/sl\/\"},{\"@type\":\"ListItem\",\"position\":2,\"name\":\"Vaje\",\"item\":\"https:\/\/wellstepp.eu\/sl\/vaje\/\"},{\"@type\":\"ListItem\",\"position\":3,\"name\":\"Razvojne vaje za vrti\u010dke otroke\"}]},{\"@type\":\"WebSite\",\"@id\":\"https:\/\/wellstepp.eu\/fr\/#website\",\"url\":\"https:\/\/wellstepp.eu\/fr\/\",\"name\":\"WellStepp\",\"description\":\"\",\"potentialAction\":[{\"@type\":\"SearchAction\",\"target\":{\"@type\":\"EntryPoint\",\"urlTemplate\":\"https:\/\/wellstepp.eu\/fr\/?s={search_term_string}\"},\"query-input\":{\"@type\":\"PropertyValueSpecification\",\"valueRequired\":true,\"valueName\":\"search_term_string\"}}],\"inLanguage\":\"sl-SI\"}]}<\/script>\n<!-- \/ Yoast SEO plugin. -->","yoast_head_json":{"title":"Razvojne vaje za vrti\u010dke otroke - WellStepp","robots":{"index":"index","follow":"follow","max-snippet":"max-snippet:-1","max-image-preview":"max-image-preview:large","max-video-preview":"max-video-preview:-1"},"canonical":"https:\/\/wellstepp.eu\/sl\/vaje\/razvojne-vaje-za-vrticke-otroke\/","og_locale":"sl_SI","og_type":"article","og_title":"Razvojne vaje za vrti\u010dke otroke - WellStepp","og_description":"Poskusite poskrbeti za to, da bo \u010das na preprogi otroku prijeten. Spodbujajte otroka, da se igra s svojimi igra\u010dami na preprogi.","og_url":"https:\/\/wellstepp.eu\/sl\/vaje\/razvojne-vaje-za-vrticke-otroke\/","og_site_name":"WellStepp","article_publisher":"https:\/\/www.facebook.com\/people\/WellStepp\/100090271391298\/","twitter_card":"summary_large_image","twitter_misc":{"Est. reading time":"1 minute"},"schema":{"@context":"https:\/\/schema.org","@graph":[{"@type":"WebPage","@id":"https:\/\/wellstepp.eu\/sl\/vaje\/razvojne-vaje-za-vrticke-otroke\/","url":"https:\/\/wellstepp.eu\/sl\/vaje\/razvojne-vaje-za-vrticke-otroke\/","name":"Razvojne vaje za vrti\u010dke otroke - WellStepp","isPartOf":{"@id":"https:\/\/wellstepp.eu\/fr\/#website"},"datePublished":"2023-03-23T13:02:31+00:00","breadcrumb":{"@id":"https:\/\/wellstepp.eu\/sl\/vaje\/razvojne-vaje-za-vrticke-otroke\/#breadcrumb"},"inLanguage":"sl-SI","potentialAction":[{"@type":"ReadAction","target":["https:\/\/wellstepp.eu\/sl\/vaje\/razvojne-vaje-za-vrticke-otroke\/"]}]},{"@type":"BreadcrumbList","@id":"https:\/\/wellstepp.eu\/sl\/vaje\/razvojne-vaje-za-vrticke-otroke\/#breadcrumb","itemListElement":[{"@type":"ListItem","position":1,"name":"Kezd\u0151lap","item":"https:\/\/wellstepp.eu\/sl\/"},{"@type":"ListItem","position":2,"name":"Vaje","item":"https:\/\/wellstepp.eu\/sl\/vaje\/"},{"@type":"ListItem","position":3,"name":"Razvojne vaje za vrti\u010dke otroke"}]},{"@type":"WebSite","@id":"https:\/\/wellstepp.eu\/fr\/#website","url":"https:\/\/wellstepp.eu\/fr\/","name":"WellStepp","description":"","potentialAction":[{"@type":"SearchAction","target":{"@type":"EntryPoint","urlTemplate":"https:\/\/wellstepp.eu\/fr\/?s={search_term_string}"},"query-input":{"@type":"PropertyValueSpecification","valueRequired":true,"valueName":"search_term_string"}}],"inLanguage":"sl-SI"}]}},"_links":{"self":[{"href":"https:\/\/wellstepp.eu\/sl\/wp-json\/wp\/v2\/pages\/932","targetHints":{"allow":["GET"]}}],"collection":[{"href":"https:\/\/wellstepp.eu\/sl\/wp-json\/wp\/v2\/pages"}],"about":[{"href":"https:\/\/wellstepp.eu\/sl\/wp-json\/wp\/v2\/types\/page"}],"author":[{"embeddable":true,"href":"https:\/\/wellstepp.eu\/sl\/wp-json\/wp\/v2\/users\/1"}],"replies":[{"embeddable":true,"href":"https:\/\/wellstepp.eu\/sl\/wp-json\/wp\/v2\/comments?post=932"}],"version-history":[{"count":0,"href":"https:\/\/wellstepp.eu\/sl\/wp-json\/wp\/v2\/pages\/932\/revisions"}],"up":[{"embeddable":true,"href":"https:\/\/wellstepp.eu\/sl\/wp-json\/wp\/v2\/pages\/929"}],"wp:attachment":[{"href":"https:\/\/wellstepp.eu\/sl\/wp-json\/wp\/v2\/media?parent=932"}],"curies":[{"name":"wp","href":"https:\/\/api.w.org\/{rel}","templated":true}]}}